{"id":544,"date":"2024-03-03T18:50:31","date_gmt":"2024-03-03T18:50:31","guid":{"rendered":"https:\/\/cdmit.ultbit.com\/?page_id=544"},"modified":"2024-03-21T13:31:04","modified_gmt":"2024-03-21T12:31:04","slug":"declaracion-de-accesibilidad","status":"publish","type":"page","link":"https:\/\/shop.cdmitjans.com\/ca\/declaracion-de-accesibilidad\/","title":{"rendered":"Declaraci\u00f3 d&#039;accessibilitat"},"content":{"rendered":"<div data-elementor-type=\"wp-page\" data-elementor-id=\"544\" class=\"elementor elementor-544\" data-elementor-post-type=\"page\">\n\t\t\t\t\t\t<section class=\"elementor-section elementor-top-section elementor-element elementor-element-70684364 elementor-section-height-min-height elementor-section-content-middle elementor-section-boxed elementor-section-height-default elementor-section-items-middle\" data-id=\"70684364\" data-element_type=\"section\" data-settings=\"{&quot;background_background&quot;:&quot;classic&quot;}\">\n\t\t\t\t\t\t\t<div class=\"elementor-background-overlay\"><\/div>\n\t\t\t\t\t\t\t<div class=\"elementor-container elementor-column-gap-no\">\n\t\t\t\t\t<div class=\"elementor-column elementor-col-100 elementor-top-column elementor-element elementor-element-1c590c89\" data-id=\"1c590c89\" data-element_type=\"column\" data-settings=\"{&quot;background_background&quot;:&quot;classic&quot;}\">\n\t\t\t<div class=\"elementor-widget-wrap elementor-element-populated\">\n\t\t\t\t\t\t\t<\/div>\n\t\t<\/div>\n\t\t\t\t\t<\/div>\n\t\t<\/section>\n\t\t\t\t<section class=\"elementor-section elementor-top-section elementor-element elementor-element-2add3106 elementor-section-boxed elementor-section-height-default elementor-section-height-default\" data-id=\"2add3106\" data-element_type=\"section\">\n\t\t\t\t\t\t<div class=\"elementor-container elementor-column-gap-no\">\n\t\t\t\t\t<div class=\"elementor-column elementor-col-100 elementor-top-column elementor-element elementor-element-7cb93254\" data-id=\"7cb93254\" data-element_type=\"column\">\n\t\t\t<div class=\"elementor-widget-wrap elementor-element-populated\">\n\t\t\t\t\t\t<div class=\"elementor-element elementor-element-e4e8f6b elementor-widget elementor-widget-text-editor\" data-id=\"e4e8f6b\" data-element_type=\"widget\" data-widget_type=\"text-editor.default\">\n\t\t\t\t<div class=\"elementor-widget-container\">\n\t\t\t\t\t\t\t\t\t<div class=\"elementor-element elementor-element-e8baf9e elementor-widget elementor-widget-heading\" data-id=\"e8baf9e\" data-element_type=\"widget\" data-widget_type=\"heading.default\"><div class=\"elementor-widget-container\"><h4 class=\"elementor-heading-title elementor-size-default\">Declaraci\u00f3 d&#039;accessibilitat<\/h4><\/div><\/div><div class=\"elementor-element elementor-element-02ea51a elementor-widget elementor-widget-text-editor\" data-id=\"02ea51a\" data-element_type=\"widget\" data-widget_type=\"text-editor.default\"><div class=\"elementor-widget-container\"><p>CREACIONES I DISSENY MITJANS SL s&#039;ha comprom\u00e8s a fer accessible el seu lloc web, d&#039;acord amb el Reial decret 1112\/2018, de 7 de setembre, sobre accessibilitat dels llocs web i aplicacions per a dispositius m\u00f2bils del sector p\u00fablic. Aquesta declaraci\u00f3 d&#039;accessibilitat s&#039;aplica a aquest web.<\/p><h4 class=\"wp-block-heading\">Situaci\u00f3 de compliment<\/h4><p>Aquest lloc web est\u00e0 desenvolupat segons el RD 1112\/2018<\/p><h4 class=\"wp-block-heading\">Preparaci\u00f3 per a la seg\u00fcent declaraci\u00f3 d&#039;accessibilitat<\/h4><p>Aquesta declaraci\u00f3 va ser preparada el 20 d&#039;abril del 2023. El m\u00e8tode emprat per preparar la declaraci\u00f3 ha estat una autoavaluaci\u00f3.<\/p><h4 class=\"wp-block-heading\">Observacions i dades de contacte<\/h4><p>Podeu realitzar comunicacions sobre requisits d&#039;accessibilitat (article 10.2.a del RD 1112\/2018) com:<\/p><ul><li>Informar sobre qualsevol possible incompliment per part d&#039;aquest lloc web<\/li><li>Transmetre altres dificultats d&#039;acc\u00e9s al contingut<\/li><li>Formular qualsevol altra consulta o suggeriment de millora relativa a l&#039;accessibilitat del lloc web mitjan\u00e7ant el formulari de contacte d&#039;aquest lloc web o mitjan\u00e7ant el n\u00famero de tel\u00e8fon\u00a0<\/li><\/ul><p>Podeu presentar:<\/p><ul><li>Queixa relativa al compliment dels requisits del RD 1112\/2018<\/li><li>Sol\u00b7licitud d&#039;informaci\u00f3 accessible relativa a:<ul><li>Continguts que estan exclosos de l\u00e0mbit daplicaci\u00f3 del RD 1112\/2018 segons el que estableix larticle 3, apartat 4<\/li><li>Continguts que estan exempts del compliment dels requisits d&#039;accessibilitat per imposar una c\u00e0rrega desproporcionada<\/li><li>A la Sol\u00b7licitud d&#039;informaci\u00f3 accessible, cal concretar, amb tota claredat, els fets, les raons i la petici\u00f3 que permetin constatar que es tracta d&#039;una sol\u00b7licitud raonable i leg\u00edtima.<\/li><\/ul><\/li><\/ul><p>Les queixes i reclamacions sobre informaci\u00f3 accessible es faran a trav\u00e9s de la seu electr\u00f2nica (https:\/\/sede.red.gob.es\/procedimientos\/quejas-y-sugerencias), i seran rebudes i tractades per l&#039;\u00e0rea de Sistemes de la Informaci\u00f3 de Red.\u00e9s.<\/p><h4 class=\"wp-block-heading\">Contingut opcional<\/h4><ul><li>Si voleu canviar la mida de lletra del text als principals navegadors gr\u00e0fics utilitzeu els men\u00fas seg\u00fcents:<\/li><li>Safari: Veure &gt; Fer el text m\u00e9s gran<\/li><li>Chrome: Controla la p\u00e0gina actual &gt; Mida del text<\/li><\/ul><p>Per modificar la mida de tot a la p\u00e0gina:<\/p><ul><li>Ctrl++ per augmentar-ho<\/li><li>Ctrl + \u2013 per disminuir-ho<\/li><li>Ctrl + 0 restaura la mida original del text<\/li><li>Si el que voleu \u00e9s anul\u00b7lar el full d&#039;estils o modificar el color del text, podeu consultar la p\u00e0gina How to Change Text Size o Colors de la WAI, que es pot llegir tradu\u00eft a l&#039;espanyol a Com canviar la mida del text o colors?\u00a0<\/li><\/ul><\/div><\/div>\t\t\t\t\t\t\t\t<\/div>\n\t\t\t\t<\/div>\n\t\t\t\t\t<\/div>\n\t\t<\/div>\n\t\t\t\t\t<\/div>\n\t\t<\/section>\n\t\t\t\t<\/div>","protected":false},"excerpt":{"rendered":"<p>Declaraci\u00f3 d&#039;Accessibilitat CREACIONS I DISSENY MITJANS SL s&#039;ha comprom\u00e8s a fer accessible el vostre lloc web, conforme al Reial Decret 1112\/2018, de 7 de setembre, sobre accessibilitat dels llocs web i aplicacions per a dispositius m\u00f2bils del sector p\u00fablic. Aquesta declaraci\u00f3 d\u02bbaccessibilitat s\u02bbaplica a aquesta web. Situaci\u00f3 de compliment Aquest lloc web\u2026&nbsp;<a href=\"https:\/\/shop.cdmitjans.com\/ca\/declaracion-de-accesibilidad\/\" rel=\"bookmark\">Llegiu m\u00e9s \u00bb<span class=\"screen-reader-text\">Declaraci\u00f3 d&#039;accessibilitat<\/span><\/a><\/p>","protected":false},"author":1,"featured_media":0,"parent":0,"menu_order":0,"comment_status":"closed","ping_status":"closed","template":"page-templates\/template-pagebuilder-full-width.php","meta":{"neve_meta_sidebar":"","neve_meta_container":"","neve_meta_enable_content_width":"off","neve_meta_content_width":100,"neve_meta_title_alignment":"","neve_meta_author_avatar":"","neve_post_elements_order":"","neve_meta_disable_header":"","neve_meta_disable_footer":"","neve_meta_disable_title":"","footnotes":""},"class_list":["post-544","page","type-page","status-publish","hentry"],"yoast_head":"<!-- This site is optimized with the Yoast SEO plugin v25.5 - https:\/\/yoast.com\/wordpress\/plugins\/seo\/ -->\n<title>Declaraci\u00f3n de accesibilidad - Cdmitjans | Creaciones y Dise\u00f1o<\/title>\n<meta name=\"robots\" content=\"index, follow, max-snippet:-1, max-image-preview:large, max-video-preview:-1\" \/>\n<link rel=\"canonical\" href=\"https:\/\/shop.cdmitjans.com\/ca\/declaracion-de-accesibilidad\/\" \/>\n<meta property=\"og:locale\" content=\"ca_ES\" \/>\n<meta property=\"og:type\" content=\"article\" \/>\n<meta property=\"og:title\" content=\"Declaraci\u00f3n de accesibilidad - Cdmitjans | Creaciones y Dise\u00f1o\" \/>\n<meta property=\"og:description\" content=\"Declaraci\u00f3n de Accesibilidad CREACIONES Y DISE\u00d1O MITJANS S.L. se ha comprometido a hacer accesible su sitio web, conforme al Real Decreto 1112\/2018, de 7 de septiembre, sobre accesibilidad de los sitios web y aplicaciones para dispositivos m\u00f3viles del sector p\u00fablico. Esta declaraci\u00f3n de accesibilidad se aplica a esta web. Situaci\u00f3n de cumplimiento Este sitio web&hellip;&nbsp;Llegiu m\u00e9s &raquo;Declaraci\u00f3n de accesibilidad\" \/>\n<meta property=\"og:url\" content=\"https:\/\/shop.cdmitjans.com\/ca\/declaracion-de-accesibilidad\/\" \/>\n<meta property=\"og:site_name\" content=\"Cdmitjans | Creaciones y Dise\u00f1o\" \/>\n<meta property=\"article:modified_time\" content=\"2024-03-21T12:31:04+00:00\" \/>\n<meta name=\"twitter:card\" content=\"summary_large_image\" \/>\n<meta name=\"twitter:label1\" content=\"Temps estimat de lectura\" \/>\n\t<meta name=\"twitter:data1\" content=\"2 minuts\" \/>\n<script type=\"application\/ld+json\" class=\"yoast-schema-graph\">{\"@context\":\"https:\/\/schema.org\",\"@graph\":[{\"@type\":\"WebPage\",\"@id\":\"https:\/\/shop.cdmitjans.com\/declaracion-de-accesibilidad\/\",\"url\":\"https:\/\/shop.cdmitjans.com\/declaracion-de-accesibilidad\/\",\"name\":\"Declaraci\u00f3n de accesibilidad - Cdmitjans | Creaciones y Dise\u00f1o\",\"isPartOf\":{\"@id\":\"https:\/\/shop.cdmitjans.com\/fr\/#website\"},\"datePublished\":\"2024-03-03T18:50:31+00:00\",\"dateModified\":\"2024-03-21T12:31:04+00:00\",\"breadcrumb\":{\"@id\":\"https:\/\/shop.cdmitjans.com\/declaracion-de-accesibilidad\/#breadcrumb\"},\"inLanguage\":\"ca\",\"potentialAction\":[{\"@type\":\"ReadAction\",\"target\":[\"https:\/\/shop.cdmitjans.com\/declaracion-de-accesibilidad\/\"]}]},{\"@type\":\"BreadcrumbList\",\"@id\":\"https:\/\/shop.cdmitjans.com\/declaracion-de-accesibilidad\/#breadcrumb\",\"itemListElement\":[{\"@type\":\"ListItem\",\"position\":1,\"name\":\"Portada\",\"item\":\"https:\/\/shop.cdmitjans.com\/\"},{\"@type\":\"ListItem\",\"position\":2,\"name\":\"Declaraci\u00f3n de accesibilidad\"}]},{\"@type\":\"WebSite\",\"@id\":\"https:\/\/shop.cdmitjans.com\/fr\/#website\",\"url\":\"https:\/\/shop.cdmitjans.com\/fr\/\",\"name\":\"Cdmitjans | Creaciones y Dise\u00f1o\",\"description\":\"Nuestras creaciones reflejan una est\u00e9tica moderna y sofisticada, combinando l\u00edneas vanguardistas con detalles cuidadosamente seleccionados.\",\"potentialAction\":[{\"@type\":\"SearchAction\",\"target\":{\"@type\":\"EntryPoint\",\"urlTemplate\":\"https:\/\/shop.cdmitjans.com\/fr\/?s={search_term_string}\"},\"query-input\":{\"@type\":\"PropertyValueSpecification\",\"valueRequired\":true,\"valueName\":\"search_term_string\"}}],\"inLanguage\":\"ca\"}]}<\/script>\n<!-- \/ Yoast SEO plugin. -->","yoast_head_json":{"title":"Declaraci\u00f3 d\u00b4accessibilitat - Cdmitjans | Creacions i Disseny","robots":{"index":"index","follow":"follow","max-snippet":"max-snippet:-1","max-image-preview":"max-image-preview:large","max-video-preview":"max-video-preview:-1"},"canonical":"https:\/\/shop.cdmitjans.com\/ca\/declaracion-de-accesibilidad\/","og_locale":"ca_ES","og_type":"article","og_title":"Declaraci\u00f3n de accesibilidad - Cdmitjans | Creaciones y Dise\u00f1o","og_description":"Declaraci\u00f3n de Accesibilidad CREACIONES Y DISE\u00d1O MITJANS S.L. se ha comprometido a hacer accesible su sitio web, conforme al Real Decreto 1112\/2018, de 7 de septiembre, sobre accesibilidad de los sitios web y aplicaciones para dispositivos m\u00f3viles del sector p\u00fablico. Esta declaraci\u00f3n de accesibilidad se aplica a esta web. Situaci\u00f3n de cumplimiento Este sitio web&hellip;&nbsp;Llegiu m\u00e9s &raquo;Declaraci\u00f3n de accesibilidad","og_url":"https:\/\/shop.cdmitjans.com\/ca\/declaracion-de-accesibilidad\/","og_site_name":"Cdmitjans | Creaciones y Dise\u00f1o","article_modified_time":"2024-03-21T12:31:04+00:00","twitter_card":"summary_large_image","twitter_misc":{"Temps estimat de lectura":"2 minuts"},"schema":{"@context":"https:\/\/schema.org","@graph":[{"@type":"WebPage","@id":"https:\/\/shop.cdmitjans.com\/declaracion-de-accesibilidad\/","url":"https:\/\/shop.cdmitjans.com\/declaracion-de-accesibilidad\/","name":"Declaraci\u00f3 d\u00b4accessibilitat - Cdmitjans | Creacions i Disseny","isPartOf":{"@id":"https:\/\/shop.cdmitjans.com\/fr\/#website"},"datePublished":"2024-03-03T18:50:31+00:00","dateModified":"2024-03-21T12:31:04+00:00","breadcrumb":{"@id":"https:\/\/shop.cdmitjans.com\/declaracion-de-accesibilidad\/#breadcrumb"},"inLanguage":"ca","potentialAction":[{"@type":"ReadAction","target":["https:\/\/shop.cdmitjans.com\/declaracion-de-accesibilidad\/"]}]},{"@type":"BreadcrumbList","@id":"https:\/\/shop.cdmitjans.com\/declaracion-de-accesibilidad\/#breadcrumb","itemListElement":[{"@type":"ListItem","position":1,"name":"Portada","item":"https:\/\/shop.cdmitjans.com\/"},{"@type":"ListItem","position":2,"name":"Declaraci\u00f3n de accesibilidad"}]},{"@type":"WebSite","@id":"https:\/\/shop.cdmitjans.com\/fr\/#website","url":"https:\/\/shop.cdmitjans.com\/fr\/","name":"Cdmitjans | Creacions i Disseny","description":"Les nostres creacions reflecteixen una est\u00e8tica moderna i sofisticada, combinant l\u00ednies avantguardistes amb detalls acuradament seleccionats.","potentialAction":[{"@type":"SearchAction","target":{"@type":"EntryPoint","urlTemplate":"https:\/\/shop.cdmitjans.com\/fr\/?s={search_term_string}"},"query-input":{"@type":"PropertyValueSpecification","valueRequired":true,"valueName":"search_term_string"}}],"inLanguage":"ca"}]}},"_links":{"self":[{"href":"https:\/\/shop.cdmitjans.com\/ca\/wp-json\/wp\/v2\/pages\/544","targetHints":{"allow":["GET"]}}],"collection":[{"href":"https:\/\/shop.cdmitjans.com\/ca\/wp-json\/wp\/v2\/pages"}],"about":[{"href":"https:\/\/shop.cdmitjans.com\/ca\/wp-json\/wp\/v2\/types\/page"}],"author":[{"embeddable":true,"href":"https:\/\/shop.cdmitjans.com\/ca\/wp-json\/wp\/v2\/users\/1"}],"replies":[{"embeddable":true,"href":"https:\/\/shop.cdmitjans.com\/ca\/wp-json\/wp\/v2\/comments?post=544"}],"version-history":[{"count":0,"href":"https:\/\/shop.cdmitjans.com\/ca\/wp-json\/wp\/v2\/pages\/544\/revisions"}],"wp:attachment":[{"href":"https:\/\/shop.cdmitjans.com\/ca\/wp-json\/wp\/v2\/media?parent=544"}],"curies":[{"name":"wp","href":"https:\/\/api.w.org\/{rel}","templated":true}]}}