{"id":558,"date":"2024-03-03T18:54:11","date_gmt":"2024-03-03T18:54:11","guid":{"rendered":"https:\/\/cdmit.ultbit.com\/?page_id=558"},"modified":"2024-03-21T13:34:18","modified_gmt":"2024-03-21T12:34:18","slug":"politica-de-cookies","status":"publish","type":"page","link":"https:\/\/shop.cdmitjans.com\/ca\/politica-de-cookies\/","title":{"rendered":"Pol\u00edtica de cookies"},"content":{"rendered":"<div data-elementor-type=\"wp-page\" data-elementor-id=\"558\" class=\"elementor elementor-558\" data-elementor-post-type=\"page\">\n\t\t\t\t\t\t<section class=\"elementor-section elementor-top-section elementor-element elementor-element-70684364 elementor-section-height-min-height elementor-section-content-middle elementor-section-boxed elementor-section-height-default elementor-section-items-middle\" data-id=\"70684364\" data-element_type=\"section\" data-settings=\"{&quot;background_background&quot;:&quot;classic&quot;}\">\n\t\t\t\t\t\t\t<div class=\"elementor-background-overlay\"><\/div>\n\t\t\t\t\t\t\t<div class=\"elementor-container elementor-column-gap-no\">\n\t\t\t\t\t<div class=\"elementor-column elementor-col-100 elementor-top-column elementor-element elementor-element-1c590c89\" data-id=\"1c590c89\" data-element_type=\"column\" data-settings=\"{&quot;background_background&quot;:&quot;classic&quot;}\">\n\t\t\t<div class=\"elementor-widget-wrap elementor-element-populated\">\n\t\t\t\t\t\t\t<\/div>\n\t\t<\/div>\n\t\t\t\t\t<\/div>\n\t\t<\/section>\n\t\t\t\t<section class=\"elementor-section elementor-top-section elementor-element elementor-element-2add3106 elementor-section-boxed elementor-section-height-default elementor-section-height-default\" data-id=\"2add3106\" data-element_type=\"section\">\n\t\t\t\t\t\t<div class=\"elementor-container elementor-column-gap-no\">\n\t\t\t\t\t<div class=\"elementor-column elementor-col-100 elementor-top-column elementor-element elementor-element-7cb93254\" data-id=\"7cb93254\" data-element_type=\"column\">\n\t\t\t<div class=\"elementor-widget-wrap elementor-element-populated\">\n\t\t\t\t\t\t<div class=\"elementor-element elementor-element-e4e8f6b elementor-widget elementor-widget-text-editor\" data-id=\"e4e8f6b\" data-element_type=\"widget\" data-widget_type=\"text-editor.default\">\n\t\t\t\t<div class=\"elementor-widget-container\">\n\t\t\t\t\t\t\t\t\t<div class=\"elementor-element elementor-element-e8baf9e elementor-widget elementor-widget-heading\" data-id=\"e8baf9e\" data-element_type=\"widget\" data-widget_type=\"heading.default\"><div class=\"elementor-widget-container\"><div class=\"elementor-element elementor-element-85e74bc elementor-widget elementor-widget-heading\" data-id=\"85e74bc\" data-element_type=\"widget\" data-widget_type=\"heading.default\"><div class=\"elementor-widget-container\"><h2>1. Introducci\u00f3<\/h2><p>La nostra web, <a href=\"https:\/\/shop.cdmitjans.com\/ca\/\">https:\/\/shop.cdmitjans.com<\/a> (d&#039;ara endavant: \u00abla web\u00bb) utilitza cookies i altres tecnologies relacionades (per a m\u00e9s comoditat, totes les tecnologies s&#039;anomenen \u00abcookies\u00bb). Les cookies tamb\u00e9 s\u00f3n col\u00b7locades per tercers als que hem contractat. Al seg\u00fcent document t&#039;informem sobre l&#039;\u00fas de cookies a la nostra web.<\/p><h2>2. Qu\u00e8 s\u00f3n les galetes?<\/h2><p>Una galeta \u00e9s un petit fitxer que s&#039;envia juntament amb les p\u00e0gines d&#039;aquesta web i que el vostre navegador emmagatzema al disc dur del vostre ordinador o un altre dispositiu. La informaci\u00f3 emmagatzemada pot ser tornada als nostres servidors o als servidors de tercers apropiats durant una visita posterior.<\/p><h2>3. Qu\u00e8 s\u00f3n els scripts?<\/h2><p>Un script \u00e9s un fragment de codi de programa que s&#039;utilitza per fer que la nostra web funcioni correctament i de manera interactiva. Aquest codi s&#039;executa al nostre servidor o al vostre dispositiu.<\/p><h2>4. Qu\u00e8 \u00e9s una balisa web?<\/h2><p>Una balisa web (o una etiqueta de p\u00edxel) \u00e9s una petita i invisible pe\u00e7a de text o imatge en una web que sutilitza per monitoritzar el tr\u00e0nsit en una web. Per aix\u00f2, s&#039;emmagatzemen diverses dades sobre vost\u00e8 mitjan\u00e7ant aquestes balises web.<\/p><h2>5. Cookies<\/h2><p class=\"cmplz-subtitle\">5.1 Galetes t\u00e8cniques o funcionals<\/p><p>Algunes galetes asseguren que certes parts del web funcionin correctament i que les teves prefer\u00e8ncies d&#039;usuari es continu\u00efn recordant. En col\u00b7locar cookies funcionals, et facilitem la visita a la nostra web. D&#039;aquesta manera, no necessites introduir repetidament la mateixa informaci\u00f3 quan visites la nostra web i, per exemple, els articles romanen a la cistella de la compra fins que hagis pagat. Podem col\u00b7locar aquestes galetes sense el teu consentiment.<\/p><p class=\"cmplz-subtitle\">5.2 Galetes de m\u00e0rqueting\/seguiment<\/p><p>Les galetes de m\u00e0rqueting\/seguiment s\u00f3n galetes, o qualsevol altra forma d&#039;emmagatzematge local, usades per crear perfils d&#039;usuari per mostrar publicitat o per fer el seguiment de l&#039;usuari en aquesta web o en diverses webs amb finalitats de m\u00e0rqueting similars.<\/p><\/div><\/div><\/div><\/div><div>\u00a0<\/div><div>\u00a0<\/div><div class=\"elementor-element elementor-element-e8baf9e elementor-widget elementor-widget-heading\" data-id=\"e8baf9e\" data-element_type=\"widget\" data-widget_type=\"heading.default\"><div class=\"elementor-widget-container\"><div class=\"elementor-element elementor-element-85e74bc elementor-widget elementor-widget-heading\" data-id=\"85e74bc\" data-element_type=\"widget\" data-widget_type=\"heading.default\"><div class=\"elementor-widget-container\"><h2>6. Consentiment<\/h2><p>Quan visiteu la nostra web per primera vegada, us mostrarem una finestra emergent amb una explicaci\u00f3 sobre les cookies. Tan bon punt feu clic a \u00abDesa les prefer\u00e8ncies\u00bb, accepteu que utilitzem les categories de galetes i connectors que heu seleccionat a la finestra emergent, tal com es descriu en aquesta pol\u00edtica de galetes. Podeu desactivar l&#039;\u00fas de cookies a trav\u00e9s del vostre navegador, per\u00f2, si us plau, tingueu en compte que la nostra web pot deixar de funcionar correctament.<\/p><p class=\"cmplz-subtitle\">6.1 Gestiona els teus ajustaments de consentiment<\/p><div id=\"cmplz-manage-consent-container-nojavascript\">Heu carregat la pol\u00edtica de cookies sense compatibilitat amb JavaScript. A AMP, pots utilitzar el bot\u00f3 de gestionar el consentiment a la part inferior de la p\u00e0gina.<\/div><h2>7. Activaci\u00f3\/desactivaci\u00f3 i esborrament de cookies<\/h2><p>Podeu utilitzar el vostre navegador d&#039;Internet per eliminar les galetes de forma autom\u00e0tica o manual. Tamb\u00e9 pots especificar que certes galetes no poden ser col\u00b7locades. Una altra opci\u00f3 \u00e9s canviar els par\u00e0metres del vostre navegador d&#039;Internet perqu\u00e8 rebis un missatge cada vegada que es col\u00b7loca una galeta. Per obtenir m\u00e9s informaci\u00f3 sobre aquestes opcions, consulteu les instruccions de la secci\u00f3 \u00abAjuda\u00bb del vostre navegador.<\/p><p>Tingues en compte que la nostra web pot no funcionar correctament si totes les galetes estan desactivades. Si esborres les cookies del teu navegador, es tornaran a col\u00b7locar despr\u00e9s del teu consentiment quan tornis a visitar les nostres webs.<\/p><h2>8. Els teus drets pel que fa a les dades personals<\/h2><p>Tens els drets seg\u00fcents pel que fa a les teves dades personals:<\/p><ul><li>T\u00e9 dret a saber per qu\u00e8 es necessiten les teves dades personals, qu\u00e8 passar\u00e0 amb elles i durant quant de temps es conservaran.<\/li><li>Dret d&#039;acc\u00e9s: tens dret a accedir a les dades personals que coneixem.<\/li><li>Dret de rectificaci\u00f3: tens dret a completar, rectificar, esborrar o bloquejar les teves dades personals quan vulguis.<\/li><li>Si ens d\u00f3nes el teu consentiment per processar les teves dades, tens dret a revocar aquest consentiment ia que s&#039;eliminin les teves dades personals.<\/li><li>Dret de cessi\u00f3 de les teves dades: tens dret a sol\u00b7licitar totes les dades personals al responsable del tractament ia transferir-les \u00edntegrament a un altre responsable del tractament.<\/li><li>Dret d&#039;oposici\u00f3: et pots oposar al tractament de les teves dades. Nosaltres complim amb aix\u00f2, tret que hi hagi motius justificats per al processament.<\/li><\/ul><p>Per exercir aquests drets, si us plau, contacta amb nosaltres. Si us plau, consulteu els detalls de contacte a la part inferior d&#039;aquesta pol\u00edtica de cookies. Si teniu alguna queixa sobre com gestionem les vostres dades, ens agradaria que ens la fessis saber, per\u00f2 tamb\u00e9 tens dret a enviar una queixa a l&#039;autoritat supervisora (l&#039;autoritat de protecci\u00f3 de dades).<\/p><h2>9. Dades de contacte<\/h2><p>Per a preguntes i\/o comentaris sobre la nostra pol\u00edtica de cookies i aquesta declaraci\u00f3, si us plau, contacta amb nosaltres usant les seg\u00fcents dades de contacte:<\/p><p><span class=\"cmplz-contact-organisation\">CD Mitjans<\/span><br \/><span class=\"cmplz-contact-address\">Carrer Dr. Torras i Bages, 114 \u2013 08223 Terrassa \u2013 Barcelona<br \/><\/span><br \/><span class=\"cmplz-contact-country\">Espanya<\/span><br \/>Web: <span class=\"cmplz-contact-domain\"><a href=\"https:\/\/shop.cdmitjans.com\/ca\/\">https:\/\/shop.cdmitjans.com<\/a><\/span><br \/>Correu electr\u00f2nic: <span class=\"cmplz-contact-email\">vendes@cdmitjans.es<\/span><br \/><span class=\"cmplz-contact-telephone\">N\u00famero de tel\u00e8fon: 93 731 41 44<\/span><\/p><\/div><\/div><\/div><\/div>\t\t\t\t\t\t\t\t<\/div>\n\t\t\t\t<\/div>\n\t\t\t\t\t<\/div>\n\t\t<\/div>\n\t\t\t\t\t<\/div>\n\t\t<\/section>\n\t\t\t\t<\/div>","protected":false},"excerpt":{"rendered":"<p>1. Introducci\u00f3 La nostra web, https:\/\/shop.cdmitjans.com (d&#039;ara endavant: \u00abla web\u00bb) utilitza cookies i altres tecnologies relacionades (per a m\u00e9s comoditat, totes les tecnologies s&#039;anomenen \u00abcookies\u00bb). Les cookies tamb\u00e9 s\u00f3n col\u00b7locades per tercers als que hem contractat. Al seg\u00fcent document t&#039;informem sobre l&#039;\u00fas de cookies a la nostra web. 2. Qu\u00e8 s\u00f3n les cookies?&nbsp;<a href=\"https:\/\/shop.cdmitjans.com\/ca\/politica-de-cookies\/\" rel=\"bookmark\">Llegiu m\u00e9s \u00bb<span class=\"screen-reader-text\">Pol\u00edtica de cookies<\/span><\/a><\/p>","protected":false},"author":1,"featured_media":0,"parent":0,"menu_order":0,"comment_status":"closed","ping_status":"closed","template":"page-templates\/template-pagebuilder-full-width.php","meta":{"neve_meta_sidebar":"","neve_meta_container":"","neve_meta_enable_content_width":"off","neve_meta_content_width":100,"neve_meta_title_alignment":"","neve_meta_author_avatar":"","neve_post_elements_order":"","neve_meta_disable_header":"","neve_meta_disable_footer":"","neve_meta_disable_title":"","footnotes":""},"class_list":["post-558","page","type-page","status-publish","hentry"],"yoast_head":"<!-- This site is optimized with the Yoast SEO plugin v25.5 - https:\/\/yoast.com\/wordpress\/plugins\/seo\/ -->\n<title>Pol\u00edtica de cookies - Cdmitjans | Creaciones y Dise\u00f1o<\/title>\n<meta name=\"robots\" content=\"index, follow, max-snippet:-1, max-image-preview:large, max-video-preview:-1\" \/>\n<link rel=\"canonical\" href=\"https:\/\/shop.cdmitjans.com\/ca\/politica-de-cookies\/\" \/>\n<meta property=\"og:locale\" content=\"ca_ES\" \/>\n<meta property=\"og:type\" content=\"article\" \/>\n<meta property=\"og:title\" content=\"Pol\u00edtica de cookies - Cdmitjans | Creaciones y Dise\u00f1o\" \/>\n<meta property=\"og:description\" content=\"1. Introducci\u00f3n Nuestra web, https:\/\/shop.cdmitjans.com (en adelante: \u00abla web\u00bb) utiliza cookies y otras tecnolog\u00edas relacionadas (para mayor comodidad, todas las tecnolog\u00edas se denominan \u00abcookies\u00bb). Las cookies tambi\u00e9n son colocadas por terceros a los que hemos contratado. En el siguiente documento te informamos sobre el uso de cookies en nuestra web. 2. \u00bfQu\u00e9 son las cookies?&hellip;&nbsp;Llegiu m\u00e9s &raquo;Pol\u00edtica de cookies\" \/>\n<meta property=\"og:url\" content=\"https:\/\/shop.cdmitjans.com\/ca\/politica-de-cookies\/\" \/>\n<meta property=\"og:site_name\" content=\"Cdmitjans | Creaciones y Dise\u00f1o\" \/>\n<meta property=\"article:modified_time\" content=\"2024-03-21T12:34:18+00:00\" \/>\n<meta name=\"twitter:card\" content=\"summary_large_image\" \/>\n<meta name=\"twitter:label1\" content=\"Temps estimat de lectura\" \/>\n\t<meta name=\"twitter:data1\" content=\"4 minuts\" \/>\n<script type=\"application\/ld+json\" class=\"yoast-schema-graph\">{\"@context\":\"https:\/\/schema.org\",\"@graph\":[{\"@type\":\"WebPage\",\"@id\":\"https:\/\/shop.cdmitjans.com\/politica-de-cookies\/\",\"url\":\"https:\/\/shop.cdmitjans.com\/politica-de-cookies\/\",\"name\":\"Pol\u00edtica de cookies - Cdmitjans | Creaciones y Dise\u00f1o\",\"isPartOf\":{\"@id\":\"https:\/\/shop.cdmitjans.com\/fr\/#website\"},\"datePublished\":\"2024-03-03T18:54:11+00:00\",\"dateModified\":\"2024-03-21T12:34:18+00:00\",\"breadcrumb\":{\"@id\":\"https:\/\/shop.cdmitjans.com\/politica-de-cookies\/#breadcrumb\"},\"inLanguage\":\"ca\",\"potentialAction\":[{\"@type\":\"ReadAction\",\"target\":[\"https:\/\/shop.cdmitjans.com\/politica-de-cookies\/\"]}]},{\"@type\":\"BreadcrumbList\",\"@id\":\"https:\/\/shop.cdmitjans.com\/politica-de-cookies\/#breadcrumb\",\"itemListElement\":[{\"@type\":\"ListItem\",\"position\":1,\"name\":\"Portada\",\"item\":\"https:\/\/shop.cdmitjans.com\/\"},{\"@type\":\"ListItem\",\"position\":2,\"name\":\"Pol\u00edtica de cookies\"}]},{\"@type\":\"WebSite\",\"@id\":\"https:\/\/shop.cdmitjans.com\/fr\/#website\",\"url\":\"https:\/\/shop.cdmitjans.com\/fr\/\",\"name\":\"Cdmitjans | Creaciones y Dise\u00f1o\",\"description\":\"Nuestras creaciones reflejan una est\u00e9tica moderna y sofisticada, combinando l\u00edneas vanguardistas con detalles cuidadosamente seleccionados.\",\"potentialAction\":[{\"@type\":\"SearchAction\",\"target\":{\"@type\":\"EntryPoint\",\"urlTemplate\":\"https:\/\/shop.cdmitjans.com\/fr\/?s={search_term_string}\"},\"query-input\":{\"@type\":\"PropertyValueSpecification\",\"valueRequired\":true,\"valueName\":\"search_term_string\"}}],\"inLanguage\":\"ca\"}]}<\/script>\n<!-- \/ Yoast SEO plugin. -->","yoast_head_json":{"title":"Pol\u00edtica de galetes - Cdmitjans | Creacions i Disseny","robots":{"index":"index","follow":"follow","max-snippet":"max-snippet:-1","max-image-preview":"max-image-preview:large","max-video-preview":"max-video-preview:-1"},"canonical":"https:\/\/shop.cdmitjans.com\/ca\/politica-de-cookies\/","og_locale":"ca_ES","og_type":"article","og_title":"Pol\u00edtica de cookies - Cdmitjans | Creaciones y Dise\u00f1o","og_description":"1. Introducci\u00f3n Nuestra web, https:\/\/shop.cdmitjans.com (en adelante: \u00abla web\u00bb) utiliza cookies y otras tecnolog\u00edas relacionadas (para mayor comodidad, todas las tecnolog\u00edas se denominan \u00abcookies\u00bb). Las cookies tambi\u00e9n son colocadas por terceros a los que hemos contratado. En el siguiente documento te informamos sobre el uso de cookies en nuestra web. 2. \u00bfQu\u00e9 son las cookies?&hellip;&nbsp;Llegiu m\u00e9s &raquo;Pol\u00edtica de cookies","og_url":"https:\/\/shop.cdmitjans.com\/ca\/politica-de-cookies\/","og_site_name":"Cdmitjans | Creaciones y Dise\u00f1o","article_modified_time":"2024-03-21T12:34:18+00:00","twitter_card":"summary_large_image","twitter_misc":{"Temps estimat de lectura":"4 minuts"},"schema":{"@context":"https:\/\/schema.org","@graph":[{"@type":"WebPage","@id":"https:\/\/shop.cdmitjans.com\/politica-de-cookies\/","url":"https:\/\/shop.cdmitjans.com\/politica-de-cookies\/","name":"Pol\u00edtica de galetes - Cdmitjans | Creacions i Disseny","isPartOf":{"@id":"https:\/\/shop.cdmitjans.com\/fr\/#website"},"datePublished":"2024-03-03T18:54:11+00:00","dateModified":"2024-03-21T12:34:18+00:00","breadcrumb":{"@id":"https:\/\/shop.cdmitjans.com\/politica-de-cookies\/#breadcrumb"},"inLanguage":"ca","potentialAction":[{"@type":"ReadAction","target":["https:\/\/shop.cdmitjans.com\/politica-de-cookies\/"]}]},{"@type":"BreadcrumbList","@id":"https:\/\/shop.cdmitjans.com\/politica-de-cookies\/#breadcrumb","itemListElement":[{"@type":"ListItem","position":1,"name":"Portada","item":"https:\/\/shop.cdmitjans.com\/"},{"@type":"ListItem","position":2,"name":"Pol\u00edtica de cookies"}]},{"@type":"WebSite","@id":"https:\/\/shop.cdmitjans.com\/fr\/#website","url":"https:\/\/shop.cdmitjans.com\/fr\/","name":"Cdmitjans | Creacions i Disseny","description":"Les nostres creacions reflecteixen una est\u00e8tica moderna i sofisticada, combinant l\u00ednies avantguardistes amb detalls acuradament seleccionats.","potentialAction":[{"@type":"SearchAction","target":{"@type":"EntryPoint","urlTemplate":"https:\/\/shop.cdmitjans.com\/fr\/?s={search_term_string}"},"query-input":{"@type":"PropertyValueSpecification","valueRequired":true,"valueName":"search_term_string"}}],"inLanguage":"ca"}]}},"_links":{"self":[{"href":"https:\/\/shop.cdmitjans.com\/ca\/wp-json\/wp\/v2\/pages\/558","targetHints":{"allow":["GET"]}}],"collection":[{"href":"https:\/\/shop.cdmitjans.com\/ca\/wp-json\/wp\/v2\/pages"}],"about":[{"href":"https:\/\/shop.cdmitjans.com\/ca\/wp-json\/wp\/v2\/types\/page"}],"author":[{"embeddable":true,"href":"https:\/\/shop.cdmitjans.com\/ca\/wp-json\/wp\/v2\/users\/1"}],"replies":[{"embeddable":true,"href":"https:\/\/shop.cdmitjans.com\/ca\/wp-json\/wp\/v2\/comments?post=558"}],"version-history":[{"count":0,"href":"https:\/\/shop.cdmitjans.com\/ca\/wp-json\/wp\/v2\/pages\/558\/revisions"}],"wp:attachment":[{"href":"https:\/\/shop.cdmitjans.com\/ca\/wp-json\/wp\/v2\/media?parent=558"}],"curies":[{"name":"wp","href":"https:\/\/api.w.org\/{rel}","templated":true}]}}