{"id":661,"date":"2024-03-12T18:43:50","date_gmt":"2024-03-12T18:43:50","guid":{"rendered":"https:\/\/shop.cdmitjans.com\/?page_id=661"},"modified":"2024-03-21T14:53:49","modified_gmt":"2024-03-21T13:53:49","slug":"politica-de-devoluciones","status":"publish","type":"page","link":"https:\/\/shop.cdmitjans.com\/ca\/politica-de-devoluciones\/","title":{"rendered":"Pol\u00edtica de devolucions"},"content":{"rendered":"<div data-elementor-type=\"wp-page\" data-elementor-id=\"661\" class=\"elementor elementor-661\" data-elementor-post-type=\"page\">\n\t\t\t\t\t\t<section class=\"elementor-section elementor-top-section elementor-element elementor-element-70684364 elementor-section-height-min-height elementor-section-content-middle elementor-section-boxed elementor-section-height-default elementor-section-items-middle\" data-id=\"70684364\" data-element_type=\"section\" data-settings=\"{&quot;background_background&quot;:&quot;classic&quot;}\">\n\t\t\t\t\t\t\t<div class=\"elementor-background-overlay\"><\/div>\n\t\t\t\t\t\t\t<div class=\"elementor-container elementor-column-gap-no\">\n\t\t\t\t\t<div class=\"elementor-column elementor-col-100 elementor-top-column elementor-element elementor-element-1c590c89\" data-id=\"1c590c89\" data-element_type=\"column\" data-settings=\"{&quot;background_background&quot;:&quot;classic&quot;}\">\n\t\t\t<div class=\"elementor-widget-wrap elementor-element-populated\">\n\t\t\t\t\t\t\t<\/div>\n\t\t<\/div>\n\t\t\t\t\t<\/div>\n\t\t<\/section>\n\t\t\t\t<section class=\"elementor-section elementor-top-section elementor-element elementor-element-2add3106 elementor-section-boxed elementor-section-height-default elementor-section-height-default\" data-id=\"2add3106\" data-element_type=\"section\">\n\t\t\t\t\t\t<div class=\"elementor-container elementor-column-gap-no\">\n\t\t\t\t\t<div class=\"elementor-column elementor-col-100 elementor-top-column elementor-element elementor-element-7cb93254\" data-id=\"7cb93254\" data-element_type=\"column\">\n\t\t\t<div class=\"elementor-widget-wrap elementor-element-populated\">\n\t\t\t\t\t\t<div class=\"elementor-element elementor-element-e4e8f6b elementor-widget elementor-widget-text-editor\" data-id=\"e4e8f6b\" data-element_type=\"widget\" data-widget_type=\"text-editor.default\">\n\t\t\t\t<div class=\"elementor-widget-container\">\n\t\t\t\t\t\t\t\t\t<p>CREACIONS I DISSENY MITJANS SL vol oferir-te el millor servei. Per aix\u00f2, podr\u00e0s tornar qualsevol producte adquirit amb servei a domicili contactant amb nosaltres a trav\u00e9s del correu electr\u00f2nic a info@cdmitjans.com. El comprador disposa de 15 dies naturals per exercitar el dret de desistiment des de la data de recepci\u00f3. Sense preguntes o objeccions, si no est\u00e0s satisfet amb la teva compra per qualsevol ra\u00f3, ens comprometem a tornar-te l&#039;import d&#039;aquesta d&#039;aquestes maneres:<\/p><ol><li>Substituci\u00f3 del producte o devoluci\u00f3 de l&#039;import complet (descomptant les despeses administratives o d&#039;un altre tipus que es generin com a conseq\u00fc\u00e8ncia de la devoluci\u00f3).<\/li><li>Podr\u00e0s optar a canviar el producte per un de igual en perfectes condicions en cas que l&#039;original fos defectu\u00f3s o per qualsevol altre producte que es trobi a https:\/\/shop.cdmitjans.com\/. CREACIONES I DISSENY MITJANS SL es fa responsable de totes les despeses ocasionades a aquests efectes sempre que la devoluci\u00f3 es degui a un error en l&#039;enviament, o l&#039;article arribi defectu\u00f3s.<\/li><li>Si l&#039;enviament es va realitzar correctament per part nostra i la devoluci\u00f3 es deu a motius personals del client, la recollida del producte anir\u00e0 a c\u00e0rrec del mateix. Si el client tria la devoluci\u00f3 de l&#039;import abonat per motius personals, aquesta es far\u00e0 descomptant les despeses d&#039;enviament ocasionades en aquest cas.<\/li><li>La devoluci\u00f3 ser\u00e0 efectiva dins dels 6 dies posteriors a la sol\u00b7licitud de devoluci\u00f3 per part del client.<\/li><li>La devoluci\u00f3 de l&#039;import es far\u00e0 pel mitj\u00e0 que el client va utilitzar per fer el pagament de la comanda (targeta de cr\u00e8dit\/d\u00e8bit, transfer\u00e8ncia banc\u00e0ria).\u00a0<\/li><\/ol>\t\t\t\t\t\t\t\t<\/div>\n\t\t\t\t<\/div>\n\t\t\t\t\t<\/div>\n\t\t<\/div>\n\t\t\t\t\t<\/div>\n\t\t<\/section>\n\t\t\t\t<\/div>","protected":false},"excerpt":{"rendered":"<p>CREACIONS I DISSENY MITJANS SL vol oferir-te el millor servei. Per aix\u00f2, podr\u00e0s tornar qualsevol producte adquirit amb servei a domicili contactant amb nosaltres a trav\u00e9s de l&#039;email a info@cdmitjans.com.&nbsp;<a href=\"https:\/\/shop.cdmitjans.com\/ca\/politica-de-devoluciones\/\" rel=\"bookmark\">Llegiu m\u00e9s \u00bb<span class=\"screen-reader-text\">Pol\u00edtica de devolucions<\/span><\/a><\/p>","protected":false},"author":1,"featured_media":0,"parent":0,"menu_order":0,"comment_status":"closed","ping_status":"closed","template":"page-templates\/template-pagebuilder-full-width.php","meta":{"neve_meta_sidebar":"","neve_meta_container":"","neve_meta_enable_content_width":"off","neve_meta_content_width":100,"neve_meta_title_alignment":"","neve_meta_author_avatar":"","neve_post_elements_order":"","neve_meta_disable_header":"","neve_meta_disable_footer":"","neve_meta_disable_title":"","footnotes":""},"class_list":["post-661","page","type-page","status-publish","hentry"],"yoast_head":"<!-- This site is optimized with the Yoast SEO plugin v25.5 - https:\/\/yoast.com\/wordpress\/plugins\/seo\/ -->\n<title>Pol\u00edtica de devoluciones - Cdmitjans | Creaciones y Dise\u00f1o<\/title>\n<meta name=\"robots\" content=\"index, follow, max-snippet:-1, max-image-preview:large, max-video-preview:-1\" \/>\n<link rel=\"canonical\" href=\"https:\/\/shop.cdmitjans.com\/ca\/politica-de-devoluciones\/\" \/>\n<meta property=\"og:locale\" content=\"ca_ES\" \/>\n<meta property=\"og:type\" content=\"article\" \/>\n<meta property=\"og:title\" content=\"Pol\u00edtica de devoluciones - Cdmitjans | Creaciones y Dise\u00f1o\" \/>\n<meta property=\"og:description\" content=\"CREACIONES Y DISE\u00d1O MITJANS S.L. quiere ofrecerte el mejor servicio. Por ello, podr\u00e1s devolver cualquier producto adquirido con servicio a domicilio contactando con nosotros a trav\u00e9s del email en info@cdmitjans.com. El comprador dispone de 15 d\u00edas naturales para ejercitar su derecho de desistimiento desde la fecha de recepci\u00f3n. Sin preguntas u objeciones, si no est\u00e1s&hellip;&nbsp;Llegiu m\u00e9s &raquo;Pol\u00edtica de devoluciones\" \/>\n<meta property=\"og:url\" content=\"https:\/\/shop.cdmitjans.com\/ca\/politica-de-devoluciones\/\" \/>\n<meta property=\"og:site_name\" content=\"Cdmitjans | Creaciones y Dise\u00f1o\" \/>\n<meta property=\"article:modified_time\" content=\"2024-03-21T13:53:49+00:00\" \/>\n<meta name=\"twitter:card\" content=\"summary_large_image\" \/>\n<meta name=\"twitter:label1\" content=\"Temps estimat de lectura\" \/>\n\t<meta name=\"twitter:data1\" content=\"1 minut\" \/>\n<script type=\"application\/ld+json\" class=\"yoast-schema-graph\">{\"@context\":\"https:\/\/schema.org\",\"@graph\":[{\"@type\":\"WebPage\",\"@id\":\"https:\/\/shop.cdmitjans.com\/politica-de-devoluciones\/\",\"url\":\"https:\/\/shop.cdmitjans.com\/politica-de-devoluciones\/\",\"name\":\"Pol\u00edtica de devoluciones - Cdmitjans | Creaciones y Dise\u00f1o\",\"isPartOf\":{\"@id\":\"https:\/\/shop.cdmitjans.com\/fr\/#website\"},\"datePublished\":\"2024-03-12T18:43:50+00:00\",\"dateModified\":\"2024-03-21T13:53:49+00:00\",\"breadcrumb\":{\"@id\":\"https:\/\/shop.cdmitjans.com\/politica-de-devoluciones\/#breadcrumb\"},\"inLanguage\":\"ca\",\"potentialAction\":[{\"@type\":\"ReadAction\",\"target\":[\"https:\/\/shop.cdmitjans.com\/politica-de-devoluciones\/\"]}]},{\"@type\":\"BreadcrumbList\",\"@id\":\"https:\/\/shop.cdmitjans.com\/politica-de-devoluciones\/#breadcrumb\",\"itemListElement\":[{\"@type\":\"ListItem\",\"position\":1,\"name\":\"Portada\",\"item\":\"https:\/\/shop.cdmitjans.com\/\"},{\"@type\":\"ListItem\",\"position\":2,\"name\":\"Pol\u00edtica de devoluciones\"}]},{\"@type\":\"WebSite\",\"@id\":\"https:\/\/shop.cdmitjans.com\/fr\/#website\",\"url\":\"https:\/\/shop.cdmitjans.com\/fr\/\",\"name\":\"Cdmitjans | Creaciones y Dise\u00f1o\",\"description\":\"Nuestras creaciones reflejan una est\u00e9tica moderna y sofisticada, combinando l\u00edneas vanguardistas con detalles cuidadosamente seleccionados.\",\"potentialAction\":[{\"@type\":\"SearchAction\",\"target\":{\"@type\":\"EntryPoint\",\"urlTemplate\":\"https:\/\/shop.cdmitjans.com\/fr\/?s={search_term_string}\"},\"query-input\":{\"@type\":\"PropertyValueSpecification\",\"valueRequired\":true,\"valueName\":\"search_term_string\"}}],\"inLanguage\":\"ca\"}]}<\/script>\n<!-- \/ Yoast SEO plugin. -->","yoast_head_json":{"title":"Pol\u00edtica de devolucions - Cdmitjans | Creacions i Disseny","robots":{"index":"index","follow":"follow","max-snippet":"max-snippet:-1","max-image-preview":"max-image-preview:large","max-video-preview":"max-video-preview:-1"},"canonical":"https:\/\/shop.cdmitjans.com\/ca\/politica-de-devoluciones\/","og_locale":"ca_ES","og_type":"article","og_title":"Pol\u00edtica de devoluciones - Cdmitjans | Creaciones y Dise\u00f1o","og_description":"CREACIONES Y DISE\u00d1O MITJANS S.L. quiere ofrecerte el mejor servicio. Por ello, podr\u00e1s devolver cualquier producto adquirido con servicio a domicilio contactando con nosotros a trav\u00e9s del email en info@cdmitjans.com. El comprador dispone de 15 d\u00edas naturales para ejercitar su derecho de desistimiento desde la fecha de recepci\u00f3n. Sin preguntas u objeciones, si no est\u00e1s&hellip;&nbsp;Llegiu m\u00e9s &raquo;Pol\u00edtica de devoluciones","og_url":"https:\/\/shop.cdmitjans.com\/ca\/politica-de-devoluciones\/","og_site_name":"Cdmitjans | Creaciones y Dise\u00f1o","article_modified_time":"2024-03-21T13:53:49+00:00","twitter_card":"summary_large_image","twitter_misc":{"Temps estimat de lectura":"1 minut"},"schema":{"@context":"https:\/\/schema.org","@graph":[{"@type":"WebPage","@id":"https:\/\/shop.cdmitjans.com\/politica-de-devoluciones\/","url":"https:\/\/shop.cdmitjans.com\/politica-de-devoluciones\/","name":"Pol\u00edtica de devolucions - Cdmitjans | Creacions i Disseny","isPartOf":{"@id":"https:\/\/shop.cdmitjans.com\/fr\/#website"},"datePublished":"2024-03-12T18:43:50+00:00","dateModified":"2024-03-21T13:53:49+00:00","breadcrumb":{"@id":"https:\/\/shop.cdmitjans.com\/politica-de-devoluciones\/#breadcrumb"},"inLanguage":"ca","potentialAction":[{"@type":"ReadAction","target":["https:\/\/shop.cdmitjans.com\/politica-de-devoluciones\/"]}]},{"@type":"BreadcrumbList","@id":"https:\/\/shop.cdmitjans.com\/politica-de-devoluciones\/#breadcrumb","itemListElement":[{"@type":"ListItem","position":1,"name":"Portada","item":"https:\/\/shop.cdmitjans.com\/"},{"@type":"ListItem","position":2,"name":"Pol\u00edtica de devoluciones"}]},{"@type":"WebSite","@id":"https:\/\/shop.cdmitjans.com\/fr\/#website","url":"https:\/\/shop.cdmitjans.com\/fr\/","name":"Cdmitjans | Creacions i Disseny","description":"Les nostres creacions reflecteixen una est\u00e8tica moderna i sofisticada, combinant l\u00ednies avantguardistes amb detalls acuradament seleccionats.","potentialAction":[{"@type":"SearchAction","target":{"@type":"EntryPoint","urlTemplate":"https:\/\/shop.cdmitjans.com\/fr\/?s={search_term_string}"},"query-input":{"@type":"PropertyValueSpecification","valueRequired":true,"valueName":"search_term_string"}}],"inLanguage":"ca"}]}},"_links":{"self":[{"href":"https:\/\/shop.cdmitjans.com\/ca\/wp-json\/wp\/v2\/pages\/661","targetHints":{"allow":["GET"]}}],"collection":[{"href":"https:\/\/shop.cdmitjans.com\/ca\/wp-json\/wp\/v2\/pages"}],"about":[{"href":"https:\/\/shop.cdmitjans.com\/ca\/wp-json\/wp\/v2\/types\/page"}],"author":[{"embeddable":true,"href":"https:\/\/shop.cdmitjans.com\/ca\/wp-json\/wp\/v2\/users\/1"}],"replies":[{"embeddable":true,"href":"https:\/\/shop.cdmitjans.com\/ca\/wp-json\/wp\/v2\/comments?post=661"}],"version-history":[{"count":0,"href":"https:\/\/shop.cdmitjans.com\/ca\/wp-json\/wp\/v2\/pages\/661\/revisions"}],"wp:attachment":[{"href":"https:\/\/shop.cdmitjans.com\/ca\/wp-json\/wp\/v2\/media?parent=661"}],"curies":[{"name":"wp","href":"https:\/\/api.w.org\/{rel}","templated":true}]}}