{"id":2205,"date":"2024-04-26T08:53:10","date_gmt":"2024-04-26T06:53:10","guid":{"rendered":"https:\/\/shop.cdmitjans.com\/?post_type=product&#038;p=2205"},"modified":"2025-07-17T10:02:13","modified_gmt":"2025-07-17T08:02:13","slug":"pijama-pantalon-y-mangas-renglan-lisas-con-punos-y-cuerpo-estampado","status":"publish","type":"product","link":"https:\/\/shop.cdmitjans.com\/ca\/producte\/pijama-pantalon-y-mangas-renglan-lisas-con-punos-y-cuerpo-estampado\/","title":{"rendered":"Pijama pantalons i m\u00e0nigues renglen llises amb punys i cos estampat"},"content":{"rendered":"<p>Pijama pantalons i m\u00e0nigues renglen llises amb punys i cos estampat<\/p>\n<p>model 540285<\/p>\n<p>color 703 stella<\/p>\n<p>composici\u00f3 estampat 80% viscosa 20% poli\u00e8ster<\/p>\n<p>composici\u00f3 llis 95% viscosa 5% elast\u00e0<\/p>","protected":false},"excerpt":{"rendered":"<p>color 703 stella<\/p>\n<p>composici\u00f3 estampat 80% viscosa 20% poli\u00e8ster<\/p>\n<p>composici\u00f3 llis 95% viscosa 5% elast\u00e0<\/p>","protected":false},"featured_media":2206,"template":"","meta":{"neve_meta_sidebar":"","neve_meta_container":"","neve_meta_enable_content_width":"off","neve_meta_content_width":100,"neve_meta_title_alignment":"","neve_meta_author_avatar":"","neve_post_elements_order":"","neve_meta_disable_header":"","neve_meta_disable_footer":"","neve_meta_disable_title":""},"product_brand":[],"product_cat":[157,158],"product_tag":[],"class_list":{"0":"post-2205","1":"product","2":"type-product","3":"status-publish","4":"has-post-thumbnail","6":"product_cat-invierno-25","7":"product_cat-invierno-25-cdm-invierno-25","9":"first","10":"instock","11":"sale","12":"taxable","13":"shipping-taxable","14":"purchasable","15":"product-type-variable"},"yoast_head":"<!-- This site is optimized with the Yoast SEO plugin v25.5 - https:\/\/yoast.com\/wordpress\/plugins\/seo\/ -->\n<title>Pijama pantal\u00f3n y mangas renglan lisas con pu\u00f1os y cuerpo estampado - Cdmitjans | Creaciones y Dise\u00f1o<\/title>\n<meta name=\"robots\" content=\"index, follow, max-snippet:-1, max-image-preview:large, max-video-preview:-1\" \/>\n<link rel=\"canonical\" href=\"https:\/\/shop.cdmitjans.com\/ca\/producte\/pijama-pantalon-y-mangas-renglan-lisas-con-punos-y-cuerpo-estampado\/\" \/>\n<meta property=\"og:locale\" content=\"ca_ES\" \/>\n<meta property=\"og:type\" content=\"article\" \/>\n<meta property=\"og:title\" content=\"Pijama pantal\u00f3n y mangas renglan lisas con pu\u00f1os y cuerpo estampado - Cdmitjans | Creaciones y Dise\u00f1o\" \/>\n<meta property=\"og:description\" content=\"color 703 stella  composici\u00f3n estampado 80% viscosa 20% poli\u00e9ster  composici\u00f3n liso 95% viscosa 5% elastano\" \/>\n<meta property=\"og:url\" content=\"https:\/\/shop.cdmitjans.com\/ca\/producte\/pijama-pantalon-y-mangas-renglan-lisas-con-punos-y-cuerpo-estampado\/\" \/>\n<meta property=\"og:site_name\" content=\"Cdmitjans | Creaciones y Dise\u00f1o\" \/>\n<meta property=\"article:modified_time\" content=\"2025-07-17T08:02:13+00:00\" \/>\n<meta property=\"og:image\" content=\"https:\/\/shop.cdmitjans.com\/wp-content\/uploads\/2024\/04\/pijama-540285.jpg\" \/>\n\t<meta property=\"og:image:width\" content=\"1181\" \/>\n\t<meta property=\"og:image:height\" content=\"1772\" \/>\n\t<meta property=\"og:image:type\" content=\"image\/jpeg\" \/>\n<meta name=\"twitter:card\" content=\"summary_large_image\" \/>\n<script type=\"application\/ld+json\" class=\"yoast-schema-graph\">{\"@context\":\"https:\/\/schema.org\",\"@graph\":[{\"@type\":\"WebPage\",\"@id\":\"https:\/\/shop.cdmitjans.com\/producto\/pijama-pantalon-y-mangas-renglan-lisas-con-punos-y-cuerpo-estampado\/\",\"url\":\"https:\/\/shop.cdmitjans.com\/producto\/pijama-pantalon-y-mangas-renglan-lisas-con-punos-y-cuerpo-estampado\/\",\"name\":\"Pijama pantal\u00f3n y mangas renglan lisas con pu\u00f1os y cuerpo estampado - Cdmitjans | Creaciones y Dise\u00f1o\",\"isPartOf\":{\"@id\":\"https:\/\/shop.cdmitjans.com\/fr\/#website\"},\"primaryImageOfPage\":{\"@id\":\"https:\/\/shop.cdmitjans.com\/producto\/pijama-pantalon-y-mangas-renglan-lisas-con-punos-y-cuerpo-estampado\/#primaryimage\"},\"image\":{\"@id\":\"https:\/\/shop.cdmitjans.com\/producto\/pijama-pantalon-y-mangas-renglan-lisas-con-punos-y-cuerpo-estampado\/#primaryimage\"},\"thumbnailUrl\":\"https:\/\/shop.cdmitjans.com\/wp-content\/uploads\/2024\/04\/pijama-540285.jpg\",\"datePublished\":\"2024-04-26T06:53:10+00:00\",\"dateModified\":\"2025-07-17T08:02:13+00:00\",\"breadcrumb\":{\"@id\":\"https:\/\/shop.cdmitjans.com\/producto\/pijama-pantalon-y-mangas-renglan-lisas-con-punos-y-cuerpo-estampado\/#breadcrumb\"},\"inLanguage\":\"ca\",\"potentialAction\":[{\"@type\":\"ReadAction\",\"target\":[\"https:\/\/shop.cdmitjans.com\/producto\/pijama-pantalon-y-mangas-renglan-lisas-con-punos-y-cuerpo-estampado\/\"]}]},{\"@type\":\"ImageObject\",\"inLanguage\":\"ca\",\"@id\":\"https:\/\/shop.cdmitjans.com\/producto\/pijama-pantalon-y-mangas-renglan-lisas-con-punos-y-cuerpo-estampado\/#primaryimage\",\"url\":\"https:\/\/shop.cdmitjans.com\/wp-content\/uploads\/2024\/04\/pijama-540285.jpg\",\"contentUrl\":\"https:\/\/shop.cdmitjans.com\/wp-content\/uploads\/2024\/04\/pijama-540285.jpg\",\"width\":1181,\"height\":1772},{\"@type\":\"BreadcrumbList\",\"@id\":\"https:\/\/shop.cdmitjans.com\/producto\/pijama-pantalon-y-mangas-renglan-lisas-con-punos-y-cuerpo-estampado\/#breadcrumb\",\"itemListElement\":[{\"@type\":\"ListItem\",\"position\":1,\"name\":\"Portada\",\"item\":\"https:\/\/shop.cdmitjans.com\/\"},{\"@type\":\"ListItem\",\"position\":2,\"name\":\"Tienda\",\"item\":\"https:\/\/shop.cdmitjans.com\/tienda\/\"},{\"@type\":\"ListItem\",\"position\":3,\"name\":\"Pijama pantal\u00f3n y mangas renglan lisas con pu\u00f1os y cuerpo estampado\"}]},{\"@type\":\"WebSite\",\"@id\":\"https:\/\/shop.cdmitjans.com\/fr\/#website\",\"url\":\"https:\/\/shop.cdmitjans.com\/fr\/\",\"name\":\"Cdmitjans | Creaciones y Dise\u00f1o\",\"description\":\"Nuestras creaciones reflejan una est\u00e9tica moderna y sofisticada, combinando l\u00edneas vanguardistas con detalles cuidadosamente seleccionados.\",\"potentialAction\":[{\"@type\":\"SearchAction\",\"target\":{\"@type\":\"EntryPoint\",\"urlTemplate\":\"https:\/\/shop.cdmitjans.com\/fr\/?s={search_term_string}\"},\"query-input\":{\"@type\":\"PropertyValueSpecification\",\"valueRequired\":true,\"valueName\":\"search_term_string\"}}],\"inLanguage\":\"ca\"}]}<\/script>\n<!-- \/ Yoast SEO plugin. -->","yoast_head_json":{"title":"Pijama pantal\u00f3n y mangas renglan lisas con pu\u00f1os y cuerpo estampado - Cdmitjans | Creaciones y Dise\u00f1o","robots":{"index":"index","follow":"follow","max-snippet":"max-snippet:-1","max-image-preview":"max-image-preview:large","max-video-preview":"max-video-preview:-1"},"canonical":"https:\/\/shop.cdmitjans.com\/ca\/producte\/pijama-pantalon-y-mangas-renglan-lisas-con-punos-y-cuerpo-estampado\/","og_locale":"ca_ES","og_type":"article","og_title":"Pijama pantal\u00f3n y mangas renglan lisas con pu\u00f1os y cuerpo estampado - Cdmitjans | Creaciones y Dise\u00f1o","og_description":"color 703 stella  composici\u00f3n estampado 80% viscosa 20% poli\u00e9ster  composici\u00f3n liso 95% viscosa 5% elastano","og_url":"https:\/\/shop.cdmitjans.com\/ca\/producte\/pijama-pantalon-y-mangas-renglan-lisas-con-punos-y-cuerpo-estampado\/","og_site_name":"Cdmitjans | Creaciones y Dise\u00f1o","article_modified_time":"2025-07-17T08:02:13+00:00","og_image":[{"width":1181,"height":1772,"url":"https:\/\/shop.cdmitjans.com\/wp-content\/uploads\/2024\/04\/pijama-540285.jpg","type":"image\/jpeg"}],"twitter_card":"summary_large_image","schema":{"@context":"https:\/\/schema.org","@graph":[{"@type":"WebPage","@id":"https:\/\/shop.cdmitjans.com\/producto\/pijama-pantalon-y-mangas-renglan-lisas-con-punos-y-cuerpo-estampado\/","url":"https:\/\/shop.cdmitjans.com\/producto\/pijama-pantalon-y-mangas-renglan-lisas-con-punos-y-cuerpo-estampado\/","name":"Pijama pantal\u00f3n y mangas renglan lisas con pu\u00f1os y cuerpo estampado - Cdmitjans | Creaciones y Dise\u00f1o","isPartOf":{"@id":"https:\/\/shop.cdmitjans.com\/fr\/#website"},"primaryImageOfPage":{"@id":"https:\/\/shop.cdmitjans.com\/producto\/pijama-pantalon-y-mangas-renglan-lisas-con-punos-y-cuerpo-estampado\/#primaryimage"},"image":{"@id":"https:\/\/shop.cdmitjans.com\/producto\/pijama-pantalon-y-mangas-renglan-lisas-con-punos-y-cuerpo-estampado\/#primaryimage"},"thumbnailUrl":"https:\/\/shop.cdmitjans.com\/wp-content\/uploads\/2024\/04\/pijama-540285.jpg","datePublished":"2024-04-26T06:53:10+00:00","dateModified":"2025-07-17T08:02:13+00:00","breadcrumb":{"@id":"https:\/\/shop.cdmitjans.com\/producto\/pijama-pantalon-y-mangas-renglan-lisas-con-punos-y-cuerpo-estampado\/#breadcrumb"},"inLanguage":"ca","potentialAction":[{"@type":"ReadAction","target":["https:\/\/shop.cdmitjans.com\/producto\/pijama-pantalon-y-mangas-renglan-lisas-con-punos-y-cuerpo-estampado\/"]}]},{"@type":"ImageObject","inLanguage":"ca","@id":"https:\/\/shop.cdmitjans.com\/producto\/pijama-pantalon-y-mangas-renglan-lisas-con-punos-y-cuerpo-estampado\/#primaryimage","url":"https:\/\/shop.cdmitjans.com\/wp-content\/uploads\/2024\/04\/pijama-540285.jpg","contentUrl":"https:\/\/shop.cdmitjans.com\/wp-content\/uploads\/2024\/04\/pijama-540285.jpg","width":1181,"height":1772},{"@type":"BreadcrumbList","@id":"https:\/\/shop.cdmitjans.com\/producto\/pijama-pantalon-y-mangas-renglan-lisas-con-punos-y-cuerpo-estampado\/#breadcrumb","itemListElement":[{"@type":"ListItem","position":1,"name":"Portada","item":"https:\/\/shop.cdmitjans.com\/"},{"@type":"ListItem","position":2,"name":"Tienda","item":"https:\/\/shop.cdmitjans.com\/tienda\/"},{"@type":"ListItem","position":3,"name":"Pijama pantal\u00f3n y mangas renglan lisas con pu\u00f1os y cuerpo estampado"}]},{"@type":"WebSite","@id":"https:\/\/shop.cdmitjans.com\/fr\/#website","url":"https:\/\/shop.cdmitjans.com\/fr\/","name":"Cdmitjans | Creacions i Disseny","description":"Les nostres creacions reflecteixen una est\u00e8tica moderna i sofisticada, combinant l\u00ednies avantguardistes amb detalls acuradament seleccionats.","potentialAction":[{"@type":"SearchAction","target":{"@type":"EntryPoint","urlTemplate":"https:\/\/shop.cdmitjans.com\/fr\/?s={search_term_string}"},"query-input":{"@type":"PropertyValueSpecification","valueRequired":true,"valueName":"search_term_string"}}],"inLanguage":"ca"}]}},"_links":{"self":[{"href":"https:\/\/shop.cdmitjans.com\/ca\/wp-json\/wp\/v2\/product\/2205","targetHints":{"allow":["GET"]}}],"collection":[{"href":"https:\/\/shop.cdmitjans.com\/ca\/wp-json\/wp\/v2\/product"}],"about":[{"href":"https:\/\/shop.cdmitjans.com\/ca\/wp-json\/wp\/v2\/types\/product"}],"wp:featuredmedia":[{"embeddable":true,"href":"https:\/\/shop.cdmitjans.com\/ca\/wp-json\/wp\/v2\/media\/2206"}],"wp:attachment":[{"href":"https:\/\/shop.cdmitjans.com\/ca\/wp-json\/wp\/v2\/media?parent=2205"}],"wp:term":[{"taxonomy":"product_brand","embeddable":true,"href":"https:\/\/shop.cdmitjans.com\/ca\/wp-json\/wp\/v2\/product_brand?post=2205"},{"taxonomy":"product_cat","embeddable":true,"href":"https:\/\/shop.cdmitjans.com\/ca\/wp-json\/wp\/v2\/product_cat?post=2205"},{"taxonomy":"product_tag","embeddable":true,"href":"https:\/\/shop.cdmitjans.com\/ca\/wp-json\/wp\/v2\/product_tag?post=2205"}],"curies":[{"name":"wp","href":"https:\/\/api.w.org\/{rel}","templated":true}]}}