{"id":3087,"date":"2024-06-03T12:38:32","date_gmt":"2024-06-03T10:38:32","guid":{"rendered":"https:\/\/shop.cdmitjans.com\/?post_type=product&#038;p=3087"},"modified":"2026-01-30T12:41:01","modified_gmt":"2026-01-30T11:41:01","slug":"camison-de-manga-larga-6","status":"publish","type":"product","link":"https:\/\/shop.cdmitjans.com\/ca\/producte\/camison-de-manga-larga-6\/","title":{"rendered":"Camis\u00f3 de m\u00e0niga llarga i tapeta \u2013 Danelle"},"content":{"rendered":"<p>Camis\u00f3 de m\u00e0niga llarga amb tapeta i adorn de fest\u00f3 arrissat. L105<\/p>\n<p>model: 720264<\/p>\n<p>color: 717 Danelle<\/p>\n<p>composici\u00f3: 100% Cot\u00f3<\/p>","protected":false},"excerpt":{"rendered":"<p>color: 717 Danelle<\/p>\n<p>composici\u00f3: 100% Cot\u00f3<\/p>","protected":false},"featured_media":3100,"template":"","meta":{"neve_meta_sidebar":"","neve_meta_container":"","neve_meta_enable_content_width":"off","neve_meta_content_width":100,"neve_meta_title_alignment":"","neve_meta_author_avatar":"","neve_post_elements_order":"","neve_meta_disable_header":"","neve_meta_disable_footer":"","neve_meta_disable_title":""},"product_brand":[],"product_cat":[157,159],"product_tag":[],"class_list":{"0":"post-3087","1":"product","2":"type-product","3":"status-publish","4":"has-post-thumbnail","6":"product_cat-invierno-25","7":"product_cat-invierno-25-mitjans","9":"first","10":"instock","11":"sale","12":"taxable","13":"shipping-taxable","14":"purchasable","15":"product-type-variable"},"yoast_head":"<!-- This site is optimized with the Yoast SEO plugin v25.5 - https:\/\/yoast.com\/wordpress\/plugins\/seo\/ -->\n<title>Camis\u00f3n de manga larga y tapeta - Danelle - Cdmitjans | Creaciones y Dise\u00f1o<\/title>\n<meta name=\"robots\" content=\"index, follow, max-snippet:-1, max-image-preview:large, max-video-preview:-1\" \/>\n<link rel=\"canonical\" href=\"https:\/\/shop.cdmitjans.com\/ca\/producte\/camison-de-manga-larga-6\/\" \/>\n<meta property=\"og:locale\" content=\"ca_ES\" \/>\n<meta property=\"og:type\" content=\"article\" \/>\n<meta property=\"og:title\" content=\"Camis\u00f3n de manga larga y tapeta - Danelle - Cdmitjans | Creaciones y Dise\u00f1o\" \/>\n<meta property=\"og:description\" content=\"color: 717 Danelle  composici\u00f3n: 100% Algod\u00f3n\" \/>\n<meta property=\"og:url\" content=\"https:\/\/shop.cdmitjans.com\/ca\/producte\/camison-de-manga-larga-6\/\" \/>\n<meta property=\"og:site_name\" content=\"Cdmitjans | Creaciones y Dise\u00f1o\" \/>\n<meta property=\"article:modified_time\" content=\"2026-01-30T11:41:01+00:00\" \/>\n<meta property=\"og:image\" content=\"https:\/\/shop.cdmitjans.com\/wp-content\/uploads\/2024\/06\/Copia-de-Diseno-sin-titulo16-682x1024.png\" \/>\n\t<meta property=\"og:image:width\" content=\"682\" \/>\n\t<meta property=\"og:image:height\" content=\"1024\" \/>\n\t<meta property=\"og:image:type\" content=\"image\/png\" \/>\n<meta name=\"twitter:card\" content=\"summary_large_image\" \/>\n<meta name=\"twitter:label1\" content=\"Temps estimat de lectura\" \/>\n\t<meta name=\"twitter:data1\" content=\"1 minut\" \/>\n<script type=\"application\/ld+json\" class=\"yoast-schema-graph\">{\"@context\":\"https:\/\/schema.org\",\"@graph\":[{\"@type\":\"WebPage\",\"@id\":\"https:\/\/shop.cdmitjans.com\/producto\/camison-de-manga-larga-6\/\",\"url\":\"https:\/\/shop.cdmitjans.com\/producto\/camison-de-manga-larga-6\/\",\"name\":\"Camis\u00f3n de manga larga y tapeta - Danelle - Cdmitjans | Creaciones y Dise\u00f1o\",\"isPartOf\":{\"@id\":\"https:\/\/shop.cdmitjans.com\/fr\/#website\"},\"primaryImageOfPage\":{\"@id\":\"https:\/\/shop.cdmitjans.com\/producto\/camison-de-manga-larga-6\/#primaryimage\"},\"image\":{\"@id\":\"https:\/\/shop.cdmitjans.com\/producto\/camison-de-manga-larga-6\/#primaryimage\"},\"thumbnailUrl\":\"https:\/\/shop.cdmitjans.com\/wp-content\/uploads\/2024\/06\/Copia-de-Diseno-sin-titulo16.png\",\"datePublished\":\"2024-06-03T10:38:32+00:00\",\"dateModified\":\"2026-01-30T11:41:01+00:00\",\"breadcrumb\":{\"@id\":\"https:\/\/shop.cdmitjans.com\/producto\/camison-de-manga-larga-6\/#breadcrumb\"},\"inLanguage\":\"ca\",\"potentialAction\":[{\"@type\":\"ReadAction\",\"target\":[\"https:\/\/shop.cdmitjans.com\/producto\/camison-de-manga-larga-6\/\"]}]},{\"@type\":\"ImageObject\",\"inLanguage\":\"ca\",\"@id\":\"https:\/\/shop.cdmitjans.com\/producto\/camison-de-manga-larga-6\/#primaryimage\",\"url\":\"https:\/\/shop.cdmitjans.com\/wp-content\/uploads\/2024\/06\/Copia-de-Diseno-sin-titulo16.png\",\"contentUrl\":\"https:\/\/shop.cdmitjans.com\/wp-content\/uploads\/2024\/06\/Copia-de-Diseno-sin-titulo16.png\",\"width\":1075,\"height\":1613},{\"@type\":\"BreadcrumbList\",\"@id\":\"https:\/\/shop.cdmitjans.com\/producto\/camison-de-manga-larga-6\/#breadcrumb\",\"itemListElement\":[{\"@type\":\"ListItem\",\"position\":1,\"name\":\"Portada\",\"item\":\"https:\/\/shop.cdmitjans.com\/\"},{\"@type\":\"ListItem\",\"position\":2,\"name\":\"Tienda\",\"item\":\"https:\/\/shop.cdmitjans.com\/tienda\/\"},{\"@type\":\"ListItem\",\"position\":3,\"name\":\"Camis\u00f3n de manga larga y tapeta &#8211; Danelle\"}]},{\"@type\":\"WebSite\",\"@id\":\"https:\/\/shop.cdmitjans.com\/fr\/#website\",\"url\":\"https:\/\/shop.cdmitjans.com\/fr\/\",\"name\":\"Cdmitjans | Creaciones y Dise\u00f1o\",\"description\":\"Nuestras creaciones reflejan una est\u00e9tica moderna y sofisticada, combinando l\u00edneas vanguardistas con detalles cuidadosamente seleccionados.\",\"potentialAction\":[{\"@type\":\"SearchAction\",\"target\":{\"@type\":\"EntryPoint\",\"urlTemplate\":\"https:\/\/shop.cdmitjans.com\/fr\/?s={search_term_string}\"},\"query-input\":{\"@type\":\"PropertyValueSpecification\",\"valueRequired\":true,\"valueName\":\"search_term_string\"}}],\"inLanguage\":\"ca\"}]}<\/script>\n<!-- \/ Yoast SEO plugin. -->","yoast_head_json":{"title":"Camis\u00f3n de manga larga y tapeta - Danelle - Cdmitjans | Creaciones y Dise\u00f1o","robots":{"index":"index","follow":"follow","max-snippet":"max-snippet:-1","max-image-preview":"max-image-preview:large","max-video-preview":"max-video-preview:-1"},"canonical":"https:\/\/shop.cdmitjans.com\/ca\/producte\/camison-de-manga-larga-6\/","og_locale":"ca_ES","og_type":"article","og_title":"Camis\u00f3n de manga larga y tapeta - Danelle - Cdmitjans | Creaciones y Dise\u00f1o","og_description":"color: 717 Danelle  composici\u00f3n: 100% Algod\u00f3n","og_url":"https:\/\/shop.cdmitjans.com\/ca\/producte\/camison-de-manga-larga-6\/","og_site_name":"Cdmitjans | Creaciones y Dise\u00f1o","article_modified_time":"2026-01-30T11:41:01+00:00","og_image":[{"width":682,"height":1024,"url":"https:\/\/shop.cdmitjans.com\/wp-content\/uploads\/2024\/06\/Copia-de-Diseno-sin-titulo16-682x1024.png","type":"image\/png"}],"twitter_card":"summary_large_image","twitter_misc":{"Temps estimat de lectura":"1 minut"},"schema":{"@context":"https:\/\/schema.org","@graph":[{"@type":"WebPage","@id":"https:\/\/shop.cdmitjans.com\/producto\/camison-de-manga-larga-6\/","url":"https:\/\/shop.cdmitjans.com\/producto\/camison-de-manga-larga-6\/","name":"Camis\u00f3n de manga larga y tapeta - Danelle - Cdmitjans | Creaciones y Dise\u00f1o","isPartOf":{"@id":"https:\/\/shop.cdmitjans.com\/fr\/#website"},"primaryImageOfPage":{"@id":"https:\/\/shop.cdmitjans.com\/producto\/camison-de-manga-larga-6\/#primaryimage"},"image":{"@id":"https:\/\/shop.cdmitjans.com\/producto\/camison-de-manga-larga-6\/#primaryimage"},"thumbnailUrl":"https:\/\/shop.cdmitjans.com\/wp-content\/uploads\/2024\/06\/Copia-de-Diseno-sin-titulo16.png","datePublished":"2024-06-03T10:38:32+00:00","dateModified":"2026-01-30T11:41:01+00:00","breadcrumb":{"@id":"https:\/\/shop.cdmitjans.com\/producto\/camison-de-manga-larga-6\/#breadcrumb"},"inLanguage":"ca","potentialAction":[{"@type":"ReadAction","target":["https:\/\/shop.cdmitjans.com\/producto\/camison-de-manga-larga-6\/"]}]},{"@type":"ImageObject","inLanguage":"ca","@id":"https:\/\/shop.cdmitjans.com\/producto\/camison-de-manga-larga-6\/#primaryimage","url":"https:\/\/shop.cdmitjans.com\/wp-content\/uploads\/2024\/06\/Copia-de-Diseno-sin-titulo16.png","contentUrl":"https:\/\/shop.cdmitjans.com\/wp-content\/uploads\/2024\/06\/Copia-de-Diseno-sin-titulo16.png","width":1075,"height":1613},{"@type":"BreadcrumbList","@id":"https:\/\/shop.cdmitjans.com\/producto\/camison-de-manga-larga-6\/#breadcrumb","itemListElement":[{"@type":"ListItem","position":1,"name":"Portada","item":"https:\/\/shop.cdmitjans.com\/"},{"@type":"ListItem","position":2,"name":"Tienda","item":"https:\/\/shop.cdmitjans.com\/tienda\/"},{"@type":"ListItem","position":3,"name":"Camis\u00f3n de manga larga y tapeta &#8211; Danelle"}]},{"@type":"WebSite","@id":"https:\/\/shop.cdmitjans.com\/fr\/#website","url":"https:\/\/shop.cdmitjans.com\/fr\/","name":"Cdmitjans | Creacions i Disseny","description":"Les nostres creacions reflecteixen una est\u00e8tica moderna i sofisticada, combinant l\u00ednies avantguardistes amb detalls acuradament seleccionats.","potentialAction":[{"@type":"SearchAction","target":{"@type":"EntryPoint","urlTemplate":"https:\/\/shop.cdmitjans.com\/fr\/?s={search_term_string}"},"query-input":{"@type":"PropertyValueSpecification","valueRequired":true,"valueName":"search_term_string"}}],"inLanguage":"ca"}]}},"_links":{"self":[{"href":"https:\/\/shop.cdmitjans.com\/ca\/wp-json\/wp\/v2\/product\/3087","targetHints":{"allow":["GET"]}}],"collection":[{"href":"https:\/\/shop.cdmitjans.com\/ca\/wp-json\/wp\/v2\/product"}],"about":[{"href":"https:\/\/shop.cdmitjans.com\/ca\/wp-json\/wp\/v2\/types\/product"}],"wp:featuredmedia":[{"embeddable":true,"href":"https:\/\/shop.cdmitjans.com\/ca\/wp-json\/wp\/v2\/media\/3100"}],"wp:attachment":[{"href":"https:\/\/shop.cdmitjans.com\/ca\/wp-json\/wp\/v2\/media?parent=3087"}],"wp:term":[{"taxonomy":"product_brand","embeddable":true,"href":"https:\/\/shop.cdmitjans.com\/ca\/wp-json\/wp\/v2\/product_brand?post=3087"},{"taxonomy":"product_cat","embeddable":true,"href":"https:\/\/shop.cdmitjans.com\/ca\/wp-json\/wp\/v2\/product_cat?post=3087"},{"taxonomy":"product_tag","embeddable":true,"href":"https:\/\/shop.cdmitjans.com\/ca\/wp-json\/wp\/v2\/product_tag?post=3087"}],"curies":[{"name":"wp","href":"https:\/\/api.w.org\/{rel}","templated":true}]}}