{"id":5983,"date":"2026-01-30T11:43:19","date_gmt":"2026-01-30T10:43:19","guid":{"rendered":"https:\/\/shop.cdmitjans.com\/?post_type=product&#038;p=5983"},"modified":"2026-01-30T11:49:43","modified_gmt":"2026-01-30T10:49:43","slug":"bata-acolchada-abotonada-con-cinturon-barbara","status":"publish","type":"product","link":"https:\/\/shop.cdmitjans.com\/ca\/producte\/bata-acolchada-abotonada-con-cinturon-barbara\/","title":{"rendered":"Bata encoixinada botonada amb cintur\u00f3 \u2013 B\u00e0rbara"},"content":{"rendered":"<p>Bata encoixinada botonada amb cintur\u00f3<\/p>\n<p>Model: 830473<\/p>\n<p>Color: 759 B\u00e0rbara<\/p>\n<p>Composici\u00f3: 80% Viscosa 20% Poli\u00e8ster<\/p>","protected":false},"excerpt":{"rendered":"<p>Color: 759 B\u00e0rbara<\/p>\n<p>Composici\u00f3: 80% Viscosa 20% Poli\u00e8ster<\/p>","protected":false},"featured_media":5990,"template":"","meta":{"neve_meta_sidebar":"","neve_meta_container":"","neve_meta_enable_content_width":"off","neve_meta_content_width":100,"neve_meta_title_alignment":"","neve_meta_author_avatar":"","neve_post_elements_order":"","neve_meta_disable_header":"","neve_meta_disable_footer":"","neve_meta_disable_title":""},"product_brand":[],"product_cat":[179,174,177],"product_tag":[],"class_list":{"0":"post-5983","1":"product","2":"type-product","3":"status-publish","4":"has-post-thumbnail","6":"product_cat-batas","7":"product_cat-invierno-26","8":"product_cat-lenceria-mitjans-invierno-26","10":"first","11":"instock","12":"taxable","13":"shipping-taxable","14":"purchasable","15":"product-type-variable"},"yoast_head":"<!-- This site is optimized with the Yoast SEO plugin v25.5 - https:\/\/yoast.com\/wordpress\/plugins\/seo\/ -->\n<title>Bata acolchada abotonada con cintur\u00f3n - B\u00e1rbara - Cdmitjans | Creaciones y Dise\u00f1o<\/title>\n<meta name=\"robots\" content=\"index, follow, max-snippet:-1, max-image-preview:large, max-video-preview:-1\" \/>\n<link rel=\"canonical\" href=\"https:\/\/shop.cdmitjans.com\/ca\/producte\/bata-acolchada-abotonada-con-cinturon-barbara\/\" \/>\n<meta property=\"og:locale\" content=\"ca_ES\" \/>\n<meta property=\"og:type\" content=\"article\" \/>\n<meta property=\"og:title\" content=\"Bata acolchada abotonada con cintur\u00f3n - B\u00e1rbara - Cdmitjans | Creaciones y Dise\u00f1o\" \/>\n<meta property=\"og:description\" content=\"Color: 759 B\u00e1rbara  Composici\u00f3n: 80% Viscosa 20% Poli\u00e9ster\" \/>\n<meta property=\"og:url\" content=\"https:\/\/shop.cdmitjans.com\/ca\/producte\/bata-acolchada-abotonada-con-cinturon-barbara\/\" \/>\n<meta property=\"og:site_name\" content=\"Cdmitjans | Creaciones y Dise\u00f1o\" \/>\n<meta property=\"article:modified_time\" content=\"2026-01-30T10:49:43+00:00\" \/>\n<meta property=\"og:image\" content=\"https:\/\/shop.cdmitjans.com\/wp-content\/uploads\/2026\/01\/830473-759.jpg\" \/>\n\t<meta property=\"og:image:width\" content=\"567\" \/>\n\t<meta property=\"og:image:height\" content=\"851\" \/>\n\t<meta property=\"og:image:type\" content=\"image\/jpeg\" \/>\n<meta name=\"twitter:card\" content=\"summary_large_image\" \/>\n<meta name=\"twitter:label1\" content=\"Temps estimat de lectura\" \/>\n\t<meta name=\"twitter:data1\" content=\"1 minut\" \/>\n<script type=\"application\/ld+json\" class=\"yoast-schema-graph\">{\"@context\":\"https:\/\/schema.org\",\"@graph\":[{\"@type\":\"WebPage\",\"@id\":\"https:\/\/shop.cdmitjans.com\/producto\/bata-acolchada-abotonada-con-cinturon-barbara\/\",\"url\":\"https:\/\/shop.cdmitjans.com\/producto\/bata-acolchada-abotonada-con-cinturon-barbara\/\",\"name\":\"Bata acolchada abotonada con cintur\u00f3n - B\u00e1rbara - Cdmitjans | Creaciones y Dise\u00f1o\",\"isPartOf\":{\"@id\":\"https:\/\/shop.cdmitjans.com\/fr\/#website\"},\"primaryImageOfPage\":{\"@id\":\"https:\/\/shop.cdmitjans.com\/producto\/bata-acolchada-abotonada-con-cinturon-barbara\/#primaryimage\"},\"image\":{\"@id\":\"https:\/\/shop.cdmitjans.com\/producto\/bata-acolchada-abotonada-con-cinturon-barbara\/#primaryimage\"},\"thumbnailUrl\":\"https:\/\/shop.cdmitjans.com\/wp-content\/uploads\/2026\/01\/830473-759.jpg\",\"datePublished\":\"2026-01-30T10:43:19+00:00\",\"dateModified\":\"2026-01-30T10:49:43+00:00\",\"breadcrumb\":{\"@id\":\"https:\/\/shop.cdmitjans.com\/producto\/bata-acolchada-abotonada-con-cinturon-barbara\/#breadcrumb\"},\"inLanguage\":\"ca\",\"potentialAction\":[{\"@type\":\"ReadAction\",\"target\":[\"https:\/\/shop.cdmitjans.com\/producto\/bata-acolchada-abotonada-con-cinturon-barbara\/\"]}]},{\"@type\":\"ImageObject\",\"inLanguage\":\"ca\",\"@id\":\"https:\/\/shop.cdmitjans.com\/producto\/bata-acolchada-abotonada-con-cinturon-barbara\/#primaryimage\",\"url\":\"https:\/\/shop.cdmitjans.com\/wp-content\/uploads\/2026\/01\/830473-759.jpg\",\"contentUrl\":\"https:\/\/shop.cdmitjans.com\/wp-content\/uploads\/2026\/01\/830473-759.jpg\",\"width\":567,\"height\":851},{\"@type\":\"BreadcrumbList\",\"@id\":\"https:\/\/shop.cdmitjans.com\/producto\/bata-acolchada-abotonada-con-cinturon-barbara\/#breadcrumb\",\"itemListElement\":[{\"@type\":\"ListItem\",\"position\":1,\"name\":\"Portada\",\"item\":\"https:\/\/shop.cdmitjans.com\/\"},{\"@type\":\"ListItem\",\"position\":2,\"name\":\"Tienda\",\"item\":\"https:\/\/shop.cdmitjans.com\/tienda\/\"},{\"@type\":\"ListItem\",\"position\":3,\"name\":\"Bata acolchada abotonada con cintur\u00f3n &#8211; B\u00e1rbara\"}]},{\"@type\":\"WebSite\",\"@id\":\"https:\/\/shop.cdmitjans.com\/fr\/#website\",\"url\":\"https:\/\/shop.cdmitjans.com\/fr\/\",\"name\":\"Cdmitjans | Creaciones y Dise\u00f1o\",\"description\":\"Nuestras creaciones reflejan una est\u00e9tica moderna y sofisticada, combinando l\u00edneas vanguardistas con detalles cuidadosamente seleccionados.\",\"potentialAction\":[{\"@type\":\"SearchAction\",\"target\":{\"@type\":\"EntryPoint\",\"urlTemplate\":\"https:\/\/shop.cdmitjans.com\/fr\/?s={search_term_string}\"},\"query-input\":{\"@type\":\"PropertyValueSpecification\",\"valueRequired\":true,\"valueName\":\"search_term_string\"}}],\"inLanguage\":\"ca\"}]}<\/script>\n<!-- \/ Yoast SEO plugin. -->","yoast_head_json":{"title":"Bata acolchada abotonada con cintur\u00f3n - B\u00e1rbara - Cdmitjans | Creaciones y Dise\u00f1o","robots":{"index":"index","follow":"follow","max-snippet":"max-snippet:-1","max-image-preview":"max-image-preview:large","max-video-preview":"max-video-preview:-1"},"canonical":"https:\/\/shop.cdmitjans.com\/ca\/producte\/bata-acolchada-abotonada-con-cinturon-barbara\/","og_locale":"ca_ES","og_type":"article","og_title":"Bata acolchada abotonada con cintur\u00f3n - B\u00e1rbara - Cdmitjans | Creaciones y Dise\u00f1o","og_description":"Color: 759 B\u00e1rbara  Composici\u00f3n: 80% Viscosa 20% Poli\u00e9ster","og_url":"https:\/\/shop.cdmitjans.com\/ca\/producte\/bata-acolchada-abotonada-con-cinturon-barbara\/","og_site_name":"Cdmitjans | Creaciones y Dise\u00f1o","article_modified_time":"2026-01-30T10:49:43+00:00","og_image":[{"width":567,"height":851,"url":"https:\/\/shop.cdmitjans.com\/wp-content\/uploads\/2026\/01\/830473-759.jpg","type":"image\/jpeg"}],"twitter_card":"summary_large_image","twitter_misc":{"Temps estimat de lectura":"1 minut"},"schema":{"@context":"https:\/\/schema.org","@graph":[{"@type":"WebPage","@id":"https:\/\/shop.cdmitjans.com\/producto\/bata-acolchada-abotonada-con-cinturon-barbara\/","url":"https:\/\/shop.cdmitjans.com\/producto\/bata-acolchada-abotonada-con-cinturon-barbara\/","name":"Bata acolchada abotonada con cintur\u00f3n - B\u00e1rbara - Cdmitjans | Creaciones y Dise\u00f1o","isPartOf":{"@id":"https:\/\/shop.cdmitjans.com\/fr\/#website"},"primaryImageOfPage":{"@id":"https:\/\/shop.cdmitjans.com\/producto\/bata-acolchada-abotonada-con-cinturon-barbara\/#primaryimage"},"image":{"@id":"https:\/\/shop.cdmitjans.com\/producto\/bata-acolchada-abotonada-con-cinturon-barbara\/#primaryimage"},"thumbnailUrl":"https:\/\/shop.cdmitjans.com\/wp-content\/uploads\/2026\/01\/830473-759.jpg","datePublished":"2026-01-30T10:43:19+00:00","dateModified":"2026-01-30T10:49:43+00:00","breadcrumb":{"@id":"https:\/\/shop.cdmitjans.com\/producto\/bata-acolchada-abotonada-con-cinturon-barbara\/#breadcrumb"},"inLanguage":"ca","potentialAction":[{"@type":"ReadAction","target":["https:\/\/shop.cdmitjans.com\/producto\/bata-acolchada-abotonada-con-cinturon-barbara\/"]}]},{"@type":"ImageObject","inLanguage":"ca","@id":"https:\/\/shop.cdmitjans.com\/producto\/bata-acolchada-abotonada-con-cinturon-barbara\/#primaryimage","url":"https:\/\/shop.cdmitjans.com\/wp-content\/uploads\/2026\/01\/830473-759.jpg","contentUrl":"https:\/\/shop.cdmitjans.com\/wp-content\/uploads\/2026\/01\/830473-759.jpg","width":567,"height":851},{"@type":"BreadcrumbList","@id":"https:\/\/shop.cdmitjans.com\/producto\/bata-acolchada-abotonada-con-cinturon-barbara\/#breadcrumb","itemListElement":[{"@type":"ListItem","position":1,"name":"Portada","item":"https:\/\/shop.cdmitjans.com\/"},{"@type":"ListItem","position":2,"name":"Tienda","item":"https:\/\/shop.cdmitjans.com\/tienda\/"},{"@type":"ListItem","position":3,"name":"Bata acolchada abotonada con cintur\u00f3n &#8211; B\u00e1rbara"}]},{"@type":"WebSite","@id":"https:\/\/shop.cdmitjans.com\/fr\/#website","url":"https:\/\/shop.cdmitjans.com\/fr\/","name":"Cdmitjans | Creacions i Disseny","description":"Les nostres creacions reflecteixen una est\u00e8tica moderna i sofisticada, combinant l\u00ednies avantguardistes amb detalls acuradament seleccionats.","potentialAction":[{"@type":"SearchAction","target":{"@type":"EntryPoint","urlTemplate":"https:\/\/shop.cdmitjans.com\/fr\/?s={search_term_string}"},"query-input":{"@type":"PropertyValueSpecification","valueRequired":true,"valueName":"search_term_string"}}],"inLanguage":"ca"}]}},"_links":{"self":[{"href":"https:\/\/shop.cdmitjans.com\/ca\/wp-json\/wp\/v2\/product\/5983","targetHints":{"allow":["GET"]}}],"collection":[{"href":"https:\/\/shop.cdmitjans.com\/ca\/wp-json\/wp\/v2\/product"}],"about":[{"href":"https:\/\/shop.cdmitjans.com\/ca\/wp-json\/wp\/v2\/types\/product"}],"wp:featuredmedia":[{"embeddable":true,"href":"https:\/\/shop.cdmitjans.com\/ca\/wp-json\/wp\/v2\/media\/5990"}],"wp:attachment":[{"href":"https:\/\/shop.cdmitjans.com\/ca\/wp-json\/wp\/v2\/media?parent=5983"}],"wp:term":[{"taxonomy":"product_brand","embeddable":true,"href":"https:\/\/shop.cdmitjans.com\/ca\/wp-json\/wp\/v2\/product_brand?post=5983"},{"taxonomy":"product_cat","embeddable":true,"href":"https:\/\/shop.cdmitjans.com\/ca\/wp-json\/wp\/v2\/product_cat?post=5983"},{"taxonomy":"product_tag","embeddable":true,"href":"https:\/\/shop.cdmitjans.com\/ca\/wp-json\/wp\/v2\/product_tag?post=5983"}],"curies":[{"name":"wp","href":"https:\/\/api.w.org\/{rel}","templated":true}]}}