{"id":460,"date":"2024-03-03T18:26:13","date_gmt":"2024-03-03T18:26:13","guid":{"rendered":"https:\/\/cdmit.ultbit.com\/?page_id=460"},"modified":"2025-09-25T14:53:35","modified_gmt":"2025-09-25T12:53:35","slug":"contacto","status":"publish","type":"page","link":"https:\/\/shop.cdmitjans.com\/de\/contacto\/","title":{"rendered":"Kontakt"},"content":{"rendered":"<div data-elementor-type=\"wp-page\" data-elementor-id=\"460\" class=\"elementor elementor-460\" data-elementor-post-type=\"page\">\n\t\t\t\t\t\t<section class=\"elementor-section elementor-top-section elementor-element elementor-element-70684364 elementor-section-height-min-height elementor-section-content-middle elementor-section-boxed elementor-section-height-default elementor-section-items-middle\" data-id=\"70684364\" data-element_type=\"section\" data-settings=\"{&quot;background_background&quot;:&quot;classic&quot;}\">\n\t\t\t\t\t\t\t<div class=\"elementor-background-overlay\"><\/div>\n\t\t\t\t\t\t\t<div class=\"elementor-container elementor-column-gap-no\">\n\t\t\t\t\t<div class=\"elementor-column elementor-col-100 elementor-top-column elementor-element elementor-element-1c590c89\" data-id=\"1c590c89\" data-element_type=\"column\" data-settings=\"{&quot;background_background&quot;:&quot;classic&quot;}\">\n\t\t\t<div class=\"elementor-widget-wrap elementor-element-populated\">\n\t\t\t\t\t\t<div class=\"elementor-element elementor-element-1c5bd102 elementor-widget elementor-widget-heading\" data-id=\"1c5bd102\" data-element_type=\"widget\" data-widget_type=\"heading.default\">\n\t\t\t\t<div class=\"elementor-widget-container\">\n\t\t\t\t\t<h1 class=\"elementor-heading-title elementor-size-default\">KONTAKT<\/h1>\t\t\t\t<\/div>\n\t\t\t\t<\/div>\n\t\t\t\t\t<\/div>\n\t\t<\/div>\n\t\t\t\t\t<\/div>\n\t\t<\/section>\n\t\t\t\t<section class=\"elementor-section elementor-top-section elementor-element elementor-element-2add3106 elementor-section-boxed elementor-section-height-default elementor-section-height-default\" data-id=\"2add3106\" data-element_type=\"section\">\n\t\t\t\t\t\t<div class=\"elementor-container elementor-column-gap-no\">\n\t\t\t\t\t<div class=\"elementor-column elementor-col-50 elementor-top-column elementor-element elementor-element-7cb93254\" data-id=\"7cb93254\" data-element_type=\"column\">\n\t\t\t<div class=\"elementor-widget-wrap elementor-element-populated\">\n\t\t\t\t\t\t<div class=\"elementor-element elementor-element-3eefe767 elementor-widget elementor-widget-elementskit-heading\" data-id=\"3eefe767\" data-element_type=\"widget\" data-widget_type=\"elementskit-heading.default\">\n\t\t\t\t<div class=\"elementor-widget-container\">\n\t\t\t\t\t<div class=\"ekit-wid-con\" ><div class=\"ekit-heading elementskit-section-title-wraper text_left   ekit_heading_tablet-text_left   ekit_heading_mobile-text_center\"><h2 class=\"ekit-heading--title elementskit-section-title\">KONTAKTINFORMATIONEN<\/h2>\t\t\t\t<div class='ekit-heading__description'>\n\t\t\t\t\t<p>Wir sind hier, um Ihre Fragen zu beantworten, Ihr Feedback einzuholen und gemeinsam neue M\u00f6glichkeiten zu erkunden. Kontaktieren Sie uns, um ein Gespr\u00e4ch zu beginnen, das Ihr Modeerlebnis auf die n\u00e4chste Ebene hebt. Wir warten auf Ihre Nachricht!\u00a0<\/p>\n\t\t\t\t<\/div>\n\t\t\t<\/div><\/div>\t\t\t\t<\/div>\n\t\t\t\t<\/div>\n\t\t\t\t<section class=\"elementor-section elementor-inner-section elementor-element elementor-element-18f59590 elementor-section-boxed elementor-section-height-default elementor-section-height-default\" data-id=\"18f59590\" data-element_type=\"section\">\n\t\t\t\t\t\t<div class=\"elementor-container elementor-column-gap-no\">\n\t\t\t\t\t<div class=\"elementor-column elementor-col-100 elementor-inner-column elementor-element elementor-element-3ca59395\" data-id=\"3ca59395\" data-element_type=\"column\">\n\t\t\t<div class=\"elementor-widget-wrap elementor-element-populated\">\n\t\t\t\t\t\t<div class=\"elementor-element elementor-element-17dce31a elementor-widget__width-auto elementor-view-default elementor-widget elementor-widget-icon\" data-id=\"17dce31a\" data-element_type=\"widget\" data-widget_type=\"icon.default\">\n\t\t\t\t<div class=\"elementor-widget-container\">\n\t\t\t\t\t\t\t<div class=\"elementor-icon-wrapper\">\n\t\t\t<div class=\"elementor-icon\">\n\t\t\t<i aria-hidden=\"true\" class=\"icon icon-direction\"><\/i>\t\t\t<\/div>\n\t\t<\/div>\n\t\t\t\t\t\t<\/div>\n\t\t\t\t<\/div>\n\t\t\t\t<div class=\"elementor-element elementor-element-261fad35 elementor-widget__width-auto elementor-widget elementor-widget-icon-box\" data-id=\"261fad35\" data-element_type=\"widget\" data-widget_type=\"icon-box.default\">\n\t\t\t\t<div class=\"elementor-widget-container\">\n\t\t\t\t\t\t\t<div class=\"elementor-icon-box-wrapper\">\n\n\t\t\t\n\t\t\t\t\t\t<div class=\"elementor-icon-box-content\">\n\n\t\t\t\t\t\t\t\t\t<h5 class=\"elementor-icon-box-title\">\n\t\t\t\t\t\t<span  >\n\t\t\t\t\t\t\tADRESSE\t\t\t\t\t\t<\/span>\n\t\t\t\t\t<\/h5>\n\t\t\t\t\n\t\t\t\t\t\t\t\t\t<p class=\"elementor-icon-box-description\">\n\t\t\t\t\t\tCarrer del Doctor Torras i Bages, 114, Terrassa\t\t\t\t\t<\/p>\n\t\t\t\t\n\t\t\t<\/div>\n\t\t\t\n\t\t<\/div>\n\t\t\t\t\t\t<\/div>\n\t\t\t\t<\/div>\n\t\t\t\t\t<\/div>\n\t\t<\/div>\n\t\t\t\t\t<\/div>\n\t\t<\/section>\n\t\t\t\t<section class=\"elementor-section elementor-inner-section elementor-element elementor-element-746478e1 elementor-section-boxed elementor-section-height-default elementor-section-height-default\" data-id=\"746478e1\" data-element_type=\"section\">\n\t\t\t\t\t\t<div class=\"elementor-container elementor-column-gap-no\">\n\t\t\t\t\t<div class=\"elementor-column elementor-col-100 elementor-inner-column elementor-element elementor-element-2a803e2e\" data-id=\"2a803e2e\" data-element_type=\"column\">\n\t\t\t<div class=\"elementor-widget-wrap elementor-element-populated\">\n\t\t\t\t\t\t<div class=\"elementor-element elementor-element-78cdf0d3 elementor-widget__width-auto elementor-view-default elementor-widget elementor-widget-icon\" data-id=\"78cdf0d3\" data-element_type=\"widget\" data-widget_type=\"icon.default\">\n\t\t\t\t<div class=\"elementor-widget-container\">\n\t\t\t\t\t\t\t<div class=\"elementor-icon-wrapper\">\n\t\t\t<div class=\"elementor-icon\">\n\t\t\t<i aria-hidden=\"true\" class=\"icon icon-envelope3\"><\/i>\t\t\t<\/div>\n\t\t<\/div>\n\t\t\t\t\t\t<\/div>\n\t\t\t\t<\/div>\n\t\t\t\t<div class=\"elementor-element elementor-element-6584a020 elementor-widget__width-auto elementor-widget elementor-widget-icon-box\" data-id=\"6584a020\" data-element_type=\"widget\" data-widget_type=\"icon-box.default\">\n\t\t\t\t<div class=\"elementor-widget-container\">\n\t\t\t\t\t\t\t<div class=\"elementor-icon-box-wrapper\">\n\n\t\t\t\n\t\t\t\t\t\t<div class=\"elementor-icon-box-content\">\n\n\t\t\t\t\t\t\t\t\t<h5 class=\"elementor-icon-box-title\">\n\t\t\t\t\t\t<a href=\"mailto:ventas@cdmitjans.es\" >\n\t\t\t\t\t\t\tEMAIL\t\t\t\t\t\t<\/a>\n\t\t\t\t\t<\/h5>\n\t\t\t\t\n\t\t\t\t\t\t\t\t\t<p class=\"elementor-icon-box-description\">\n\t\t\t\t\t\tsales@cdmitjans.es, export@cdmitjans.es\t\t\t\t\t<\/p>\n\t\t\t\t\n\t\t\t<\/div>\n\t\t\t\n\t\t<\/div>\n\t\t\t\t\t\t<\/div>\n\t\t\t\t<\/div>\n\t\t\t\t\t<\/div>\n\t\t<\/div>\n\t\t\t\t\t<\/div>\n\t\t<\/section>\n\t\t\t\t<section class=\"elementor-section elementor-inner-section elementor-element elementor-element-136bab52 elementor-section-boxed elementor-section-height-default elementor-section-height-default\" data-id=\"136bab52\" data-element_type=\"section\">\n\t\t\t\t\t\t<div class=\"elementor-container elementor-column-gap-no\">\n\t\t\t\t\t<div class=\"elementor-column elementor-col-100 elementor-inner-column elementor-element elementor-element-532e74c5\" data-id=\"532e74c5\" data-element_type=\"column\">\n\t\t\t<div class=\"elementor-widget-wrap elementor-element-populated\">\n\t\t\t\t\t\t<div class=\"elementor-element elementor-element-2b011889 elementor-widget__width-auto elementor-view-default elementor-widget elementor-widget-icon\" data-id=\"2b011889\" data-element_type=\"widget\" data-widget_type=\"icon.default\">\n\t\t\t\t<div class=\"elementor-widget-container\">\n\t\t\t\t\t\t\t<div class=\"elementor-icon-wrapper\">\n\t\t\t<div class=\"elementor-icon\">\n\t\t\t<i aria-hidden=\"true\" class=\"icon icon-phone-call2\"><\/i>\t\t\t<\/div>\n\t\t<\/div>\n\t\t\t\t\t\t<\/div>\n\t\t\t\t<\/div>\n\t\t\t\t<div class=\"elementor-element elementor-element-129e31ed elementor-widget__width-auto elementor-widget elementor-widget-icon-box\" data-id=\"129e31ed\" data-element_type=\"widget\" data-widget_type=\"icon-box.default\">\n\t\t\t\t<div class=\"elementor-widget-container\">\n\t\t\t\t\t\t\t<div class=\"elementor-icon-box-wrapper\">\n\n\t\t\t\n\t\t\t\t\t\t<div class=\"elementor-icon-box-content\">\n\n\t\t\t\t\t\t\t\t\t<h5 class=\"elementor-icon-box-title\">\n\t\t\t\t\t\t<a href=\"tel:+34%20937%20314%20144\" >\n\t\t\t\t\t\t\tTELEFON\t\t\t\t\t\t<\/a>\n\t\t\t\t\t<\/h5>\n\t\t\t\t\n\t\t\t\t\t\t\t\t\t<p class=\"elementor-icon-box-description\">\n\t\t\t\t\t\t(+34) 937 314 144 \/ (+34) 608 695 220\t\t\t\t\t<\/p>\n\t\t\t\t\n\t\t\t<\/div>\n\t\t\t\n\t\t<\/div>\n\t\t\t\t\t\t<\/div>\n\t\t\t\t<\/div>\n\t\t\t\t\t<\/div>\n\t\t<\/div>\n\t\t\t\t\t<\/div>\n\t\t<\/section>\n\t\t\t\t\t<\/div>\n\t\t<\/div>\n\t\t\t\t<div class=\"elementor-column elementor-col-50 elementor-top-column elementor-element elementor-element-2ccf16de\" data-id=\"2ccf16de\" data-element_type=\"column\">\n\t\t\t<div class=\"elementor-widget-wrap elementor-element-populated\">\n\t\t\t\t\t\t<div class=\"elementor-element elementor-element-42453915 elementor-button-align-stretch elementor-widget elementor-widget-form\" data-id=\"42453915\" data-element_type=\"widget\" data-settings=\"{&quot;button_width&quot;:&quot;50&quot;,&quot;step_next_label&quot;:&quot;Next&quot;,&quot;step_previous_label&quot;:&quot;Previous&quot;,&quot;step_type&quot;:&quot;number_text&quot;,&quot;step_icon_shape&quot;:&quot;circle&quot;}\" data-widget_type=\"form.default\">\n\t\t\t\t<div class=\"elementor-widget-container\">\n\t\t\t\t\t\t\t<form class=\"elementor-form\" method=\"post\" name=\"New Form\" aria-label=\"Neues Formular\" action=\"\">\n\t\t\t<input type=\"hidden\" name=\"post_id\" value=\"460\"\/>\n\t\t\t<input type=\"hidden\" name=\"form_id\" value=\"42453915\"\/>\n\t\t\t<input type=\"hidden\" name=\"referer_title\" value=\"Cdmitjans | Creaciones y Dise\u00f1o\" \/>\n\n\t\t\t\n\t\t\t<div class=\"elementor-form-fields-wrapper elementor-labels-\">\n\t\t\t\t\t\t\t\t<div class=\"elementor-field-type-text elementor-field-group elementor-column elementor-field-group-name elementor-col-100 elementor-field-required\">\n\t\t\t\t\t\t\t\t\t\t\t\t<label for=\"form-field-name\" class=\"elementor-field-label elementor-screen-only\">\n\t\t\t\t\t\t\t\tName\t\t\t\t\t\t\t<\/label>\n\t\t\t\t\t\t\t\t\t\t\t\t\t\t<input size=\"1\" type=\"text\" name=\"form_fields[name]\" id=\"form-field-name\" class=\"elementor-field elementor-size-sm  elementor-field-textual\" placeholder=\"Name\" required=\"required\">\n\t\t\t\t\t\t\t\t\t\t\t<\/div>\n\t\t\t\t\t\t\t\t<div class=\"elementor-field-type-email elementor-field-group elementor-column elementor-field-group-email elementor-col-100 elementor-field-required\">\n\t\t\t\t\t\t\t\t\t\t\t\t<label for=\"form-field-email\" class=\"elementor-field-label elementor-screen-only\">\n\t\t\t\t\t\t\t\tEmail\t\t\t\t\t\t\t<\/label>\n\t\t\t\t\t\t\t\t\t\t\t\t\t\t<input size=\"1\" type=\"email\" name=\"form_fields[email]\" id=\"form-field-email\" class=\"elementor-field elementor-size-sm  elementor-field-textual\" placeholder=\"Email\" required=\"required\">\n\t\t\t\t\t\t\t\t\t\t\t<\/div>\n\t\t\t\t\t\t\t\t<div class=\"elementor-field-type-tel elementor-field-group elementor-column elementor-field-group-message elementor-col-100 elementor-field-required\">\n\t\t\t\t\t\t\t\t\t\t\t\t<label for=\"form-field-message\" class=\"elementor-field-label elementor-screen-only\">\n\t\t\t\t\t\t\t\tTelefon\t\t\t\t\t\t\t<\/label>\n\t\t\t\t\t\t\t\t<input size=\"1\" type=\"tel\" name=\"form_fields[message]\" id=\"form-field-message\" class=\"elementor-field elementor-size-sm  elementor-field-textual\" placeholder=\"Telefon\" required=\"required\" pattern=\"[0-9()#&amp;+*-=.]+\" title=\"Es werden nur Zahlen und Telefonzeichen (#, -, * usw.) akzeptiert.\">\n\n\t\t\t\t\t\t<\/div>\n\t\t\t\t\t\t\t\t<div class=\"elementor-field-type-textarea elementor-field-group elementor-column elementor-field-group-field_57520b6 elementor-col-100\">\n\t\t\t\t\t\t\t\t\t\t\t\t<label for=\"form-field-field_57520b6\" class=\"elementor-field-label elementor-screen-only\">\n\t\t\t\t\t\t\t\tNachricht\t\t\t\t\t\t\t<\/label>\n\t\t\t\t\t\t<textarea class=\"elementor-field-textual elementor-field  elementor-size-sm\" name=\"form_fields[field_57520b6]\" id=\"form-field-field_57520b6\" rows=\"5\" placeholder=\"Nachricht oder Anfrage (optional)\"><\/textarea>\t\t\t\t<\/div>\n\t\t\t\t\t\t\t\t<div class=\"elementor-field-type-acceptance elementor-field-group elementor-column elementor-field-group-field_8f9f88a elementor-col-100 elementor-field-required\">\n\t\t\t\t\t\t\t<div class=\"elementor-field-subgroup\">\n\t\t\t<span class=\"elementor-field-option\">\n\t\t\t\t<input type=\"checkbox\" name=\"form_fields[field_8f9f88a]\" id=\"form-field-field_8f9f88a\" class=\"elementor-field elementor-size-sm  elementor-acceptance-field\" required=\"required\">\n\t\t\t\t<label for=\"form-field-field_8f9f88a\">Ich habe die gelesen und akzeptiere sie <a href=\"https:\/\/shop.cdmitjans.com\/de\/politica-de-privacidad\/\">Datenschutzrichtlinie.<\/a><\/label>\t\t\t<\/span>\n\t\t<\/div>\n\t\t\t\t\t\t<\/div>\n\t\t\t\t\t\t\t\t<div class=\"elementor-field-type-text\">\n\t\t\t\t\t<input size=\"1\" type=\"text\" name=\"form_fields[field_56e2e82]\" id=\"form-field-field_56e2e82\" class=\"elementor-field elementor-size-sm\" style=\"display:none !important;\">\t\t\t\t<\/div>\n\t\t\t\t\t\t\t\t<div class=\"elementor-field-type-recaptcha_v3 elementor-field-group elementor-column elementor-field-group-field_1080df9 elementor-col-100 recaptcha_v3-bottomleft\">\n\t\t\t\t\t<div class=\"elementor-field\" id=\"form-field-field_1080df9\"><div class=\"elementor-g-recaptcha\" data-sitekey=\"6LcvPKApAAAAAN8_SgJNBsvAl2vuy2Rbefagwlvv\" data-type=\"v3\" data-action=\"Form\" data-badge=\"bottomleft\" data-size=\"invisible\"><\/div><\/div>\t\t\t\t<\/div>\n\t\t\t\t\t\t\t\t<div class=\"elementor-field-group elementor-column elementor-field-type-submit elementor-col-50 e-form__buttons\">\n\t\t\t\t\t<button class=\"elementor-button elementor-size-sm\" type=\"submit\">\n\t\t\t\t\t\t<span class=\"elementor-button-content-wrapper\">\n\t\t\t\t\t\t\t\t\t\t\t\t\t\t\t\t\t\t\t\t\t\t<span class=\"elementor-button-text\">SCHICKEN<\/span>\n\t\t\t\t\t\t\t\t\t\t\t\t\t<\/span>\n\t\t\t\t\t<\/button>\n\t\t\t\t<\/div>\n\t\t\t<\/div>\n\t\t<input type=\"hidden\" name=\"trp-form-language\" value=\"de\"\/><\/form>\n\t\t\t\t\t\t<\/div>\n\t\t\t\t<\/div>\n\t\t\t\t\t<\/div>\n\t\t<\/div>\n\t\t\t\t\t<\/div>\n\t\t<\/section>\n\t\t\t\t<section class=\"elementor-section elementor-top-section elementor-element elementor-element-7b4a5cac elementor-section-full_width elementor-section-height-default elementor-section-height-default\" data-id=\"7b4a5cac\" data-element_type=\"section\">\n\t\t\t\t\t\t<div class=\"elementor-container elementor-column-gap-no\">\n\t\t\t\t\t<div class=\"elementor-column elementor-col-100 elementor-top-column elementor-element elementor-element-3bdce9c7\" data-id=\"3bdce9c7\" data-element_type=\"column\">\n\t\t\t<div class=\"elementor-widget-wrap elementor-element-populated\">\n\t\t\t\t\t\t<div class=\"elementor-element elementor-element-1840b36d elementor-widget elementor-widget-google_maps\" data-id=\"1840b36d\" data-element_type=\"widget\" data-widget_type=\"google_maps.default\">\n\t\t\t\t<div class=\"elementor-widget-container\">\n\t\t\t\t\t\t\t<div class=\"elementor-custom-embed\">\n\t\t\t<iframe loading=\"lazy\"\n\t\t\t\t\tsrc=\"https:\/\/maps.google.com\/maps?q=Creaciones%20y%20Dise%C3%B1o%20Mitjans&#038;t=m&#038;z=17&#038;output=embed&#038;iwloc=near\"\n\t\t\t\t\ttitle=\"Mitjans Kreationen und Design\"\n\t\t\t\t\taria-label=\"Mitjans Kreationen und Design\"\n\t\t\t><\/iframe>\n\t\t<\/div>\n\t\t\t\t\t\t<\/div>\n\t\t\t\t<\/div>\n\t\t\t\t\t<\/div>\n\t\t<\/div>\n\t\t\t\t\t<\/div>\n\t\t<\/section>\n\t\t\t\t<\/div>","protected":false},"excerpt":{"rendered":"<p>KONTAKT KONTAKTDETAILS Wir sind hier, um Ihre Fragen zu beantworten, Ihr Feedback entgegenzunehmen und gemeinsam neue M\u00f6glichkeiten zu erkunden. Kontaktieren Sie uns, um ein Gespr\u00e4ch zu beginnen, das Ihr Modeerlebnis auf die n\u00e4chste Ebene hebt. Wir warten auf Ihre Nachricht! ADRESSE Carrer del Doctor Torras i Bages, 114, Terrassa E-MAIL ventas@cdmitjans.es, export@cdmitjans.es TELEFON (+34)\u2026&nbsp;<a href=\"https:\/\/shop.cdmitjans.com\/de\/contacto\/\" rel=\"bookmark\">Weiterlesen \u00bb<span class=\"screen-reader-text\">Kontakt<\/span><\/a><\/p>","protected":false},"author":1,"featured_media":0,"parent":0,"menu_order":0,"comment_status":"closed","ping_status":"closed","template":"page-templates\/template-pagebuilder-full-width.php","meta":{"neve_meta_sidebar":"","neve_meta_container":"","neve_meta_enable_content_width":"off","neve_meta_content_width":100,"neve_meta_title_alignment":"","neve_meta_author_avatar":"","neve_post_elements_order":"","neve_meta_disable_header":"","neve_meta_disable_footer":"","neve_meta_disable_title":"","footnotes":""},"class_list":["post-460","page","type-page","status-publish","hentry"],"yoast_head":"<!-- This site is optimized with the Yoast SEO plugin v25.5 - https:\/\/yoast.com\/wordpress\/plugins\/seo\/ -->\n<title>Contacto - Cdmitjans | Creaciones y Dise\u00f1o<\/title>\n<meta name=\"robots\" content=\"index, follow, max-snippet:-1, max-image-preview:large, max-video-preview:-1\" \/>\n<link rel=\"canonical\" href=\"https:\/\/shop.cdmitjans.com\/de\/contacto\/\" \/>\n<meta property=\"og:locale\" content=\"de_DE\" \/>\n<meta property=\"og:type\" content=\"article\" \/>\n<meta property=\"og:title\" content=\"Contacto - Cdmitjans | Creaciones y Dise\u00f1o\" \/>\n<meta property=\"og:description\" content=\"CONTACTO DATOS DE CONTACTO Estamos aqu\u00ed para responder a tus preguntas, recibir tus comentarios y explorar nuevas oportunidades juntos. Ponte en contacto con nosotros para iniciar una conversaci\u00f3n que lleve tu experiencia de moda a un nivel superior. \u00a1Esperamos tu mensaje!\u00a0 DIRECCI\u00d3N Carrer del Doctor Torras i Bages, 114, Terrassa EMAIL ventas@cdmitjans.es, export@cdmitjans.es TEL\u00c9FONO (+34)&hellip;&nbsp;Weiterlesen &raquo;Contacto\" \/>\n<meta property=\"og:url\" content=\"https:\/\/shop.cdmitjans.com\/de\/contacto\/\" \/>\n<meta property=\"og:site_name\" content=\"Cdmitjans | Creaciones y Dise\u00f1o\" \/>\n<meta property=\"article:modified_time\" content=\"2025-09-25T12:53:35+00:00\" \/>\n<meta name=\"twitter:card\" content=\"summary_large_image\" \/>\n<meta name=\"twitter:label1\" content=\"Gesch\u00e4tzte Lesezeit\" \/>\n\t<meta name=\"twitter:data1\" content=\"1\u00a0Minute\" \/>\n<script type=\"application\/ld+json\" class=\"yoast-schema-graph\">{\"@context\":\"https:\/\/schema.org\",\"@graph\":[{\"@type\":\"WebPage\",\"@id\":\"https:\/\/shop.cdmitjans.com\/contacto\/\",\"url\":\"https:\/\/shop.cdmitjans.com\/contacto\/\",\"name\":\"Contacto - Cdmitjans | Creaciones y Dise\u00f1o\",\"isPartOf\":{\"@id\":\"https:\/\/shop.cdmitjans.com\/fr\/#website\"},\"datePublished\":\"2024-03-03T18:26:13+00:00\",\"dateModified\":\"2025-09-25T12:53:35+00:00\",\"breadcrumb\":{\"@id\":\"https:\/\/shop.cdmitjans.com\/contacto\/#breadcrumb\"},\"inLanguage\":\"de\",\"potentialAction\":[{\"@type\":\"ReadAction\",\"target\":[\"https:\/\/shop.cdmitjans.com\/contacto\/\"]}]},{\"@type\":\"BreadcrumbList\",\"@id\":\"https:\/\/shop.cdmitjans.com\/contacto\/#breadcrumb\",\"itemListElement\":[{\"@type\":\"ListItem\",\"position\":1,\"name\":\"Portada\",\"item\":\"https:\/\/shop.cdmitjans.com\/\"},{\"@type\":\"ListItem\",\"position\":2,\"name\":\"Contacto\"}]},{\"@type\":\"WebSite\",\"@id\":\"https:\/\/shop.cdmitjans.com\/fr\/#website\",\"url\":\"https:\/\/shop.cdmitjans.com\/fr\/\",\"name\":\"Cdmitjans | Creaciones y Dise\u00f1o\",\"description\":\"Nuestras creaciones reflejan una est\u00e9tica moderna y sofisticada, combinando l\u00edneas vanguardistas con detalles cuidadosamente seleccionados.\",\"potentialAction\":[{\"@type\":\"SearchAction\",\"target\":{\"@type\":\"EntryPoint\",\"urlTemplate\":\"https:\/\/shop.cdmitjans.com\/fr\/?s={search_term_string}\"},\"query-input\":{\"@type\":\"PropertyValueSpecification\",\"valueRequired\":true,\"valueName\":\"search_term_string\"}}],\"inLanguage\":\"de\"}]}<\/script>\n<!-- \/ Yoast SEO plugin. -->","yoast_head_json":{"title":"Kontakt - Cdmitjans | Kreationen und Design","robots":{"index":"index","follow":"follow","max-snippet":"max-snippet:-1","max-image-preview":"max-image-preview:large","max-video-preview":"max-video-preview:-1"},"canonical":"https:\/\/shop.cdmitjans.com\/de\/contacto\/","og_locale":"de_DE","og_type":"article","og_title":"Contacto - Cdmitjans | Creaciones y Dise\u00f1o","og_description":"CONTACTO DATOS DE CONTACTO Estamos aqu\u00ed para responder a tus preguntas, recibir tus comentarios y explorar nuevas oportunidades juntos. Ponte en contacto con nosotros para iniciar una conversaci\u00f3n que lleve tu experiencia de moda a un nivel superior. \u00a1Esperamos tu mensaje!\u00a0 DIRECCI\u00d3N Carrer del Doctor Torras i Bages, 114, Terrassa EMAIL ventas@cdmitjans.es, export@cdmitjans.es TEL\u00c9FONO (+34)&hellip;&nbsp;Weiterlesen &raquo;Contacto","og_url":"https:\/\/shop.cdmitjans.com\/de\/contacto\/","og_site_name":"Cdmitjans | Creaciones y Dise\u00f1o","article_modified_time":"2025-09-25T12:53:35+00:00","twitter_card":"summary_large_image","twitter_misc":{"Gesch\u00e4tzte Lesezeit":"1\u00a0Minute"},"schema":{"@context":"https:\/\/schema.org","@graph":[{"@type":"WebPage","@id":"https:\/\/shop.cdmitjans.com\/contacto\/","url":"https:\/\/shop.cdmitjans.com\/contacto\/","name":"Kontakt - Cdmitjans | Kreationen und Design","isPartOf":{"@id":"https:\/\/shop.cdmitjans.com\/fr\/#website"},"datePublished":"2024-03-03T18:26:13+00:00","dateModified":"2025-09-25T12:53:35+00:00","breadcrumb":{"@id":"https:\/\/shop.cdmitjans.com\/contacto\/#breadcrumb"},"inLanguage":"de","potentialAction":[{"@type":"ReadAction","target":["https:\/\/shop.cdmitjans.com\/contacto\/"]}]},{"@type":"BreadcrumbList","@id":"https:\/\/shop.cdmitjans.com\/contacto\/#breadcrumb","itemListElement":[{"@type":"ListItem","position":1,"name":"Portada","item":"https:\/\/shop.cdmitjans.com\/"},{"@type":"ListItem","position":2,"name":"Contacto"}]},{"@type":"WebSite","@id":"https:\/\/shop.cdmitjans.com\/fr\/#website","url":"https:\/\/shop.cdmitjans.com\/fr\/","name":"Cdmitjans | Kreationen und Design","description":"Unsere Kreationen spiegeln eine moderne und anspruchsvolle \u00c4sthetik wider und kombinieren avantgardistische Linien mit sorgf\u00e4ltig ausgew\u00e4hlten Details.","potentialAction":[{"@type":"SearchAction","target":{"@type":"EntryPoint","urlTemplate":"https:\/\/shop.cdmitjans.com\/fr\/?s={search_term_string}"},"query-input":{"@type":"PropertyValueSpecification","valueRequired":true,"valueName":"search_term_string"}}],"inLanguage":"de"}]}},"_links":{"self":[{"href":"https:\/\/shop.cdmitjans.com\/de\/wp-json\/wp\/v2\/pages\/460","targetHints":{"allow":["GET"]}}],"collection":[{"href":"https:\/\/shop.cdmitjans.com\/de\/wp-json\/wp\/v2\/pages"}],"about":[{"href":"https:\/\/shop.cdmitjans.com\/de\/wp-json\/wp\/v2\/types\/page"}],"author":[{"embeddable":true,"href":"https:\/\/shop.cdmitjans.com\/de\/wp-json\/wp\/v2\/users\/1"}],"replies":[{"embeddable":true,"href":"https:\/\/shop.cdmitjans.com\/de\/wp-json\/wp\/v2\/comments?post=460"}],"version-history":[{"count":0,"href":"https:\/\/shop.cdmitjans.com\/de\/wp-json\/wp\/v2\/pages\/460\/revisions"}],"wp:attachment":[{"href":"https:\/\/shop.cdmitjans.com\/de\/wp-json\/wp\/v2\/media?parent=460"}],"curies":[{"name":"wp","href":"https:\/\/api.w.org\/{rel}","templated":true}]}}