{"id":550,"date":"2024-03-03T18:52:42","date_gmt":"2024-03-03T18:52:42","guid":{"rendered":"https:\/\/cdmit.ultbit.com\/?page_id=550"},"modified":"2024-03-21T14:54:10","modified_gmt":"2024-03-21T13:54:10","slug":"politica-de-privacidad","status":"publish","type":"page","link":"https:\/\/shop.cdmitjans.com\/de\/politica-de-privacidad\/","title":{"rendered":"Datenschutzrichtlinie"},"content":{"rendered":"<div data-elementor-type=\"wp-page\" data-elementor-id=\"550\" class=\"elementor elementor-550\" data-elementor-post-type=\"page\">\n\t\t\t\t\t\t<section class=\"elementor-section elementor-top-section elementor-element elementor-element-70684364 elementor-section-height-min-height elementor-section-content-middle elementor-section-boxed elementor-section-height-default elementor-section-items-middle\" data-id=\"70684364\" data-element_type=\"section\" data-settings=\"{&quot;background_background&quot;:&quot;classic&quot;}\">\n\t\t\t\t\t\t\t<div class=\"elementor-background-overlay\"><\/div>\n\t\t\t\t\t\t\t<div class=\"elementor-container elementor-column-gap-no\">\n\t\t\t\t\t<div class=\"elementor-column elementor-col-100 elementor-top-column elementor-element elementor-element-1c590c89\" data-id=\"1c590c89\" data-element_type=\"column\" data-settings=\"{&quot;background_background&quot;:&quot;classic&quot;}\">\n\t\t\t<div class=\"elementor-widget-wrap elementor-element-populated\">\n\t\t\t\t\t\t\t<\/div>\n\t\t<\/div>\n\t\t\t\t\t<\/div>\n\t\t<\/section>\n\t\t\t\t<section class=\"elementor-section elementor-top-section elementor-element elementor-element-2add3106 elementor-section-boxed elementor-section-height-default elementor-section-height-default\" data-id=\"2add3106\" data-element_type=\"section\">\n\t\t\t\t\t\t<div class=\"elementor-container elementor-column-gap-no\">\n\t\t\t\t\t<div class=\"elementor-column elementor-col-100 elementor-top-column elementor-element elementor-element-7cb93254\" data-id=\"7cb93254\" data-element_type=\"column\">\n\t\t\t<div class=\"elementor-widget-wrap elementor-element-populated\">\n\t\t\t\t\t\t<div class=\"elementor-element elementor-element-e4e8f6b elementor-widget elementor-widget-text-editor\" data-id=\"e4e8f6b\" data-element_type=\"widget\" data-widget_type=\"text-editor.default\">\n\t\t\t\t<div class=\"elementor-widget-container\">\n\t\t\t\t\t\t\t\t\t<div class=\"elementor-element elementor-element-e8baf9e elementor-widget elementor-widget-heading\" data-id=\"e8baf9e\" data-element_type=\"widget\" data-widget_type=\"heading.default\"><div class=\"elementor-widget-container\"><div class=\"elementor-element elementor-element-85e74bc elementor-widget elementor-widget-heading\" data-id=\"85e74bc\" data-element_type=\"widget\" data-widget_type=\"heading.default\"><div class=\"elementor-widget-container\"><h4 class=\"elementor-heading-title elementor-size-default\">Datenschutzrichtlinie<\/h4><\/div><\/div><div class=\"elementor-element elementor-element-73c0f695 elementor-widget elementor-widget-text-editor\" data-id=\"73c0f695\" data-element_type=\"widget\" data-widget_type=\"text-editor.default\"><div class=\"elementor-widget-container\"><h4 class=\"wp-block-heading\">1.- INFORMATIONEN F\u00dcR DEN BENUTZER<\/h4><p>Die Website informiert Website-Benutzer \u00fcber ihre Richtlinien bez\u00fcglich der Behandlung und des Schutzes personenbezogener Daten von Benutzern und Kunden, die beim Surfen auf ihrer Website angefordert werden k\u00f6nnen.<\/p><p>F\u00fcr die Verarbeitung der personenbezogenen Daten des Nutzers ist die Website verantwortlich, daher informieren wir Sie im Folgenden \u00fcber die Verarbeitung Ihrer Daten:<\/p><p><strong>Kriterien f\u00fcr die Datenerhaltung:<\/strong>\u00a0Die bereitgestellten personenbezogenen Daten werden so lange aufbewahrt, bis der Betroffene die Aussetzung beantragt und seine Rechte an den Daten aus\u00fcbt, und in jedem Fall unter Einhaltung der geltenden gesetzlichen Verj\u00e4hrungsfristen.<\/p><p><strong>Rechte der Interessenten:<\/strong><\/p><p>Recht, Ihre Einwilligung jederzeit zu widerrufen.<br \/>Recht auf Zugriff, Berichtigung, L\u00f6schung, \u00dcbertragbarkeit Ihrer Daten sowie auf Einschr\u00e4nkung oder Widerspruch gegen deren Verarbeitung sowie darauf, dass Sie nicht automatisierten Einzelentscheidungen unterliegen.<\/p><p><strong>Kontaktinformationen zur Aus\u00fcbung Ihrer Rechte:<\/strong><\/p><p>Das Recht auf Aus\u00fcbung muss ordnungsgem\u00e4\u00df gekennzeichnet und eindeutig beantragt werden.<\/p><ul><li>Web: https:\/\/shop.cdmitjans.com\/<\/li><li>Verantwortlich: CREACIONES Y DESIGN MITJANS SL<\/li><li>NIF: <span class=\"text-bodytext-m text-neutrals-700\">B64704976<\/span><\/li><li>Adresse: Calle Dr. Torras i Bages, 114<\/li><li>Einwohnerzahl: 08223 Terrassa \u2013 Barcelona<\/li><li>Telefon: 93 731 41 44<\/li><\/ul><h4 class=\"wp-block-heading\">2.- VOM BENUTZER BEREITGESTELLTE INFORMATIONEN<\/h4><p>Wenn Sie unter 18 Jahre alt sind, ist die Nutzung von Formularen auf unserer Website nicht gestattet.<\/p><p>Durch die Eingabe ihrer Daten in die Kontaktformulare oder in Download-Formularen akzeptieren die Nutzer ausdr\u00fccklich, freiwillig und unmissverst\u00e4ndlich, dass ihre Daten f\u00fcr die Beantwortung ihrer Anfrage durch den Verantwortlichen erforderlich sind, wobei die Angabe der Daten in den \u00fcbrigen Feldern freiwillig ist.<\/p><p>Der Nutzer garantiert, dass die angegebenen personenbezogenen Daten der Wahrheit entsprechen und ist f\u00fcr die Mitteilung etwaiger \u00c4nderungen verantwortlich.<\/p><p>Alle \u00fcber die Website angeforderten Daten sind erforderlich, um dem Benutzer einen optimalen Service zu bieten. Wenn nicht alle Daten bereitgestellt werden, kann nicht gew\u00e4hrleistet werden, dass die Informationen und Dienste, die Ihnen der Verantwortliche zur Verf\u00fcgung stellt, vollst\u00e4ndig an Ihre Bed\u00fcrfnisse angepasst sind.<\/p><h4 class=\"wp-block-heading\">3.- SICHERHEITSMASSNAHMEN<\/h4><p>Dass der Verantwortliche gem\u00e4\u00df den Bestimmungen der geltenden Vorschriften zum Schutz personenbezogener Daten alle Bestimmungen der RGPD- und LOPD-Vorschriften f\u00fcr die Verarbeitung personenbezogener Daten in seinem Verantwortungsbereich einh\u00e4lt, die rechtm\u00e4\u00dfig, loyal und transparent verarbeitet werden Bezug auf die betroffene Partei und angemessen, relevant und auf das f\u00fcr die Zwecke, f\u00fcr die sie verarbeitet werden, Notwendige beschr\u00e4nkt.<\/p><p>Der Verantwortliche garantiert, dass er geeignete technische und organisatorische Richtlinien implementiert hat, um die von der RGPD und der LOPD festgelegten Sicherheitsma\u00dfnahmen zum Schutz der Rechte und Freiheiten der Benutzer anzuwenden, und ihnen entsprechende Informationen mitgeteilt hat, damit sie diese aus\u00fcben k\u00f6nnen.<\/p><h4 class=\"wp-block-heading\">4.- SICHERHEITSL\u00dcCKEN<\/h4><p>Der Verantwortliche meldet jede Sicherheitsverletzung, die die von dieser Website verwendete Datenbank oder einen unserer Drittanbieterdienste, jede einzelne Person, m\u00f6glicherweise betroffene Daten und Beh\u00f6rden betrifft, innerhalb von 72 Stunden nach Feststellung der Verletzung.<\/p><h4 class=\"wp-block-heading\">ANWENDBARES RECHT UND GERICHTSSTAND<\/h4><p>F\u00fcr die L\u00f6sung aller Streitigkeiten oder Probleme im Zusammenhang mit dieser Website oder den durchgef\u00fchrten Aktivit\u00e4ten gilt die spanische Gesetzgebung, der sich die Parteien ausdr\u00fccklich unterwerfen und die f\u00fcr die L\u00f6sung aller Konflikte zust\u00e4ndig sind, die sich aus der Nutzung der Gerichte und Tribunale von Barcelona ergeben oder damit in Zusammenhang stehen.<\/p><\/div><\/div><\/div><\/div>\t\t\t\t\t\t\t\t<\/div>\n\t\t\t\t<\/div>\n\t\t\t\t\t<\/div>\n\t\t<\/div>\n\t\t\t\t\t<\/div>\n\t\t<\/section>\n\t\t\t\t<\/div>","protected":false},"excerpt":{"rendered":"<p>Datenschutzrichtlinie 1.- BENUTZERINFORMATIONEN Die Website informiert die Benutzer \u00fcber ihre Richtlinien zur Verarbeitung und zum Schutz personenbezogener Daten von Benutzern und Kunden, die beim Surfen auf der Website angefordert werden k\u00f6nnen. Die Website ist der Datenverantwortliche\u2026&nbsp;<a href=\"https:\/\/shop.cdmitjans.com\/de\/politica-de-privacidad\/\" rel=\"bookmark\">Weiterlesen \u00bb<span class=\"screen-reader-text\">Datenschutzrichtlinie<\/span><\/a><\/p>","protected":false},"author":1,"featured_media":0,"parent":0,"menu_order":0,"comment_status":"closed","ping_status":"closed","template":"page-templates\/template-pagebuilder-full-width.php","meta":{"neve_meta_sidebar":"","neve_meta_container":"","neve_meta_enable_content_width":"off","neve_meta_content_width":100,"neve_meta_title_alignment":"","neve_meta_author_avatar":"","neve_post_elements_order":"","neve_meta_disable_header":"","neve_meta_disable_footer":"","neve_meta_disable_title":"","footnotes":""},"class_list":["post-550","page","type-page","status-publish","hentry"],"yoast_head":"<!-- This site is optimized with the Yoast SEO plugin v25.5 - https:\/\/yoast.com\/wordpress\/plugins\/seo\/ -->\n<title>Pol\u00edtica de privacidad - Cdmitjans | Creaciones y Dise\u00f1o<\/title>\n<meta name=\"robots\" content=\"index, follow, max-snippet:-1, max-image-preview:large, max-video-preview:-1\" \/>\n<link rel=\"canonical\" href=\"https:\/\/shop.cdmitjans.com\/de\/politica-de-privacidad\/\" \/>\n<meta property=\"og:locale\" content=\"de_DE\" \/>\n<meta property=\"og:type\" content=\"article\" \/>\n<meta property=\"og:title\" content=\"Pol\u00edtica de privacidad - Cdmitjans | Creaciones y Dise\u00f1o\" \/>\n<meta property=\"og:description\" content=\"Pol\u00edtica de Privacidad 1.- INFORMACI\u00d3N AL USUARIO El sitio web informa a los usuarios del sitio web sobre su pol\u00edtica respecto al tratamiento y protecci\u00f3n de los datos de car\u00e1cter personal de los usuarios y clientes que puedan ser solicitados por la navegaci\u00f3n a trav\u00e9s de su sitio web. El sitio web es el Responsable&hellip;&nbsp;Weiterlesen &raquo;Pol\u00edtica de privacidad\" \/>\n<meta property=\"og:url\" content=\"https:\/\/shop.cdmitjans.com\/de\/politica-de-privacidad\/\" \/>\n<meta property=\"og:site_name\" content=\"Cdmitjans | Creaciones y Dise\u00f1o\" \/>\n<meta property=\"article:modified_time\" content=\"2024-03-21T13:54:10+00:00\" \/>\n<meta name=\"twitter:card\" content=\"summary_large_image\" \/>\n<meta name=\"twitter:label1\" content=\"Gesch\u00e4tzte Lesezeit\" \/>\n\t<meta name=\"twitter:data1\" content=\"3\u00a0Minuten\" \/>\n<script type=\"application\/ld+json\" class=\"yoast-schema-graph\">{\"@context\":\"https:\/\/schema.org\",\"@graph\":[{\"@type\":\"WebPage\",\"@id\":\"https:\/\/shop.cdmitjans.com\/politica-de-privacidad\/\",\"url\":\"https:\/\/shop.cdmitjans.com\/politica-de-privacidad\/\",\"name\":\"Pol\u00edtica de privacidad - Cdmitjans | Creaciones y Dise\u00f1o\",\"isPartOf\":{\"@id\":\"https:\/\/shop.cdmitjans.com\/fr\/#website\"},\"datePublished\":\"2024-03-03T18:52:42+00:00\",\"dateModified\":\"2024-03-21T13:54:10+00:00\",\"breadcrumb\":{\"@id\":\"https:\/\/shop.cdmitjans.com\/politica-de-privacidad\/#breadcrumb\"},\"inLanguage\":\"de\",\"potentialAction\":[{\"@type\":\"ReadAction\",\"target\":[\"https:\/\/shop.cdmitjans.com\/politica-de-privacidad\/\"]}]},{\"@type\":\"BreadcrumbList\",\"@id\":\"https:\/\/shop.cdmitjans.com\/politica-de-privacidad\/#breadcrumb\",\"itemListElement\":[{\"@type\":\"ListItem\",\"position\":1,\"name\":\"Portada\",\"item\":\"https:\/\/shop.cdmitjans.com\/\"},{\"@type\":\"ListItem\",\"position\":2,\"name\":\"Pol\u00edtica de privacidad\"}]},{\"@type\":\"WebSite\",\"@id\":\"https:\/\/shop.cdmitjans.com\/fr\/#website\",\"url\":\"https:\/\/shop.cdmitjans.com\/fr\/\",\"name\":\"Cdmitjans | Creaciones y Dise\u00f1o\",\"description\":\"Nuestras creaciones reflejan una est\u00e9tica moderna y sofisticada, combinando l\u00edneas vanguardistas con detalles cuidadosamente seleccionados.\",\"potentialAction\":[{\"@type\":\"SearchAction\",\"target\":{\"@type\":\"EntryPoint\",\"urlTemplate\":\"https:\/\/shop.cdmitjans.com\/fr\/?s={search_term_string}\"},\"query-input\":{\"@type\":\"PropertyValueSpecification\",\"valueRequired\":true,\"valueName\":\"search_term_string\"}}],\"inLanguage\":\"de\"}]}<\/script>\n<!-- \/ Yoast SEO plugin. -->","yoast_head_json":{"title":"Datenschutzrichtlinie - Cdmitjans | Kreationen und Design","robots":{"index":"index","follow":"follow","max-snippet":"max-snippet:-1","max-image-preview":"max-image-preview:large","max-video-preview":"max-video-preview:-1"},"canonical":"https:\/\/shop.cdmitjans.com\/de\/politica-de-privacidad\/","og_locale":"de_DE","og_type":"article","og_title":"Pol\u00edtica de privacidad - Cdmitjans | Creaciones y Dise\u00f1o","og_description":"Pol\u00edtica de Privacidad 1.- INFORMACI\u00d3N AL USUARIO El sitio web informa a los usuarios del sitio web sobre su pol\u00edtica respecto al tratamiento y protecci\u00f3n de los datos de car\u00e1cter personal de los usuarios y clientes que puedan ser solicitados por la navegaci\u00f3n a trav\u00e9s de su sitio web. El sitio web es el Responsable&hellip;&nbsp;Weiterlesen &raquo;Pol\u00edtica de privacidad","og_url":"https:\/\/shop.cdmitjans.com\/de\/politica-de-privacidad\/","og_site_name":"Cdmitjans | Creaciones y Dise\u00f1o","article_modified_time":"2024-03-21T13:54:10+00:00","twitter_card":"summary_large_image","twitter_misc":{"Gesch\u00e4tzte Lesezeit":"3\u00a0Minuten"},"schema":{"@context":"https:\/\/schema.org","@graph":[{"@type":"WebPage","@id":"https:\/\/shop.cdmitjans.com\/politica-de-privacidad\/","url":"https:\/\/shop.cdmitjans.com\/politica-de-privacidad\/","name":"Datenschutzrichtlinie - Cdmitjans | Kreationen und Design","isPartOf":{"@id":"https:\/\/shop.cdmitjans.com\/fr\/#website"},"datePublished":"2024-03-03T18:52:42+00:00","dateModified":"2024-03-21T13:54:10+00:00","breadcrumb":{"@id":"https:\/\/shop.cdmitjans.com\/politica-de-privacidad\/#breadcrumb"},"inLanguage":"de","potentialAction":[{"@type":"ReadAction","target":["https:\/\/shop.cdmitjans.com\/politica-de-privacidad\/"]}]},{"@type":"BreadcrumbList","@id":"https:\/\/shop.cdmitjans.com\/politica-de-privacidad\/#breadcrumb","itemListElement":[{"@type":"ListItem","position":1,"name":"Portada","item":"https:\/\/shop.cdmitjans.com\/"},{"@type":"ListItem","position":2,"name":"Pol\u00edtica de privacidad"}]},{"@type":"WebSite","@id":"https:\/\/shop.cdmitjans.com\/fr\/#website","url":"https:\/\/shop.cdmitjans.com\/fr\/","name":"Cdmitjans | Kreationen und Design","description":"Unsere Kreationen spiegeln eine moderne und anspruchsvolle \u00c4sthetik wider und kombinieren avantgardistische Linien mit sorgf\u00e4ltig ausgew\u00e4hlten Details.","potentialAction":[{"@type":"SearchAction","target":{"@type":"EntryPoint","urlTemplate":"https:\/\/shop.cdmitjans.com\/fr\/?s={search_term_string}"},"query-input":{"@type":"PropertyValueSpecification","valueRequired":true,"valueName":"search_term_string"}}],"inLanguage":"de"}]}},"_links":{"self":[{"href":"https:\/\/shop.cdmitjans.com\/de\/wp-json\/wp\/v2\/pages\/550","targetHints":{"allow":["GET"]}}],"collection":[{"href":"https:\/\/shop.cdmitjans.com\/de\/wp-json\/wp\/v2\/pages"}],"about":[{"href":"https:\/\/shop.cdmitjans.com\/de\/wp-json\/wp\/v2\/types\/page"}],"author":[{"embeddable":true,"href":"https:\/\/shop.cdmitjans.com\/de\/wp-json\/wp\/v2\/users\/1"}],"replies":[{"embeddable":true,"href":"https:\/\/shop.cdmitjans.com\/de\/wp-json\/wp\/v2\/comments?post=550"}],"version-history":[{"count":0,"href":"https:\/\/shop.cdmitjans.com\/de\/wp-json\/wp\/v2\/pages\/550\/revisions"}],"wp:attachment":[{"href":"https:\/\/shop.cdmitjans.com\/de\/wp-json\/wp\/v2\/media?parent=550"}],"curies":[{"name":"wp","href":"https:\/\/api.w.org\/{rel}","templated":true}]}}