{"id":558,"date":"2024-03-03T18:54:11","date_gmt":"2024-03-03T18:54:11","guid":{"rendered":"https:\/\/cdmit.ultbit.com\/?page_id=558"},"modified":"2024-03-21T13:34:18","modified_gmt":"2024-03-21T12:34:18","slug":"politica-de-cookies","status":"publish","type":"page","link":"https:\/\/shop.cdmitjans.com\/de\/politica-de-cookies\/","title":{"rendered":"Cookie-Richtlinie"},"content":{"rendered":"<div data-elementor-type=\"wp-page\" data-elementor-id=\"558\" class=\"elementor elementor-558\" data-elementor-post-type=\"page\">\n\t\t\t\t\t\t<section class=\"elementor-section elementor-top-section elementor-element elementor-element-70684364 elementor-section-height-min-height elementor-section-content-middle elementor-section-boxed elementor-section-height-default elementor-section-items-middle\" data-id=\"70684364\" data-element_type=\"section\" data-settings=\"{&quot;background_background&quot;:&quot;classic&quot;}\">\n\t\t\t\t\t\t\t<div class=\"elementor-background-overlay\"><\/div>\n\t\t\t\t\t\t\t<div class=\"elementor-container elementor-column-gap-no\">\n\t\t\t\t\t<div class=\"elementor-column elementor-col-100 elementor-top-column elementor-element elementor-element-1c590c89\" data-id=\"1c590c89\" data-element_type=\"column\" data-settings=\"{&quot;background_background&quot;:&quot;classic&quot;}\">\n\t\t\t<div class=\"elementor-widget-wrap elementor-element-populated\">\n\t\t\t\t\t\t\t<\/div>\n\t\t<\/div>\n\t\t\t\t\t<\/div>\n\t\t<\/section>\n\t\t\t\t<section class=\"elementor-section elementor-top-section elementor-element elementor-element-2add3106 elementor-section-boxed elementor-section-height-default elementor-section-height-default\" data-id=\"2add3106\" data-element_type=\"section\">\n\t\t\t\t\t\t<div class=\"elementor-container elementor-column-gap-no\">\n\t\t\t\t\t<div class=\"elementor-column elementor-col-100 elementor-top-column elementor-element elementor-element-7cb93254\" data-id=\"7cb93254\" data-element_type=\"column\">\n\t\t\t<div class=\"elementor-widget-wrap elementor-element-populated\">\n\t\t\t\t\t\t<div class=\"elementor-element elementor-element-e4e8f6b elementor-widget elementor-widget-text-editor\" data-id=\"e4e8f6b\" data-element_type=\"widget\" data-widget_type=\"text-editor.default\">\n\t\t\t\t<div class=\"elementor-widget-container\">\n\t\t\t\t\t\t\t\t\t<div class=\"elementor-element elementor-element-e8baf9e elementor-widget elementor-widget-heading\" data-id=\"e8baf9e\" data-element_type=\"widget\" data-widget_type=\"heading.default\"><div class=\"elementor-widget-container\"><div class=\"elementor-element elementor-element-85e74bc elementor-widget elementor-widget-heading\" data-id=\"85e74bc\" data-element_type=\"widget\" data-widget_type=\"heading.default\"><div class=\"elementor-widget-container\"><h2>1. Einleitung<\/h2><p>Unser Web, <a href=\"https:\/\/shop.cdmitjans.com\/de\/\">https:\/\/shop.cdmitjans.com<\/a> (im Folgenden: \u201edie Website\u201c) verwendet Cookies und andere verwandte Technologien (der Einfachheit halber werden alle Technologien als \u201eCookies\u201c bezeichnet). Cookies werden auch von mit uns beauftragten Dritten platziert. Im folgenden Dokument informieren wir Sie \u00fcber die Verwendung von Cookies auf unserer Website.<\/p><h2>2. Was sind Cookies?<\/h2><p>Ein Cookie ist eine kleine Datei, die zusammen mit den Seiten dieser Website gesendet wird und die Ihr Browser auf der Festplatte Ihres Computers oder eines anderen Ger\u00e4ts speichert. Gespeicherte Informationen k\u00f6nnen bei einem sp\u00e4teren Besuch an unsere Server oder die entsprechenden Server Dritter zur\u00fcckgegeben werden.<\/p><h2>3. Was sind Skripte?<\/h2><p>Ein Skript ist ein Fragment eines Programmcodes, der dazu dient, dass unsere Website korrekt und interaktiv funktioniert. Dieser Code l\u00e4uft auf unserem Server oder auf Ihrem Ger\u00e4t.<\/p><h2>4. Was ist ein Web-Beacon?<\/h2><p>Ein Web-Beacon (oder Pixel-Tag) ist ein kleines, unsichtbares St\u00fcck Text oder Bild auf einer Website, das zur \u00dcberwachung des Datenverkehrs auf einer Website verwendet wird. Hierzu werden durch diese Web-Beacons verschiedene Daten \u00fcber Sie gespeichert.<\/p><h2>5. Cookies<\/h2><p class=\"cmplz-subtitle\">5.1 Technische oder funktionale Cookies<\/p><p>Einige Cookies stellen sicher, dass bestimmte Teile der Website ordnungsgem\u00e4\u00df funktionieren und Ihre Benutzereinstellungen weiterhin gespeichert werden. Durch die Platzierung funktionaler Cookies erleichtern wir Ihnen den Besuch unserer Website. Auf diese Weise m\u00fcssen Sie beim Besuch unserer Website nicht wiederholt dieselben Daten eingeben und beispielsweise bleiben Artikel in Ihrem Warenkorb, bis Sie bezahlt haben. Wir k\u00f6nnen diese Cookies ohne Ihre Zustimmung platzieren.<\/p><p class=\"cmplz-subtitle\">5.2 Marketing-\/Tracking-Cookies<\/p><p>Marketing-\/Tracking-Cookies sind Cookies oder jede andere Form der lokalen Speicherung, die dazu verwendet werden, Benutzerprofile zu erstellen, um Werbung anzuzeigen oder den Benutzer auf dieser Website oder auf verschiedenen Websites f\u00fcr \u00e4hnliche Marketingzwecke zu verfolgen.<\/p><\/div><\/div><\/div><\/div><div>\u00a0<\/div><div>\u00a0<\/div><div class=\"elementor-element elementor-element-e8baf9e elementor-widget elementor-widget-heading\" data-id=\"e8baf9e\" data-element_type=\"widget\" data-widget_type=\"heading.default\"><div class=\"elementor-widget-container\"><div class=\"elementor-element elementor-element-85e74bc elementor-widget elementor-widget-heading\" data-id=\"85e74bc\" data-element_type=\"widget\" data-widget_type=\"heading.default\"><div class=\"elementor-widget-container\"><h2>6. Einwilligung<\/h2><p>Wenn Sie unsere Website zum ersten Mal besuchen, zeigen wir Ihnen ein Pop-up-Fenster mit einer Erkl\u00e4rung zu Cookies. Sobald Sie auf \u201eEinstellungen speichern\u201c klicken, stimmen Sie der Verwendung der von Ihnen im Popup-Fenster ausgew\u00e4hlten Kategorien von Cookies und Plugins zu, wie in dieser Cookie-Richtlinie beschrieben. Sie k\u00f6nnen die Verwendung von Cookies \u00fcber Ihren Browser deaktivieren. Bitte beachten Sie jedoch, dass unsere Website m\u00f6glicherweise nicht mehr ordnungsgem\u00e4\u00df funktioniert.<\/p><p class=\"cmplz-subtitle\">6.1 Verwalten Sie Ihre Einwilligungseinstellungen<\/p><div id=\"cmplz-manage-consent-container-nojavascript\">Sie haben die Cookie-Richtlinie ohne JavaScript-Unterst\u00fctzung geladen. In AMP k\u00f6nnen Sie die Schaltfl\u00e4che \u201eEinwilligung verwalten\u201c unten auf der Seite verwenden.<\/div><h2>7. Aktivierung\/Deaktivierung und L\u00f6schung von Cookies<\/h2><p>Sie k\u00f6nnen Cookies \u00fcber Ihren Internetbrowser automatisch oder manuell l\u00f6schen. Sie k\u00f6nnen auch festlegen, dass bestimmte Cookies nicht platziert werden k\u00f6nnen. Eine weitere M\u00f6glichkeit besteht darin, die Einstellungen Ihres Internetbrowsers so zu \u00e4ndern, dass Sie bei jeder Platzierung eines Cookies eine Nachricht erhalten. Weitere Informationen zu diesen Optionen finden Sie in den Anweisungen im Abschnitt \u201eHilfe\u201c Ihres Browsers.<\/p><p>Bitte beachten Sie, dass unsere Website m\u00f6glicherweise nicht ordnungsgem\u00e4\u00df funktioniert, wenn alle Cookies deaktiviert sind. Wenn Sie Cookies aus Ihrem Browser l\u00f6schen, werden diese nach Ihrer Einwilligung bei einem erneuten Besuch unserer Websites erneut gesetzt.<\/p><h2>8. Ihre Rechte bez\u00fcglich personenbezogener Daten<\/h2><p>Sie haben hinsichtlich Ihrer personenbezogenen Daten folgende Rechte:<\/p><ul><li>Sie haben das Recht zu erfahren, warum Ihre personenbezogenen Daten ben\u00f6tigt werden, was mit ihnen geschieht und wie lange sie gespeichert werden.<\/li><li>Zugriffsrecht: Sie haben das Recht, auf Ihre uns bekannten personenbezogenen Daten zuzugreifen.<\/li><li>Recht auf Berichtigung: Sie haben jederzeit das Recht auf Vervollst\u00e4ndigung, Berichtigung, L\u00f6schung oder Sperrung Ihrer personenbezogenen Daten.<\/li><li>Wenn Sie uns Ihre Einwilligung zur Verarbeitung Ihrer Daten erteilen, haben Sie das Recht, diese Einwilligung zu widerrufen und Ihre personenbezogenen Daten l\u00f6schen zu lassen.<\/li><li>Recht auf \u00dcbermittlung Ihrer Daten: Sie haben das Recht, alle Ihre personenbezogenen Daten vom Datenverantwortlichen anzufordern und diese vollst\u00e4ndig an einen anderen Datenverantwortlichen zu \u00fcbertragen.<\/li><li>Widerspruchsrecht: Sie k\u00f6nnen der Verarbeitung Ihrer Daten widersprechen. Wir halten uns daran, es sei denn, es liegen berechtigte Gr\u00fcnde f\u00fcr die Verarbeitung vor.<\/li><\/ul><p>Um diese Rechte auszu\u00fcben, kontaktieren Sie uns bitte. Die Kontaktdaten finden Sie unten in dieser Cookie-Richtlinie. Wenn Sie Beschwerden dar\u00fcber haben, wie wir mit Ihren Daten umgehen, bitten wir Sie, uns dies mitzuteilen. Sie haben jedoch auch das Recht, eine Beschwerde bei der Aufsichtsbeh\u00f6rde (der Datenschutzbeh\u00f6rde) einzureichen.<\/p><h2>9. Kontaktdaten<\/h2><p>Bei Fragen und\/oder Anmerkungen zu unserer Cookie-Richtlinie und dieser Erkl\u00e4rung kontaktieren Sie uns bitte \u00fcber die folgenden Kontaktdaten:<\/p><p><span class=\"cmplz-contact-organisation\">CD Mitjans<\/span><br \/><span class=\"cmplz-contact-address\">Calle Dr. Torras i Bages, 114 \u2013 08223 Terrassa \u2013 Barcelona<br \/><\/span><br \/><span class=\"cmplz-contact-country\">Spanien<\/span><br \/>Netz: <span class=\"cmplz-contact-domain\"><a href=\"https:\/\/shop.cdmitjans.com\/de\/\">https:\/\/shop.cdmitjans.com<\/a><\/span><br \/>Email: <span class=\"cmplz-contact-email\">sales@cdmitjans.es<\/span><br \/><span class=\"cmplz-contact-telephone\">Telefonnummer: 93 731 41 44<\/span><\/p><\/div><\/div><\/div><\/div>\t\t\t\t\t\t\t\t<\/div>\n\t\t\t\t<\/div>\n\t\t\t\t\t<\/div>\n\t\t<\/div>\n\t\t\t\t\t<\/div>\n\t\t<\/section>\n\t\t\t\t<\/div>","protected":false},"excerpt":{"rendered":"<p>1. Einleitung Unsere Website https:\/\/shop.cdmitjans.com (im Folgenden: \u201edie Website\u201c) verwendet Cookies und andere verwandte Technologien (der Einfachheit halber werden alle Technologien \u201eCookies\u201c genannt). Cookies werden auch von Dritten platziert, die wir beauftragt haben. Im folgenden Dokument informieren wir Sie \u00fcber die Verwendung von Cookies auf unserer Website. 2. Was sind Cookies?\u2026&nbsp;<a href=\"https:\/\/shop.cdmitjans.com\/de\/politica-de-cookies\/\" rel=\"bookmark\">Weiterlesen \u00bb<span class=\"screen-reader-text\">Cookie-Richtlinie<\/span><\/a><\/p>","protected":false},"author":1,"featured_media":0,"parent":0,"menu_order":0,"comment_status":"closed","ping_status":"closed","template":"page-templates\/template-pagebuilder-full-width.php","meta":{"neve_meta_sidebar":"","neve_meta_container":"","neve_meta_enable_content_width":"off","neve_meta_content_width":100,"neve_meta_title_alignment":"","neve_meta_author_avatar":"","neve_post_elements_order":"","neve_meta_disable_header":"","neve_meta_disable_footer":"","neve_meta_disable_title":"","footnotes":""},"class_list":["post-558","page","type-page","status-publish","hentry"],"yoast_head":"<!-- This site is optimized with the Yoast SEO plugin v25.5 - https:\/\/yoast.com\/wordpress\/plugins\/seo\/ -->\n<title>Pol\u00edtica de cookies - Cdmitjans | Creaciones y Dise\u00f1o<\/title>\n<meta name=\"robots\" content=\"index, follow, max-snippet:-1, max-image-preview:large, max-video-preview:-1\" \/>\n<link rel=\"canonical\" href=\"https:\/\/shop.cdmitjans.com\/de\/politica-de-cookies\/\" \/>\n<meta property=\"og:locale\" content=\"de_DE\" \/>\n<meta property=\"og:type\" content=\"article\" \/>\n<meta property=\"og:title\" content=\"Pol\u00edtica de cookies - Cdmitjans | Creaciones y Dise\u00f1o\" \/>\n<meta property=\"og:description\" content=\"1. Introducci\u00f3n Nuestra web, https:\/\/shop.cdmitjans.com (en adelante: \u00abla web\u00bb) utiliza cookies y otras tecnolog\u00edas relacionadas (para mayor comodidad, todas las tecnolog\u00edas se denominan \u00abcookies\u00bb). Las cookies tambi\u00e9n son colocadas por terceros a los que hemos contratado. En el siguiente documento te informamos sobre el uso de cookies en nuestra web. 2. \u00bfQu\u00e9 son las cookies?&hellip;&nbsp;Weiterlesen &raquo;Pol\u00edtica de cookies\" \/>\n<meta property=\"og:url\" content=\"https:\/\/shop.cdmitjans.com\/de\/politica-de-cookies\/\" \/>\n<meta property=\"og:site_name\" content=\"Cdmitjans | Creaciones y Dise\u00f1o\" \/>\n<meta property=\"article:modified_time\" content=\"2024-03-21T12:34:18+00:00\" \/>\n<meta name=\"twitter:card\" content=\"summary_large_image\" \/>\n<meta name=\"twitter:label1\" content=\"Gesch\u00e4tzte Lesezeit\" \/>\n\t<meta name=\"twitter:data1\" content=\"4\u00a0Minuten\" \/>\n<script type=\"application\/ld+json\" class=\"yoast-schema-graph\">{\"@context\":\"https:\/\/schema.org\",\"@graph\":[{\"@type\":\"WebPage\",\"@id\":\"https:\/\/shop.cdmitjans.com\/politica-de-cookies\/\",\"url\":\"https:\/\/shop.cdmitjans.com\/politica-de-cookies\/\",\"name\":\"Pol\u00edtica de cookies - Cdmitjans | Creaciones y Dise\u00f1o\",\"isPartOf\":{\"@id\":\"https:\/\/shop.cdmitjans.com\/fr\/#website\"},\"datePublished\":\"2024-03-03T18:54:11+00:00\",\"dateModified\":\"2024-03-21T12:34:18+00:00\",\"breadcrumb\":{\"@id\":\"https:\/\/shop.cdmitjans.com\/politica-de-cookies\/#breadcrumb\"},\"inLanguage\":\"de\",\"potentialAction\":[{\"@type\":\"ReadAction\",\"target\":[\"https:\/\/shop.cdmitjans.com\/politica-de-cookies\/\"]}]},{\"@type\":\"BreadcrumbList\",\"@id\":\"https:\/\/shop.cdmitjans.com\/politica-de-cookies\/#breadcrumb\",\"itemListElement\":[{\"@type\":\"ListItem\",\"position\":1,\"name\":\"Portada\",\"item\":\"https:\/\/shop.cdmitjans.com\/\"},{\"@type\":\"ListItem\",\"position\":2,\"name\":\"Pol\u00edtica de cookies\"}]},{\"@type\":\"WebSite\",\"@id\":\"https:\/\/shop.cdmitjans.com\/fr\/#website\",\"url\":\"https:\/\/shop.cdmitjans.com\/fr\/\",\"name\":\"Cdmitjans | Creaciones y Dise\u00f1o\",\"description\":\"Nuestras creaciones reflejan una est\u00e9tica moderna y sofisticada, combinando l\u00edneas vanguardistas con detalles cuidadosamente seleccionados.\",\"potentialAction\":[{\"@type\":\"SearchAction\",\"target\":{\"@type\":\"EntryPoint\",\"urlTemplate\":\"https:\/\/shop.cdmitjans.com\/fr\/?s={search_term_string}\"},\"query-input\":{\"@type\":\"PropertyValueSpecification\",\"valueRequired\":true,\"valueName\":\"search_term_string\"}}],\"inLanguage\":\"de\"}]}<\/script>\n<!-- \/ Yoast SEO plugin. -->","yoast_head_json":{"title":"Cookie-Richtlinie - Cdmitjans | Kreationen und Design","robots":{"index":"index","follow":"follow","max-snippet":"max-snippet:-1","max-image-preview":"max-image-preview:large","max-video-preview":"max-video-preview:-1"},"canonical":"https:\/\/shop.cdmitjans.com\/de\/politica-de-cookies\/","og_locale":"de_DE","og_type":"article","og_title":"Pol\u00edtica de cookies - Cdmitjans | Creaciones y Dise\u00f1o","og_description":"1. Introducci\u00f3n Nuestra web, https:\/\/shop.cdmitjans.com (en adelante: \u00abla web\u00bb) utiliza cookies y otras tecnolog\u00edas relacionadas (para mayor comodidad, todas las tecnolog\u00edas se denominan \u00abcookies\u00bb). Las cookies tambi\u00e9n son colocadas por terceros a los que hemos contratado. En el siguiente documento te informamos sobre el uso de cookies en nuestra web. 2. \u00bfQu\u00e9 son las cookies?&hellip;&nbsp;Weiterlesen &raquo;Pol\u00edtica de cookies","og_url":"https:\/\/shop.cdmitjans.com\/de\/politica-de-cookies\/","og_site_name":"Cdmitjans | Creaciones y Dise\u00f1o","article_modified_time":"2024-03-21T12:34:18+00:00","twitter_card":"summary_large_image","twitter_misc":{"Gesch\u00e4tzte Lesezeit":"4\u00a0Minuten"},"schema":{"@context":"https:\/\/schema.org","@graph":[{"@type":"WebPage","@id":"https:\/\/shop.cdmitjans.com\/politica-de-cookies\/","url":"https:\/\/shop.cdmitjans.com\/politica-de-cookies\/","name":"Cookie-Richtlinie - Cdmitjans | Kreationen und Design","isPartOf":{"@id":"https:\/\/shop.cdmitjans.com\/fr\/#website"},"datePublished":"2024-03-03T18:54:11+00:00","dateModified":"2024-03-21T12:34:18+00:00","breadcrumb":{"@id":"https:\/\/shop.cdmitjans.com\/politica-de-cookies\/#breadcrumb"},"inLanguage":"de","potentialAction":[{"@type":"ReadAction","target":["https:\/\/shop.cdmitjans.com\/politica-de-cookies\/"]}]},{"@type":"BreadcrumbList","@id":"https:\/\/shop.cdmitjans.com\/politica-de-cookies\/#breadcrumb","itemListElement":[{"@type":"ListItem","position":1,"name":"Portada","item":"https:\/\/shop.cdmitjans.com\/"},{"@type":"ListItem","position":2,"name":"Pol\u00edtica de cookies"}]},{"@type":"WebSite","@id":"https:\/\/shop.cdmitjans.com\/fr\/#website","url":"https:\/\/shop.cdmitjans.com\/fr\/","name":"Cdmitjans | Kreationen und Design","description":"Unsere Kreationen spiegeln eine moderne und anspruchsvolle \u00c4sthetik wider und kombinieren avantgardistische Linien mit sorgf\u00e4ltig ausgew\u00e4hlten Details.","potentialAction":[{"@type":"SearchAction","target":{"@type":"EntryPoint","urlTemplate":"https:\/\/shop.cdmitjans.com\/fr\/?s={search_term_string}"},"query-input":{"@type":"PropertyValueSpecification","valueRequired":true,"valueName":"search_term_string"}}],"inLanguage":"de"}]}},"_links":{"self":[{"href":"https:\/\/shop.cdmitjans.com\/de\/wp-json\/wp\/v2\/pages\/558","targetHints":{"allow":["GET"]}}],"collection":[{"href":"https:\/\/shop.cdmitjans.com\/de\/wp-json\/wp\/v2\/pages"}],"about":[{"href":"https:\/\/shop.cdmitjans.com\/de\/wp-json\/wp\/v2\/types\/page"}],"author":[{"embeddable":true,"href":"https:\/\/shop.cdmitjans.com\/de\/wp-json\/wp\/v2\/users\/1"}],"replies":[{"embeddable":true,"href":"https:\/\/shop.cdmitjans.com\/de\/wp-json\/wp\/v2\/comments?post=558"}],"version-history":[{"count":0,"href":"https:\/\/shop.cdmitjans.com\/de\/wp-json\/wp\/v2\/pages\/558\/revisions"}],"wp:attachment":[{"href":"https:\/\/shop.cdmitjans.com\/de\/wp-json\/wp\/v2\/media?parent=558"}],"curies":[{"name":"wp","href":"https:\/\/api.w.org\/{rel}","templated":true}]}}