{"id":661,"date":"2024-03-12T18:43:50","date_gmt":"2024-03-12T18:43:50","guid":{"rendered":"https:\/\/shop.cdmitjans.com\/?page_id=661"},"modified":"2024-03-21T14:53:49","modified_gmt":"2024-03-21T13:53:49","slug":"politica-de-devoluciones","status":"publish","type":"page","link":"https:\/\/shop.cdmitjans.com\/de\/politica-de-devoluciones\/","title":{"rendered":"R\u00fcckgaberecht"},"content":{"rendered":"<div data-elementor-type=\"wp-page\" data-elementor-id=\"661\" class=\"elementor elementor-661\" data-elementor-post-type=\"page\">\n\t\t\t\t\t\t<section class=\"elementor-section elementor-top-section elementor-element elementor-element-70684364 elementor-section-height-min-height elementor-section-content-middle elementor-section-boxed elementor-section-height-default elementor-section-items-middle\" data-id=\"70684364\" data-element_type=\"section\" data-settings=\"{&quot;background_background&quot;:&quot;classic&quot;}\">\n\t\t\t\t\t\t\t<div class=\"elementor-background-overlay\"><\/div>\n\t\t\t\t\t\t\t<div class=\"elementor-container elementor-column-gap-no\">\n\t\t\t\t\t<div class=\"elementor-column elementor-col-100 elementor-top-column elementor-element elementor-element-1c590c89\" data-id=\"1c590c89\" data-element_type=\"column\" data-settings=\"{&quot;background_background&quot;:&quot;classic&quot;}\">\n\t\t\t<div class=\"elementor-widget-wrap elementor-element-populated\">\n\t\t\t\t\t\t\t<\/div>\n\t\t<\/div>\n\t\t\t\t\t<\/div>\n\t\t<\/section>\n\t\t\t\t<section class=\"elementor-section elementor-top-section elementor-element elementor-element-2add3106 elementor-section-boxed elementor-section-height-default elementor-section-height-default\" data-id=\"2add3106\" data-element_type=\"section\">\n\t\t\t\t\t\t<div class=\"elementor-container elementor-column-gap-no\">\n\t\t\t\t\t<div class=\"elementor-column elementor-col-100 elementor-top-column elementor-element elementor-element-7cb93254\" data-id=\"7cb93254\" data-element_type=\"column\">\n\t\t\t<div class=\"elementor-widget-wrap elementor-element-populated\">\n\t\t\t\t\t\t<div class=\"elementor-element elementor-element-e4e8f6b elementor-widget elementor-widget-text-editor\" data-id=\"e4e8f6b\" data-element_type=\"widget\" data-widget_type=\"text-editor.default\">\n\t\t\t\t<div class=\"elementor-widget-container\">\n\t\t\t\t\t\t\t\t\t<p>CREACIONES Y DISE\u00d1O MITJANS SL m\u00f6chte Ihnen den besten Service bieten. Daher k\u00f6nnen Sie jedes mit dem Hauslieferdienst gekaufte Produkt zur\u00fcckgeben, indem Sie uns per E-Mail unter info@cdmitjans.com kontaktieren. Der K\u00e4ufer hat ab Erhalt 15 Kalendertage Zeit, um von seinem Widerrufsrecht Gebrauch zu machen. Wenn Sie mit Ihrem Kauf aus irgendeinem Grund nicht zufrieden sind, versprechen wir Ihnen ohne Fragen oder Einw\u00e4nde den Betrag auf eine der folgenden Arten zur\u00fcckzuerstatten:<\/p><ol><li>Ersatz des Produkts oder R\u00fcckerstattung des vollen Betrags (abz\u00fcglich der Verwaltungs- oder sonstigen Kosten, die durch die R\u00fccksendung entstehen).<\/li><li>Sie k\u00f6nnen das Produkt gegen ein identisches Produkt in einwandfreiem Zustand umtauschen, wenn das Original defekt ist, oder gegen ein anderes Produkt, das Sie unter https:\/\/shop.cdmitjans.com\/ finden. CREACIONES Y DISE\u00d1O MITJANS SL ist f\u00fcr alle hierf\u00fcr anfallenden Kosten verantwortlich, wenn die R\u00fccksendung auf einen Versandfehler zur\u00fcckzuf\u00fchren ist oder der Artikel fehlerhaft ankommt.<\/li><li>Wenn der Versand unsererseits korrekt durchgef\u00fchrt wurde und die R\u00fccksendung aus pers\u00f6nlichen Gr\u00fcnden des Kunden erfolgt, liegt die Abholung der Ware in der Verantwortung des Kunden. W\u00e4hlt der Kunde aus pers\u00f6nlichen Gr\u00fcnden eine R\u00fcckerstattung des gezahlten Betrags, erfolgt dies abz\u00fcglich der in diesem Fall anfallenden Versandkosten.<\/li><li>Die R\u00fcckgabe wird innerhalb von 6 Tagen wirksam, nachdem der Kunde eine R\u00fcckgabe beantragt hat.<\/li><li>Die R\u00fcckerstattung des Betrags erfolgt auf dem Weg, mit dem der Kunde die Bestellung bezahlt hat (Kredit-\/Debitkarte, Bank\u00fcberweisung).\u00a0<\/li><\/ol>\t\t\t\t\t\t\t\t<\/div>\n\t\t\t\t<\/div>\n\t\t\t\t\t<\/div>\n\t\t<\/div>\n\t\t\t\t\t<\/div>\n\t\t<\/section>\n\t\t\t\t<\/div>","protected":false},"excerpt":{"rendered":"<p>CREACIONES Y DISE\u00d1O MITJANS SL m\u00f6chte Ihnen den besten Service bieten. Daher k\u00f6nnen Sie jedes mit dem Hauslieferdienst gekaufte Produkt zur\u00fcckgeben, indem Sie uns per E-Mail unter info@cdmitjans.com kontaktieren. Der K\u00e4ufer hat ab Erhalt 15 Kalendertage Zeit, um von seinem Widerrufsrecht Gebrauch zu machen. Keine Fragen oder Einw\u00e4nde, wenn Sie nicht...&nbsp;<a href=\"https:\/\/shop.cdmitjans.com\/de\/politica-de-devoluciones\/\" rel=\"bookmark\">Weiterlesen \u00bb<span class=\"screen-reader-text\">R\u00fcckgaberecht<\/span><\/a><\/p>","protected":false},"author":1,"featured_media":0,"parent":0,"menu_order":0,"comment_status":"closed","ping_status":"closed","template":"page-templates\/template-pagebuilder-full-width.php","meta":{"neve_meta_sidebar":"","neve_meta_container":"","neve_meta_enable_content_width":"off","neve_meta_content_width":100,"neve_meta_title_alignment":"","neve_meta_author_avatar":"","neve_post_elements_order":"","neve_meta_disable_header":"","neve_meta_disable_footer":"","neve_meta_disable_title":"","footnotes":""},"class_list":["post-661","page","type-page","status-publish","hentry"],"yoast_head":"<!-- This site is optimized with the Yoast SEO plugin v25.5 - https:\/\/yoast.com\/wordpress\/plugins\/seo\/ -->\n<title>Pol\u00edtica de devoluciones - Cdmitjans | Creaciones y Dise\u00f1o<\/title>\n<meta name=\"robots\" content=\"index, follow, max-snippet:-1, max-image-preview:large, max-video-preview:-1\" \/>\n<link rel=\"canonical\" href=\"https:\/\/shop.cdmitjans.com\/de\/politica-de-devoluciones\/\" \/>\n<meta property=\"og:locale\" content=\"de_DE\" \/>\n<meta property=\"og:type\" content=\"article\" \/>\n<meta property=\"og:title\" content=\"Pol\u00edtica de devoluciones - Cdmitjans | Creaciones y Dise\u00f1o\" \/>\n<meta property=\"og:description\" content=\"CREACIONES Y DISE\u00d1O MITJANS S.L. quiere ofrecerte el mejor servicio. Por ello, podr\u00e1s devolver cualquier producto adquirido con servicio a domicilio contactando con nosotros a trav\u00e9s del email en info@cdmitjans.com. El comprador dispone de 15 d\u00edas naturales para ejercitar su derecho de desistimiento desde la fecha de recepci\u00f3n. Sin preguntas u objeciones, si no est\u00e1s&hellip;&nbsp;Weiterlesen &raquo;Pol\u00edtica de devoluciones\" \/>\n<meta property=\"og:url\" content=\"https:\/\/shop.cdmitjans.com\/de\/politica-de-devoluciones\/\" \/>\n<meta property=\"og:site_name\" content=\"Cdmitjans | Creaciones y Dise\u00f1o\" \/>\n<meta property=\"article:modified_time\" content=\"2024-03-21T13:53:49+00:00\" \/>\n<meta name=\"twitter:card\" content=\"summary_large_image\" \/>\n<meta name=\"twitter:label1\" content=\"Gesch\u00e4tzte Lesezeit\" \/>\n\t<meta name=\"twitter:data1\" content=\"1\u00a0Minute\" \/>\n<script type=\"application\/ld+json\" class=\"yoast-schema-graph\">{\"@context\":\"https:\/\/schema.org\",\"@graph\":[{\"@type\":\"WebPage\",\"@id\":\"https:\/\/shop.cdmitjans.com\/politica-de-devoluciones\/\",\"url\":\"https:\/\/shop.cdmitjans.com\/politica-de-devoluciones\/\",\"name\":\"Pol\u00edtica de devoluciones - Cdmitjans | Creaciones y Dise\u00f1o\",\"isPartOf\":{\"@id\":\"https:\/\/shop.cdmitjans.com\/fr\/#website\"},\"datePublished\":\"2024-03-12T18:43:50+00:00\",\"dateModified\":\"2024-03-21T13:53:49+00:00\",\"breadcrumb\":{\"@id\":\"https:\/\/shop.cdmitjans.com\/politica-de-devoluciones\/#breadcrumb\"},\"inLanguage\":\"de\",\"potentialAction\":[{\"@type\":\"ReadAction\",\"target\":[\"https:\/\/shop.cdmitjans.com\/politica-de-devoluciones\/\"]}]},{\"@type\":\"BreadcrumbList\",\"@id\":\"https:\/\/shop.cdmitjans.com\/politica-de-devoluciones\/#breadcrumb\",\"itemListElement\":[{\"@type\":\"ListItem\",\"position\":1,\"name\":\"Portada\",\"item\":\"https:\/\/shop.cdmitjans.com\/\"},{\"@type\":\"ListItem\",\"position\":2,\"name\":\"Pol\u00edtica de devoluciones\"}]},{\"@type\":\"WebSite\",\"@id\":\"https:\/\/shop.cdmitjans.com\/fr\/#website\",\"url\":\"https:\/\/shop.cdmitjans.com\/fr\/\",\"name\":\"Cdmitjans | Creaciones y Dise\u00f1o\",\"description\":\"Nuestras creaciones reflejan una est\u00e9tica moderna y sofisticada, combinando l\u00edneas vanguardistas con detalles cuidadosamente seleccionados.\",\"potentialAction\":[{\"@type\":\"SearchAction\",\"target\":{\"@type\":\"EntryPoint\",\"urlTemplate\":\"https:\/\/shop.cdmitjans.com\/fr\/?s={search_term_string}\"},\"query-input\":{\"@type\":\"PropertyValueSpecification\",\"valueRequired\":true,\"valueName\":\"search_term_string\"}}],\"inLanguage\":\"de\"}]}<\/script>\n<!-- \/ Yoast SEO plugin. -->","yoast_head_json":{"title":"R\u00fcckgaberecht - Cdmitjans | Kreationen und Design","robots":{"index":"index","follow":"follow","max-snippet":"max-snippet:-1","max-image-preview":"max-image-preview:large","max-video-preview":"max-video-preview:-1"},"canonical":"https:\/\/shop.cdmitjans.com\/de\/politica-de-devoluciones\/","og_locale":"de_DE","og_type":"article","og_title":"Pol\u00edtica de devoluciones - Cdmitjans | Creaciones y Dise\u00f1o","og_description":"CREACIONES Y DISE\u00d1O MITJANS S.L. quiere ofrecerte el mejor servicio. Por ello, podr\u00e1s devolver cualquier producto adquirido con servicio a domicilio contactando con nosotros a trav\u00e9s del email en info@cdmitjans.com. El comprador dispone de 15 d\u00edas naturales para ejercitar su derecho de desistimiento desde la fecha de recepci\u00f3n. Sin preguntas u objeciones, si no est\u00e1s&hellip;&nbsp;Weiterlesen &raquo;Pol\u00edtica de devoluciones","og_url":"https:\/\/shop.cdmitjans.com\/de\/politica-de-devoluciones\/","og_site_name":"Cdmitjans | Creaciones y Dise\u00f1o","article_modified_time":"2024-03-21T13:53:49+00:00","twitter_card":"summary_large_image","twitter_misc":{"Gesch\u00e4tzte Lesezeit":"1\u00a0Minute"},"schema":{"@context":"https:\/\/schema.org","@graph":[{"@type":"WebPage","@id":"https:\/\/shop.cdmitjans.com\/politica-de-devoluciones\/","url":"https:\/\/shop.cdmitjans.com\/politica-de-devoluciones\/","name":"R\u00fcckgaberecht - Cdmitjans | Kreationen und Design","isPartOf":{"@id":"https:\/\/shop.cdmitjans.com\/fr\/#website"},"datePublished":"2024-03-12T18:43:50+00:00","dateModified":"2024-03-21T13:53:49+00:00","breadcrumb":{"@id":"https:\/\/shop.cdmitjans.com\/politica-de-devoluciones\/#breadcrumb"},"inLanguage":"de","potentialAction":[{"@type":"ReadAction","target":["https:\/\/shop.cdmitjans.com\/politica-de-devoluciones\/"]}]},{"@type":"BreadcrumbList","@id":"https:\/\/shop.cdmitjans.com\/politica-de-devoluciones\/#breadcrumb","itemListElement":[{"@type":"ListItem","position":1,"name":"Portada","item":"https:\/\/shop.cdmitjans.com\/"},{"@type":"ListItem","position":2,"name":"Pol\u00edtica de devoluciones"}]},{"@type":"WebSite","@id":"https:\/\/shop.cdmitjans.com\/fr\/#website","url":"https:\/\/shop.cdmitjans.com\/fr\/","name":"Cdmitjans | Kreationen und Design","description":"Unsere Kreationen spiegeln eine moderne und anspruchsvolle \u00c4sthetik wider und kombinieren avantgardistische Linien mit sorgf\u00e4ltig ausgew\u00e4hlten Details.","potentialAction":[{"@type":"SearchAction","target":{"@type":"EntryPoint","urlTemplate":"https:\/\/shop.cdmitjans.com\/fr\/?s={search_term_string}"},"query-input":{"@type":"PropertyValueSpecification","valueRequired":true,"valueName":"search_term_string"}}],"inLanguage":"de"}]}},"_links":{"self":[{"href":"https:\/\/shop.cdmitjans.com\/de\/wp-json\/wp\/v2\/pages\/661","targetHints":{"allow":["GET"]}}],"collection":[{"href":"https:\/\/shop.cdmitjans.com\/de\/wp-json\/wp\/v2\/pages"}],"about":[{"href":"https:\/\/shop.cdmitjans.com\/de\/wp-json\/wp\/v2\/types\/page"}],"author":[{"embeddable":true,"href":"https:\/\/shop.cdmitjans.com\/de\/wp-json\/wp\/v2\/users\/1"}],"replies":[{"embeddable":true,"href":"https:\/\/shop.cdmitjans.com\/de\/wp-json\/wp\/v2\/comments?post=661"}],"version-history":[{"count":0,"href":"https:\/\/shop.cdmitjans.com\/de\/wp-json\/wp\/v2\/pages\/661\/revisions"}],"wp:attachment":[{"href":"https:\/\/shop.cdmitjans.com\/de\/wp-json\/wp\/v2\/media?parent=661"}],"curies":[{"name":"wp","href":"https:\/\/api.w.org\/{rel}","templated":true}]}}