{"id":1589,"date":"2024-04-18T12:05:35","date_gmt":"2024-04-18T10:05:35","guid":{"rendered":"https:\/\/shop.cdmitjans.com\/?post_type=product&#038;p=1589"},"modified":"2025-07-01T12:42:52","modified_gmt":"2025-07-01T10:42:52","slug":"vestido-liso-manga-corta","status":"publish","type":"product","link":"https:\/\/shop.cdmitjans.com\/de\/produkt\/vestido-liso-manga-corta\/","title":{"rendered":"Kurz\u00e4rmliges, schlichtes Kleid"},"content":{"rendered":"<p>Modell: 430522<\/p>\n<p>Farbe: 678 Edelstein<\/p>\n<p>Zusammensetzung: 94 % Viskose 6% Elasthan<\/p>","protected":false},"excerpt":{"rendered":"<p>Schlichtes Kleid mit kurzen gestreiften \u00c4rmeln und Falten vorne mit Ankerverzierung<\/p>\n<p>Farbe: 678 Edelstein<\/p>\n<p>Zusammensetzung: 94 % Viskose 6% Elasthan<\/p>","protected":false},"featured_media":1591,"template":"","meta":{"neve_meta_sidebar":"","neve_meta_container":"","neve_meta_enable_content_width":"off","neve_meta_content_width":100,"neve_meta_title_alignment":"","neve_meta_author_avatar":"","neve_post_elements_order":"","neve_meta_disable_header":"","neve_meta_disable_footer":"","neve_meta_disable_title":""},"product_brand":[],"product_cat":[70],"product_tag":[],"class_list":{"0":"post-1589","1":"product","2":"type-product","3":"status-publish","4":"has-post-thumbnail","6":"product_cat-verano-24","8":"first","9":"instock","10":"sale","11":"taxable","12":"shipping-taxable","13":"purchasable","14":"product-type-variable"},"yoast_head":"<!-- This site is optimized with the Yoast SEO plugin v25.5 - https:\/\/yoast.com\/wordpress\/plugins\/seo\/ -->\n<title>Vestido liso manga corta - Cdmitjans | Creaciones y Dise\u00f1o<\/title>\n<meta name=\"robots\" content=\"index, follow, max-snippet:-1, max-image-preview:large, max-video-preview:-1\" \/>\n<link rel=\"canonical\" href=\"https:\/\/shop.cdmitjans.com\/de\/produkt\/vestido-liso-manga-corta\/\" \/>\n<meta property=\"og:locale\" content=\"de_DE\" \/>\n<meta property=\"og:type\" content=\"article\" \/>\n<meta property=\"og:title\" content=\"Vestido liso manga corta - Cdmitjans | Creaciones y Dise\u00f1o\" \/>\n<meta property=\"og:description\" content=\"Vestido liso manga corta de rallas pliegue delante adorno ancora  Color: 678 Gema  Composici\u00f3n: 94 % viscosa 6% elastan\" \/>\n<meta property=\"og:url\" content=\"https:\/\/shop.cdmitjans.com\/de\/produkt\/vestido-liso-manga-corta\/\" \/>\n<meta property=\"og:site_name\" content=\"Cdmitjans | Creaciones y Dise\u00f1o\" \/>\n<meta property=\"article:modified_time\" content=\"2025-07-01T10:42:52+00:00\" \/>\n<meta property=\"og:image\" content=\"https:\/\/shop.cdmitjans.com\/wp-content\/uploads\/2024\/04\/vestidoplayerocdmitjansBCN430522gema678.jpg\" \/>\n\t<meta property=\"og:image:width\" content=\"1075\" \/>\n\t<meta property=\"og:image:height\" content=\"1613\" \/>\n\t<meta property=\"og:image:type\" content=\"image\/jpeg\" \/>\n<meta name=\"twitter:card\" content=\"summary_large_image\" \/>\n<meta name=\"twitter:label1\" content=\"Gesch\u00e4tzte Lesezeit\" \/>\n\t<meta name=\"twitter:data1\" content=\"1\u00a0Minute\" \/>\n<script type=\"application\/ld+json\" class=\"yoast-schema-graph\">{\"@context\":\"https:\/\/schema.org\",\"@graph\":[{\"@type\":\"WebPage\",\"@id\":\"https:\/\/shop.cdmitjans.com\/producto\/vestido-liso-manga-corta\/\",\"url\":\"https:\/\/shop.cdmitjans.com\/producto\/vestido-liso-manga-corta\/\",\"name\":\"Vestido liso manga corta - Cdmitjans | Creaciones y Dise\u00f1o\",\"isPartOf\":{\"@id\":\"https:\/\/shop.cdmitjans.com\/fr\/#website\"},\"primaryImageOfPage\":{\"@id\":\"https:\/\/shop.cdmitjans.com\/producto\/vestido-liso-manga-corta\/#primaryimage\"},\"image\":{\"@id\":\"https:\/\/shop.cdmitjans.com\/producto\/vestido-liso-manga-corta\/#primaryimage\"},\"thumbnailUrl\":\"https:\/\/shop.cdmitjans.com\/wp-content\/uploads\/2024\/04\/vestidoplayerocdmitjansBCN430522gema678.jpg\",\"datePublished\":\"2024-04-18T10:05:35+00:00\",\"dateModified\":\"2025-07-01T10:42:52+00:00\",\"breadcrumb\":{\"@id\":\"https:\/\/shop.cdmitjans.com\/producto\/vestido-liso-manga-corta\/#breadcrumb\"},\"inLanguage\":\"de\",\"potentialAction\":[{\"@type\":\"ReadAction\",\"target\":[\"https:\/\/shop.cdmitjans.com\/producto\/vestido-liso-manga-corta\/\"]}]},{\"@type\":\"ImageObject\",\"inLanguage\":\"de\",\"@id\":\"https:\/\/shop.cdmitjans.com\/producto\/vestido-liso-manga-corta\/#primaryimage\",\"url\":\"https:\/\/shop.cdmitjans.com\/wp-content\/uploads\/2024\/04\/vestidoplayerocdmitjansBCN430522gema678.jpg\",\"contentUrl\":\"https:\/\/shop.cdmitjans.com\/wp-content\/uploads\/2024\/04\/vestidoplayerocdmitjansBCN430522gema678.jpg\",\"width\":1075,\"height\":1613,\"caption\":\"vestidoplayerocdmitjansBCN430522gema678\"},{\"@type\":\"BreadcrumbList\",\"@id\":\"https:\/\/shop.cdmitjans.com\/producto\/vestido-liso-manga-corta\/#breadcrumb\",\"itemListElement\":[{\"@type\":\"ListItem\",\"position\":1,\"name\":\"Portada\",\"item\":\"https:\/\/shop.cdmitjans.com\/\"},{\"@type\":\"ListItem\",\"position\":2,\"name\":\"Tienda\",\"item\":\"https:\/\/shop.cdmitjans.com\/tienda\/\"},{\"@type\":\"ListItem\",\"position\":3,\"name\":\"Vestido liso manga corta\"}]},{\"@type\":\"WebSite\",\"@id\":\"https:\/\/shop.cdmitjans.com\/fr\/#website\",\"url\":\"https:\/\/shop.cdmitjans.com\/fr\/\",\"name\":\"Cdmitjans | Creaciones y Dise\u00f1o\",\"description\":\"Nuestras creaciones reflejan una est\u00e9tica moderna y sofisticada, combinando l\u00edneas vanguardistas con detalles cuidadosamente seleccionados.\",\"potentialAction\":[{\"@type\":\"SearchAction\",\"target\":{\"@type\":\"EntryPoint\",\"urlTemplate\":\"https:\/\/shop.cdmitjans.com\/fr\/?s={search_term_string}\"},\"query-input\":{\"@type\":\"PropertyValueSpecification\",\"valueRequired\":true,\"valueName\":\"search_term_string\"}}],\"inLanguage\":\"de\"}]}<\/script>\n<!-- \/ Yoast SEO plugin. -->","yoast_head_json":{"title":"Vestido liso manga corta - Cdmitjans | Creaciones y Dise\u00f1o","robots":{"index":"index","follow":"follow","max-snippet":"max-snippet:-1","max-image-preview":"max-image-preview:large","max-video-preview":"max-video-preview:-1"},"canonical":"https:\/\/shop.cdmitjans.com\/de\/produkt\/vestido-liso-manga-corta\/","og_locale":"de_DE","og_type":"article","og_title":"Vestido liso manga corta - Cdmitjans | Creaciones y Dise\u00f1o","og_description":"Vestido liso manga corta de rallas pliegue delante adorno ancora  Color: 678 Gema  Composici\u00f3n: 94 % viscosa 6% elastan","og_url":"https:\/\/shop.cdmitjans.com\/de\/produkt\/vestido-liso-manga-corta\/","og_site_name":"Cdmitjans | Creaciones y Dise\u00f1o","article_modified_time":"2025-07-01T10:42:52+00:00","og_image":[{"width":1075,"height":1613,"url":"https:\/\/shop.cdmitjans.com\/wp-content\/uploads\/2024\/04\/vestidoplayerocdmitjansBCN430522gema678.jpg","type":"image\/jpeg"}],"twitter_card":"summary_large_image","twitter_misc":{"Gesch\u00e4tzte Lesezeit":"1\u00a0Minute"},"schema":{"@context":"https:\/\/schema.org","@graph":[{"@type":"WebPage","@id":"https:\/\/shop.cdmitjans.com\/producto\/vestido-liso-manga-corta\/","url":"https:\/\/shop.cdmitjans.com\/producto\/vestido-liso-manga-corta\/","name":"Vestido liso manga corta - Cdmitjans | Creaciones y Dise\u00f1o","isPartOf":{"@id":"https:\/\/shop.cdmitjans.com\/fr\/#website"},"primaryImageOfPage":{"@id":"https:\/\/shop.cdmitjans.com\/producto\/vestido-liso-manga-corta\/#primaryimage"},"image":{"@id":"https:\/\/shop.cdmitjans.com\/producto\/vestido-liso-manga-corta\/#primaryimage"},"thumbnailUrl":"https:\/\/shop.cdmitjans.com\/wp-content\/uploads\/2024\/04\/vestidoplayerocdmitjansBCN430522gema678.jpg","datePublished":"2024-04-18T10:05:35+00:00","dateModified":"2025-07-01T10:42:52+00:00","breadcrumb":{"@id":"https:\/\/shop.cdmitjans.com\/producto\/vestido-liso-manga-corta\/#breadcrumb"},"inLanguage":"de","potentialAction":[{"@type":"ReadAction","target":["https:\/\/shop.cdmitjans.com\/producto\/vestido-liso-manga-corta\/"]}]},{"@type":"ImageObject","inLanguage":"de","@id":"https:\/\/shop.cdmitjans.com\/producto\/vestido-liso-manga-corta\/#primaryimage","url":"https:\/\/shop.cdmitjans.com\/wp-content\/uploads\/2024\/04\/vestidoplayerocdmitjansBCN430522gema678.jpg","contentUrl":"https:\/\/shop.cdmitjans.com\/wp-content\/uploads\/2024\/04\/vestidoplayerocdmitjansBCN430522gema678.jpg","width":1075,"height":1613,"caption":"vestidoplayerocdmitjansBCN430522gema678"},{"@type":"BreadcrumbList","@id":"https:\/\/shop.cdmitjans.com\/producto\/vestido-liso-manga-corta\/#breadcrumb","itemListElement":[{"@type":"ListItem","position":1,"name":"Portada","item":"https:\/\/shop.cdmitjans.com\/"},{"@type":"ListItem","position":2,"name":"Tienda","item":"https:\/\/shop.cdmitjans.com\/tienda\/"},{"@type":"ListItem","position":3,"name":"Vestido liso manga corta"}]},{"@type":"WebSite","@id":"https:\/\/shop.cdmitjans.com\/fr\/#website","url":"https:\/\/shop.cdmitjans.com\/fr\/","name":"Cdmitjans | Kreationen und Design","description":"Unsere Kreationen spiegeln eine moderne und anspruchsvolle \u00c4sthetik wider und kombinieren avantgardistische Linien mit sorgf\u00e4ltig ausgew\u00e4hlten Details.","potentialAction":[{"@type":"SearchAction","target":{"@type":"EntryPoint","urlTemplate":"https:\/\/shop.cdmitjans.com\/fr\/?s={search_term_string}"},"query-input":{"@type":"PropertyValueSpecification","valueRequired":true,"valueName":"search_term_string"}}],"inLanguage":"de"}]}},"_links":{"self":[{"href":"https:\/\/shop.cdmitjans.com\/de\/wp-json\/wp\/v2\/product\/1589","targetHints":{"allow":["GET"]}}],"collection":[{"href":"https:\/\/shop.cdmitjans.com\/de\/wp-json\/wp\/v2\/product"}],"about":[{"href":"https:\/\/shop.cdmitjans.com\/de\/wp-json\/wp\/v2\/types\/product"}],"wp:featuredmedia":[{"embeddable":true,"href":"https:\/\/shop.cdmitjans.com\/de\/wp-json\/wp\/v2\/media\/1591"}],"wp:attachment":[{"href":"https:\/\/shop.cdmitjans.com\/de\/wp-json\/wp\/v2\/media?parent=1589"}],"wp:term":[{"taxonomy":"product_brand","embeddable":true,"href":"https:\/\/shop.cdmitjans.com\/de\/wp-json\/wp\/v2\/product_brand?post=1589"},{"taxonomy":"product_cat","embeddable":true,"href":"https:\/\/shop.cdmitjans.com\/de\/wp-json\/wp\/v2\/product_cat?post=1589"},{"taxonomy":"product_tag","embeddable":true,"href":"https:\/\/shop.cdmitjans.com\/de\/wp-json\/wp\/v2\/product_tag?post=1589"}],"curies":[{"name":"wp","href":"https:\/\/api.w.org\/{rel}","templated":true}]}}