{"id":4107,"date":"2025-04-01T11:28:57","date_gmt":"2025-04-01T09:28:57","guid":{"rendered":"https:\/\/shop.cdmitjans.com\/?post_type=product&#038;p=4107"},"modified":"2025-07-27T20:32:40","modified_gmt":"2025-07-27T18:32:40","slug":"camison-de-tirante-fino-regulable-2","status":"publish","type":"product","link":"https:\/\/shop.cdmitjans.com\/de\/produkt\/camison-de-tirante-fino-regulable-2\/","title":{"rendered":"Nachthemd mit verstellbaren d\u00fcnnen Tr\u00e4gern"},"content":{"rendered":"<p>Nachthemd mit verstellbaren d\u00fcnnen Tr\u00e4gern und gerafftem Rundhalsausschnitt.<\/p>\n<p>Modell 120430<\/p>\n<p>Farbe 747 Indonesien<\/p>\n<p>Zusammensetzung: Mikropolyester 95% Elastan 5%<\/p>\n<p>&nbsp;<\/p>","protected":false},"excerpt":{"rendered":"<p>Farbe 747 Indonesien<\/p>\n<p>Zusammensetzung: Mikropolyester 95% Elastan 5%<\/p>\n<p>&nbsp;<\/p>\n<p>&nbsp;<\/p>\n<p>&nbsp;<\/p>\n<p>&nbsp;<\/p>\n<p>&nbsp;<\/p>\n<p>&nbsp;<\/p>\n<p>&nbsp;<\/p>\n<p>&nbsp;<\/p>","protected":false},"featured_media":4110,"template":"","meta":{"neve_meta_sidebar":"","neve_meta_container":"","neve_meta_enable_content_width":"off","neve_meta_content_width":100,"neve_meta_title_alignment":"","neve_meta_author_avatar":"","neve_post_elements_order":"","neve_meta_disable_header":"","neve_meta_disable_footer":"","neve_meta_disable_title":""},"product_brand":[],"product_cat":[164,163],"product_tag":[],"class_list":{"0":"post-4107","1":"product","2":"type-product","3":"status-publish","4":"has-post-thumbnail","6":"product_cat-lenceria","7":"product_cat-verano-25","9":"first","10":"instock","11":"sale","12":"taxable","13":"shipping-taxable","14":"purchasable","15":"product-type-variable"},"yoast_head":"<!-- This site is optimized with the Yoast SEO plugin v25.5 - https:\/\/yoast.com\/wordpress\/plugins\/seo\/ -->\n<title>Camis\u00f3n de tirante fino regulable - Cdmitjans | Creaciones y Dise\u00f1o<\/title>\n<meta name=\"robots\" content=\"index, follow, max-snippet:-1, max-image-preview:large, max-video-preview:-1\" \/>\n<link rel=\"canonical\" href=\"https:\/\/shop.cdmitjans.com\/de\/produkt\/camison-de-tirante-fino-regulable-2\/\" \/>\n<meta property=\"og:locale\" content=\"de_DE\" \/>\n<meta property=\"og:type\" content=\"article\" \/>\n<meta property=\"og:title\" content=\"Camis\u00f3n de tirante fino regulable - Cdmitjans | Creaciones y Dise\u00f1o\" \/>\n<meta property=\"og:description\" content=\"color 747 Indonesia  composici\u00f3n: Micropoli\u00e9ster 95% Elastan 5%  &nbsp;  &nbsp;  &nbsp;  &nbsp;  &nbsp;  &nbsp;  &nbsp;  &nbsp;\" \/>\n<meta property=\"og:url\" content=\"https:\/\/shop.cdmitjans.com\/de\/produkt\/camison-de-tirante-fino-regulable-2\/\" \/>\n<meta property=\"og:site_name\" content=\"Cdmitjans | Creaciones y Dise\u00f1o\" \/>\n<meta property=\"article:modified_time\" content=\"2025-07-27T18:32:40+00:00\" \/>\n<meta property=\"og:image\" content=\"https:\/\/shop.cdmitjans.com\/wp-content\/uploads\/2025\/04\/120430-747.jpg\" \/>\n\t<meta property=\"og:image:width\" content=\"1181\" \/>\n\t<meta property=\"og:image:height\" content=\"1772\" \/>\n\t<meta property=\"og:image:type\" content=\"image\/jpeg\" \/>\n<meta name=\"twitter:card\" content=\"summary_large_image\" \/>\n<script type=\"application\/ld+json\" class=\"yoast-schema-graph\">{\"@context\":\"https:\/\/schema.org\",\"@graph\":[{\"@type\":\"WebPage\",\"@id\":\"https:\/\/shop.cdmitjans.com\/producto\/camison-de-tirante-fino-regulable-2\/\",\"url\":\"https:\/\/shop.cdmitjans.com\/producto\/camison-de-tirante-fino-regulable-2\/\",\"name\":\"Camis\u00f3n de tirante fino regulable - Cdmitjans | Creaciones y Dise\u00f1o\",\"isPartOf\":{\"@id\":\"https:\/\/shop.cdmitjans.com\/fr\/#website\"},\"primaryImageOfPage\":{\"@id\":\"https:\/\/shop.cdmitjans.com\/producto\/camison-de-tirante-fino-regulable-2\/#primaryimage\"},\"image\":{\"@id\":\"https:\/\/shop.cdmitjans.com\/producto\/camison-de-tirante-fino-regulable-2\/#primaryimage\"},\"thumbnailUrl\":\"https:\/\/shop.cdmitjans.com\/wp-content\/uploads\/2025\/04\/120430-747.jpg\",\"datePublished\":\"2025-04-01T09:28:57+00:00\",\"dateModified\":\"2025-07-27T18:32:40+00:00\",\"breadcrumb\":{\"@id\":\"https:\/\/shop.cdmitjans.com\/producto\/camison-de-tirante-fino-regulable-2\/#breadcrumb\"},\"inLanguage\":\"de\",\"potentialAction\":[{\"@type\":\"ReadAction\",\"target\":[\"https:\/\/shop.cdmitjans.com\/producto\/camison-de-tirante-fino-regulable-2\/\"]}]},{\"@type\":\"ImageObject\",\"inLanguage\":\"de\",\"@id\":\"https:\/\/shop.cdmitjans.com\/producto\/camison-de-tirante-fino-regulable-2\/#primaryimage\",\"url\":\"https:\/\/shop.cdmitjans.com\/wp-content\/uploads\/2025\/04\/120430-747.jpg\",\"contentUrl\":\"https:\/\/shop.cdmitjans.com\/wp-content\/uploads\/2025\/04\/120430-747.jpg\",\"width\":1181,\"height\":1772},{\"@type\":\"BreadcrumbList\",\"@id\":\"https:\/\/shop.cdmitjans.com\/producto\/camison-de-tirante-fino-regulable-2\/#breadcrumb\",\"itemListElement\":[{\"@type\":\"ListItem\",\"position\":1,\"name\":\"Portada\",\"item\":\"https:\/\/shop.cdmitjans.com\/\"},{\"@type\":\"ListItem\",\"position\":2,\"name\":\"Tienda\",\"item\":\"https:\/\/shop.cdmitjans.com\/tienda\/\"},{\"@type\":\"ListItem\",\"position\":3,\"name\":\"Camis\u00f3n de tirante fino regulable\"}]},{\"@type\":\"WebSite\",\"@id\":\"https:\/\/shop.cdmitjans.com\/fr\/#website\",\"url\":\"https:\/\/shop.cdmitjans.com\/fr\/\",\"name\":\"Cdmitjans | Creaciones y Dise\u00f1o\",\"description\":\"Nuestras creaciones reflejan una est\u00e9tica moderna y sofisticada, combinando l\u00edneas vanguardistas con detalles cuidadosamente seleccionados.\",\"potentialAction\":[{\"@type\":\"SearchAction\",\"target\":{\"@type\":\"EntryPoint\",\"urlTemplate\":\"https:\/\/shop.cdmitjans.com\/fr\/?s={search_term_string}\"},\"query-input\":{\"@type\":\"PropertyValueSpecification\",\"valueRequired\":true,\"valueName\":\"search_term_string\"}}],\"inLanguage\":\"de\"}]}<\/script>\n<!-- \/ Yoast SEO plugin. -->","yoast_head_json":{"title":"Camis\u00f3n de tirante fino regulable - Cdmitjans | Creaciones y Dise\u00f1o","robots":{"index":"index","follow":"follow","max-snippet":"max-snippet:-1","max-image-preview":"max-image-preview:large","max-video-preview":"max-video-preview:-1"},"canonical":"https:\/\/shop.cdmitjans.com\/de\/produkt\/camison-de-tirante-fino-regulable-2\/","og_locale":"de_DE","og_type":"article","og_title":"Camis\u00f3n de tirante fino regulable - Cdmitjans | Creaciones y Dise\u00f1o","og_description":"color 747 Indonesia  composici\u00f3n: Micropoli\u00e9ster 95% Elastan 5%  &nbsp;  &nbsp;  &nbsp;  &nbsp;  &nbsp;  &nbsp;  &nbsp;  &nbsp;","og_url":"https:\/\/shop.cdmitjans.com\/de\/produkt\/camison-de-tirante-fino-regulable-2\/","og_site_name":"Cdmitjans | Creaciones y Dise\u00f1o","article_modified_time":"2025-07-27T18:32:40+00:00","og_image":[{"width":1181,"height":1772,"url":"https:\/\/shop.cdmitjans.com\/wp-content\/uploads\/2025\/04\/120430-747.jpg","type":"image\/jpeg"}],"twitter_card":"summary_large_image","schema":{"@context":"https:\/\/schema.org","@graph":[{"@type":"WebPage","@id":"https:\/\/shop.cdmitjans.com\/producto\/camison-de-tirante-fino-regulable-2\/","url":"https:\/\/shop.cdmitjans.com\/producto\/camison-de-tirante-fino-regulable-2\/","name":"Camis\u00f3n de tirante fino regulable - Cdmitjans | Creaciones y Dise\u00f1o","isPartOf":{"@id":"https:\/\/shop.cdmitjans.com\/fr\/#website"},"primaryImageOfPage":{"@id":"https:\/\/shop.cdmitjans.com\/producto\/camison-de-tirante-fino-regulable-2\/#primaryimage"},"image":{"@id":"https:\/\/shop.cdmitjans.com\/producto\/camison-de-tirante-fino-regulable-2\/#primaryimage"},"thumbnailUrl":"https:\/\/shop.cdmitjans.com\/wp-content\/uploads\/2025\/04\/120430-747.jpg","datePublished":"2025-04-01T09:28:57+00:00","dateModified":"2025-07-27T18:32:40+00:00","breadcrumb":{"@id":"https:\/\/shop.cdmitjans.com\/producto\/camison-de-tirante-fino-regulable-2\/#breadcrumb"},"inLanguage":"de","potentialAction":[{"@type":"ReadAction","target":["https:\/\/shop.cdmitjans.com\/producto\/camison-de-tirante-fino-regulable-2\/"]}]},{"@type":"ImageObject","inLanguage":"de","@id":"https:\/\/shop.cdmitjans.com\/producto\/camison-de-tirante-fino-regulable-2\/#primaryimage","url":"https:\/\/shop.cdmitjans.com\/wp-content\/uploads\/2025\/04\/120430-747.jpg","contentUrl":"https:\/\/shop.cdmitjans.com\/wp-content\/uploads\/2025\/04\/120430-747.jpg","width":1181,"height":1772},{"@type":"BreadcrumbList","@id":"https:\/\/shop.cdmitjans.com\/producto\/camison-de-tirante-fino-regulable-2\/#breadcrumb","itemListElement":[{"@type":"ListItem","position":1,"name":"Portada","item":"https:\/\/shop.cdmitjans.com\/"},{"@type":"ListItem","position":2,"name":"Tienda","item":"https:\/\/shop.cdmitjans.com\/tienda\/"},{"@type":"ListItem","position":3,"name":"Camis\u00f3n de tirante fino regulable"}]},{"@type":"WebSite","@id":"https:\/\/shop.cdmitjans.com\/fr\/#website","url":"https:\/\/shop.cdmitjans.com\/fr\/","name":"Cdmitjans | Kreationen und Design","description":"Unsere Kreationen spiegeln eine moderne und anspruchsvolle \u00c4sthetik wider und kombinieren avantgardistische Linien mit sorgf\u00e4ltig ausgew\u00e4hlten Details.","potentialAction":[{"@type":"SearchAction","target":{"@type":"EntryPoint","urlTemplate":"https:\/\/shop.cdmitjans.com\/fr\/?s={search_term_string}"},"query-input":{"@type":"PropertyValueSpecification","valueRequired":true,"valueName":"search_term_string"}}],"inLanguage":"de"}]}},"_links":{"self":[{"href":"https:\/\/shop.cdmitjans.com\/de\/wp-json\/wp\/v2\/product\/4107","targetHints":{"allow":["GET"]}}],"collection":[{"href":"https:\/\/shop.cdmitjans.com\/de\/wp-json\/wp\/v2\/product"}],"about":[{"href":"https:\/\/shop.cdmitjans.com\/de\/wp-json\/wp\/v2\/types\/product"}],"wp:featuredmedia":[{"embeddable":true,"href":"https:\/\/shop.cdmitjans.com\/de\/wp-json\/wp\/v2\/media\/4110"}],"wp:attachment":[{"href":"https:\/\/shop.cdmitjans.com\/de\/wp-json\/wp\/v2\/media?parent=4107"}],"wp:term":[{"taxonomy":"product_brand","embeddable":true,"href":"https:\/\/shop.cdmitjans.com\/de\/wp-json\/wp\/v2\/product_brand?post=4107"},{"taxonomy":"product_cat","embeddable":true,"href":"https:\/\/shop.cdmitjans.com\/de\/wp-json\/wp\/v2\/product_cat?post=4107"},{"taxonomy":"product_tag","embeddable":true,"href":"https:\/\/shop.cdmitjans.com\/de\/wp-json\/wp\/v2\/product_tag?post=4107"}],"curies":[{"name":"wp","href":"https:\/\/api.w.org\/{rel}","templated":true}]}}