{"id":5414,"date":"2025-10-17T12:31:10","date_gmt":"2025-10-17T10:31:10","guid":{"rendered":"https:\/\/shop.cdmitjans.com\/?post_type=product&#038;p=5414"},"modified":"2026-02-22T18:33:14","modified_gmt":"2026-02-22T17:33:14","slug":"bata-de-pique-con-jaretas-y-cuello-con-cordon","status":"publish","type":"product","link":"https:\/\/shop.cdmitjans.com\/de\/produkt\/bata-de-pique-con-jaretas-y-cuello-con-cordon\/","title":{"rendered":"Piqu\u00e9-Morgenmantel mit Abn\u00e4hern und Kordelzugkragen \u2013 Coraline"},"content":{"rendered":"<p>Piqu\u00e9-Morgenmantel mit Kordelzug und Bindeband am Hals<\/p>\n<p>Modell: 730734<\/p>\n<p>Farbe: 758 Coraline<\/p>\n<p>Zusammensetzung: 50% Baumwolle 50% Polyester<\/p>","protected":false},"excerpt":{"rendered":"<p>Farbe: 758 Coraline<\/p>\n<p>Zusammensetzung: 50% Baumwolle 50% Polyester<\/p>","protected":false},"featured_media":5415,"template":"","meta":{"neve_meta_sidebar":"","neve_meta_container":"","neve_meta_enable_content_width":"off","neve_meta_content_width":100,"neve_meta_title_alignment":"","neve_meta_author_avatar":"","neve_post_elements_order":"","neve_meta_disable_header":"","neve_meta_disable_footer":"","neve_meta_disable_title":""},"product_brand":[],"product_cat":[179,174,177],"product_tag":[],"class_list":{"0":"post-5414","1":"product","2":"type-product","3":"status-publish","4":"has-post-thumbnail","6":"product_cat-batas","7":"product_cat-invierno-26","8":"product_cat-lenceria-mitjans-invierno-26","10":"first","11":"instock","12":"taxable","13":"shipping-taxable","14":"purchasable","15":"product-type-variable"},"yoast_head":"<!-- This site is optimized with the Yoast SEO plugin v25.5 - https:\/\/yoast.com\/wordpress\/plugins\/seo\/ -->\n<title>Bata de piqu\u00e9 con jaretas y cuello con cord\u00f3n - Coraline - Cdmitjans | Creaciones y Dise\u00f1o<\/title>\n<meta name=\"robots\" content=\"index, follow, max-snippet:-1, max-image-preview:large, max-video-preview:-1\" \/>\n<link rel=\"canonical\" href=\"https:\/\/shop.cdmitjans.com\/de\/produkt\/bata-de-pique-con-jaretas-y-cuello-con-cordon\/\" \/>\n<meta property=\"og:locale\" content=\"de_DE\" \/>\n<meta property=\"og:type\" content=\"article\" \/>\n<meta property=\"og:title\" content=\"Bata de piqu\u00e9 con jaretas y cuello con cord\u00f3n - Coraline - Cdmitjans | Creaciones y Dise\u00f1o\" \/>\n<meta property=\"og:description\" content=\"Color: 758 Coraline  Composici\u00f3n: 50% Algod\u00f3n 50% Poli\u00e9ster\" \/>\n<meta property=\"og:url\" content=\"https:\/\/shop.cdmitjans.com\/de\/produkt\/bata-de-pique-con-jaretas-y-cuello-con-cordon\/\" \/>\n<meta property=\"og:site_name\" content=\"Cdmitjans | Creaciones y Dise\u00f1o\" \/>\n<meta property=\"article:modified_time\" content=\"2026-02-22T17:33:14+00:00\" \/>\n<meta property=\"og:image\" content=\"https:\/\/shop.cdmitjans.com\/wp-content\/uploads\/2025\/10\/730734-758.jpg\" \/>\n\t<meta property=\"og:image:width\" content=\"567\" \/>\n\t<meta property=\"og:image:height\" content=\"850\" \/>\n\t<meta property=\"og:image:type\" content=\"image\/jpeg\" \/>\n<meta name=\"twitter:card\" content=\"summary_large_image\" \/>\n<meta name=\"twitter:label1\" content=\"Gesch\u00e4tzte Lesezeit\" \/>\n\t<meta name=\"twitter:data1\" content=\"1\u00a0Minute\" \/>\n<script type=\"application\/ld+json\" class=\"yoast-schema-graph\">{\"@context\":\"https:\/\/schema.org\",\"@graph\":[{\"@type\":\"WebPage\",\"@id\":\"https:\/\/shop.cdmitjans.com\/producto\/bata-de-pique-con-jaretas-y-cuello-con-cordon\/\",\"url\":\"https:\/\/shop.cdmitjans.com\/producto\/bata-de-pique-con-jaretas-y-cuello-con-cordon\/\",\"name\":\"Bata de piqu\u00e9 con jaretas y cuello con cord\u00f3n - Coraline - Cdmitjans | Creaciones y Dise\u00f1o\",\"isPartOf\":{\"@id\":\"https:\/\/shop.cdmitjans.com\/fr\/#website\"},\"primaryImageOfPage\":{\"@id\":\"https:\/\/shop.cdmitjans.com\/producto\/bata-de-pique-con-jaretas-y-cuello-con-cordon\/#primaryimage\"},\"image\":{\"@id\":\"https:\/\/shop.cdmitjans.com\/producto\/bata-de-pique-con-jaretas-y-cuello-con-cordon\/#primaryimage\"},\"thumbnailUrl\":\"https:\/\/shop.cdmitjans.com\/wp-content\/uploads\/2025\/10\/730734-758.jpg\",\"datePublished\":\"2025-10-17T10:31:10+00:00\",\"dateModified\":\"2026-02-22T17:33:14+00:00\",\"breadcrumb\":{\"@id\":\"https:\/\/shop.cdmitjans.com\/producto\/bata-de-pique-con-jaretas-y-cuello-con-cordon\/#breadcrumb\"},\"inLanguage\":\"de\",\"potentialAction\":[{\"@type\":\"ReadAction\",\"target\":[\"https:\/\/shop.cdmitjans.com\/producto\/bata-de-pique-con-jaretas-y-cuello-con-cordon\/\"]}]},{\"@type\":\"ImageObject\",\"inLanguage\":\"de\",\"@id\":\"https:\/\/shop.cdmitjans.com\/producto\/bata-de-pique-con-jaretas-y-cuello-con-cordon\/#primaryimage\",\"url\":\"https:\/\/shop.cdmitjans.com\/wp-content\/uploads\/2025\/10\/730734-758.jpg\",\"contentUrl\":\"https:\/\/shop.cdmitjans.com\/wp-content\/uploads\/2025\/10\/730734-758.jpg\",\"width\":567,\"height\":850},{\"@type\":\"BreadcrumbList\",\"@id\":\"https:\/\/shop.cdmitjans.com\/producto\/bata-de-pique-con-jaretas-y-cuello-con-cordon\/#breadcrumb\",\"itemListElement\":[{\"@type\":\"ListItem\",\"position\":1,\"name\":\"Portada\",\"item\":\"https:\/\/shop.cdmitjans.com\/\"},{\"@type\":\"ListItem\",\"position\":2,\"name\":\"Tienda\",\"item\":\"https:\/\/shop.cdmitjans.com\/tienda\/\"},{\"@type\":\"ListItem\",\"position\":3,\"name\":\"Bata de piqu\u00e9 con jaretas y cuello con cord\u00f3n &#8211; Coraline\"}]},{\"@type\":\"WebSite\",\"@id\":\"https:\/\/shop.cdmitjans.com\/fr\/#website\",\"url\":\"https:\/\/shop.cdmitjans.com\/fr\/\",\"name\":\"Cdmitjans | Creaciones y Dise\u00f1o\",\"description\":\"Nuestras creaciones reflejan una est\u00e9tica moderna y sofisticada, combinando l\u00edneas vanguardistas con detalles cuidadosamente seleccionados.\",\"potentialAction\":[{\"@type\":\"SearchAction\",\"target\":{\"@type\":\"EntryPoint\",\"urlTemplate\":\"https:\/\/shop.cdmitjans.com\/fr\/?s={search_term_string}\"},\"query-input\":{\"@type\":\"PropertyValueSpecification\",\"valueRequired\":true,\"valueName\":\"search_term_string\"}}],\"inLanguage\":\"de\"}]}<\/script>\n<!-- \/ Yoast SEO plugin. -->","yoast_head_json":{"title":"Bata de piqu\u00e9 con jaretas y cuello con cord\u00f3n - Coraline - Cdmitjans | Creaciones y Dise\u00f1o","robots":{"index":"index","follow":"follow","max-snippet":"max-snippet:-1","max-image-preview":"max-image-preview:large","max-video-preview":"max-video-preview:-1"},"canonical":"https:\/\/shop.cdmitjans.com\/de\/produkt\/bata-de-pique-con-jaretas-y-cuello-con-cordon\/","og_locale":"de_DE","og_type":"article","og_title":"Bata de piqu\u00e9 con jaretas y cuello con cord\u00f3n - Coraline - Cdmitjans | Creaciones y Dise\u00f1o","og_description":"Color: 758 Coraline  Composici\u00f3n: 50% Algod\u00f3n 50% Poli\u00e9ster","og_url":"https:\/\/shop.cdmitjans.com\/de\/produkt\/bata-de-pique-con-jaretas-y-cuello-con-cordon\/","og_site_name":"Cdmitjans | Creaciones y Dise\u00f1o","article_modified_time":"2026-02-22T17:33:14+00:00","og_image":[{"width":567,"height":850,"url":"https:\/\/shop.cdmitjans.com\/wp-content\/uploads\/2025\/10\/730734-758.jpg","type":"image\/jpeg"}],"twitter_card":"summary_large_image","twitter_misc":{"Gesch\u00e4tzte Lesezeit":"1\u00a0Minute"},"schema":{"@context":"https:\/\/schema.org","@graph":[{"@type":"WebPage","@id":"https:\/\/shop.cdmitjans.com\/producto\/bata-de-pique-con-jaretas-y-cuello-con-cordon\/","url":"https:\/\/shop.cdmitjans.com\/producto\/bata-de-pique-con-jaretas-y-cuello-con-cordon\/","name":"Bata de piqu\u00e9 con jaretas y cuello con cord\u00f3n - Coraline - Cdmitjans | Creaciones y Dise\u00f1o","isPartOf":{"@id":"https:\/\/shop.cdmitjans.com\/fr\/#website"},"primaryImageOfPage":{"@id":"https:\/\/shop.cdmitjans.com\/producto\/bata-de-pique-con-jaretas-y-cuello-con-cordon\/#primaryimage"},"image":{"@id":"https:\/\/shop.cdmitjans.com\/producto\/bata-de-pique-con-jaretas-y-cuello-con-cordon\/#primaryimage"},"thumbnailUrl":"https:\/\/shop.cdmitjans.com\/wp-content\/uploads\/2025\/10\/730734-758.jpg","datePublished":"2025-10-17T10:31:10+00:00","dateModified":"2026-02-22T17:33:14+00:00","breadcrumb":{"@id":"https:\/\/shop.cdmitjans.com\/producto\/bata-de-pique-con-jaretas-y-cuello-con-cordon\/#breadcrumb"},"inLanguage":"de","potentialAction":[{"@type":"ReadAction","target":["https:\/\/shop.cdmitjans.com\/producto\/bata-de-pique-con-jaretas-y-cuello-con-cordon\/"]}]},{"@type":"ImageObject","inLanguage":"de","@id":"https:\/\/shop.cdmitjans.com\/producto\/bata-de-pique-con-jaretas-y-cuello-con-cordon\/#primaryimage","url":"https:\/\/shop.cdmitjans.com\/wp-content\/uploads\/2025\/10\/730734-758.jpg","contentUrl":"https:\/\/shop.cdmitjans.com\/wp-content\/uploads\/2025\/10\/730734-758.jpg","width":567,"height":850},{"@type":"BreadcrumbList","@id":"https:\/\/shop.cdmitjans.com\/producto\/bata-de-pique-con-jaretas-y-cuello-con-cordon\/#breadcrumb","itemListElement":[{"@type":"ListItem","position":1,"name":"Portada","item":"https:\/\/shop.cdmitjans.com\/"},{"@type":"ListItem","position":2,"name":"Tienda","item":"https:\/\/shop.cdmitjans.com\/tienda\/"},{"@type":"ListItem","position":3,"name":"Bata de piqu\u00e9 con jaretas y cuello con cord\u00f3n &#8211; Coraline"}]},{"@type":"WebSite","@id":"https:\/\/shop.cdmitjans.com\/fr\/#website","url":"https:\/\/shop.cdmitjans.com\/fr\/","name":"Cdmitjans | Kreationen und Design","description":"Unsere Kreationen spiegeln eine moderne und anspruchsvolle \u00c4sthetik wider und kombinieren avantgardistische Linien mit sorgf\u00e4ltig ausgew\u00e4hlten Details.","potentialAction":[{"@type":"SearchAction","target":{"@type":"EntryPoint","urlTemplate":"https:\/\/shop.cdmitjans.com\/fr\/?s={search_term_string}"},"query-input":{"@type":"PropertyValueSpecification","valueRequired":true,"valueName":"search_term_string"}}],"inLanguage":"de"}]}},"_links":{"self":[{"href":"https:\/\/shop.cdmitjans.com\/de\/wp-json\/wp\/v2\/product\/5414","targetHints":{"allow":["GET"]}}],"collection":[{"href":"https:\/\/shop.cdmitjans.com\/de\/wp-json\/wp\/v2\/product"}],"about":[{"href":"https:\/\/shop.cdmitjans.com\/de\/wp-json\/wp\/v2\/types\/product"}],"wp:featuredmedia":[{"embeddable":true,"href":"https:\/\/shop.cdmitjans.com\/de\/wp-json\/wp\/v2\/media\/5415"}],"wp:attachment":[{"href":"https:\/\/shop.cdmitjans.com\/de\/wp-json\/wp\/v2\/media?parent=5414"}],"wp:term":[{"taxonomy":"product_brand","embeddable":true,"href":"https:\/\/shop.cdmitjans.com\/de\/wp-json\/wp\/v2\/product_brand?post=5414"},{"taxonomy":"product_cat","embeddable":true,"href":"https:\/\/shop.cdmitjans.com\/de\/wp-json\/wp\/v2\/product_cat?post=5414"},{"taxonomy":"product_tag","embeddable":true,"href":"https:\/\/shop.cdmitjans.com\/de\/wp-json\/wp\/v2\/product_tag?post=5414"}],"curies":[{"name":"wp","href":"https:\/\/api.w.org\/{rel}","templated":true}]}}