{"id":1001,"date":"2024-04-10T17:55:08","date_gmt":"2024-04-10T15:55:08","guid":{"rendered":"https:\/\/shop.cdmitjans.com\/?page_id=1001"},"modified":"2025-07-24T13:00:37","modified_gmt":"2025-07-24T11:00:37","slug":"area-de-distribuidores","status":"publish","type":"page","link":"https:\/\/shop.cdmitjans.com\/en\/area-de-distribuidores\/","title":{"rendered":"Distributors area"},"content":{"rendered":"<div class=\"members-access-error\">&nbsp;<\/p>\n<p style=\"text-align: center\">You must request distributor status to view content.<\/p>\n<p style=\"text-align: center\"><a href=\"https:\/\/shop.cdmitjans.com\/wp-admin\/\">Login\/Register<\/a><\/p>\n<\/div>","protected":false},"excerpt":{"rendered":"<div class=\"members-access-error\">&nbsp;<\/p>\n<p style=\"text-align: center\">You must request distributor status to view content.<\/p>\n<p style=\"text-align: center\"><a href=\"https:\/\/shop.cdmitjans.com\/wp-admin\/\">Login\/Register<\/a><\/p>\n<\/div>","protected":false},"author":8,"featured_media":0,"parent":0,"menu_order":0,"comment_status":"closed","ping_status":"closed","template":"page-templates\/template-pagebuilder-full-width.php","meta":{"neve_meta_sidebar":"","neve_meta_container":"","neve_meta_enable_content_width":"off","neve_meta_content_width":100,"neve_meta_title_alignment":"","neve_meta_author_avatar":"","neve_post_elements_order":"","neve_meta_disable_header":"","neve_meta_disable_footer":"","neve_meta_disable_title":"","footnotes":""},"class_list":["post-1001","page","type-page","status-publish","hentry"],"yoast_head":"<!-- This site is optimized with the Yoast SEO plugin v25.5 - https:\/\/yoast.com\/wordpress\/plugins\/seo\/ -->\n<title>\u00c1rea de distribuidores - Cdmitjans | Creaciones y Dise\u00f1o<\/title>\n<meta name=\"robots\" content=\"index, follow, max-snippet:-1, max-image-preview:large, max-video-preview:-1\" \/>\n<link rel=\"canonical\" href=\"https:\/\/shop.cdmitjans.com\/en\/area-de-distribuidores\/\" \/>\n<meta property=\"og:locale\" content=\"en_US\" \/>\n<meta property=\"og:type\" content=\"article\" \/>\n<meta property=\"og:title\" content=\"\u00c1rea de distribuidores - Cdmitjans | Creaciones y Dise\u00f1o\" \/>\n<meta property=\"og:description\" content=\"&nbsp; Debes solicitar el estado distribuidor para ver el contenido. Inicia sesi\u00f3n\/Registrate\" \/>\n<meta property=\"og:url\" content=\"https:\/\/shop.cdmitjans.com\/en\/area-de-distribuidores\/\" \/>\n<meta property=\"og:site_name\" content=\"Cdmitjans | Creaciones y Dise\u00f1o\" \/>\n<meta property=\"article:modified_time\" content=\"2025-07-24T11:00:37+00:00\" \/>\n<meta name=\"twitter:card\" content=\"summary_large_image\" \/>\n<meta name=\"twitter:label1\" content=\"Est. reading time\" \/>\n\t<meta name=\"twitter:data1\" content=\"1 minute\" \/>\n<script type=\"application\/ld+json\" class=\"yoast-schema-graph\">{\"@context\":\"https:\/\/schema.org\",\"@graph\":[{\"@type\":\"WebPage\",\"@id\":\"https:\/\/shop.cdmitjans.com\/area-de-distribuidores\/\",\"url\":\"https:\/\/shop.cdmitjans.com\/area-de-distribuidores\/\",\"name\":\"\u00c1rea de distribuidores - Cdmitjans | Creaciones y Dise\u00f1o\",\"isPartOf\":{\"@id\":\"https:\/\/shop.cdmitjans.com\/fr\/#website\"},\"datePublished\":\"2024-04-10T15:55:08+00:00\",\"dateModified\":\"2025-07-24T11:00:37+00:00\",\"breadcrumb\":{\"@id\":\"https:\/\/shop.cdmitjans.com\/area-de-distribuidores\/#breadcrumb\"},\"inLanguage\":\"en-US\",\"potentialAction\":[{\"@type\":\"ReadAction\",\"target\":[\"https:\/\/shop.cdmitjans.com\/area-de-distribuidores\/\"]}]},{\"@type\":\"BreadcrumbList\",\"@id\":\"https:\/\/shop.cdmitjans.com\/area-de-distribuidores\/#breadcrumb\",\"itemListElement\":[{\"@type\":\"ListItem\",\"position\":1,\"name\":\"Portada\",\"item\":\"https:\/\/shop.cdmitjans.com\/\"},{\"@type\":\"ListItem\",\"position\":2,\"name\":\"\u00c1rea de distribuidores\"}]},{\"@type\":\"WebSite\",\"@id\":\"https:\/\/shop.cdmitjans.com\/fr\/#website\",\"url\":\"https:\/\/shop.cdmitjans.com\/fr\/\",\"name\":\"Cdmitjans | Creaciones y Dise\u00f1o\",\"description\":\"Nuestras creaciones reflejan una est\u00e9tica moderna y sofisticada, combinando l\u00edneas vanguardistas con detalles cuidadosamente seleccionados.\",\"potentialAction\":[{\"@type\":\"SearchAction\",\"target\":{\"@type\":\"EntryPoint\",\"urlTemplate\":\"https:\/\/shop.cdmitjans.com\/fr\/?s={search_term_string}\"},\"query-input\":{\"@type\":\"PropertyValueSpecification\",\"valueRequired\":true,\"valueName\":\"search_term_string\"}}],\"inLanguage\":\"en-US\"}]}<\/script>\n<!-- \/ Yoast SEO plugin. -->","yoast_head_json":{"title":"Dealer Area - Cdmitjans | Creations and Design","robots":{"index":"index","follow":"follow","max-snippet":"max-snippet:-1","max-image-preview":"max-image-preview:large","max-video-preview":"max-video-preview:-1"},"canonical":"https:\/\/shop.cdmitjans.com\/en\/area-de-distribuidores\/","og_locale":"en_US","og_type":"article","og_title":"\u00c1rea de distribuidores - Cdmitjans | Creaciones y Dise\u00f1o","og_description":"&nbsp; Debes solicitar el estado distribuidor para ver el contenido. Inicia sesi\u00f3n\/Registrate","og_url":"https:\/\/shop.cdmitjans.com\/en\/area-de-distribuidores\/","og_site_name":"Cdmitjans | Creaciones y Dise\u00f1o","article_modified_time":"2025-07-24T11:00:37+00:00","twitter_card":"summary_large_image","twitter_misc":{"Est. reading time":"1 minute"},"schema":{"@context":"https:\/\/schema.org","@graph":[{"@type":"WebPage","@id":"https:\/\/shop.cdmitjans.com\/area-de-distribuidores\/","url":"https:\/\/shop.cdmitjans.com\/area-de-distribuidores\/","name":"Dealer Area - Cdmitjans | Creations and Design","isPartOf":{"@id":"https:\/\/shop.cdmitjans.com\/fr\/#website"},"datePublished":"2024-04-10T15:55:08+00:00","dateModified":"2025-07-24T11:00:37+00:00","breadcrumb":{"@id":"https:\/\/shop.cdmitjans.com\/area-de-distribuidores\/#breadcrumb"},"inLanguage":"en-US","potentialAction":[{"@type":"ReadAction","target":["https:\/\/shop.cdmitjans.com\/area-de-distribuidores\/"]}]},{"@type":"BreadcrumbList","@id":"https:\/\/shop.cdmitjans.com\/area-de-distribuidores\/#breadcrumb","itemListElement":[{"@type":"ListItem","position":1,"name":"Portada","item":"https:\/\/shop.cdmitjans.com\/"},{"@type":"ListItem","position":2,"name":"\u00c1rea de distribuidores"}]},{"@type":"WebSite","@id":"https:\/\/shop.cdmitjans.com\/fr\/#website","url":"https:\/\/shop.cdmitjans.com\/fr\/","name":"Cdmitjans | Creations and Design","description":"Our creations reflect a modern and sophisticated aesthetic, combining avant-garde lines with carefully selected details.","potentialAction":[{"@type":"SearchAction","target":{"@type":"EntryPoint","urlTemplate":"https:\/\/shop.cdmitjans.com\/fr\/?s={search_term_string}"},"query-input":{"@type":"PropertyValueSpecification","valueRequired":true,"valueName":"search_term_string"}}],"inLanguage":"en-US"}]}},"_links":{"self":[{"href":"https:\/\/shop.cdmitjans.com\/en\/wp-json\/wp\/v2\/pages\/1001","targetHints":{"allow":["GET"]}}],"collection":[{"href":"https:\/\/shop.cdmitjans.com\/en\/wp-json\/wp\/v2\/pages"}],"about":[{"href":"https:\/\/shop.cdmitjans.com\/en\/wp-json\/wp\/v2\/types\/page"}],"author":[{"embeddable":true,"href":"https:\/\/shop.cdmitjans.com\/en\/wp-json\/wp\/v2\/users\/8"}],"replies":[{"embeddable":true,"href":"https:\/\/shop.cdmitjans.com\/en\/wp-json\/wp\/v2\/comments?post=1001"}],"version-history":[{"count":0,"href":"https:\/\/shop.cdmitjans.com\/en\/wp-json\/wp\/v2\/pages\/1001\/revisions"}],"wp:attachment":[{"href":"https:\/\/shop.cdmitjans.com\/en\/wp-json\/wp\/v2\/media?parent=1001"}],"curies":[{"name":"wp","href":"https:\/\/api.w.org\/{rel}","templated":true}]}}