{"id":550,"date":"2024-03-03T18:52:42","date_gmt":"2024-03-03T18:52:42","guid":{"rendered":"https:\/\/cdmit.ultbit.com\/?page_id=550"},"modified":"2024-03-21T14:54:10","modified_gmt":"2024-03-21T13:54:10","slug":"politica-de-privacidad","status":"publish","type":"page","link":"https:\/\/shop.cdmitjans.com\/en\/politica-de-privacidad\/","title":{"rendered":"Privacy Policy"},"content":{"rendered":"<div data-elementor-type=\"wp-page\" data-elementor-id=\"550\" class=\"elementor elementor-550\" data-elementor-post-type=\"page\">\n\t\t\t\t\t\t<section class=\"elementor-section elementor-top-section elementor-element elementor-element-70684364 elementor-section-height-min-height elementor-section-content-middle elementor-section-boxed elementor-section-height-default elementor-section-items-middle\" data-id=\"70684364\" data-element_type=\"section\" data-settings=\"{&quot;background_background&quot;:&quot;classic&quot;}\">\n\t\t\t\t\t\t\t<div class=\"elementor-background-overlay\"><\/div>\n\t\t\t\t\t\t\t<div class=\"elementor-container elementor-column-gap-no\">\n\t\t\t\t\t<div class=\"elementor-column elementor-col-100 elementor-top-column elementor-element elementor-element-1c590c89\" data-id=\"1c590c89\" data-element_type=\"column\" data-settings=\"{&quot;background_background&quot;:&quot;classic&quot;}\">\n\t\t\t<div class=\"elementor-widget-wrap elementor-element-populated\">\n\t\t\t\t\t\t\t<\/div>\n\t\t<\/div>\n\t\t\t\t\t<\/div>\n\t\t<\/section>\n\t\t\t\t<section class=\"elementor-section elementor-top-section elementor-element elementor-element-2add3106 elementor-section-boxed elementor-section-height-default elementor-section-height-default\" data-id=\"2add3106\" data-element_type=\"section\">\n\t\t\t\t\t\t<div class=\"elementor-container elementor-column-gap-no\">\n\t\t\t\t\t<div class=\"elementor-column elementor-col-100 elementor-top-column elementor-element elementor-element-7cb93254\" data-id=\"7cb93254\" data-element_type=\"column\">\n\t\t\t<div class=\"elementor-widget-wrap elementor-element-populated\">\n\t\t\t\t\t\t<div class=\"elementor-element elementor-element-e4e8f6b elementor-widget elementor-widget-text-editor\" data-id=\"e4e8f6b\" data-element_type=\"widget\" data-widget_type=\"text-editor.default\">\n\t\t\t\t<div class=\"elementor-widget-container\">\n\t\t\t\t\t\t\t\t\t<div class=\"elementor-element elementor-element-e8baf9e elementor-widget elementor-widget-heading\" data-id=\"e8baf9e\" data-element_type=\"widget\" data-widget_type=\"heading.default\"><div class=\"elementor-widget-container\"><div class=\"elementor-element elementor-element-85e74bc elementor-widget elementor-widget-heading\" data-id=\"85e74bc\" data-element_type=\"widget\" data-widget_type=\"heading.default\"><div class=\"elementor-widget-container\"><h4 class=\"elementor-heading-title elementor-size-default\">Privacy Policy<\/h4><\/div><\/div><div class=\"elementor-element elementor-element-73c0f695 elementor-widget elementor-widget-text-editor\" data-id=\"73c0f695\" data-element_type=\"widget\" data-widget_type=\"text-editor.default\"><div class=\"elementor-widget-container\"><h4 class=\"wp-block-heading\">1.- INFORMATION TO THE USER<\/h4><p>The website informs website users about its policy regarding the treatment and protection of personal data of users and clients that may be requested by browsing through its website.<\/p><p>The website is responsible for the processing of the user&#039;s personal data, so the following information is provided regarding the processing of your data:<\/p><p><strong>Data conservation criteria:<\/strong>\u00a0The personal data provided will be kept until suspension is requested by the interested party, exercising their rights over the data, and in any case in compliance with applicable legal statutes of limitations.<\/p><p><strong>Rights of interested parties:<\/strong><\/p><p>Right to withdraw your consent at any time.<br \/>Right of access, rectification, deletion, portability of your data, and the limitation or opposition of its processing, as well as not being subject to automated individual decisions.<\/p><p><strong>Contact information to exercise your rights:<\/strong><\/p><p>The right to exercise must be properly identified and clearly requested.<\/p><ul><li>Web: https:\/\/shop.cdmitjans.com\/<\/li><li>Responsible: CREACIONES Y DESIGN MITJANS SL<\/li><li>NIF: <span class=\"text-bodytext-m text-neutrals-700\">B64704976<\/span><\/li><li>Address: Calle Dr. Torras i Bages, 114<\/li><li>Population: 08223 Terrassa \u2013 Barcelona<\/li><li>Telephone: 93 731 41 44<\/li><\/ul><h4 class=\"wp-block-heading\">2.- INFORMATION PROVIDED BY THE USER<\/h4><p>If you are under 18 years of age, the use of forms on our website is not permitted.<\/p><p>Users, by entering their data in the contact forms or presented in download forms, expressly and freely and unequivocally accept that their data is necessary to respond to their request, by the Controller, the inclusion of data in the data being voluntary. remaining fields.<\/p><p>The User guarantees that the personal data provided is true and is responsible for communicating any modification.<\/p><p>All data requested through the website is necessary to provide optimal service to the User. If all the data is not provided, it is not guaranteed that the information and services that the Controller provides you are completely adjusted to your needs.<\/p><h4 class=\"wp-block-heading\">3.- SECURITY MEASURES<\/h4><p>That in accordance with the provisions of current regulations regarding the protection of personal data, the Controller is complying with all the provisions of the RGPD and LOPD regulations for the processing of personal data under its responsibility, which are processed lawfully. , loyal and transparent in relation to the interested party and adequate, relevant and limited to what is necessary in relation to the purposes for which they are processed.<\/p><p>The Controller guarantees that it has implemented appropriate technical and organizational policies to apply the security measures established by the RGPD and the LOPD to protect the rights and freedoms of Users and has communicated appropriate information to them so that they can exercise them.<\/p><h4 class=\"wp-block-heading\">4.- SECURITY GAPS<\/h4><p>The Controller will report any security breach that affects the database used by this website, or that affects any of our third-party services, each and every person, data that may have been affected, and authorities, within 72 hours of detecting the breach.<\/p><h4 class=\"wp-block-heading\">APPLICABLE LAW AND JURISDICTION<\/h4><p>For the resolution of all disputes or issues related to this website or the activities carried out, Spanish legislation will apply, to which the parties expressly submit, being competent to resolve all conflicts arising or related to the use of the Courts and Tribunals of Barcelona.<\/p><\/div><\/div><\/div><\/div>\t\t\t\t\t\t\t\t<\/div>\n\t\t\t\t<\/div>\n\t\t\t\t\t<\/div>\n\t\t<\/div>\n\t\t\t\t\t<\/div>\n\t\t<\/section>\n\t\t\t\t<\/div>","protected":false},"excerpt":{"rendered":"<p>Privacy Policy 1.- USER INFORMATION The website informs users of its policy regarding the processing and protection of personal data of users and customers that may be requested when browsing its website. The website is the data controller\u2026&nbsp;<a href=\"https:\/\/shop.cdmitjans.com\/en\/politica-de-privacidad\/\" rel=\"bookmark\">Read More \u00bb<span class=\"screen-reader-text\">Privacy Policy<\/span><\/a><\/p>","protected":false},"author":1,"featured_media":0,"parent":0,"menu_order":0,"comment_status":"closed","ping_status":"closed","template":"page-templates\/template-pagebuilder-full-width.php","meta":{"neve_meta_sidebar":"","neve_meta_container":"","neve_meta_enable_content_width":"off","neve_meta_content_width":100,"neve_meta_title_alignment":"","neve_meta_author_avatar":"","neve_post_elements_order":"","neve_meta_disable_header":"","neve_meta_disable_footer":"","neve_meta_disable_title":"","footnotes":""},"class_list":["post-550","page","type-page","status-publish","hentry"],"yoast_head":"<!-- This site is optimized with the Yoast SEO plugin v25.5 - https:\/\/yoast.com\/wordpress\/plugins\/seo\/ -->\n<title>Pol\u00edtica de privacidad - Cdmitjans | Creaciones y Dise\u00f1o<\/title>\n<meta name=\"robots\" content=\"index, follow, max-snippet:-1, max-image-preview:large, max-video-preview:-1\" \/>\n<link rel=\"canonical\" href=\"https:\/\/shop.cdmitjans.com\/en\/politica-de-privacidad\/\" \/>\n<meta property=\"og:locale\" content=\"en_US\" \/>\n<meta property=\"og:type\" content=\"article\" \/>\n<meta property=\"og:title\" content=\"Pol\u00edtica de privacidad - Cdmitjans | Creaciones y Dise\u00f1o\" \/>\n<meta property=\"og:description\" content=\"Pol\u00edtica de Privacidad 1.- INFORMACI\u00d3N AL USUARIO El sitio web informa a los usuarios del sitio web sobre su pol\u00edtica respecto al tratamiento y protecci\u00f3n de los datos de car\u00e1cter personal de los usuarios y clientes que puedan ser solicitados por la navegaci\u00f3n a trav\u00e9s de su sitio web. El sitio web es el Responsable&hellip;&nbsp;Read More &raquo;Pol\u00edtica de privacidad\" \/>\n<meta property=\"og:url\" content=\"https:\/\/shop.cdmitjans.com\/en\/politica-de-privacidad\/\" \/>\n<meta property=\"og:site_name\" content=\"Cdmitjans | Creaciones y Dise\u00f1o\" \/>\n<meta property=\"article:modified_time\" content=\"2024-03-21T13:54:10+00:00\" \/>\n<meta name=\"twitter:card\" content=\"summary_large_image\" \/>\n<meta name=\"twitter:label1\" content=\"Est. reading time\" \/>\n\t<meta name=\"twitter:data1\" content=\"3 minutes\" \/>\n<script type=\"application\/ld+json\" class=\"yoast-schema-graph\">{\"@context\":\"https:\/\/schema.org\",\"@graph\":[{\"@type\":\"WebPage\",\"@id\":\"https:\/\/shop.cdmitjans.com\/politica-de-privacidad\/\",\"url\":\"https:\/\/shop.cdmitjans.com\/politica-de-privacidad\/\",\"name\":\"Pol\u00edtica de privacidad - Cdmitjans | Creaciones y Dise\u00f1o\",\"isPartOf\":{\"@id\":\"https:\/\/shop.cdmitjans.com\/fr\/#website\"},\"datePublished\":\"2024-03-03T18:52:42+00:00\",\"dateModified\":\"2024-03-21T13:54:10+00:00\",\"breadcrumb\":{\"@id\":\"https:\/\/shop.cdmitjans.com\/politica-de-privacidad\/#breadcrumb\"},\"inLanguage\":\"en-US\",\"potentialAction\":[{\"@type\":\"ReadAction\",\"target\":[\"https:\/\/shop.cdmitjans.com\/politica-de-privacidad\/\"]}]},{\"@type\":\"BreadcrumbList\",\"@id\":\"https:\/\/shop.cdmitjans.com\/politica-de-privacidad\/#breadcrumb\",\"itemListElement\":[{\"@type\":\"ListItem\",\"position\":1,\"name\":\"Portada\",\"item\":\"https:\/\/shop.cdmitjans.com\/\"},{\"@type\":\"ListItem\",\"position\":2,\"name\":\"Pol\u00edtica de privacidad\"}]},{\"@type\":\"WebSite\",\"@id\":\"https:\/\/shop.cdmitjans.com\/fr\/#website\",\"url\":\"https:\/\/shop.cdmitjans.com\/fr\/\",\"name\":\"Cdmitjans | Creaciones y Dise\u00f1o\",\"description\":\"Nuestras creaciones reflejan una est\u00e9tica moderna y sofisticada, combinando l\u00edneas vanguardistas con detalles cuidadosamente seleccionados.\",\"potentialAction\":[{\"@type\":\"SearchAction\",\"target\":{\"@type\":\"EntryPoint\",\"urlTemplate\":\"https:\/\/shop.cdmitjans.com\/fr\/?s={search_term_string}\"},\"query-input\":{\"@type\":\"PropertyValueSpecification\",\"valueRequired\":true,\"valueName\":\"search_term_string\"}}],\"inLanguage\":\"en-US\"}]}<\/script>\n<!-- \/ Yoast SEO plugin. -->","yoast_head_json":{"title":"Privacy Policy - Cdmitjans | Creations and Design","robots":{"index":"index","follow":"follow","max-snippet":"max-snippet:-1","max-image-preview":"max-image-preview:large","max-video-preview":"max-video-preview:-1"},"canonical":"https:\/\/shop.cdmitjans.com\/en\/politica-de-privacidad\/","og_locale":"en_US","og_type":"article","og_title":"Pol\u00edtica de privacidad - Cdmitjans | Creaciones y Dise\u00f1o","og_description":"Pol\u00edtica de Privacidad 1.- INFORMACI\u00d3N AL USUARIO El sitio web informa a los usuarios del sitio web sobre su pol\u00edtica respecto al tratamiento y protecci\u00f3n de los datos de car\u00e1cter personal de los usuarios y clientes que puedan ser solicitados por la navegaci\u00f3n a trav\u00e9s de su sitio web. El sitio web es el Responsable&hellip;&nbsp;Read More &raquo;Pol\u00edtica de privacidad","og_url":"https:\/\/shop.cdmitjans.com\/en\/politica-de-privacidad\/","og_site_name":"Cdmitjans | Creaciones y Dise\u00f1o","article_modified_time":"2024-03-21T13:54:10+00:00","twitter_card":"summary_large_image","twitter_misc":{"Est. reading time":"3 minutes"},"schema":{"@context":"https:\/\/schema.org","@graph":[{"@type":"WebPage","@id":"https:\/\/shop.cdmitjans.com\/politica-de-privacidad\/","url":"https:\/\/shop.cdmitjans.com\/politica-de-privacidad\/","name":"Privacy Policy - Cdmitjans | Creations and Design","isPartOf":{"@id":"https:\/\/shop.cdmitjans.com\/fr\/#website"},"datePublished":"2024-03-03T18:52:42+00:00","dateModified":"2024-03-21T13:54:10+00:00","breadcrumb":{"@id":"https:\/\/shop.cdmitjans.com\/politica-de-privacidad\/#breadcrumb"},"inLanguage":"en-US","potentialAction":[{"@type":"ReadAction","target":["https:\/\/shop.cdmitjans.com\/politica-de-privacidad\/"]}]},{"@type":"BreadcrumbList","@id":"https:\/\/shop.cdmitjans.com\/politica-de-privacidad\/#breadcrumb","itemListElement":[{"@type":"ListItem","position":1,"name":"Portada","item":"https:\/\/shop.cdmitjans.com\/"},{"@type":"ListItem","position":2,"name":"Pol\u00edtica de privacidad"}]},{"@type":"WebSite","@id":"https:\/\/shop.cdmitjans.com\/fr\/#website","url":"https:\/\/shop.cdmitjans.com\/fr\/","name":"Cdmitjans | Creations and Design","description":"Our creations reflect a modern and sophisticated aesthetic, combining avant-garde lines with carefully selected details.","potentialAction":[{"@type":"SearchAction","target":{"@type":"EntryPoint","urlTemplate":"https:\/\/shop.cdmitjans.com\/fr\/?s={search_term_string}"},"query-input":{"@type":"PropertyValueSpecification","valueRequired":true,"valueName":"search_term_string"}}],"inLanguage":"en-US"}]}},"_links":{"self":[{"href":"https:\/\/shop.cdmitjans.com\/en\/wp-json\/wp\/v2\/pages\/550","targetHints":{"allow":["GET"]}}],"collection":[{"href":"https:\/\/shop.cdmitjans.com\/en\/wp-json\/wp\/v2\/pages"}],"about":[{"href":"https:\/\/shop.cdmitjans.com\/en\/wp-json\/wp\/v2\/types\/page"}],"author":[{"embeddable":true,"href":"https:\/\/shop.cdmitjans.com\/en\/wp-json\/wp\/v2\/users\/1"}],"replies":[{"embeddable":true,"href":"https:\/\/shop.cdmitjans.com\/en\/wp-json\/wp\/v2\/comments?post=550"}],"version-history":[{"count":0,"href":"https:\/\/shop.cdmitjans.com\/en\/wp-json\/wp\/v2\/pages\/550\/revisions"}],"wp:attachment":[{"href":"https:\/\/shop.cdmitjans.com\/en\/wp-json\/wp\/v2\/media?parent=550"}],"curies":[{"name":"wp","href":"https:\/\/api.w.org\/{rel}","templated":true}]}}