{"id":558,"date":"2024-03-03T18:54:11","date_gmt":"2024-03-03T18:54:11","guid":{"rendered":"https:\/\/cdmit.ultbit.com\/?page_id=558"},"modified":"2024-03-21T13:34:18","modified_gmt":"2024-03-21T12:34:18","slug":"politica-de-cookies","status":"publish","type":"page","link":"https:\/\/shop.cdmitjans.com\/en\/politica-de-cookies\/","title":{"rendered":"Cookies policy"},"content":{"rendered":"<div data-elementor-type=\"wp-page\" data-elementor-id=\"558\" class=\"elementor elementor-558\" data-elementor-post-type=\"page\">\n\t\t\t\t\t\t<section class=\"elementor-section elementor-top-section elementor-element elementor-element-70684364 elementor-section-height-min-height elementor-section-content-middle elementor-section-boxed elementor-section-height-default elementor-section-items-middle\" data-id=\"70684364\" data-element_type=\"section\" data-settings=\"{&quot;background_background&quot;:&quot;classic&quot;}\">\n\t\t\t\t\t\t\t<div class=\"elementor-background-overlay\"><\/div>\n\t\t\t\t\t\t\t<div class=\"elementor-container elementor-column-gap-no\">\n\t\t\t\t\t<div class=\"elementor-column elementor-col-100 elementor-top-column elementor-element elementor-element-1c590c89\" data-id=\"1c590c89\" data-element_type=\"column\" data-settings=\"{&quot;background_background&quot;:&quot;classic&quot;}\">\n\t\t\t<div class=\"elementor-widget-wrap elementor-element-populated\">\n\t\t\t\t\t\t\t<\/div>\n\t\t<\/div>\n\t\t\t\t\t<\/div>\n\t\t<\/section>\n\t\t\t\t<section class=\"elementor-section elementor-top-section elementor-element elementor-element-2add3106 elementor-section-boxed elementor-section-height-default elementor-section-height-default\" data-id=\"2add3106\" data-element_type=\"section\">\n\t\t\t\t\t\t<div class=\"elementor-container elementor-column-gap-no\">\n\t\t\t\t\t<div class=\"elementor-column elementor-col-100 elementor-top-column elementor-element elementor-element-7cb93254\" data-id=\"7cb93254\" data-element_type=\"column\">\n\t\t\t<div class=\"elementor-widget-wrap elementor-element-populated\">\n\t\t\t\t\t\t<div class=\"elementor-element elementor-element-e4e8f6b elementor-widget elementor-widget-text-editor\" data-id=\"e4e8f6b\" data-element_type=\"widget\" data-widget_type=\"text-editor.default\">\n\t\t\t\t<div class=\"elementor-widget-container\">\n\t\t\t\t\t\t\t\t\t<div class=\"elementor-element elementor-element-e8baf9e elementor-widget elementor-widget-heading\" data-id=\"e8baf9e\" data-element_type=\"widget\" data-widget_type=\"heading.default\"><div class=\"elementor-widget-container\"><div class=\"elementor-element elementor-element-85e74bc elementor-widget elementor-widget-heading\" data-id=\"85e74bc\" data-element_type=\"widget\" data-widget_type=\"heading.default\"><div class=\"elementor-widget-container\"><h2>1. Introduction<\/h2><p>Our web, <a href=\"https:\/\/shop.cdmitjans.com\/en\/\">https:\/\/shop.cdmitjans.com<\/a> (hereinafter: &quot;the website&quot;) uses cookies and other related technologies (for convenience, all technologies are called &quot;cookies&quot;). Cookies are also placed by third parties we have contracted. In the following document we inform you about the use of cookies on our website.<\/p><h2>2. What are cookies?<\/h2><p>A cookie is a small file that is sent along with the pages of this website and that your browser stores on the hard drive of your computer or other device. Stored information may be returned to our servers or the appropriate third-party servers during a subsequent visit.<\/p><h2>3. What are scripts?<\/h2><p>A script is a fragment of program code that is used to make our website work correctly and interactively. This code runs on our server or on your device.<\/p><h2>4. What is a web beacon?<\/h2><p>A web beacon (or pixel tag) is a small, invisible piece of text or image on a website that is used to monitor traffic on a website. To do this, various data about you is stored by these web beacons.<\/p><h2>5. Cookies<\/h2><p class=\"cmplz-subtitle\">5.1 Technical or functional cookies<\/p><p>Some cookies ensure that certain parts of the website work correctly and that your user preferences continue to be remembered. By placing functional cookies, we make it easier for you to visit our website. This way, you do not need to repeatedly enter the same information when you visit our website and, for example, items remain in your shopping basket until you have paid. We may place these cookies without your consent.<\/p><p class=\"cmplz-subtitle\">5.2 Marketing\/tracking cookies<\/p><p>Marketing\/tracking cookies are cookies, or any other form of local storage, used to create user profiles to display advertising or to track the user on this website or on various websites for similar marketing purposes.<\/p><\/div><\/div><\/div><\/div><div>\u00a0<\/div><div>\u00a0<\/div><div class=\"elementor-element elementor-element-e8baf9e elementor-widget elementor-widget-heading\" data-id=\"e8baf9e\" data-element_type=\"widget\" data-widget_type=\"heading.default\"><div class=\"elementor-widget-container\"><div class=\"elementor-element elementor-element-85e74bc elementor-widget elementor-widget-heading\" data-id=\"85e74bc\" data-element_type=\"widget\" data-widget_type=\"heading.default\"><div class=\"elementor-widget-container\"><h2>6. Consent<\/h2><p>When you visit our website for the first time, we will show you a pop-up window with an explanation about cookies. As soon as you click &quot;Save preferences&quot;, you agree to our use of the categories of cookies and plugins that you have selected in the pop-up window, as described in this cookie policy. You can disable the use of cookies through your browser, but please keep in mind that our website may stop working correctly.<\/p><p class=\"cmplz-subtitle\">6.1 Manage your consent settings<\/p><div id=\"cmplz-manage-consent-container-nojavascript\">You have loaded the cookie policy without JavaScript support. In AMP, you can use the manage consent button at the bottom of the page.<\/div><h2>7. Activation\/deactivation and deletion of cookies<\/h2><p>You can use your Internet browser to delete cookies automatically or manually. You can also specify that certain cookies cannot be placed. Another option is to change your Internet browser settings so that you receive a message each time a cookie is placed. For more information about these options, see the instructions in the &quot;Help&quot; section of your browser.<\/p><p>Please note that our website may not function correctly if all cookies are disabled. If you delete cookies from your browser, they will be placed again after your consent when you visit our websites again.<\/p><h2>8. Your rights regarding personal data<\/h2><p>You have the following rights regarding your personal data:<\/p><ul><li>You have the right to know why your personal data is needed, what will happen to it and how long it will be kept.<\/li><li>Right of access: you have the right to access your personal data that we know.<\/li><li>Right to rectification: you have the right to complete, rectify, delete or block your personal data whenever you wish.<\/li><li>If you give us your consent to process your data, you have the right to revoke that consent and have your personal data deleted.<\/li><li>Right to transfer your data: you have the right to request all your personal data from the data controller and to transfer them in their entirety to another data controller.<\/li><li>Right to object: you can object to the processing of your data. We comply with this, unless there are justified grounds for the processing.<\/li><\/ul><p>To exercise these rights, please contact us. Please see contact details at the bottom of this cookie policy. If you have any complaints about how we handle your data, we would like you to let us know, but you also have the right to submit a complaint to the supervisory authority (the data protection authority).<\/p><h2>9. Contact details<\/h2><p>For questions and\/or comments about our cookie policy and this statement, please contact us using the following contact details:<\/p><p><span class=\"cmplz-contact-organisation\">CD Mitjans<\/span><br \/><span class=\"cmplz-contact-address\">Calle Dr. Torras i Bages, 114 \u2013 08223 Terrassa \u2013 Barcelona<br \/><\/span><br \/><span class=\"cmplz-contact-country\">Spain<\/span><br \/>Web: <span class=\"cmplz-contact-domain\"><a href=\"https:\/\/shop.cdmitjans.com\/en\/\">https:\/\/shop.cdmitjans.com<\/a><\/span><br \/>Email: <span class=\"cmplz-contact-email\">ventas@cdmitjans.es<\/span><br \/><span class=\"cmplz-contact-telephone\">Telephone number: 93 731 41 44<\/span><\/p><\/div><\/div><\/div><\/div>\t\t\t\t\t\t\t\t<\/div>\n\t\t\t\t<\/div>\n\t\t\t\t\t<\/div>\n\t\t<\/div>\n\t\t\t\t\t<\/div>\n\t\t<\/section>\n\t\t\t\t<\/div>","protected":false},"excerpt":{"rendered":"<p>1. Introduction Our website, https:\/\/shop.cdmitjans.com (hereinafter: &quot;the website&quot;), uses cookies and other related technologies (for convenience, all technologies are referred to as &quot;cookies&quot;). Cookies are also placed by third parties we have contracted. In the following document, we inform you about the use of cookies on our website. 2. What are cookies?&nbsp;<a href=\"https:\/\/shop.cdmitjans.com\/en\/politica-de-cookies\/\" rel=\"bookmark\">Read More \u00bb<span class=\"screen-reader-text\">Cookies policy<\/span><\/a><\/p>","protected":false},"author":1,"featured_media":0,"parent":0,"menu_order":0,"comment_status":"closed","ping_status":"closed","template":"page-templates\/template-pagebuilder-full-width.php","meta":{"neve_meta_sidebar":"","neve_meta_container":"","neve_meta_enable_content_width":"off","neve_meta_content_width":100,"neve_meta_title_alignment":"","neve_meta_author_avatar":"","neve_post_elements_order":"","neve_meta_disable_header":"","neve_meta_disable_footer":"","neve_meta_disable_title":"","footnotes":""},"class_list":["post-558","page","type-page","status-publish","hentry"],"yoast_head":"<!-- This site is optimized with the Yoast SEO plugin v25.5 - https:\/\/yoast.com\/wordpress\/plugins\/seo\/ -->\n<title>Pol\u00edtica de cookies - Cdmitjans | Creaciones y Dise\u00f1o<\/title>\n<meta name=\"robots\" content=\"index, follow, max-snippet:-1, max-image-preview:large, max-video-preview:-1\" \/>\n<link rel=\"canonical\" href=\"https:\/\/shop.cdmitjans.com\/en\/politica-de-cookies\/\" \/>\n<meta property=\"og:locale\" content=\"en_US\" \/>\n<meta property=\"og:type\" content=\"article\" \/>\n<meta property=\"og:title\" content=\"Pol\u00edtica de cookies - Cdmitjans | Creaciones y Dise\u00f1o\" \/>\n<meta property=\"og:description\" content=\"1. Introducci\u00f3n Nuestra web, https:\/\/shop.cdmitjans.com (en adelante: \u00abla web\u00bb) utiliza cookies y otras tecnolog\u00edas relacionadas (para mayor comodidad, todas las tecnolog\u00edas se denominan \u00abcookies\u00bb). Las cookies tambi\u00e9n son colocadas por terceros a los que hemos contratado. En el siguiente documento te informamos sobre el uso de cookies en nuestra web. 2. \u00bfQu\u00e9 son las cookies?&hellip;&nbsp;Read More &raquo;Pol\u00edtica de cookies\" \/>\n<meta property=\"og:url\" content=\"https:\/\/shop.cdmitjans.com\/en\/politica-de-cookies\/\" \/>\n<meta property=\"og:site_name\" content=\"Cdmitjans | Creaciones y Dise\u00f1o\" \/>\n<meta property=\"article:modified_time\" content=\"2024-03-21T12:34:18+00:00\" \/>\n<meta name=\"twitter:card\" content=\"summary_large_image\" \/>\n<meta name=\"twitter:label1\" content=\"Est. reading time\" \/>\n\t<meta name=\"twitter:data1\" content=\"4 minutes\" \/>\n<script type=\"application\/ld+json\" class=\"yoast-schema-graph\">{\"@context\":\"https:\/\/schema.org\",\"@graph\":[{\"@type\":\"WebPage\",\"@id\":\"https:\/\/shop.cdmitjans.com\/politica-de-cookies\/\",\"url\":\"https:\/\/shop.cdmitjans.com\/politica-de-cookies\/\",\"name\":\"Pol\u00edtica de cookies - Cdmitjans | Creaciones y Dise\u00f1o\",\"isPartOf\":{\"@id\":\"https:\/\/shop.cdmitjans.com\/fr\/#website\"},\"datePublished\":\"2024-03-03T18:54:11+00:00\",\"dateModified\":\"2024-03-21T12:34:18+00:00\",\"breadcrumb\":{\"@id\":\"https:\/\/shop.cdmitjans.com\/politica-de-cookies\/#breadcrumb\"},\"inLanguage\":\"en-US\",\"potentialAction\":[{\"@type\":\"ReadAction\",\"target\":[\"https:\/\/shop.cdmitjans.com\/politica-de-cookies\/\"]}]},{\"@type\":\"BreadcrumbList\",\"@id\":\"https:\/\/shop.cdmitjans.com\/politica-de-cookies\/#breadcrumb\",\"itemListElement\":[{\"@type\":\"ListItem\",\"position\":1,\"name\":\"Portada\",\"item\":\"https:\/\/shop.cdmitjans.com\/\"},{\"@type\":\"ListItem\",\"position\":2,\"name\":\"Pol\u00edtica de cookies\"}]},{\"@type\":\"WebSite\",\"@id\":\"https:\/\/shop.cdmitjans.com\/fr\/#website\",\"url\":\"https:\/\/shop.cdmitjans.com\/fr\/\",\"name\":\"Cdmitjans | Creaciones y Dise\u00f1o\",\"description\":\"Nuestras creaciones reflejan una est\u00e9tica moderna y sofisticada, combinando l\u00edneas vanguardistas con detalles cuidadosamente seleccionados.\",\"potentialAction\":[{\"@type\":\"SearchAction\",\"target\":{\"@type\":\"EntryPoint\",\"urlTemplate\":\"https:\/\/shop.cdmitjans.com\/fr\/?s={search_term_string}\"},\"query-input\":{\"@type\":\"PropertyValueSpecification\",\"valueRequired\":true,\"valueName\":\"search_term_string\"}}],\"inLanguage\":\"en-US\"}]}<\/script>\n<!-- \/ Yoast SEO plugin. -->","yoast_head_json":{"title":"Cookie Policy - Cdmitjans | Creations and Design","robots":{"index":"index","follow":"follow","max-snippet":"max-snippet:-1","max-image-preview":"max-image-preview:large","max-video-preview":"max-video-preview:-1"},"canonical":"https:\/\/shop.cdmitjans.com\/en\/politica-de-cookies\/","og_locale":"en_US","og_type":"article","og_title":"Pol\u00edtica de cookies - Cdmitjans | Creaciones y Dise\u00f1o","og_description":"1. Introducci\u00f3n Nuestra web, https:\/\/shop.cdmitjans.com (en adelante: \u00abla web\u00bb) utiliza cookies y otras tecnolog\u00edas relacionadas (para mayor comodidad, todas las tecnolog\u00edas se denominan \u00abcookies\u00bb). Las cookies tambi\u00e9n son colocadas por terceros a los que hemos contratado. En el siguiente documento te informamos sobre el uso de cookies en nuestra web. 2. \u00bfQu\u00e9 son las cookies?&hellip;&nbsp;Read More &raquo;Pol\u00edtica de cookies","og_url":"https:\/\/shop.cdmitjans.com\/en\/politica-de-cookies\/","og_site_name":"Cdmitjans | Creaciones y Dise\u00f1o","article_modified_time":"2024-03-21T12:34:18+00:00","twitter_card":"summary_large_image","twitter_misc":{"Est. reading time":"4 minutes"},"schema":{"@context":"https:\/\/schema.org","@graph":[{"@type":"WebPage","@id":"https:\/\/shop.cdmitjans.com\/politica-de-cookies\/","url":"https:\/\/shop.cdmitjans.com\/politica-de-cookies\/","name":"Cookie Policy - Cdmitjans | Creations and Design","isPartOf":{"@id":"https:\/\/shop.cdmitjans.com\/fr\/#website"},"datePublished":"2024-03-03T18:54:11+00:00","dateModified":"2024-03-21T12:34:18+00:00","breadcrumb":{"@id":"https:\/\/shop.cdmitjans.com\/politica-de-cookies\/#breadcrumb"},"inLanguage":"en-US","potentialAction":[{"@type":"ReadAction","target":["https:\/\/shop.cdmitjans.com\/politica-de-cookies\/"]}]},{"@type":"BreadcrumbList","@id":"https:\/\/shop.cdmitjans.com\/politica-de-cookies\/#breadcrumb","itemListElement":[{"@type":"ListItem","position":1,"name":"Portada","item":"https:\/\/shop.cdmitjans.com\/"},{"@type":"ListItem","position":2,"name":"Pol\u00edtica de cookies"}]},{"@type":"WebSite","@id":"https:\/\/shop.cdmitjans.com\/fr\/#website","url":"https:\/\/shop.cdmitjans.com\/fr\/","name":"Cdmitjans | Creations and Design","description":"Our creations reflect a modern and sophisticated aesthetic, combining avant-garde lines with carefully selected details.","potentialAction":[{"@type":"SearchAction","target":{"@type":"EntryPoint","urlTemplate":"https:\/\/shop.cdmitjans.com\/fr\/?s={search_term_string}"},"query-input":{"@type":"PropertyValueSpecification","valueRequired":true,"valueName":"search_term_string"}}],"inLanguage":"en-US"}]}},"_links":{"self":[{"href":"https:\/\/shop.cdmitjans.com\/en\/wp-json\/wp\/v2\/pages\/558","targetHints":{"allow":["GET"]}}],"collection":[{"href":"https:\/\/shop.cdmitjans.com\/en\/wp-json\/wp\/v2\/pages"}],"about":[{"href":"https:\/\/shop.cdmitjans.com\/en\/wp-json\/wp\/v2\/types\/page"}],"author":[{"embeddable":true,"href":"https:\/\/shop.cdmitjans.com\/en\/wp-json\/wp\/v2\/users\/1"}],"replies":[{"embeddable":true,"href":"https:\/\/shop.cdmitjans.com\/en\/wp-json\/wp\/v2\/comments?post=558"}],"version-history":[{"count":0,"href":"https:\/\/shop.cdmitjans.com\/en\/wp-json\/wp\/v2\/pages\/558\/revisions"}],"wp:attachment":[{"href":"https:\/\/shop.cdmitjans.com\/en\/wp-json\/wp\/v2\/media?parent=558"}],"curies":[{"name":"wp","href":"https:\/\/api.w.org\/{rel}","templated":true}]}}