{"id":1255,"date":"2024-04-16T10:28:04","date_gmt":"2024-04-16T08:28:04","guid":{"rendered":"https:\/\/shop.cdmitjans.com\/?post_type=product&#038;p=1255"},"modified":"2025-06-09T13:18:46","modified_gmt":"2025-06-09T11:18:46","slug":"pijama-con-jaretas-y-pantalon-corto-liso","status":"publish","type":"product","link":"https:\/\/shop.cdmitjans.com\/en\/product\/pijama-con-jaretas-y-pantalon-corto-liso\/","title":{"rendered":"Pajamas with drawstrings and plain shorts"},"content":{"rendered":"<p>Short sleeve pajamas with drawstrings and plain shorts<\/p>\n<p>model 740075<\/p>\n<p>color 696 rome<\/p>\n<p>composition: 100% cotton t-shirt<\/p>\n<p>pants 94% viscose 6% elastane<\/p>\n<p>&nbsp;<\/p>","protected":false},"excerpt":{"rendered":"<p>color 696 rome<\/p>\n<p>composition: 100% cotton t-shirt<\/p>\n<p>pants 94% viscose 6% elastane<\/p>","protected":false},"featured_media":1256,"template":"","meta":{"neve_meta_sidebar":"","neve_meta_container":"","neve_meta_enable_content_width":"off","neve_meta_content_width":100,"neve_meta_title_alignment":"","neve_meta_author_avatar":"","neve_post_elements_order":"","neve_meta_disable_header":"","neve_meta_disable_footer":"","neve_meta_disable_title":""},"product_brand":[],"product_cat":[148,146],"product_tag":[],"class_list":{"0":"post-1255","1":"product","2":"type-product","3":"status-publish","4":"has-post-thumbnail","6":"product_cat-pijama","7":"product_cat-verano-24-lenceria","9":"first","10":"instock","11":"sale","12":"taxable","13":"shipping-taxable","14":"purchasable","15":"product-type-variable"},"yoast_head":"<!-- This site is optimized with the Yoast SEO plugin v25.5 - https:\/\/yoast.com\/wordpress\/plugins\/seo\/ -->\n<title>Pijama con jaretas y pantal\u00f3n corto liso - Cdmitjans | Creaciones y Dise\u00f1o<\/title>\n<meta name=\"robots\" content=\"index, follow, max-snippet:-1, max-image-preview:large, max-video-preview:-1\" \/>\n<link rel=\"canonical\" href=\"https:\/\/shop.cdmitjans.com\/en\/product\/pijama-con-jaretas-y-pantalon-corto-liso\/\" \/>\n<meta property=\"og:locale\" content=\"en_US\" \/>\n<meta property=\"og:type\" content=\"article\" \/>\n<meta property=\"og:title\" content=\"Pijama con jaretas y pantal\u00f3n corto liso - Cdmitjans | Creaciones y Dise\u00f1o\" \/>\n<meta property=\"og:description\" content=\"color 696 roma  composici\u00f3n: camiseta 100% algod\u00f3n  pantal\u00f3n 94% viscosa 6% elastan\" \/>\n<meta property=\"og:url\" content=\"https:\/\/shop.cdmitjans.com\/en\/product\/pijama-con-jaretas-y-pantalon-corto-liso\/\" \/>\n<meta property=\"og:site_name\" content=\"Cdmitjans | Creaciones y Dise\u00f1o\" \/>\n<meta property=\"article:modified_time\" content=\"2025-06-09T11:18:46+00:00\" \/>\n<meta property=\"og:image\" content=\"https:\/\/shop.cdmitjans.com\/wp-content\/uploads\/2024\/04\/pijama-740075.jpg\" \/>\n\t<meta property=\"og:image:width\" content=\"1075\" \/>\n\t<meta property=\"og:image:height\" content=\"1613\" \/>\n\t<meta property=\"og:image:type\" content=\"image\/jpeg\" \/>\n<meta name=\"twitter:card\" content=\"summary_large_image\" \/>\n<meta name=\"twitter:label1\" content=\"Est. reading time\" \/>\n\t<meta name=\"twitter:data1\" content=\"1 minute\" \/>\n<script type=\"application\/ld+json\" class=\"yoast-schema-graph\">{\"@context\":\"https:\/\/schema.org\",\"@graph\":[{\"@type\":\"WebPage\",\"@id\":\"https:\/\/shop.cdmitjans.com\/producto\/pijama-con-jaretas-y-pantalon-corto-liso\/\",\"url\":\"https:\/\/shop.cdmitjans.com\/producto\/pijama-con-jaretas-y-pantalon-corto-liso\/\",\"name\":\"Pijama con jaretas y pantal\u00f3n corto liso - Cdmitjans | Creaciones y Dise\u00f1o\",\"isPartOf\":{\"@id\":\"https:\/\/shop.cdmitjans.com\/fr\/#website\"},\"primaryImageOfPage\":{\"@id\":\"https:\/\/shop.cdmitjans.com\/producto\/pijama-con-jaretas-y-pantalon-corto-liso\/#primaryimage\"},\"image\":{\"@id\":\"https:\/\/shop.cdmitjans.com\/producto\/pijama-con-jaretas-y-pantalon-corto-liso\/#primaryimage\"},\"thumbnailUrl\":\"https:\/\/shop.cdmitjans.com\/wp-content\/uploads\/2024\/04\/pijama-740075.jpg\",\"datePublished\":\"2024-04-16T08:28:04+00:00\",\"dateModified\":\"2025-06-09T11:18:46+00:00\",\"breadcrumb\":{\"@id\":\"https:\/\/shop.cdmitjans.com\/producto\/pijama-con-jaretas-y-pantalon-corto-liso\/#breadcrumb\"},\"inLanguage\":\"en-US\",\"potentialAction\":[{\"@type\":\"ReadAction\",\"target\":[\"https:\/\/shop.cdmitjans.com\/producto\/pijama-con-jaretas-y-pantalon-corto-liso\/\"]}]},{\"@type\":\"ImageObject\",\"inLanguage\":\"en-US\",\"@id\":\"https:\/\/shop.cdmitjans.com\/producto\/pijama-con-jaretas-y-pantalon-corto-liso\/#primaryimage\",\"url\":\"https:\/\/shop.cdmitjans.com\/wp-content\/uploads\/2024\/04\/pijama-740075.jpg\",\"contentUrl\":\"https:\/\/shop.cdmitjans.com\/wp-content\/uploads\/2024\/04\/pijama-740075.jpg\",\"width\":1075,\"height\":1613},{\"@type\":\"BreadcrumbList\",\"@id\":\"https:\/\/shop.cdmitjans.com\/producto\/pijama-con-jaretas-y-pantalon-corto-liso\/#breadcrumb\",\"itemListElement\":[{\"@type\":\"ListItem\",\"position\":1,\"name\":\"Portada\",\"item\":\"https:\/\/shop.cdmitjans.com\/\"},{\"@type\":\"ListItem\",\"position\":2,\"name\":\"Tienda\",\"item\":\"https:\/\/shop.cdmitjans.com\/tienda\/\"},{\"@type\":\"ListItem\",\"position\":3,\"name\":\"Pijama con jaretas y pantal\u00f3n corto liso\"}]},{\"@type\":\"WebSite\",\"@id\":\"https:\/\/shop.cdmitjans.com\/fr\/#website\",\"url\":\"https:\/\/shop.cdmitjans.com\/fr\/\",\"name\":\"Cdmitjans | Creaciones y Dise\u00f1o\",\"description\":\"Nuestras creaciones reflejan una est\u00e9tica moderna y sofisticada, combinando l\u00edneas vanguardistas con detalles cuidadosamente seleccionados.\",\"potentialAction\":[{\"@type\":\"SearchAction\",\"target\":{\"@type\":\"EntryPoint\",\"urlTemplate\":\"https:\/\/shop.cdmitjans.com\/fr\/?s={search_term_string}\"},\"query-input\":{\"@type\":\"PropertyValueSpecification\",\"valueRequired\":true,\"valueName\":\"search_term_string\"}}],\"inLanguage\":\"en-US\"}]}<\/script>\n<!-- \/ Yoast SEO plugin. -->","yoast_head_json":{"title":"Pijama con jaretas y pantal\u00f3n corto liso - Cdmitjans | Creaciones y Dise\u00f1o","robots":{"index":"index","follow":"follow","max-snippet":"max-snippet:-1","max-image-preview":"max-image-preview:large","max-video-preview":"max-video-preview:-1"},"canonical":"https:\/\/shop.cdmitjans.com\/en\/product\/pijama-con-jaretas-y-pantalon-corto-liso\/","og_locale":"en_US","og_type":"article","og_title":"Pijama con jaretas y pantal\u00f3n corto liso - Cdmitjans | Creaciones y Dise\u00f1o","og_description":"color 696 roma  composici\u00f3n: camiseta 100% algod\u00f3n  pantal\u00f3n 94% viscosa 6% elastan","og_url":"https:\/\/shop.cdmitjans.com\/en\/product\/pijama-con-jaretas-y-pantalon-corto-liso\/","og_site_name":"Cdmitjans | Creaciones y Dise\u00f1o","article_modified_time":"2025-06-09T11:18:46+00:00","og_image":[{"width":1075,"height":1613,"url":"https:\/\/shop.cdmitjans.com\/wp-content\/uploads\/2024\/04\/pijama-740075.jpg","type":"image\/jpeg"}],"twitter_card":"summary_large_image","twitter_misc":{"Est. reading time":"1 minute"},"schema":{"@context":"https:\/\/schema.org","@graph":[{"@type":"WebPage","@id":"https:\/\/shop.cdmitjans.com\/producto\/pijama-con-jaretas-y-pantalon-corto-liso\/","url":"https:\/\/shop.cdmitjans.com\/producto\/pijama-con-jaretas-y-pantalon-corto-liso\/","name":"Pijama con jaretas y pantal\u00f3n corto liso - Cdmitjans | Creaciones y Dise\u00f1o","isPartOf":{"@id":"https:\/\/shop.cdmitjans.com\/fr\/#website"},"primaryImageOfPage":{"@id":"https:\/\/shop.cdmitjans.com\/producto\/pijama-con-jaretas-y-pantalon-corto-liso\/#primaryimage"},"image":{"@id":"https:\/\/shop.cdmitjans.com\/producto\/pijama-con-jaretas-y-pantalon-corto-liso\/#primaryimage"},"thumbnailUrl":"https:\/\/shop.cdmitjans.com\/wp-content\/uploads\/2024\/04\/pijama-740075.jpg","datePublished":"2024-04-16T08:28:04+00:00","dateModified":"2025-06-09T11:18:46+00:00","breadcrumb":{"@id":"https:\/\/shop.cdmitjans.com\/producto\/pijama-con-jaretas-y-pantalon-corto-liso\/#breadcrumb"},"inLanguage":"en-US","potentialAction":[{"@type":"ReadAction","target":["https:\/\/shop.cdmitjans.com\/producto\/pijama-con-jaretas-y-pantalon-corto-liso\/"]}]},{"@type":"ImageObject","inLanguage":"en-US","@id":"https:\/\/shop.cdmitjans.com\/producto\/pijama-con-jaretas-y-pantalon-corto-liso\/#primaryimage","url":"https:\/\/shop.cdmitjans.com\/wp-content\/uploads\/2024\/04\/pijama-740075.jpg","contentUrl":"https:\/\/shop.cdmitjans.com\/wp-content\/uploads\/2024\/04\/pijama-740075.jpg","width":1075,"height":1613},{"@type":"BreadcrumbList","@id":"https:\/\/shop.cdmitjans.com\/producto\/pijama-con-jaretas-y-pantalon-corto-liso\/#breadcrumb","itemListElement":[{"@type":"ListItem","position":1,"name":"Portada","item":"https:\/\/shop.cdmitjans.com\/"},{"@type":"ListItem","position":2,"name":"Tienda","item":"https:\/\/shop.cdmitjans.com\/tienda\/"},{"@type":"ListItem","position":3,"name":"Pijama con jaretas y pantal\u00f3n corto liso"}]},{"@type":"WebSite","@id":"https:\/\/shop.cdmitjans.com\/fr\/#website","url":"https:\/\/shop.cdmitjans.com\/fr\/","name":"Cdmitjans | Creations and Design","description":"Our creations reflect a modern and sophisticated aesthetic, combining avant-garde lines with carefully selected details.","potentialAction":[{"@type":"SearchAction","target":{"@type":"EntryPoint","urlTemplate":"https:\/\/shop.cdmitjans.com\/fr\/?s={search_term_string}"},"query-input":{"@type":"PropertyValueSpecification","valueRequired":true,"valueName":"search_term_string"}}],"inLanguage":"en-US"}]}},"_links":{"self":[{"href":"https:\/\/shop.cdmitjans.com\/en\/wp-json\/wp\/v2\/product\/1255","targetHints":{"allow":["GET"]}}],"collection":[{"href":"https:\/\/shop.cdmitjans.com\/en\/wp-json\/wp\/v2\/product"}],"about":[{"href":"https:\/\/shop.cdmitjans.com\/en\/wp-json\/wp\/v2\/types\/product"}],"wp:featuredmedia":[{"embeddable":true,"href":"https:\/\/shop.cdmitjans.com\/en\/wp-json\/wp\/v2\/media\/1256"}],"wp:attachment":[{"href":"https:\/\/shop.cdmitjans.com\/en\/wp-json\/wp\/v2\/media?parent=1255"}],"wp:term":[{"taxonomy":"product_brand","embeddable":true,"href":"https:\/\/shop.cdmitjans.com\/en\/wp-json\/wp\/v2\/product_brand?post=1255"},{"taxonomy":"product_cat","embeddable":true,"href":"https:\/\/shop.cdmitjans.com\/en\/wp-json\/wp\/v2\/product_cat?post=1255"},{"taxonomy":"product_tag","embeddable":true,"href":"https:\/\/shop.cdmitjans.com\/en\/wp-json\/wp\/v2\/product_tag?post=1255"}],"curies":[{"name":"wp","href":"https:\/\/api.w.org\/{rel}","templated":true}]}}