{"id":3534,"date":"2024-10-03T11:16:22","date_gmt":"2024-10-03T09:16:22","guid":{"rendered":"https:\/\/shop.cdmitjans.com\/?post_type=product&#038;p=3534"},"modified":"2026-02-10T11:13:19","modified_gmt":"2026-02-10T10:13:19","slug":"bata-acolchada-cuello-bebe-y-punos-de-canale","status":"publish","type":"product","link":"https:\/\/shop.cdmitjans.com\/en\/product\/bata-acolchada-cuello-bebe-y-punos-de-canale\/","title":{"rendered":"Quilted robe with baby collar and ribbed cuffs"},"content":{"rendered":"<p>Quilted robe with baby collar and ribbed cuffs<\/p>\n<p>Model 830474<\/p>\n<p>color 716 cassandra<\/p>\n<p>Composition 100% cotton lining: 50% Cotton 50% Polyester<\/p>","protected":false},"excerpt":{"rendered":"<p>color 716 cassandra<\/p>\n<p>Composition 100% cotton lining: 50% Cotton 50% Polyester<\/p>","protected":false},"featured_media":3536,"template":"","meta":{"neve_meta_sidebar":"","neve_meta_container":"","neve_meta_enable_content_width":"off","neve_meta_content_width":100,"neve_meta_title_alignment":"","neve_meta_author_avatar":"","neve_post_elements_order":"","neve_meta_disable_header":"","neve_meta_disable_footer":"","neve_meta_disable_title":""},"product_brand":[],"product_cat":[162,157,159],"product_tag":[],"class_list":{"0":"post-3534","1":"product","2":"type-product","3":"status-publish","4":"has-post-thumbnail","6":"product_cat-batas-invierno-25","7":"product_cat-invierno-25","8":"product_cat-invierno-25-mitjans","10":"first","11":"instock","12":"sale","13":"taxable","14":"shipping-taxable","15":"purchasable","16":"product-type-variable"},"yoast_head":"<!-- This site is optimized with the Yoast SEO plugin v25.5 - https:\/\/yoast.com\/wordpress\/plugins\/seo\/ -->\n<title>Bata acolchada cuello beb\u00e9 y pu\u00f1os de canal\u00e9 - Cdmitjans | Creaciones y Dise\u00f1o<\/title>\n<meta name=\"robots\" content=\"index, follow, max-snippet:-1, max-image-preview:large, max-video-preview:-1\" \/>\n<link rel=\"canonical\" href=\"https:\/\/shop.cdmitjans.com\/en\/product\/bata-acolchada-cuello-bebe-y-punos-de-canale\/\" \/>\n<meta property=\"og:locale\" content=\"en_US\" \/>\n<meta property=\"og:type\" content=\"article\" \/>\n<meta property=\"og:title\" content=\"Bata acolchada cuello beb\u00e9 y pu\u00f1os de canal\u00e9 - Cdmitjans | Creaciones y Dise\u00f1o\" \/>\n<meta property=\"og:description\" content=\"color 716 casandra  composici\u00f3n 100% algod\u00f3n\u00a0 forro: 50% Algod\u00f3n 50% Poli\u00e9ster\" \/>\n<meta property=\"og:url\" content=\"https:\/\/shop.cdmitjans.com\/en\/product\/bata-acolchada-cuello-bebe-y-punos-de-canale\/\" \/>\n<meta property=\"og:site_name\" content=\"Cdmitjans | Creaciones y Dise\u00f1o\" \/>\n<meta property=\"article:modified_time\" content=\"2026-02-10T10:13:19+00:00\" \/>\n<meta property=\"og:image\" content=\"https:\/\/shop.cdmitjans.com\/wp-content\/uploads\/2024\/10\/bata-830474-c716.jpg\" \/>\n\t<meta property=\"og:image:width\" content=\"1181\" \/>\n\t<meta property=\"og:image:height\" content=\"1772\" \/>\n\t<meta property=\"og:image:type\" content=\"image\/jpeg\" \/>\n<meta name=\"twitter:card\" content=\"summary_large_image\" \/>\n<meta name=\"twitter:label1\" content=\"Est. reading time\" \/>\n\t<meta name=\"twitter:data1\" content=\"1 minute\" \/>\n<script type=\"application\/ld+json\" class=\"yoast-schema-graph\">{\"@context\":\"https:\/\/schema.org\",\"@graph\":[{\"@type\":\"WebPage\",\"@id\":\"https:\/\/shop.cdmitjans.com\/producto\/bata-acolchada-cuello-bebe-y-punos-de-canale\/\",\"url\":\"https:\/\/shop.cdmitjans.com\/producto\/bata-acolchada-cuello-bebe-y-punos-de-canale\/\",\"name\":\"Bata acolchada cuello beb\u00e9 y pu\u00f1os de canal\u00e9 - Cdmitjans | Creaciones y Dise\u00f1o\",\"isPartOf\":{\"@id\":\"https:\/\/shop.cdmitjans.com\/fr\/#website\"},\"primaryImageOfPage\":{\"@id\":\"https:\/\/shop.cdmitjans.com\/producto\/bata-acolchada-cuello-bebe-y-punos-de-canale\/#primaryimage\"},\"image\":{\"@id\":\"https:\/\/shop.cdmitjans.com\/producto\/bata-acolchada-cuello-bebe-y-punos-de-canale\/#primaryimage\"},\"thumbnailUrl\":\"https:\/\/shop.cdmitjans.com\/wp-content\/uploads\/2024\/10\/bata-830474-c716.jpg\",\"datePublished\":\"2024-10-03T09:16:22+00:00\",\"dateModified\":\"2026-02-10T10:13:19+00:00\",\"breadcrumb\":{\"@id\":\"https:\/\/shop.cdmitjans.com\/producto\/bata-acolchada-cuello-bebe-y-punos-de-canale\/#breadcrumb\"},\"inLanguage\":\"en-US\",\"potentialAction\":[{\"@type\":\"ReadAction\",\"target\":[\"https:\/\/shop.cdmitjans.com\/producto\/bata-acolchada-cuello-bebe-y-punos-de-canale\/\"]}]},{\"@type\":\"ImageObject\",\"inLanguage\":\"en-US\",\"@id\":\"https:\/\/shop.cdmitjans.com\/producto\/bata-acolchada-cuello-bebe-y-punos-de-canale\/#primaryimage\",\"url\":\"https:\/\/shop.cdmitjans.com\/wp-content\/uploads\/2024\/10\/bata-830474-c716.jpg\",\"contentUrl\":\"https:\/\/shop.cdmitjans.com\/wp-content\/uploads\/2024\/10\/bata-830474-c716.jpg\",\"width\":1181,\"height\":1772},{\"@type\":\"BreadcrumbList\",\"@id\":\"https:\/\/shop.cdmitjans.com\/producto\/bata-acolchada-cuello-bebe-y-punos-de-canale\/#breadcrumb\",\"itemListElement\":[{\"@type\":\"ListItem\",\"position\":1,\"name\":\"Portada\",\"item\":\"https:\/\/shop.cdmitjans.com\/\"},{\"@type\":\"ListItem\",\"position\":2,\"name\":\"Tienda\",\"item\":\"https:\/\/shop.cdmitjans.com\/tienda\/\"},{\"@type\":\"ListItem\",\"position\":3,\"name\":\"Bata acolchada cuello beb\u00e9 y pu\u00f1os de canal\u00e9\"}]},{\"@type\":\"WebSite\",\"@id\":\"https:\/\/shop.cdmitjans.com\/fr\/#website\",\"url\":\"https:\/\/shop.cdmitjans.com\/fr\/\",\"name\":\"Cdmitjans | Creaciones y Dise\u00f1o\",\"description\":\"Nuestras creaciones reflejan una est\u00e9tica moderna y sofisticada, combinando l\u00edneas vanguardistas con detalles cuidadosamente seleccionados.\",\"potentialAction\":[{\"@type\":\"SearchAction\",\"target\":{\"@type\":\"EntryPoint\",\"urlTemplate\":\"https:\/\/shop.cdmitjans.com\/fr\/?s={search_term_string}\"},\"query-input\":{\"@type\":\"PropertyValueSpecification\",\"valueRequired\":true,\"valueName\":\"search_term_string\"}}],\"inLanguage\":\"en-US\"}]}<\/script>\n<!-- \/ Yoast SEO plugin. -->","yoast_head_json":{"title":"Bata acolchada cuello beb\u00e9 y pu\u00f1os de canal\u00e9 - Cdmitjans | Creaciones y Dise\u00f1o","robots":{"index":"index","follow":"follow","max-snippet":"max-snippet:-1","max-image-preview":"max-image-preview:large","max-video-preview":"max-video-preview:-1"},"canonical":"https:\/\/shop.cdmitjans.com\/en\/product\/bata-acolchada-cuello-bebe-y-punos-de-canale\/","og_locale":"en_US","og_type":"article","og_title":"Bata acolchada cuello beb\u00e9 y pu\u00f1os de canal\u00e9 - Cdmitjans | Creaciones y Dise\u00f1o","og_description":"color 716 casandra  composici\u00f3n 100% algod\u00f3n\u00a0 forro: 50% Algod\u00f3n 50% Poli\u00e9ster","og_url":"https:\/\/shop.cdmitjans.com\/en\/product\/bata-acolchada-cuello-bebe-y-punos-de-canale\/","og_site_name":"Cdmitjans | Creaciones y Dise\u00f1o","article_modified_time":"2026-02-10T10:13:19+00:00","og_image":[{"width":1181,"height":1772,"url":"https:\/\/shop.cdmitjans.com\/wp-content\/uploads\/2024\/10\/bata-830474-c716.jpg","type":"image\/jpeg"}],"twitter_card":"summary_large_image","twitter_misc":{"Est. reading time":"1 minute"},"schema":{"@context":"https:\/\/schema.org","@graph":[{"@type":"WebPage","@id":"https:\/\/shop.cdmitjans.com\/producto\/bata-acolchada-cuello-bebe-y-punos-de-canale\/","url":"https:\/\/shop.cdmitjans.com\/producto\/bata-acolchada-cuello-bebe-y-punos-de-canale\/","name":"Bata acolchada cuello beb\u00e9 y pu\u00f1os de canal\u00e9 - Cdmitjans | Creaciones y Dise\u00f1o","isPartOf":{"@id":"https:\/\/shop.cdmitjans.com\/fr\/#website"},"primaryImageOfPage":{"@id":"https:\/\/shop.cdmitjans.com\/producto\/bata-acolchada-cuello-bebe-y-punos-de-canale\/#primaryimage"},"image":{"@id":"https:\/\/shop.cdmitjans.com\/producto\/bata-acolchada-cuello-bebe-y-punos-de-canale\/#primaryimage"},"thumbnailUrl":"https:\/\/shop.cdmitjans.com\/wp-content\/uploads\/2024\/10\/bata-830474-c716.jpg","datePublished":"2024-10-03T09:16:22+00:00","dateModified":"2026-02-10T10:13:19+00:00","breadcrumb":{"@id":"https:\/\/shop.cdmitjans.com\/producto\/bata-acolchada-cuello-bebe-y-punos-de-canale\/#breadcrumb"},"inLanguage":"en-US","potentialAction":[{"@type":"ReadAction","target":["https:\/\/shop.cdmitjans.com\/producto\/bata-acolchada-cuello-bebe-y-punos-de-canale\/"]}]},{"@type":"ImageObject","inLanguage":"en-US","@id":"https:\/\/shop.cdmitjans.com\/producto\/bata-acolchada-cuello-bebe-y-punos-de-canale\/#primaryimage","url":"https:\/\/shop.cdmitjans.com\/wp-content\/uploads\/2024\/10\/bata-830474-c716.jpg","contentUrl":"https:\/\/shop.cdmitjans.com\/wp-content\/uploads\/2024\/10\/bata-830474-c716.jpg","width":1181,"height":1772},{"@type":"BreadcrumbList","@id":"https:\/\/shop.cdmitjans.com\/producto\/bata-acolchada-cuello-bebe-y-punos-de-canale\/#breadcrumb","itemListElement":[{"@type":"ListItem","position":1,"name":"Portada","item":"https:\/\/shop.cdmitjans.com\/"},{"@type":"ListItem","position":2,"name":"Tienda","item":"https:\/\/shop.cdmitjans.com\/tienda\/"},{"@type":"ListItem","position":3,"name":"Bata acolchada cuello beb\u00e9 y pu\u00f1os de canal\u00e9"}]},{"@type":"WebSite","@id":"https:\/\/shop.cdmitjans.com\/fr\/#website","url":"https:\/\/shop.cdmitjans.com\/fr\/","name":"Cdmitjans | Creations and Design","description":"Our creations reflect a modern and sophisticated aesthetic, combining avant-garde lines with carefully selected details.","potentialAction":[{"@type":"SearchAction","target":{"@type":"EntryPoint","urlTemplate":"https:\/\/shop.cdmitjans.com\/fr\/?s={search_term_string}"},"query-input":{"@type":"PropertyValueSpecification","valueRequired":true,"valueName":"search_term_string"}}],"inLanguage":"en-US"}]}},"_links":{"self":[{"href":"https:\/\/shop.cdmitjans.com\/en\/wp-json\/wp\/v2\/product\/3534","targetHints":{"allow":["GET"]}}],"collection":[{"href":"https:\/\/shop.cdmitjans.com\/en\/wp-json\/wp\/v2\/product"}],"about":[{"href":"https:\/\/shop.cdmitjans.com\/en\/wp-json\/wp\/v2\/types\/product"}],"wp:featuredmedia":[{"embeddable":true,"href":"https:\/\/shop.cdmitjans.com\/en\/wp-json\/wp\/v2\/media\/3536"}],"wp:attachment":[{"href":"https:\/\/shop.cdmitjans.com\/en\/wp-json\/wp\/v2\/media?parent=3534"}],"wp:term":[{"taxonomy":"product_brand","embeddable":true,"href":"https:\/\/shop.cdmitjans.com\/en\/wp-json\/wp\/v2\/product_brand?post=3534"},{"taxonomy":"product_cat","embeddable":true,"href":"https:\/\/shop.cdmitjans.com\/en\/wp-json\/wp\/v2\/product_cat?post=3534"},{"taxonomy":"product_tag","embeddable":true,"href":"https:\/\/shop.cdmitjans.com\/en\/wp-json\/wp\/v2\/product_tag?post=3534"}],"curies":[{"name":"wp","href":"https:\/\/api.w.org\/{rel}","templated":true}]}}