{"id":4177,"date":"2025-04-01T16:24:53","date_gmt":"2025-04-01T14:24:53","guid":{"rendered":"https:\/\/shop.cdmitjans.com\/?post_type=product&#038;p=4177"},"modified":"2025-07-23T13:52:16","modified_gmt":"2025-07-23T11:52:16","slug":"vestido-tirante-ancho-y-lagrima-en-escote","status":"publish","type":"product","link":"https:\/\/shop.cdmitjans.com\/en\/product\/vestido-tirante-ancho-y-lagrima-en-escote\/","title":{"rendered":"Dress with wide straps and teardrop neckline"},"content":{"rendered":"<p>Dress with wide straps and teardrop neckline<\/p>\n<p>Model 560063<\/p>\n<p>Color 735 Cancun<\/p>\n<p>Composition: 100% Viscose.<\/p>","protected":false},"excerpt":{"rendered":"<p>Color 735 Cancun<\/p>\n<p>Composition: 100% Viscose.<\/p>","protected":false},"featured_media":4179,"template":"","meta":{"neve_meta_sidebar":"","neve_meta_container":"","neve_meta_enable_content_width":"off","neve_meta_content_width":100,"neve_meta_title_alignment":"","neve_meta_author_avatar":"","neve_post_elements_order":"","neve_meta_disable_header":"","neve_meta_disable_footer":"","neve_meta_disable_title":""},"product_brand":[],"product_cat":[166,163],"product_tag":[],"class_list":{"0":"post-4177","1":"product","2":"type-product","3":"status-publish","4":"has-post-thumbnail","6":"product_cat-cdm-vestidos","7":"product_cat-verano-25","9":"first","10":"instock","11":"sale","12":"taxable","13":"shipping-taxable","14":"purchasable","15":"product-type-variable"},"yoast_head":"<!-- This site is optimized with the Yoast SEO plugin v25.5 - https:\/\/yoast.com\/wordpress\/plugins\/seo\/ -->\n<title>Vestido tirante ancho y lagrima en escote - Cdmitjans | Creaciones y Dise\u00f1o<\/title>\n<meta name=\"robots\" content=\"index, follow, max-snippet:-1, max-image-preview:large, max-video-preview:-1\" \/>\n<link rel=\"canonical\" href=\"https:\/\/shop.cdmitjans.com\/en\/product\/vestido-tirante-ancho-y-lagrima-en-escote\/\" \/>\n<meta property=\"og:locale\" content=\"en_US\" \/>\n<meta property=\"og:type\" content=\"article\" \/>\n<meta property=\"og:title\" content=\"Vestido tirante ancho y lagrima en escote - Cdmitjans | Creaciones y Dise\u00f1o\" \/>\n<meta property=\"og:description\" content=\"Color 735 Canc\u00fan  Composici\u00f3n. 100% Viscosa.\" \/>\n<meta property=\"og:url\" content=\"https:\/\/shop.cdmitjans.com\/en\/product\/vestido-tirante-ancho-y-lagrima-en-escote\/\" \/>\n<meta property=\"og:site_name\" content=\"Cdmitjans | Creaciones y Dise\u00f1o\" \/>\n<meta property=\"article:modified_time\" content=\"2025-07-23T11:52:16+00:00\" \/>\n<meta property=\"og:image\" content=\"https:\/\/shop.cdmitjans.com\/wp-content\/uploads\/2025\/04\/vestido560063-c735cancun-2.jpg\" \/>\n\t<meta property=\"og:image:width\" content=\"1181\" \/>\n\t<meta property=\"og:image:height\" content=\"1771\" \/>\n\t<meta property=\"og:image:type\" content=\"image\/jpeg\" \/>\n<meta name=\"twitter:card\" content=\"summary_large_image\" \/>\n<meta name=\"twitter:label1\" content=\"Est. reading time\" \/>\n\t<meta name=\"twitter:data1\" content=\"1 minute\" \/>\n<script type=\"application\/ld+json\" class=\"yoast-schema-graph\">{\"@context\":\"https:\/\/schema.org\",\"@graph\":[{\"@type\":\"WebPage\",\"@id\":\"https:\/\/shop.cdmitjans.com\/producto\/vestido-tirante-ancho-y-lagrima-en-escote\/\",\"url\":\"https:\/\/shop.cdmitjans.com\/producto\/vestido-tirante-ancho-y-lagrima-en-escote\/\",\"name\":\"Vestido tirante ancho y lagrima en escote - Cdmitjans | Creaciones y Dise\u00f1o\",\"isPartOf\":{\"@id\":\"https:\/\/shop.cdmitjans.com\/fr\/#website\"},\"primaryImageOfPage\":{\"@id\":\"https:\/\/shop.cdmitjans.com\/producto\/vestido-tirante-ancho-y-lagrima-en-escote\/#primaryimage\"},\"image\":{\"@id\":\"https:\/\/shop.cdmitjans.com\/producto\/vestido-tirante-ancho-y-lagrima-en-escote\/#primaryimage\"},\"thumbnailUrl\":\"https:\/\/shop.cdmitjans.com\/wp-content\/uploads\/2025\/04\/vestido560063-c735cancun-2.jpg\",\"datePublished\":\"2025-04-01T14:24:53+00:00\",\"dateModified\":\"2025-07-23T11:52:16+00:00\",\"breadcrumb\":{\"@id\":\"https:\/\/shop.cdmitjans.com\/producto\/vestido-tirante-ancho-y-lagrima-en-escote\/#breadcrumb\"},\"inLanguage\":\"en-US\",\"potentialAction\":[{\"@type\":\"ReadAction\",\"target\":[\"https:\/\/shop.cdmitjans.com\/producto\/vestido-tirante-ancho-y-lagrima-en-escote\/\"]}]},{\"@type\":\"ImageObject\",\"inLanguage\":\"en-US\",\"@id\":\"https:\/\/shop.cdmitjans.com\/producto\/vestido-tirante-ancho-y-lagrima-en-escote\/#primaryimage\",\"url\":\"https:\/\/shop.cdmitjans.com\/wp-content\/uploads\/2025\/04\/vestido560063-c735cancun-2.jpg\",\"contentUrl\":\"https:\/\/shop.cdmitjans.com\/wp-content\/uploads\/2025\/04\/vestido560063-c735cancun-2.jpg\",\"width\":1181,\"height\":1771},{\"@type\":\"BreadcrumbList\",\"@id\":\"https:\/\/shop.cdmitjans.com\/producto\/vestido-tirante-ancho-y-lagrima-en-escote\/#breadcrumb\",\"itemListElement\":[{\"@type\":\"ListItem\",\"position\":1,\"name\":\"Portada\",\"item\":\"https:\/\/shop.cdmitjans.com\/\"},{\"@type\":\"ListItem\",\"position\":2,\"name\":\"Tienda\",\"item\":\"https:\/\/shop.cdmitjans.com\/tienda\/\"},{\"@type\":\"ListItem\",\"position\":3,\"name\":\"Vestido tirante ancho y lagrima en escote\"}]},{\"@type\":\"WebSite\",\"@id\":\"https:\/\/shop.cdmitjans.com\/fr\/#website\",\"url\":\"https:\/\/shop.cdmitjans.com\/fr\/\",\"name\":\"Cdmitjans | Creaciones y Dise\u00f1o\",\"description\":\"Nuestras creaciones reflejan una est\u00e9tica moderna y sofisticada, combinando l\u00edneas vanguardistas con detalles cuidadosamente seleccionados.\",\"potentialAction\":[{\"@type\":\"SearchAction\",\"target\":{\"@type\":\"EntryPoint\",\"urlTemplate\":\"https:\/\/shop.cdmitjans.com\/fr\/?s={search_term_string}\"},\"query-input\":{\"@type\":\"PropertyValueSpecification\",\"valueRequired\":true,\"valueName\":\"search_term_string\"}}],\"inLanguage\":\"en-US\"}]}<\/script>\n<!-- \/ Yoast SEO plugin. -->","yoast_head_json":{"title":"Vestido tirante ancho y lagrima en escote - Cdmitjans | Creaciones y Dise\u00f1o","robots":{"index":"index","follow":"follow","max-snippet":"max-snippet:-1","max-image-preview":"max-image-preview:large","max-video-preview":"max-video-preview:-1"},"canonical":"https:\/\/shop.cdmitjans.com\/en\/product\/vestido-tirante-ancho-y-lagrima-en-escote\/","og_locale":"en_US","og_type":"article","og_title":"Vestido tirante ancho y lagrima en escote - Cdmitjans | Creaciones y Dise\u00f1o","og_description":"Color 735 Canc\u00fan  Composici\u00f3n. 100% Viscosa.","og_url":"https:\/\/shop.cdmitjans.com\/en\/product\/vestido-tirante-ancho-y-lagrima-en-escote\/","og_site_name":"Cdmitjans | Creaciones y Dise\u00f1o","article_modified_time":"2025-07-23T11:52:16+00:00","og_image":[{"width":1181,"height":1771,"url":"https:\/\/shop.cdmitjans.com\/wp-content\/uploads\/2025\/04\/vestido560063-c735cancun-2.jpg","type":"image\/jpeg"}],"twitter_card":"summary_large_image","twitter_misc":{"Est. reading time":"1 minute"},"schema":{"@context":"https:\/\/schema.org","@graph":[{"@type":"WebPage","@id":"https:\/\/shop.cdmitjans.com\/producto\/vestido-tirante-ancho-y-lagrima-en-escote\/","url":"https:\/\/shop.cdmitjans.com\/producto\/vestido-tirante-ancho-y-lagrima-en-escote\/","name":"Vestido tirante ancho y lagrima en escote - Cdmitjans | Creaciones y Dise\u00f1o","isPartOf":{"@id":"https:\/\/shop.cdmitjans.com\/fr\/#website"},"primaryImageOfPage":{"@id":"https:\/\/shop.cdmitjans.com\/producto\/vestido-tirante-ancho-y-lagrima-en-escote\/#primaryimage"},"image":{"@id":"https:\/\/shop.cdmitjans.com\/producto\/vestido-tirante-ancho-y-lagrima-en-escote\/#primaryimage"},"thumbnailUrl":"https:\/\/shop.cdmitjans.com\/wp-content\/uploads\/2025\/04\/vestido560063-c735cancun-2.jpg","datePublished":"2025-04-01T14:24:53+00:00","dateModified":"2025-07-23T11:52:16+00:00","breadcrumb":{"@id":"https:\/\/shop.cdmitjans.com\/producto\/vestido-tirante-ancho-y-lagrima-en-escote\/#breadcrumb"},"inLanguage":"en-US","potentialAction":[{"@type":"ReadAction","target":["https:\/\/shop.cdmitjans.com\/producto\/vestido-tirante-ancho-y-lagrima-en-escote\/"]}]},{"@type":"ImageObject","inLanguage":"en-US","@id":"https:\/\/shop.cdmitjans.com\/producto\/vestido-tirante-ancho-y-lagrima-en-escote\/#primaryimage","url":"https:\/\/shop.cdmitjans.com\/wp-content\/uploads\/2025\/04\/vestido560063-c735cancun-2.jpg","contentUrl":"https:\/\/shop.cdmitjans.com\/wp-content\/uploads\/2025\/04\/vestido560063-c735cancun-2.jpg","width":1181,"height":1771},{"@type":"BreadcrumbList","@id":"https:\/\/shop.cdmitjans.com\/producto\/vestido-tirante-ancho-y-lagrima-en-escote\/#breadcrumb","itemListElement":[{"@type":"ListItem","position":1,"name":"Portada","item":"https:\/\/shop.cdmitjans.com\/"},{"@type":"ListItem","position":2,"name":"Tienda","item":"https:\/\/shop.cdmitjans.com\/tienda\/"},{"@type":"ListItem","position":3,"name":"Vestido tirante ancho y lagrima en escote"}]},{"@type":"WebSite","@id":"https:\/\/shop.cdmitjans.com\/fr\/#website","url":"https:\/\/shop.cdmitjans.com\/fr\/","name":"Cdmitjans | Creations and Design","description":"Our creations reflect a modern and sophisticated aesthetic, combining avant-garde lines with carefully selected details.","potentialAction":[{"@type":"SearchAction","target":{"@type":"EntryPoint","urlTemplate":"https:\/\/shop.cdmitjans.com\/fr\/?s={search_term_string}"},"query-input":{"@type":"PropertyValueSpecification","valueRequired":true,"valueName":"search_term_string"}}],"inLanguage":"en-US"}]}},"_links":{"self":[{"href":"https:\/\/shop.cdmitjans.com\/en\/wp-json\/wp\/v2\/product\/4177","targetHints":{"allow":["GET"]}}],"collection":[{"href":"https:\/\/shop.cdmitjans.com\/en\/wp-json\/wp\/v2\/product"}],"about":[{"href":"https:\/\/shop.cdmitjans.com\/en\/wp-json\/wp\/v2\/types\/product"}],"wp:featuredmedia":[{"embeddable":true,"href":"https:\/\/shop.cdmitjans.com\/en\/wp-json\/wp\/v2\/media\/4179"}],"wp:attachment":[{"href":"https:\/\/shop.cdmitjans.com\/en\/wp-json\/wp\/v2\/media?parent=4177"}],"wp:term":[{"taxonomy":"product_brand","embeddable":true,"href":"https:\/\/shop.cdmitjans.com\/en\/wp-json\/wp\/v2\/product_brand?post=4177"},{"taxonomy":"product_cat","embeddable":true,"href":"https:\/\/shop.cdmitjans.com\/en\/wp-json\/wp\/v2\/product_cat?post=4177"},{"taxonomy":"product_tag","embeddable":true,"href":"https:\/\/shop.cdmitjans.com\/en\/wp-json\/wp\/v2\/product_tag?post=4177"}],"curies":[{"name":"wp","href":"https:\/\/api.w.org\/{rel}","templated":true}]}}