{"id":550,"date":"2024-03-03T18:52:42","date_gmt":"2024-03-03T18:52:42","guid":{"rendered":"https:\/\/cdmit.ultbit.com\/?page_id=550"},"modified":"2024-03-21T14:54:10","modified_gmt":"2024-03-21T13:54:10","slug":"politica-de-privacidad","status":"publish","type":"page","link":"https:\/\/shop.cdmitjans.com\/fr\/politica-de-privacidad\/","title":{"rendered":"Politique de confidentialit\u00e9"},"content":{"rendered":"<div data-elementor-type=\"wp-page\" data-elementor-id=\"550\" class=\"elementor elementor-550\" data-elementor-post-type=\"page\">\n\t\t\t\t\t\t<section class=\"elementor-section elementor-top-section elementor-element elementor-element-70684364 elementor-section-height-min-height elementor-section-content-middle elementor-section-boxed elementor-section-height-default elementor-section-items-middle\" data-id=\"70684364\" data-element_type=\"section\" data-settings=\"{&quot;background_background&quot;:&quot;classic&quot;}\">\n\t\t\t\t\t\t\t<div class=\"elementor-background-overlay\"><\/div>\n\t\t\t\t\t\t\t<div class=\"elementor-container elementor-column-gap-no\">\n\t\t\t\t\t<div class=\"elementor-column elementor-col-100 elementor-top-column elementor-element elementor-element-1c590c89\" data-id=\"1c590c89\" data-element_type=\"column\" data-settings=\"{&quot;background_background&quot;:&quot;classic&quot;}\">\n\t\t\t<div class=\"elementor-widget-wrap elementor-element-populated\">\n\t\t\t\t\t\t\t<\/div>\n\t\t<\/div>\n\t\t\t\t\t<\/div>\n\t\t<\/section>\n\t\t\t\t<section class=\"elementor-section elementor-top-section elementor-element elementor-element-2add3106 elementor-section-boxed elementor-section-height-default elementor-section-height-default\" data-id=\"2add3106\" data-element_type=\"section\">\n\t\t\t\t\t\t<div class=\"elementor-container elementor-column-gap-no\">\n\t\t\t\t\t<div class=\"elementor-column elementor-col-100 elementor-top-column elementor-element elementor-element-7cb93254\" data-id=\"7cb93254\" data-element_type=\"column\">\n\t\t\t<div class=\"elementor-widget-wrap elementor-element-populated\">\n\t\t\t\t\t\t<div class=\"elementor-element elementor-element-e4e8f6b elementor-widget elementor-widget-text-editor\" data-id=\"e4e8f6b\" data-element_type=\"widget\" data-widget_type=\"text-editor.default\">\n\t\t\t\t<div class=\"elementor-widget-container\">\n\t\t\t\t\t\t\t\t\t<div class=\"elementor-element elementor-element-e8baf9e elementor-widget elementor-widget-heading\" data-id=\"e8baf9e\" data-element_type=\"widget\" data-widget_type=\"heading.default\"><div class=\"elementor-widget-container\"><div class=\"elementor-element elementor-element-85e74bc elementor-widget elementor-widget-heading\" data-id=\"85e74bc\" data-element_type=\"widget\" data-widget_type=\"heading.default\"><div class=\"elementor-widget-container\"><h4 class=\"elementor-heading-title elementor-size-default\">Politique de confidentialit\u00e9<\/h4><\/div><\/div><div class=\"elementor-element elementor-element-73c0f695 elementor-widget elementor-widget-text-editor\" data-id=\"73c0f695\" data-element_type=\"widget\" data-widget_type=\"text-editor.default\"><div class=\"elementor-widget-container\"><h4 class=\"wp-block-heading\">1.- INFORMATION \u00c0 L&#039;UTILISATEUR<\/h4><p>Le site informe les utilisateurs du site Internet de sa politique en mati\u00e8re de traitement et de protection des donn\u00e9es personnelles des utilisateurs et des clients qui peuvent \u00eatre demand\u00e9es lors de la navigation sur son site Internet.<\/p><p>Le site Web est responsable du traitement des donn\u00e9es personnelles de l&#039;utilisateur, c&#039;est pourquoi les informations suivantes sont fournies concernant le traitement de vos donn\u00e9es :<\/p><p><strong>Crit\u00e8res de conservation des donn\u00e9es\u00a0:<\/strong>\u00a0Les donn\u00e9es personnelles fournies seront conserv\u00e9es jusqu&#039;\u00e0 ce que la suspension soit demand\u00e9e par l&#039;int\u00e9ress\u00e9, exer\u00e7ant ses droits sur les donn\u00e9es, et en tout cas dans le respect des d\u00e9lais de prescription l\u00e9gaux applicables.<\/p><p><strong>Droits des parties int\u00e9ress\u00e9es\u00a0:<\/strong><\/p><p>Droit de retirer votre consentement \u00e0 tout moment.<br \/>Droit d&#039;acc\u00e8s, de rectification, de suppression, de portabilit\u00e9 de vos donn\u00e9es et de limitation ou d&#039;opposition \u00e0 leur traitement, ainsi que de ne pas \u00eatre soumis \u00e0 des d\u00e9cisions individuelles automatis\u00e9es.<\/p><p><strong>Coordonn\u00e9es pour exercer vos droits :<\/strong><\/p><p>Le droit d\u2019exercice doit \u00eatre correctement identifi\u00e9 et clairement demand\u00e9.<\/p><ul><li>Web\u00a0: https:\/\/shop.cdmitjans.com\/<\/li><li>Responsable: CREACIONES Y DESIGN MITJANS SL<\/li><li>NIF\u00a0: <span class=\"text-bodytext-m text-neutrals-700\">B64704976<\/span><\/li><li>Adresse : Calle Dr. Torras i Bages, 114<\/li><li>Population: 08223 Terrassa \u2013 Barcelone<\/li><li>T\u00e9l\u00e9phone : 93 731 41 44<\/li><\/ul><h4 class=\"wp-block-heading\">2.- INFORMATIONS FOURNIES PAR L&#039;UTILISATEUR<\/h4><p>Si vous avez moins de 18 ans, l&#039;utilisation des formulaires sur notre site Web n&#039;est pas autoris\u00e9e.<\/p><p>Les utilisateurs, en saisissant leurs donn\u00e9es dans les formulaires de contact ou pr\u00e9sent\u00e9s dans les formulaires de t\u00e9l\u00e9chargement, acceptent express\u00e9ment, librement et sans \u00e9quivoque que leurs donn\u00e9es sont n\u00e9cessaires pour r\u00e9pondre \u00e0 leur demande, par le Responsable du traitement, l&#039;inclusion des donn\u00e9es dans les champs restants \u00e9tant volontaire.<\/p><p>L&#039;Utilisateur garantit que les donn\u00e9es personnelles fournies sont v\u00e9ridiques et est responsable de communiquer toute modification.<\/p><p>Toutes les donn\u00e9es demand\u00e9es via le site Web sont n\u00e9cessaires pour fournir un service optimal \u00e0 l&#039;utilisateur. Si toutes les donn\u00e9es ne sont pas fournies, il n&#039;est pas garanti que les informations et les services que le Responsable vous fournit soient compl\u00e8tement adapt\u00e9s \u00e0 vos besoins.<\/p><h4 class=\"wp-block-heading\">3.- MESURES DE S\u00c9CURIT\u00c9<\/h4><p>Que conform\u00e9ment aux dispositions de la r\u00e9glementation en vigueur en mati\u00e8re de protection des donn\u00e9es personnelles, le Responsable du traitement respecte toutes les dispositions de la r\u00e9glementation RGPD et LOPD pour le traitement des donn\u00e9es personnelles sous sa responsabilit\u00e9, qui sont trait\u00e9es de mani\u00e8re licite, loyale et transparente dans par rapport \u00e0 l&#039;int\u00e9ress\u00e9 et ad\u00e9quats, pertinents et limit\u00e9s \u00e0 ce qui est n\u00e9cessaire au regard des finalit\u00e9s pour lesquelles ils sont trait\u00e9s.<\/p><p>Le Responsable du traitement garantit avoir mis en \u0153uvre des politiques techniques et organisationnelles appropri\u00e9es pour appliquer les mesures de s\u00e9curit\u00e9 \u00e9tablies par le RGPD et la LOPD pour prot\u00e9ger les droits et libert\u00e9s des Utilisateurs et leur avoir communiqu\u00e9 les informations appropri\u00e9es afin qu&#039;ils puissent les exercer.<\/p><h4 class=\"wp-block-heading\">4.- LACUNES DE S\u00c9CURIT\u00c9<\/h4><p>Le Responsable du traitement signalera toute faille de s\u00e9curit\u00e9 affectant la base de donn\u00e9es utilis\u00e9e par ce site Web ou affectant l&#039;un de nos services tiers, chaque personne, les donn\u00e9es susceptibles d&#039;avoir \u00e9t\u00e9 affect\u00e9es et les autorit\u00e9s, dans les 72 heures suivant la d\u00e9tection de la violation.<\/p><h4 class=\"wp-block-heading\">LOI APPLICABLE ET JURIDICTION<\/h4><p>Pour la r\u00e9solution de tous litiges ou probl\u00e8mes li\u00e9s \u00e0 ce site Web ou aux activit\u00e9s r\u00e9alis\u00e9es, la l\u00e9gislation espagnole s&#039;appliquera, \u00e0 laquelle les parties se soumettent express\u00e9ment, \u00e9tant comp\u00e9tentes pour r\u00e9soudre tous les conflits survenant ou li\u00e9s \u00e0 l&#039;utilisation des Cours et Tribunaux de Barcelone.<\/p><\/div><\/div><\/div><\/div>\t\t\t\t\t\t\t\t<\/div>\n\t\t\t\t<\/div>\n\t\t\t\t\t<\/div>\n\t\t<\/div>\n\t\t\t\t\t<\/div>\n\t\t<\/section>\n\t\t\t\t<\/div>","protected":false},"excerpt":{"rendered":"<p>Politique de confidentialit\u00e9 1.- INFORMATIONS UTILISATEUR Le site web informe les utilisateurs de sa politique de traitement et de protection des donn\u00e9es personnelles des utilisateurs et clients, susceptibles de leur \u00eatre demand\u00e9es lors de leur navigation. Le site web est responsable du traitement des donn\u00e9es\u2026&nbsp;<a href=\"https:\/\/shop.cdmitjans.com\/fr\/politica-de-privacidad\/\" rel=\"bookmark\">Lire la suite \u00bb<span class=\"screen-reader-text\">Politique de confidentialit\u00e9<\/span><\/a><\/p>","protected":false},"author":1,"featured_media":0,"parent":0,"menu_order":0,"comment_status":"closed","ping_status":"closed","template":"page-templates\/template-pagebuilder-full-width.php","meta":{"neve_meta_sidebar":"","neve_meta_container":"","neve_meta_enable_content_width":"off","neve_meta_content_width":100,"neve_meta_title_alignment":"","neve_meta_author_avatar":"","neve_post_elements_order":"","neve_meta_disable_header":"","neve_meta_disable_footer":"","neve_meta_disable_title":"","footnotes":""},"class_list":["post-550","page","type-page","status-publish","hentry"],"yoast_head":"<!-- This site is optimized with the Yoast SEO plugin v25.5 - https:\/\/yoast.com\/wordpress\/plugins\/seo\/ -->\n<title>Pol\u00edtica de privacidad - Cdmitjans | Creaciones y Dise\u00f1o<\/title>\n<meta name=\"robots\" content=\"index, follow, max-snippet:-1, max-image-preview:large, max-video-preview:-1\" \/>\n<link rel=\"canonical\" href=\"https:\/\/shop.cdmitjans.com\/fr\/politica-de-privacidad\/\" \/>\n<meta property=\"og:locale\" content=\"fr_FR\" \/>\n<meta property=\"og:type\" content=\"article\" \/>\n<meta property=\"og:title\" content=\"Pol\u00edtica de privacidad - Cdmitjans | Creaciones y Dise\u00f1o\" \/>\n<meta property=\"og:description\" content=\"Pol\u00edtica de Privacidad 1.- INFORMACI\u00d3N AL USUARIO El sitio web informa a los usuarios del sitio web sobre su pol\u00edtica respecto al tratamiento y protecci\u00f3n de los datos de car\u00e1cter personal de los usuarios y clientes que puedan ser solicitados por la navegaci\u00f3n a trav\u00e9s de su sitio web. El sitio web es el Responsable&hellip;&nbsp;Lire la suite &raquo;Pol\u00edtica de privacidad\" \/>\n<meta property=\"og:url\" content=\"https:\/\/shop.cdmitjans.com\/fr\/politica-de-privacidad\/\" \/>\n<meta property=\"og:site_name\" content=\"Cdmitjans | Creaciones y Dise\u00f1o\" \/>\n<meta property=\"article:modified_time\" content=\"2024-03-21T13:54:10+00:00\" \/>\n<meta name=\"twitter:card\" content=\"summary_large_image\" \/>\n<meta name=\"twitter:label1\" content=\"Dur\u00e9e de lecture estim\u00e9e\" \/>\n\t<meta name=\"twitter:data1\" content=\"3 minutes\" \/>\n<script type=\"application\/ld+json\" class=\"yoast-schema-graph\">{\"@context\":\"https:\/\/schema.org\",\"@graph\":[{\"@type\":\"WebPage\",\"@id\":\"https:\/\/shop.cdmitjans.com\/politica-de-privacidad\/\",\"url\":\"https:\/\/shop.cdmitjans.com\/politica-de-privacidad\/\",\"name\":\"Pol\u00edtica de privacidad - Cdmitjans | Creaciones y Dise\u00f1o\",\"isPartOf\":{\"@id\":\"https:\/\/shop.cdmitjans.com\/fr\/#website\"},\"datePublished\":\"2024-03-03T18:52:42+00:00\",\"dateModified\":\"2024-03-21T13:54:10+00:00\",\"breadcrumb\":{\"@id\":\"https:\/\/shop.cdmitjans.com\/politica-de-privacidad\/#breadcrumb\"},\"inLanguage\":\"fr-FR\",\"potentialAction\":[{\"@type\":\"ReadAction\",\"target\":[\"https:\/\/shop.cdmitjans.com\/politica-de-privacidad\/\"]}]},{\"@type\":\"BreadcrumbList\",\"@id\":\"https:\/\/shop.cdmitjans.com\/politica-de-privacidad\/#breadcrumb\",\"itemListElement\":[{\"@type\":\"ListItem\",\"position\":1,\"name\":\"Portada\",\"item\":\"https:\/\/shop.cdmitjans.com\/\"},{\"@type\":\"ListItem\",\"position\":2,\"name\":\"Pol\u00edtica de privacidad\"}]},{\"@type\":\"WebSite\",\"@id\":\"https:\/\/shop.cdmitjans.com\/fr\/#website\",\"url\":\"https:\/\/shop.cdmitjans.com\/fr\/\",\"name\":\"Cdmitjans | Creaciones y Dise\u00f1o\",\"description\":\"Nuestras creaciones reflejan una est\u00e9tica moderna y sofisticada, combinando l\u00edneas vanguardistas con detalles cuidadosamente seleccionados.\",\"potentialAction\":[{\"@type\":\"SearchAction\",\"target\":{\"@type\":\"EntryPoint\",\"urlTemplate\":\"https:\/\/shop.cdmitjans.com\/fr\/?s={search_term_string}\"},\"query-input\":{\"@type\":\"PropertyValueSpecification\",\"valueRequired\":true,\"valueName\":\"search_term_string\"}}],\"inLanguage\":\"fr-FR\"}]}<\/script>\n<!-- \/ Yoast SEO plugin. -->","yoast_head_json":{"title":"Politique de confidentialit\u00e9 - Cdmitjans | Cr\u00e9ations et Design","robots":{"index":"index","follow":"follow","max-snippet":"max-snippet:-1","max-image-preview":"max-image-preview:large","max-video-preview":"max-video-preview:-1"},"canonical":"https:\/\/shop.cdmitjans.com\/fr\/politica-de-privacidad\/","og_locale":"fr_FR","og_type":"article","og_title":"Pol\u00edtica de privacidad - Cdmitjans | Creaciones y Dise\u00f1o","og_description":"Pol\u00edtica de Privacidad 1.- INFORMACI\u00d3N AL USUARIO El sitio web informa a los usuarios del sitio web sobre su pol\u00edtica respecto al tratamiento y protecci\u00f3n de los datos de car\u00e1cter personal de los usuarios y clientes que puedan ser solicitados por la navegaci\u00f3n a trav\u00e9s de su sitio web. El sitio web es el Responsable&hellip;&nbsp;Lire la suite &raquo;Pol\u00edtica de privacidad","og_url":"https:\/\/shop.cdmitjans.com\/fr\/politica-de-privacidad\/","og_site_name":"Cdmitjans | Creaciones y Dise\u00f1o","article_modified_time":"2024-03-21T13:54:10+00:00","twitter_card":"summary_large_image","twitter_misc":{"Dur\u00e9e de lecture estim\u00e9e":"3 minutes"},"schema":{"@context":"https:\/\/schema.org","@graph":[{"@type":"WebPage","@id":"https:\/\/shop.cdmitjans.com\/politica-de-privacidad\/","url":"https:\/\/shop.cdmitjans.com\/politica-de-privacidad\/","name":"Politique de confidentialit\u00e9 - Cdmitjans | Cr\u00e9ations et Design","isPartOf":{"@id":"https:\/\/shop.cdmitjans.com\/fr\/#website"},"datePublished":"2024-03-03T18:52:42+00:00","dateModified":"2024-03-21T13:54:10+00:00","breadcrumb":{"@id":"https:\/\/shop.cdmitjans.com\/politica-de-privacidad\/#breadcrumb"},"inLanguage":"fr-FR","potentialAction":[{"@type":"ReadAction","target":["https:\/\/shop.cdmitjans.com\/politica-de-privacidad\/"]}]},{"@type":"BreadcrumbList","@id":"https:\/\/shop.cdmitjans.com\/politica-de-privacidad\/#breadcrumb","itemListElement":[{"@type":"ListItem","position":1,"name":"Portada","item":"https:\/\/shop.cdmitjans.com\/"},{"@type":"ListItem","position":2,"name":"Pol\u00edtica de privacidad"}]},{"@type":"WebSite","@id":"https:\/\/shop.cdmitjans.com\/fr\/#website","url":"https:\/\/shop.cdmitjans.com\/fr\/","name":"Cdmitjans | Cr\u00e9ations et Conception","description":"Nos cr\u00e9ations refl\u00e8tent une esth\u00e9tique moderne et sophistiqu\u00e9e, alliant lignes avant-gardistes et d\u00e9tails soigneusement s\u00e9lectionn\u00e9s.","potentialAction":[{"@type":"SearchAction","target":{"@type":"EntryPoint","urlTemplate":"https:\/\/shop.cdmitjans.com\/fr\/?s={search_term_string}"},"query-input":{"@type":"PropertyValueSpecification","valueRequired":true,"valueName":"search_term_string"}}],"inLanguage":"fr-FR"}]}},"_links":{"self":[{"href":"https:\/\/shop.cdmitjans.com\/fr\/wp-json\/wp\/v2\/pages\/550","targetHints":{"allow":["GET"]}}],"collection":[{"href":"https:\/\/shop.cdmitjans.com\/fr\/wp-json\/wp\/v2\/pages"}],"about":[{"href":"https:\/\/shop.cdmitjans.com\/fr\/wp-json\/wp\/v2\/types\/page"}],"author":[{"embeddable":true,"href":"https:\/\/shop.cdmitjans.com\/fr\/wp-json\/wp\/v2\/users\/1"}],"replies":[{"embeddable":true,"href":"https:\/\/shop.cdmitjans.com\/fr\/wp-json\/wp\/v2\/comments?post=550"}],"version-history":[{"count":0,"href":"https:\/\/shop.cdmitjans.com\/fr\/wp-json\/wp\/v2\/pages\/550\/revisions"}],"wp:attachment":[{"href":"https:\/\/shop.cdmitjans.com\/fr\/wp-json\/wp\/v2\/media?parent=550"}],"curies":[{"name":"wp","href":"https:\/\/api.w.org\/{rel}","templated":true}]}}