{"id":558,"date":"2024-03-03T18:54:11","date_gmt":"2024-03-03T18:54:11","guid":{"rendered":"https:\/\/cdmit.ultbit.com\/?page_id=558"},"modified":"2024-03-21T13:34:18","modified_gmt":"2024-03-21T12:34:18","slug":"politica-de-cookies","status":"publish","type":"page","link":"https:\/\/shop.cdmitjans.com\/fr\/politica-de-cookies\/","title":{"rendered":"Politique de cookies"},"content":{"rendered":"<div data-elementor-type=\"wp-page\" data-elementor-id=\"558\" class=\"elementor elementor-558\" data-elementor-post-type=\"page\">\n\t\t\t\t\t\t<section class=\"elementor-section elementor-top-section elementor-element elementor-element-70684364 elementor-section-height-min-height elementor-section-content-middle elementor-section-boxed elementor-section-height-default elementor-section-items-middle\" data-id=\"70684364\" data-element_type=\"section\" data-settings=\"{&quot;background_background&quot;:&quot;classic&quot;}\">\n\t\t\t\t\t\t\t<div class=\"elementor-background-overlay\"><\/div>\n\t\t\t\t\t\t\t<div class=\"elementor-container elementor-column-gap-no\">\n\t\t\t\t\t<div class=\"elementor-column elementor-col-100 elementor-top-column elementor-element elementor-element-1c590c89\" data-id=\"1c590c89\" data-element_type=\"column\" data-settings=\"{&quot;background_background&quot;:&quot;classic&quot;}\">\n\t\t\t<div class=\"elementor-widget-wrap elementor-element-populated\">\n\t\t\t\t\t\t\t<\/div>\n\t\t<\/div>\n\t\t\t\t\t<\/div>\n\t\t<\/section>\n\t\t\t\t<section class=\"elementor-section elementor-top-section elementor-element elementor-element-2add3106 elementor-section-boxed elementor-section-height-default elementor-section-height-default\" data-id=\"2add3106\" data-element_type=\"section\">\n\t\t\t\t\t\t<div class=\"elementor-container elementor-column-gap-no\">\n\t\t\t\t\t<div class=\"elementor-column elementor-col-100 elementor-top-column elementor-element elementor-element-7cb93254\" data-id=\"7cb93254\" data-element_type=\"column\">\n\t\t\t<div class=\"elementor-widget-wrap elementor-element-populated\">\n\t\t\t\t\t\t<div class=\"elementor-element elementor-element-e4e8f6b elementor-widget elementor-widget-text-editor\" data-id=\"e4e8f6b\" data-element_type=\"widget\" data-widget_type=\"text-editor.default\">\n\t\t\t\t<div class=\"elementor-widget-container\">\n\t\t\t\t\t\t\t\t\t<div class=\"elementor-element elementor-element-e8baf9e elementor-widget elementor-widget-heading\" data-id=\"e8baf9e\" data-element_type=\"widget\" data-widget_type=\"heading.default\"><div class=\"elementor-widget-container\"><div class=\"elementor-element elementor-element-85e74bc elementor-widget elementor-widget-heading\" data-id=\"85e74bc\" data-element_type=\"widget\" data-widget_type=\"heading.default\"><div class=\"elementor-widget-container\"><h2>1. Introduction<\/h2><p>Notre site Internet, <a href=\"https:\/\/shop.cdmitjans.com\/fr\/\">https:\/\/shop.cdmitjans.com<\/a> (ci-apr\u00e8s : \u00ab le site Internet \u00bb) utilise des cookies et d&#039;autres technologies associ\u00e9es (pour plus de commodit\u00e9, toutes les technologies sont appel\u00e9es \u00ab cookies \u00bb). Des cookies sont \u00e9galement plac\u00e9s par des tiers que nous avons engag\u00e9s. Dans le document suivant, nous vous informons de l&#039;utilisation de cookies sur notre site Internet.<\/p><h2>2. Que sont les cookies ?<\/h2><p>Un cookie est un petit fichier envoy\u00e9 avec les pages de ce site Web et que votre navigateur stocke sur le disque dur de votre ordinateur ou autre appareil. Les informations stock\u00e9es peuvent \u00eatre renvoy\u00e9es \u00e0 nos serveurs ou aux serveurs tiers appropri\u00e9s lors d&#039;une visite ult\u00e9rieure.<\/p><h2>3. Que sont les scripts ?<\/h2><p>Un script est un fragment de code de programme utilis\u00e9 pour faire fonctionner notre site Web correctement et de mani\u00e8re interactive. Ce code s&#039;ex\u00e9cute sur notre serveur ou sur votre appareil.<\/p><h2>4. Qu&#039;est-ce qu&#039;une balise Web ?<\/h2><p>Une balise Web (ou balise pixel) est un petit morceau de texte ou d\u2019image invisible sur un site Web utilis\u00e9 pour surveiller le trafic sur un site Web. Pour ce faire, diverses donn\u00e9es vous concernant sont stock\u00e9es par ces balises web.<\/p><h2>5. Cookies<\/h2><p class=\"cmplz-subtitle\">5.1 Cookies techniques ou fonctionnels<\/p><p>Certains cookies garantissent que certaines parties du site Web fonctionnent correctement et que vos pr\u00e9f\u00e9rences d&#039;utilisateur continuent d&#039;\u00eatre m\u00e9moris\u00e9es. En pla\u00e7ant des cookies fonctionnels, nous vous facilitons la visite de notre site Web. De cette fa\u00e7on, vous n&#039;avez pas besoin de saisir plusieurs fois les m\u00eames informations lorsque vous visitez notre site Internet et, par exemple, les articles restent dans votre panier jusqu&#039;\u00e0 ce que vous ayez pay\u00e9. Nous pouvons placer ces cookies sans votre consentement.<\/p><p class=\"cmplz-subtitle\">5.2 Cookies de marketing\/suivi<\/p><p>Les cookies de marketing\/suivi sont des cookies, ou toute autre forme de stockage local, utilis\u00e9s pour cr\u00e9er des profils d&#039;utilisateurs afin d&#039;afficher de la publicit\u00e9 ou pour suivre l&#039;utilisateur sur ce site Web ou sur divers sites Web \u00e0 des fins de marketing similaires.<\/p><\/div><\/div><\/div><\/div><div>\u00a0<\/div><div>\u00a0<\/div><div class=\"elementor-element elementor-element-e8baf9e elementor-widget elementor-widget-heading\" data-id=\"e8baf9e\" data-element_type=\"widget\" data-widget_type=\"heading.default\"><div class=\"elementor-widget-container\"><div class=\"elementor-element elementor-element-85e74bc elementor-widget elementor-widget-heading\" data-id=\"85e74bc\" data-element_type=\"widget\" data-widget_type=\"heading.default\"><div class=\"elementor-widget-container\"><h2>6. Consentement<\/h2><p>Lorsque vous visitez notre site Web pour la premi\u00e8re fois, nous vous montrerons une fen\u00eatre contextuelle avec une explication sur les cookies. D\u00e8s que vous cliquez sur \u00ab\u00a0Enregistrer les pr\u00e9f\u00e9rences\u00a0\u00bb, vous acceptez notre utilisation des cat\u00e9gories de cookies et de plugins que vous avez s\u00e9lectionn\u00e9s dans la fen\u00eatre contextuelle, comme d\u00e9crit dans cette politique de cookies. Vous pouvez d\u00e9sactiver l&#039;utilisation de cookies via votre navigateur, mais gardez \u00e0 l&#039;esprit que notre site Web peut cesser de fonctionner correctement.<\/p><p class=\"cmplz-subtitle\">6.1 G\u00e9rer vos param\u00e8tres de consentement<\/p><div id=\"cmplz-manage-consent-container-nojavascript\">Vous avez charg\u00e9 la politique de cookies sans support JavaScript. Dans AMP, vous pouvez utiliser le bouton de gestion du consentement en bas de la page.<\/div><h2>7. Activation\/d\u00e9sactivation et suppression des cookies<\/h2><p>Vous pouvez utiliser votre navigateur Internet pour supprimer les cookies automatiquement ou manuellement. Vous pouvez \u00e9galement pr\u00e9ciser que certains cookies ne peuvent pas \u00eatre d\u00e9pos\u00e9s. Une autre option consiste \u00e0 modifier les param\u00e8tres de votre navigateur Internet afin que vous receviez un message \u00e0 chaque fois qu&#039;un cookie est plac\u00e9. Pour plus d&#039;informations sur ces options, consultez les instructions dans la section \u00ab Aide \u00bb de votre navigateur.<\/p><p>Veuillez noter que notre site Web peut ne pas fonctionner correctement si tous les cookies sont d\u00e9sactiv\u00e9s. Si vous supprimez les cookies de votre navigateur, ils seront \u00e0 nouveau plac\u00e9s apr\u00e8s votre consentement lorsque vous visiterez \u00e0 nouveau nos sites Web.<\/p><h2>8. Vos droits concernant les donn\u00e9es personnelles<\/h2><p>Vous disposez des droits suivants concernant vos donn\u00e9es personnelles :<\/p><ul><li>Vous avez le droit de savoir pourquoi vos donn\u00e9es personnelles sont n\u00e9cessaires, ce qu&#039;il adviendra de elles et combien de temps elles seront conserv\u00e9es.<\/li><li>Droit d&#039;acc\u00e8s : vous avez le droit d&#039;acc\u00e9der \u00e0 vos donn\u00e9es personnelles que nous connaissons.<\/li><li>Droit de rectification : vous disposez du droit de compl\u00e9ter, de rectifier, de supprimer ou de bloquer vos donn\u00e9es personnelles \u00e0 tout moment.<\/li><li>Si vous nous donnez votre consentement pour traiter vos donn\u00e9es, vous avez le droit de r\u00e9voquer ce consentement et de faire supprimer vos donn\u00e9es personnelles.<\/li><li>Droit de transf\u00e9rer vos donn\u00e9es : vous avez le droit de demander toutes vos donn\u00e9es personnelles au responsable du traitement et de les transf\u00e9rer dans leur int\u00e9gralit\u00e9 \u00e0 un autre responsable du traitement.<\/li><li>Droit d&#039;opposition : vous pouvez vous opposer au traitement de vos donn\u00e9es. Nous nous y conformons, sauf s&#039;il existe des motifs justifi\u00e9s pour le traitement.<\/li><\/ul><p>Pour exercer ces droits, veuillez nous contacter. Veuillez consulter les coordonn\u00e9es au bas de cette politique en mati\u00e8re de cookies. Si vous avez des plaintes concernant la mani\u00e8re dont nous traitons vos donn\u00e9es, nous aimerions que vous nous le fassiez savoir, mais vous avez \u00e9galement le droit de d\u00e9poser une plainte aupr\u00e8s de l&#039;autorit\u00e9 de contr\u00f4le (l&#039;autorit\u00e9 de protection des donn\u00e9es).<\/p><h2>9. Coordonn\u00e9es<\/h2><p>Pour toute question et\/ou commentaire concernant notre politique en mati\u00e8re de cookies et cette d\u00e9claration, veuillez nous contacter en utilisant les coordonn\u00e9es suivantes\u00a0:<\/p><p><span class=\"cmplz-contact-organisation\">CD Mitjans<\/span><br \/><span class=\"cmplz-contact-address\">Calle Dr. Torras i Bages, 114 \u2013 08223 Terrassa \u2013 Barcelone<br \/><\/span><br \/><span class=\"cmplz-contact-country\">Espagne<\/span><br \/>La toile: <span class=\"cmplz-contact-domain\"><a href=\"https:\/\/shop.cdmitjans.com\/fr\/\">https:\/\/shop.cdmitjans.com<\/a><\/span><br \/>Courrier \u00e9lectronique: <span class=\"cmplz-contact-email\">sales@cdmitjans.es<\/span><br \/><span class=\"cmplz-contact-telephone\">Num\u00e9ro de t\u00e9l\u00e9phone : 93 731 41 44<\/span><\/p><\/div><\/div><\/div><\/div>\t\t\t\t\t\t\t\t<\/div>\n\t\t\t\t<\/div>\n\t\t\t\t\t<\/div>\n\t\t<\/div>\n\t\t\t\t\t<\/div>\n\t\t<\/section>\n\t\t\t\t<\/div>","protected":false},"excerpt":{"rendered":"<p>1. Introduction Notre site Internet, https:\/\/shop.cdmitjans.com (ci-apr\u00e8s : \u00ab le site Internet \u00bb) utilise des cookies et d&#039;autres technologies associ\u00e9es (pour plus de commodit\u00e9, toutes les technologies sont appel\u00e9es \u00ab cookies \u00bb). Des cookies sont \u00e9galement plac\u00e9s par des tiers que nous avons engag\u00e9s. Dans le document suivant, nous vous informons de l&#039;utilisation de cookies sur notre site Internet. 2. Que sont les cookies ?\u2026&nbsp;<a href=\"https:\/\/shop.cdmitjans.com\/fr\/politica-de-cookies\/\" rel=\"bookmark\">Lire la suite \u00bb<span class=\"screen-reader-text\">Politique de cookies<\/span><\/a><\/p>","protected":false},"author":1,"featured_media":0,"parent":0,"menu_order":0,"comment_status":"closed","ping_status":"closed","template":"page-templates\/template-pagebuilder-full-width.php","meta":{"neve_meta_sidebar":"","neve_meta_container":"","neve_meta_enable_content_width":"off","neve_meta_content_width":100,"neve_meta_title_alignment":"","neve_meta_author_avatar":"","neve_post_elements_order":"","neve_meta_disable_header":"","neve_meta_disable_footer":"","neve_meta_disable_title":"","footnotes":""},"class_list":["post-558","page","type-page","status-publish","hentry"],"yoast_head":"<!-- This site is optimized with the Yoast SEO plugin v25.5 - https:\/\/yoast.com\/wordpress\/plugins\/seo\/ -->\n<title>Pol\u00edtica de cookies - Cdmitjans | Creaciones y Dise\u00f1o<\/title>\n<meta name=\"robots\" content=\"index, follow, max-snippet:-1, max-image-preview:large, max-video-preview:-1\" \/>\n<link rel=\"canonical\" href=\"https:\/\/shop.cdmitjans.com\/fr\/politica-de-cookies\/\" \/>\n<meta property=\"og:locale\" content=\"fr_FR\" \/>\n<meta property=\"og:type\" content=\"article\" \/>\n<meta property=\"og:title\" content=\"Pol\u00edtica de cookies - Cdmitjans | Creaciones y Dise\u00f1o\" \/>\n<meta property=\"og:description\" content=\"1. Introducci\u00f3n Nuestra web, https:\/\/shop.cdmitjans.com (en adelante: \u00abla web\u00bb) utiliza cookies y otras tecnolog\u00edas relacionadas (para mayor comodidad, todas las tecnolog\u00edas se denominan \u00abcookies\u00bb). Las cookies tambi\u00e9n son colocadas por terceros a los que hemos contratado. En el siguiente documento te informamos sobre el uso de cookies en nuestra web. 2. \u00bfQu\u00e9 son las cookies?&hellip;&nbsp;Lire la suite &raquo;Pol\u00edtica de cookies\" \/>\n<meta property=\"og:url\" content=\"https:\/\/shop.cdmitjans.com\/fr\/politica-de-cookies\/\" \/>\n<meta property=\"og:site_name\" content=\"Cdmitjans | Creaciones y Dise\u00f1o\" \/>\n<meta property=\"article:modified_time\" content=\"2024-03-21T12:34:18+00:00\" \/>\n<meta name=\"twitter:card\" content=\"summary_large_image\" \/>\n<meta name=\"twitter:label1\" content=\"Dur\u00e9e de lecture estim\u00e9e\" \/>\n\t<meta name=\"twitter:data1\" content=\"4 minutes\" \/>\n<script type=\"application\/ld+json\" class=\"yoast-schema-graph\">{\"@context\":\"https:\/\/schema.org\",\"@graph\":[{\"@type\":\"WebPage\",\"@id\":\"https:\/\/shop.cdmitjans.com\/politica-de-cookies\/\",\"url\":\"https:\/\/shop.cdmitjans.com\/politica-de-cookies\/\",\"name\":\"Pol\u00edtica de cookies - Cdmitjans | Creaciones y Dise\u00f1o\",\"isPartOf\":{\"@id\":\"https:\/\/shop.cdmitjans.com\/fr\/#website\"},\"datePublished\":\"2024-03-03T18:54:11+00:00\",\"dateModified\":\"2024-03-21T12:34:18+00:00\",\"breadcrumb\":{\"@id\":\"https:\/\/shop.cdmitjans.com\/politica-de-cookies\/#breadcrumb\"},\"inLanguage\":\"fr-FR\",\"potentialAction\":[{\"@type\":\"ReadAction\",\"target\":[\"https:\/\/shop.cdmitjans.com\/politica-de-cookies\/\"]}]},{\"@type\":\"BreadcrumbList\",\"@id\":\"https:\/\/shop.cdmitjans.com\/politica-de-cookies\/#breadcrumb\",\"itemListElement\":[{\"@type\":\"ListItem\",\"position\":1,\"name\":\"Portada\",\"item\":\"https:\/\/shop.cdmitjans.com\/\"},{\"@type\":\"ListItem\",\"position\":2,\"name\":\"Pol\u00edtica de cookies\"}]},{\"@type\":\"WebSite\",\"@id\":\"https:\/\/shop.cdmitjans.com\/fr\/#website\",\"url\":\"https:\/\/shop.cdmitjans.com\/fr\/\",\"name\":\"Cdmitjans | Creaciones y Dise\u00f1o\",\"description\":\"Nuestras creaciones reflejan una est\u00e9tica moderna y sofisticada, combinando l\u00edneas vanguardistas con detalles cuidadosamente seleccionados.\",\"potentialAction\":[{\"@type\":\"SearchAction\",\"target\":{\"@type\":\"EntryPoint\",\"urlTemplate\":\"https:\/\/shop.cdmitjans.com\/fr\/?s={search_term_string}\"},\"query-input\":{\"@type\":\"PropertyValueSpecification\",\"valueRequired\":true,\"valueName\":\"search_term_string\"}}],\"inLanguage\":\"fr-FR\"}]}<\/script>\n<!-- \/ Yoast SEO plugin. -->","yoast_head_json":{"title":"Politique relative aux cookies - Cdmitjans | Cr\u00e9ations et Design","robots":{"index":"index","follow":"follow","max-snippet":"max-snippet:-1","max-image-preview":"max-image-preview:large","max-video-preview":"max-video-preview:-1"},"canonical":"https:\/\/shop.cdmitjans.com\/fr\/politica-de-cookies\/","og_locale":"fr_FR","og_type":"article","og_title":"Pol\u00edtica de cookies - Cdmitjans | Creaciones y Dise\u00f1o","og_description":"1. Introducci\u00f3n Nuestra web, https:\/\/shop.cdmitjans.com (en adelante: \u00abla web\u00bb) utiliza cookies y otras tecnolog\u00edas relacionadas (para mayor comodidad, todas las tecnolog\u00edas se denominan \u00abcookies\u00bb). Las cookies tambi\u00e9n son colocadas por terceros a los que hemos contratado. En el siguiente documento te informamos sobre el uso de cookies en nuestra web. 2. \u00bfQu\u00e9 son las cookies?&hellip;&nbsp;Lire la suite &raquo;Pol\u00edtica de cookies","og_url":"https:\/\/shop.cdmitjans.com\/fr\/politica-de-cookies\/","og_site_name":"Cdmitjans | Creaciones y Dise\u00f1o","article_modified_time":"2024-03-21T12:34:18+00:00","twitter_card":"summary_large_image","twitter_misc":{"Dur\u00e9e de lecture estim\u00e9e":"4 minutes"},"schema":{"@context":"https:\/\/schema.org","@graph":[{"@type":"WebPage","@id":"https:\/\/shop.cdmitjans.com\/politica-de-cookies\/","url":"https:\/\/shop.cdmitjans.com\/politica-de-cookies\/","name":"Politique relative aux cookies - Cdmitjans | Cr\u00e9ations et Design","isPartOf":{"@id":"https:\/\/shop.cdmitjans.com\/fr\/#website"},"datePublished":"2024-03-03T18:54:11+00:00","dateModified":"2024-03-21T12:34:18+00:00","breadcrumb":{"@id":"https:\/\/shop.cdmitjans.com\/politica-de-cookies\/#breadcrumb"},"inLanguage":"fr-FR","potentialAction":[{"@type":"ReadAction","target":["https:\/\/shop.cdmitjans.com\/politica-de-cookies\/"]}]},{"@type":"BreadcrumbList","@id":"https:\/\/shop.cdmitjans.com\/politica-de-cookies\/#breadcrumb","itemListElement":[{"@type":"ListItem","position":1,"name":"Portada","item":"https:\/\/shop.cdmitjans.com\/"},{"@type":"ListItem","position":2,"name":"Pol\u00edtica de cookies"}]},{"@type":"WebSite","@id":"https:\/\/shop.cdmitjans.com\/fr\/#website","url":"https:\/\/shop.cdmitjans.com\/fr\/","name":"Cdmitjans | Cr\u00e9ations et Conception","description":"Nos cr\u00e9ations refl\u00e8tent une esth\u00e9tique moderne et sophistiqu\u00e9e, alliant lignes avant-gardistes et d\u00e9tails soigneusement s\u00e9lectionn\u00e9s.","potentialAction":[{"@type":"SearchAction","target":{"@type":"EntryPoint","urlTemplate":"https:\/\/shop.cdmitjans.com\/fr\/?s={search_term_string}"},"query-input":{"@type":"PropertyValueSpecification","valueRequired":true,"valueName":"search_term_string"}}],"inLanguage":"fr-FR"}]}},"_links":{"self":[{"href":"https:\/\/shop.cdmitjans.com\/fr\/wp-json\/wp\/v2\/pages\/558","targetHints":{"allow":["GET"]}}],"collection":[{"href":"https:\/\/shop.cdmitjans.com\/fr\/wp-json\/wp\/v2\/pages"}],"about":[{"href":"https:\/\/shop.cdmitjans.com\/fr\/wp-json\/wp\/v2\/types\/page"}],"author":[{"embeddable":true,"href":"https:\/\/shop.cdmitjans.com\/fr\/wp-json\/wp\/v2\/users\/1"}],"replies":[{"embeddable":true,"href":"https:\/\/shop.cdmitjans.com\/fr\/wp-json\/wp\/v2\/comments?post=558"}],"version-history":[{"count":0,"href":"https:\/\/shop.cdmitjans.com\/fr\/wp-json\/wp\/v2\/pages\/558\/revisions"}],"wp:attachment":[{"href":"https:\/\/shop.cdmitjans.com\/fr\/wp-json\/wp\/v2\/media?parent=558"}],"curies":[{"name":"wp","href":"https:\/\/api.w.org\/{rel}","templated":true}]}}