{"id":564,"date":"2024-03-03T18:55:26","date_gmt":"2024-03-03T18:55:26","guid":{"rendered":"https:\/\/cdmit.ultbit.com\/?page_id=564"},"modified":"2024-03-21T14:54:32","modified_gmt":"2024-03-21T13:54:32","slug":"aviso-legal","status":"publish","type":"page","link":"https:\/\/shop.cdmitjans.com\/fr\/aviso-legal\/","title":{"rendered":"Avis juridique"},"content":{"rendered":"<div data-elementor-type=\"wp-page\" data-elementor-id=\"564\" class=\"elementor elementor-564\" data-elementor-post-type=\"page\">\n\t\t\t\t\t\t<section class=\"elementor-section elementor-top-section elementor-element elementor-element-70684364 elementor-section-height-min-height elementor-section-content-middle elementor-section-boxed elementor-section-height-default elementor-section-items-middle\" data-id=\"70684364\" data-element_type=\"section\" data-settings=\"{&quot;background_background&quot;:&quot;classic&quot;}\">\n\t\t\t\t\t\t\t<div class=\"elementor-background-overlay\"><\/div>\n\t\t\t\t\t\t\t<div class=\"elementor-container elementor-column-gap-no\">\n\t\t\t\t\t<div class=\"elementor-column elementor-col-100 elementor-top-column elementor-element elementor-element-1c590c89\" data-id=\"1c590c89\" data-element_type=\"column\" data-settings=\"{&quot;background_background&quot;:&quot;classic&quot;}\">\n\t\t\t<div class=\"elementor-widget-wrap elementor-element-populated\">\n\t\t\t\t\t\t\t<\/div>\n\t\t<\/div>\n\t\t\t\t\t<\/div>\n\t\t<\/section>\n\t\t\t\t<section class=\"elementor-section elementor-top-section elementor-element elementor-element-2add3106 elementor-section-boxed elementor-section-height-default elementor-section-height-default\" data-id=\"2add3106\" data-element_type=\"section\">\n\t\t\t\t\t\t<div class=\"elementor-container elementor-column-gap-no\">\n\t\t\t\t\t<div class=\"elementor-column elementor-col-100 elementor-top-column elementor-element elementor-element-7cb93254\" data-id=\"7cb93254\" data-element_type=\"column\">\n\t\t\t<div class=\"elementor-widget-wrap elementor-element-populated\">\n\t\t\t\t\t\t<div class=\"elementor-element elementor-element-e4e8f6b elementor-widget elementor-widget-text-editor\" data-id=\"e4e8f6b\" data-element_type=\"widget\" data-widget_type=\"text-editor.default\">\n\t\t\t\t<div class=\"elementor-widget-container\">\n\t\t\t\t\t\t\t\t\t<div class=\"elementor-element elementor-element-6f5900f elementor-widget elementor-widget-heading\" data-id=\"6f5900f\" data-element_type=\"widget\" data-widget_type=\"heading.default\"><div class=\"elementor-widget-container\"><h4 class=\"elementor-heading-title elementor-size-default\">Avis juridique<\/h4><\/div><\/div><div class=\"elementor-element elementor-element-01dd3cb elementor-widget elementor-widget-text-editor\" data-id=\"01dd3cb\" data-element_type=\"widget\" data-widget_type=\"text-editor.default\"><div class=\"elementor-widget-container\"><h4 class=\"wp-block-heading\">Responsable du traitement des donn\u00e9es<\/h4><p>Conform\u00e9ment au devoir d&#039;information \u00e9tabli par la loi 34\/2002 du 11 juillet relative aux services de la soci\u00e9t\u00e9 de l&#039;information et au commerce \u00e9lectronique, nous vous informons que ce site Web est la propri\u00e9t\u00e9 de\u00a0:<\/p><ul><li>Web\u00a0: https:\/\/shop.cdmitjans.com\/<\/li><li>Responsable: CREACIONES Y DESIGN MITJANS SL<\/li><li>NIF\u00a0: <span class=\"text-bodytext-m text-neutrals-700\">B64704976<\/span><\/li><li>Adresse : Calle Dr. Torras i Bages, 114<\/li><li>Population: 08223 Terrassa \u2013 Barcelone<\/li><li>T\u00e9l\u00e9phone : 93 731 41 44<\/li><\/ul><h4 class=\"wp-block-heading\">Objet<\/h4><p>Le Responsable du traitement met ce document \u00e0 la disposition des utilisateurs avec lesquels il entend se conformer aux dispositions de la r\u00e9glementation en vigueur sur la protection des donn\u00e9es, et dans le cadre du nouveau cadre r\u00e9glementaire \u00e9tabli en vertu des dispositions du R\u00e8glement (UE) 2016\/679 du du Parlement europ\u00e9en et du Conseil, du 27 avril 2016, relative \u00e0 la protection des personnes physiques \u00e0 l&#039;\u00e9gard du traitement des donn\u00e9es \u00e0 caract\u00e8re personnel et \u00e0 la libre circulation de ces donn\u00e9es (ci-apr\u00e8s, le \u00ab RGPD \u00bb), et aux r\u00e9glementations nationales en mati\u00e8re de protection. des donn\u00e9es personnelles, ainsi que d&#039;informer tous les utilisateurs du site Internet des conditions d&#039;utilisation du site Internet. Toute personne qui acc\u00e8de \u00e0 ce site Web assume le r\u00f4le d&#039;utilisateur, s&#039;engageant au strict respect et au respect des dispositions contenues dans le pr\u00e9sent document, ainsi que de toute autre disposition l\u00e9gale applicable. Le Responsable du traitement se r\u00e9serve le droit de modifier tout type d&#039;informations pouvant appara\u00eetre sur le site Internet, sans aucune obligation de notifier ou d&#039;informer les utilisateurs de ces obligations, la publication sur le site Internet du Responsable \u00e9tant consid\u00e9r\u00e9e comme suffisante.<\/p><h4 class=\"wp-block-heading\">Responsabilit\u00e9<\/h4><p>Le Responsable du traitement est exon\u00e9r\u00e9 de tout type de responsabilit\u00e9 d\u00e9riv\u00e9e des informations publi\u00e9es sur son site Internet, \u00e0 condition que ces informations aient \u00e9t\u00e9 manipul\u00e9es ou introduites par un tiers qui ne lui est pas li\u00e9.<\/p><h4 class=\"wp-block-heading\">Adresses IP<\/h4><p>Les serveurs du site Web peuvent d\u00e9tecter automatiquement l&#039;adresse IP et le nom de domaine utilis\u00e9s par l&#039;utilisateur. Une adresse IP est un num\u00e9ro automatiquement attribu\u00e9 \u00e0 un ordinateur lorsqu&#039;il se connecte \u00e0 Internet. Toutes ces informations sont enregistr\u00e9es dans un fichier d&#039;activit\u00e9 du serveur, d\u00fbment enregistr\u00e9, qui permet le traitement ult\u00e9rieur des donn\u00e9es pour obtenir uniquement des mesures statistiques permettant de conna\u00eetre le nombre d&#039;impressions de pages, le nombre de visites effectu\u00e9es sur les serveurs Web, l&#039;ordre des visites, point d&#039;acc\u00e8s, etc.<\/p><h4 class=\"wp-block-heading\">Politique de lien<\/h4><p>\u00c0 partir de ce site Web, vous pouvez \u00eatre redirig\u00e9 vers du contenu provenant de sites Web tiers. \u00c9tant donn\u00e9 que le Responsable du traitement ne peut pas toujours contr\u00f4ler les contenus introduits par des tiers sur leurs sites Web, il n&#039;assume aucune responsabilit\u00e9 concernant ces contenus. Dans tous les cas, le Responsable du traitement d\u00e9clare qu&#039;il proc\u00e9dera au retrait imm\u00e9diat de tout contenu susceptible de contrevenir \u00e0 la l\u00e9gislation nationale ou internationale, aux bonnes m\u0153urs ou \u00e0 l&#039;ordre public, en proc\u00e9dant au retrait imm\u00e9diat de la redirection vers ce site Web, en informant les autorit\u00e9s comp\u00e9tentes du contenu en question. Le Responsable du traitement n&#039;est pas responsable des informations et du contenu stock\u00e9s, \u00e0 titre d&#039;exemple mais sans s&#039;y limiter, dans les forums, chats, g\u00e9n\u00e9rateurs de blogs, commentaires, r\u00e9seaux sociaux ou tout autre moyen permettant \u00e0 des tiers de publier du contenu de mani\u00e8re ind\u00e9pendante sur le site Web. le responsable. Toutefois, et conform\u00e9ment aux dispositions de l&#039;art. 11 et 16 de la LSSICE, le Responsable se met \u00e0 la disposition de tous les utilisateurs, autorit\u00e9s et forces de s\u00e9curit\u00e9, en collaborant activement au retrait ou, le cas \u00e9ch\u00e9ant, au blocage de tout contenu qui pourrait affecter ou contrevenir \u00e0 la l\u00e9gislation nationale, ou au droit international, aux droits des tiers. les partis ou la morale et l\u2019ordre public. Si l&#039;utilisateur estime qu&#039;il existe un contenu sur le site Web susceptible d&#039;\u00eatre soumis \u00e0 cette classification, il est pri\u00e9 d&#039;en informer imm\u00e9diatement l&#039;administrateur du site Web. Ce site Web a \u00e9t\u00e9 examin\u00e9 et test\u00e9 pour fonctionner correctement. En principe, le bon fonctionnement peut \u00eatre garanti 365 jours par an, 24 heures sur 24. Cependant, le Responsable du traitement n&#039;exclut pas la possibilit\u00e9 que certaines erreurs de programmation se produisent ou qu&#039;elles deviennent des causes de force majeure, de catastrophes naturelles, de gr\u00e8ves ou de circonstances similaires rendant impossible l&#039;acc\u00e8s au site Web.<\/p><h4 class=\"wp-block-heading\">Protection de donn\u00e9es<\/h4><p>Le Responsable du traitement s&#039;engage profond\u00e9ment \u00e0 respecter les dispositions de la r\u00e9glementation en vigueur sur la protection des donn\u00e9es, et dans le contexte du nouveau cadre r\u00e9glementaire \u00e9tabli en vertu des dispositions du r\u00e8glement (UE) 2016\/679 du Parlement europ\u00e9en et du Conseil du mois d&#039;avril. 27, 2016, relative \u00e0 la protection des personnes physiques \u00e0 l&#039;\u00e9gard du traitement des donn\u00e9es personnelles et \u00e0 la libre circulation de ces donn\u00e9es (ci-apr\u00e8s, le RGPD), et \u00e0 la r\u00e9glementation nationale sur la protection des donn\u00e9es \u00e0 caract\u00e8re personnel. De m\u00eame, le Responsable du traitement informe qu&#039;il se conforme \u00e0 la loi 34\/2002 du 11 juillet sur les services de la soci\u00e9t\u00e9 de l&#039;information et du commerce \u00e9lectronique et demandera \u00e0 tout moment votre consentement au traitement de vos donn\u00e9es \u00e0 des fins commerciales.<\/p><h4 class=\"wp-block-heading\">Propri\u00e9t\u00e9 intellectuelle et industrielle<\/h4><p>Le site Internet, y compris mais sans s&#039;y limiter, sa programmation, son \u00e9dition, sa compilation et autres \u00e9l\u00e9ments n\u00e9cessaires \u00e0 son fonctionnement, les dessins, logos, textes et\/ou graphiques sont la propri\u00e9t\u00e9 du Responsable du traitement ou, le cas \u00e9ch\u00e9ant, disposent d&#039;une licence ou d&#039;une autorisation expresse de une partie des auteurs. Tous les contenus du site Web sont d\u00fbment prot\u00e9g\u00e9s par la r\u00e9glementation en mati\u00e8re de propri\u00e9t\u00e9 intellectuelle et industrielle. Quelle que soit la finalit\u00e9 pour laquelle ils sont destin\u00e9s, la reproduction totale ou partielle, l&#039;utilisation, l&#039;exploitation, la distribution et la commercialisation n\u00e9cessitent dans tous les cas l&#039;autorisation \u00e9crite pr\u00e9alable du Responsable du traitement. Toute utilisation non pr\u00e9alablement autoris\u00e9e par le responsable sera consid\u00e9r\u00e9e comme une violation grave des droits de propri\u00e9t\u00e9 intellectuelle ou industrielle de l&#039;auteur. Les dessins, logos, textes et\/ou graphiques qui ne sont pas li\u00e9s au pr\u00eateur et qui peuvent appara\u00eetre sur le site Web appartiennent \u00e0 leurs propri\u00e9taires respectifs, et ils sont responsables de toute \u00e9ventuelle controverse qui pourrait survenir \u00e0 leur sujet. En tout \u00e9tat de cause, le Responsable de traitement dispose de leur autorisation expresse et pr\u00e9alable. Le Responsable du traitement autorise express\u00e9ment les tiers \u00e0 rediriger directement vers les contenus sp\u00e9cifiques du site Internet et, dans tous les cas, doit rediriger vers la page principale du site Internet du Responsable du traitement. Le Responsable du traitement reconna\u00eet les droits de propri\u00e9t\u00e9 intellectuelle et industrielle correspondants en faveur de leurs propri\u00e9taires, et leur simple mention ou apparition sur le site Web n&#039;implique pas l&#039;existence de droits ou de responsabilit\u00e9 du Responsable du traitement sur ceux-ci, ni n&#039;implique un soutien, un parrainage ou une recommandation pour leur part. . Pour toutes les images dans lesquelles le logiciel de conception le permet, les r\u00e9f\u00e9rences correspondantes \u00e0 la paternit\u00e9 et \u00e0 la licence correspondante ont \u00e9t\u00e9 incluses.\u00a0<span class=\"\">Pour faire tout type d&#039;observation concernant d&#039;\u00e9ventuelles violations des droits de propri\u00e9t\u00e9 intellectuelle ou industrielle, ainsi que sur tout contenu du site Web, vous pouvez le faire via l&#039;e-mail suivant : ventas@cdmitjans.es\u00a0<\/span><\/p><\/div><\/div>\t\t\t\t\t\t\t\t<\/div>\n\t\t\t\t<\/div>\n\t\t\t\t\t<\/div>\n\t\t<\/div>\n\t\t\t\t\t<\/div>\n\t\t<\/section>\n\t\t\t\t<\/div>","protected":false},"excerpt":{"rendered":"<p>Mentions l\u00e9gales Responsable du traitement des donn\u00e9es Conform\u00e9ment au devoir d&#039;information \u00e9tabli par la loi 34\/2002 du 11 juillet sur les services de la soci\u00e9t\u00e9 de l&#039;information et du commerce \u00e9lectronique, nous vous informons que ce site Web est la propri\u00e9t\u00e9 de : Site Web : https:\/\/shop.cdmitjans.com\/ Responsable du traitement : CREACIONES Y DISE\u00d1O MITJANS SL NIF : B64704976 Adresse :\u2026&nbsp;<a href=\"https:\/\/shop.cdmitjans.com\/fr\/aviso-legal\/\" rel=\"bookmark\">Lire la suite \u00bb<span class=\"screen-reader-text\">Avis juridique<\/span><\/a><\/p>","protected":false},"author":1,"featured_media":0,"parent":0,"menu_order":0,"comment_status":"closed","ping_status":"closed","template":"page-templates\/template-pagebuilder-full-width.php","meta":{"neve_meta_sidebar":"","neve_meta_container":"","neve_meta_enable_content_width":"off","neve_meta_content_width":100,"neve_meta_title_alignment":"","neve_meta_author_avatar":"","neve_post_elements_order":"","neve_meta_disable_header":"","neve_meta_disable_footer":"","neve_meta_disable_title":"","footnotes":""},"class_list":["post-564","page","type-page","status-publish","hentry"],"yoast_head":"<!-- This site is optimized with the Yoast SEO plugin v25.5 - https:\/\/yoast.com\/wordpress\/plugins\/seo\/ -->\n<title>Aviso legal - Cdmitjans | Creaciones y Dise\u00f1o<\/title>\n<meta name=\"robots\" content=\"index, follow, max-snippet:-1, max-image-preview:large, max-video-preview:-1\" \/>\n<link rel=\"canonical\" href=\"https:\/\/shop.cdmitjans.com\/fr\/aviso-legal\/\" \/>\n<meta property=\"og:locale\" content=\"fr_FR\" \/>\n<meta property=\"og:type\" content=\"article\" \/>\n<meta property=\"og:title\" content=\"Aviso legal - Cdmitjans | Creaciones y Dise\u00f1o\" \/>\n<meta property=\"og:description\" content=\"Aviso Legal Responsable del tratamiento de los datos En cumplimiento del deber de informaci\u00f3n que establece la Ley La 34\/2002, de 11 de julio, de Servicios de la Sociedad de la Informaci\u00f3n y del Comercio Electr\u00f3nico, le comunicamos que esta web es titularidad de: Web: https:\/\/shop.cdmitjans.com\/ Responsable: CREACIONES Y DISE\u00d1O MITJANS S.L. NIF: B64704976 Domicilio:&hellip;&nbsp;Lire la suite &raquo;Aviso legal\" \/>\n<meta property=\"og:url\" content=\"https:\/\/shop.cdmitjans.com\/fr\/aviso-legal\/\" \/>\n<meta property=\"og:site_name\" content=\"Cdmitjans | Creaciones y Dise\u00f1o\" \/>\n<meta property=\"article:modified_time\" content=\"2024-03-21T13:54:32+00:00\" \/>\n<meta name=\"twitter:card\" content=\"summary_large_image\" \/>\n<meta name=\"twitter:label1\" content=\"Dur\u00e9e de lecture estim\u00e9e\" \/>\n\t<meta name=\"twitter:data1\" content=\"6 minutes\" \/>\n<script type=\"application\/ld+json\" class=\"yoast-schema-graph\">{\"@context\":\"https:\/\/schema.org\",\"@graph\":[{\"@type\":\"WebPage\",\"@id\":\"https:\/\/shop.cdmitjans.com\/aviso-legal\/\",\"url\":\"https:\/\/shop.cdmitjans.com\/aviso-legal\/\",\"name\":\"Aviso legal - Cdmitjans | Creaciones y Dise\u00f1o\",\"isPartOf\":{\"@id\":\"https:\/\/shop.cdmitjans.com\/fr\/#website\"},\"datePublished\":\"2024-03-03T18:55:26+00:00\",\"dateModified\":\"2024-03-21T13:54:32+00:00\",\"breadcrumb\":{\"@id\":\"https:\/\/shop.cdmitjans.com\/aviso-legal\/#breadcrumb\"},\"inLanguage\":\"fr-FR\",\"potentialAction\":[{\"@type\":\"ReadAction\",\"target\":[\"https:\/\/shop.cdmitjans.com\/aviso-legal\/\"]}]},{\"@type\":\"BreadcrumbList\",\"@id\":\"https:\/\/shop.cdmitjans.com\/aviso-legal\/#breadcrumb\",\"itemListElement\":[{\"@type\":\"ListItem\",\"position\":1,\"name\":\"Portada\",\"item\":\"https:\/\/shop.cdmitjans.com\/\"},{\"@type\":\"ListItem\",\"position\":2,\"name\":\"Aviso legal\"}]},{\"@type\":\"WebSite\",\"@id\":\"https:\/\/shop.cdmitjans.com\/fr\/#website\",\"url\":\"https:\/\/shop.cdmitjans.com\/fr\/\",\"name\":\"Cdmitjans | Creaciones y Dise\u00f1o\",\"description\":\"Nuestras creaciones reflejan una est\u00e9tica moderna y sofisticada, combinando l\u00edneas vanguardistas con detalles cuidadosamente seleccionados.\",\"potentialAction\":[{\"@type\":\"SearchAction\",\"target\":{\"@type\":\"EntryPoint\",\"urlTemplate\":\"https:\/\/shop.cdmitjans.com\/fr\/?s={search_term_string}\"},\"query-input\":{\"@type\":\"PropertyValueSpecification\",\"valueRequired\":true,\"valueName\":\"search_term_string\"}}],\"inLanguage\":\"fr-FR\"}]}<\/script>\n<!-- \/ Yoast SEO plugin. -->","yoast_head_json":{"title":"Mentions l\u00e9gales - Cdmitjans | Cr\u00e9ations et Design","robots":{"index":"index","follow":"follow","max-snippet":"max-snippet:-1","max-image-preview":"max-image-preview:large","max-video-preview":"max-video-preview:-1"},"canonical":"https:\/\/shop.cdmitjans.com\/fr\/aviso-legal\/","og_locale":"fr_FR","og_type":"article","og_title":"Aviso legal - Cdmitjans | Creaciones y Dise\u00f1o","og_description":"Aviso Legal Responsable del tratamiento de los datos En cumplimiento del deber de informaci\u00f3n que establece la Ley La 34\/2002, de 11 de julio, de Servicios de la Sociedad de la Informaci\u00f3n y del Comercio Electr\u00f3nico, le comunicamos que esta web es titularidad de: Web: https:\/\/shop.cdmitjans.com\/ Responsable: CREACIONES Y DISE\u00d1O MITJANS S.L. NIF: B64704976 Domicilio:&hellip;&nbsp;Lire la suite &raquo;Aviso legal","og_url":"https:\/\/shop.cdmitjans.com\/fr\/aviso-legal\/","og_site_name":"Cdmitjans | Creaciones y Dise\u00f1o","article_modified_time":"2024-03-21T13:54:32+00:00","twitter_card":"summary_large_image","twitter_misc":{"Dur\u00e9e de lecture estim\u00e9e":"6 minutes"},"schema":{"@context":"https:\/\/schema.org","@graph":[{"@type":"WebPage","@id":"https:\/\/shop.cdmitjans.com\/aviso-legal\/","url":"https:\/\/shop.cdmitjans.com\/aviso-legal\/","name":"Mentions l\u00e9gales - Cdmitjans | Cr\u00e9ations et Design","isPartOf":{"@id":"https:\/\/shop.cdmitjans.com\/fr\/#website"},"datePublished":"2024-03-03T18:55:26+00:00","dateModified":"2024-03-21T13:54:32+00:00","breadcrumb":{"@id":"https:\/\/shop.cdmitjans.com\/aviso-legal\/#breadcrumb"},"inLanguage":"fr-FR","potentialAction":[{"@type":"ReadAction","target":["https:\/\/shop.cdmitjans.com\/aviso-legal\/"]}]},{"@type":"BreadcrumbList","@id":"https:\/\/shop.cdmitjans.com\/aviso-legal\/#breadcrumb","itemListElement":[{"@type":"ListItem","position":1,"name":"Portada","item":"https:\/\/shop.cdmitjans.com\/"},{"@type":"ListItem","position":2,"name":"Aviso legal"}]},{"@type":"WebSite","@id":"https:\/\/shop.cdmitjans.com\/fr\/#website","url":"https:\/\/shop.cdmitjans.com\/fr\/","name":"Cdmitjans | Cr\u00e9ations et Conception","description":"Nos cr\u00e9ations refl\u00e8tent une esth\u00e9tique moderne et sophistiqu\u00e9e, alliant lignes avant-gardistes et d\u00e9tails soigneusement s\u00e9lectionn\u00e9s.","potentialAction":[{"@type":"SearchAction","target":{"@type":"EntryPoint","urlTemplate":"https:\/\/shop.cdmitjans.com\/fr\/?s={search_term_string}"},"query-input":{"@type":"PropertyValueSpecification","valueRequired":true,"valueName":"search_term_string"}}],"inLanguage":"fr-FR"}]}},"_links":{"self":[{"href":"https:\/\/shop.cdmitjans.com\/fr\/wp-json\/wp\/v2\/pages\/564","targetHints":{"allow":["GET"]}}],"collection":[{"href":"https:\/\/shop.cdmitjans.com\/fr\/wp-json\/wp\/v2\/pages"}],"about":[{"href":"https:\/\/shop.cdmitjans.com\/fr\/wp-json\/wp\/v2\/types\/page"}],"author":[{"embeddable":true,"href":"https:\/\/shop.cdmitjans.com\/fr\/wp-json\/wp\/v2\/users\/1"}],"replies":[{"embeddable":true,"href":"https:\/\/shop.cdmitjans.com\/fr\/wp-json\/wp\/v2\/comments?post=564"}],"version-history":[{"count":0,"href":"https:\/\/shop.cdmitjans.com\/fr\/wp-json\/wp\/v2\/pages\/564\/revisions"}],"wp:attachment":[{"href":"https:\/\/shop.cdmitjans.com\/fr\/wp-json\/wp\/v2\/media?parent=564"}],"curies":[{"name":"wp","href":"https:\/\/api.w.org\/{rel}","templated":true}]}}