{"id":569,"date":"2024-03-03T18:56:49","date_gmt":"2024-03-03T18:56:49","guid":{"rendered":"https:\/\/cdmit.ultbit.com\/?page_id=569"},"modified":"2024-03-03T18:57:30","modified_gmt":"2024-03-03T18:57:30","slug":"mapa-web","status":"publish","type":"page","link":"https:\/\/shop.cdmitjans.com\/fr\/mapa-web\/","title":{"rendered":"Carte Web"},"content":{"rendered":"<div data-elementor-type=\"wp-page\" data-elementor-id=\"569\" class=\"elementor elementor-569\" data-elementor-post-type=\"page\">\n\t\t\t\t\t\t<section class=\"elementor-section elementor-top-section elementor-element elementor-element-70684364 elementor-section-height-min-height elementor-section-content-middle elementor-section-boxed elementor-section-height-default elementor-section-items-middle\" data-id=\"70684364\" data-element_type=\"section\" data-settings=\"{&quot;background_background&quot;:&quot;classic&quot;}\">\n\t\t\t\t\t\t\t<div class=\"elementor-background-overlay\"><\/div>\n\t\t\t\t\t\t\t<div class=\"elementor-container elementor-column-gap-no\">\n\t\t\t\t\t<div class=\"elementor-column elementor-col-100 elementor-top-column elementor-element elementor-element-1c590c89\" data-id=\"1c590c89\" data-element_type=\"column\" data-settings=\"{&quot;background_background&quot;:&quot;classic&quot;}\">\n\t\t\t<div class=\"elementor-widget-wrap elementor-element-populated\">\n\t\t\t\t\t\t\t<\/div>\n\t\t<\/div>\n\t\t\t\t\t<\/div>\n\t\t<\/section>\n\t\t\t\t<section class=\"elementor-section elementor-top-section elementor-element elementor-element-2add3106 elementor-section-boxed elementor-section-height-default elementor-section-height-default\" data-id=\"2add3106\" data-element_type=\"section\">\n\t\t\t\t\t\t<div class=\"elementor-container elementor-column-gap-no\">\n\t\t\t\t\t<div class=\"elementor-column elementor-col-100 elementor-top-column elementor-element elementor-element-7cb93254\" data-id=\"7cb93254\" data-element_type=\"column\">\n\t\t\t<div class=\"elementor-widget-wrap elementor-element-populated\">\n\t\t\t\t\t\t<div class=\"elementor-element elementor-element-42606e4 elementor-widget elementor-widget-sitemap\" data-id=\"42606e4\" data-element_type=\"widget\" data-widget_type=\"sitemap.default\">\n\t\t\t\t<div class=\"elementor-widget-container\">\n\t\t\t\t\t<div class=\"elementor-sitemap-wrap\"><div class=\"elementor-sitemap-section\"><h2 class=\"elementor-sitemap-title elementor-sitemap-page-title\">pages<\/h2><ul class=\"elementor-sitemap-list elementor-sitemap-page-list\"><li class=\"elementor-sitemap-item elementor-sitemap-item-page page_item page-item-999\"><a href=\"https:\/\/shop.cdmitjans.com\/fr\/perfil\/\">Profil<\/a><\/li><li class=\"elementor-sitemap-item elementor-sitemap-item-page page_item page-item-998\"><a href=\"https:\/\/shop.cdmitjans.com\/fr\/ha-olvidado-su-contrasena\/\">Avez-vous oubli\u00e9 votre mot de passe<\/a><\/li><li class=\"elementor-sitemap-item elementor-sitemap-item-page page_item page-item-997\"><a href=\"https:\/\/shop.cdmitjans.com\/fr\/registro\/\">Enregistrer<\/a><\/li><li class=\"elementor-sitemap-item elementor-sitemap-item-page page_item page-item-996\"><a href=\"https:\/\/shop.cdmitjans.com\/fr\/iniciar-session-login\/\">D\u00e9marrer la session\/Connexion<\/a><\/li><li class=\"elementor-sitemap-item elementor-sitemap-item-page page_item page-item-926\"><a href=\"https:\/\/shop.cdmitjans.com\/fr\/inicio-francais\/\">Accueil \u2013 Fran\u00e7ais<\/a><\/li><li class=\"elementor-sitemap-item elementor-sitemap-item-page page_item page-item-925\"><a href=\"https:\/\/shop.cdmitjans.com\/fr\/inicio-deutsch\/\">Accueil \u2013 Allemand<\/a><\/li><li class=\"elementor-sitemap-item elementor-sitemap-item-page page_item page-item-924\"><a href=\"https:\/\/shop.cdmitjans.com\/fr\/inicio-english\/\">Accueil \u2013 Anglais<\/a><\/li><li class=\"elementor-sitemap-item elementor-sitemap-item-page page_item page-item-661\"><a href=\"https:\/\/shop.cdmitjans.com\/fr\/politica-de-devoluciones\/\">Politique de retour<\/a><\/li><li class=\"elementor-sitemap-item elementor-sitemap-item-page page_item page-item-569\"><a href=\"https:\/\/shop.cdmitjans.com\/fr\/mapa-web\/\">Carte Web<\/a><\/li><li class=\"elementor-sitemap-item elementor-sitemap-item-page page_item page-item-564\"><a href=\"https:\/\/shop.cdmitjans.com\/fr\/aviso-legal\/\">Avis juridique<\/a><\/li><li class=\"elementor-sitemap-item elementor-sitemap-item-page page_item page-item-558\"><a href=\"https:\/\/shop.cdmitjans.com\/fr\/politica-de-cookies\/\">Politique de cookies<\/a><\/li><li class=\"elementor-sitemap-item elementor-sitemap-item-page page_item page-item-550\"><a href=\"https:\/\/shop.cdmitjans.com\/fr\/politica-de-privacidad\/\">Politique de confidentialit\u00e9<\/a><\/li><li class=\"elementor-sitemap-item elementor-sitemap-item-page page_item page-item-544\"><a href=\"https:\/\/shop.cdmitjans.com\/fr\/declaracion-de-accesibilidad\/\">D\u00e9claration d&#039;accessibilit\u00e9<\/a><\/li><li class=\"elementor-sitemap-item elementor-sitemap-item-page page_item page-item-460\"><a href=\"https:\/\/shop.cdmitjans.com\/fr\/contacto\/\">Contact<\/a><\/li><li class=\"elementor-sitemap-item elementor-sitemap-item-page page_item page-item-361\"><a href=\"https:\/\/shop.cdmitjans.com\/fr\/distribuidores\/\">Concessionnaires<\/a><\/li><li class=\"elementor-sitemap-item elementor-sitemap-item-page page_item page-item-67\"><a href=\"https:\/\/shop.cdmitjans.com\/fr\/\">D\u00e9but<\/a><\/li><li class=\"elementor-sitemap-item elementor-sitemap-item-page page_item page-item-15\"><a href=\"https:\/\/shop.cdmitjans.com\/fr\/mi-cuenta\/\">Mon compte<\/a><\/li><li class=\"elementor-sitemap-item elementor-sitemap-item-page page_item page-item-14\"><a href=\"https:\/\/shop.cdmitjans.com\/fr\/finalizar-compra\/\">Finaliser l&#039;achat<\/a><\/li><li class=\"elementor-sitemap-item elementor-sitemap-item-page page_item page-item-13\"><a href=\"https:\/\/shop.cdmitjans.com\/fr\/carrito\/\">Chariot<\/a><\/li><\/ul><\/div><\/div>\t\t\t\t<\/div>\n\t\t\t\t<\/div>\n\t\t\t\t\t<\/div>\n\t\t<\/div>\n\t\t\t\t\t<\/div>\n\t\t<\/section>\n\t\t\t\t<\/div>","protected":false},"excerpt":{"rendered":"","protected":false},"author":1,"featured_media":0,"parent":0,"menu_order":0,"comment_status":"closed","ping_status":"closed","template":"page-templates\/template-pagebuilder-full-width.php","meta":{"neve_meta_sidebar":"","neve_meta_container":"","neve_meta_enable_content_width":"off","neve_meta_content_width":100,"neve_meta_title_alignment":"","neve_meta_author_avatar":"","neve_post_elements_order":"","neve_meta_disable_header":"","neve_meta_disable_footer":"","neve_meta_disable_title":"","footnotes":""},"class_list":["post-569","page","type-page","status-publish","hentry"],"yoast_head":"<!-- This site is optimized with the Yoast SEO plugin v25.5 - https:\/\/yoast.com\/wordpress\/plugins\/seo\/ -->\n<title>Mapa Web - Cdmitjans | Creaciones y Dise\u00f1o<\/title>\n<meta name=\"robots\" content=\"index, follow, max-snippet:-1, max-image-preview:large, max-video-preview:-1\" \/>\n<link rel=\"canonical\" href=\"https:\/\/shop.cdmitjans.com\/fr\/mapa-web\/\" \/>\n<meta property=\"og:locale\" content=\"fr_FR\" \/>\n<meta property=\"og:type\" content=\"article\" \/>\n<meta property=\"og:title\" content=\"Mapa Web - Cdmitjans | Creaciones y Dise\u00f1o\" \/>\n<meta property=\"og:url\" content=\"https:\/\/shop.cdmitjans.com\/fr\/mapa-web\/\" \/>\n<meta property=\"og:site_name\" content=\"Cdmitjans | Creaciones y Dise\u00f1o\" \/>\n<meta property=\"article:modified_time\" content=\"2024-03-03T18:57:30+00:00\" \/>\n<meta name=\"twitter:card\" content=\"summary_large_image\" \/>\n<script type=\"application\/ld+json\" class=\"yoast-schema-graph\">{\"@context\":\"https:\/\/schema.org\",\"@graph\":[{\"@type\":\"WebPage\",\"@id\":\"https:\/\/shop.cdmitjans.com\/mapa-web\/\",\"url\":\"https:\/\/shop.cdmitjans.com\/mapa-web\/\",\"name\":\"Mapa Web - Cdmitjans | Creaciones y Dise\u00f1o\",\"isPartOf\":{\"@id\":\"https:\/\/shop.cdmitjans.com\/fr\/#website\"},\"datePublished\":\"2024-03-03T18:56:49+00:00\",\"dateModified\":\"2024-03-03T18:57:30+00:00\",\"breadcrumb\":{\"@id\":\"https:\/\/shop.cdmitjans.com\/mapa-web\/#breadcrumb\"},\"inLanguage\":\"fr-FR\",\"potentialAction\":[{\"@type\":\"ReadAction\",\"target\":[\"https:\/\/shop.cdmitjans.com\/mapa-web\/\"]}]},{\"@type\":\"BreadcrumbList\",\"@id\":\"https:\/\/shop.cdmitjans.com\/mapa-web\/#breadcrumb\",\"itemListElement\":[{\"@type\":\"ListItem\",\"position\":1,\"name\":\"Portada\",\"item\":\"https:\/\/shop.cdmitjans.com\/\"},{\"@type\":\"ListItem\",\"position\":2,\"name\":\"Mapa Web\"}]},{\"@type\":\"WebSite\",\"@id\":\"https:\/\/shop.cdmitjans.com\/fr\/#website\",\"url\":\"https:\/\/shop.cdmitjans.com\/fr\/\",\"name\":\"Cdmitjans | Creaciones y Dise\u00f1o\",\"description\":\"Nuestras creaciones reflejan una est\u00e9tica moderna y sofisticada, combinando l\u00edneas vanguardistas con detalles cuidadosamente seleccionados.\",\"potentialAction\":[{\"@type\":\"SearchAction\",\"target\":{\"@type\":\"EntryPoint\",\"urlTemplate\":\"https:\/\/shop.cdmitjans.com\/fr\/?s={search_term_string}\"},\"query-input\":{\"@type\":\"PropertyValueSpecification\",\"valueRequired\":true,\"valueName\":\"search_term_string\"}}],\"inLanguage\":\"fr-FR\"}]}<\/script>\n<!-- \/ Yoast SEO plugin. -->","yoast_head_json":{"title":"Plan du site - Cdmitjans | Cr\u00e9ations et design","robots":{"index":"index","follow":"follow","max-snippet":"max-snippet:-1","max-image-preview":"max-image-preview:large","max-video-preview":"max-video-preview:-1"},"canonical":"https:\/\/shop.cdmitjans.com\/fr\/mapa-web\/","og_locale":"fr_FR","og_type":"article","og_title":"Mapa Web - Cdmitjans | Creaciones y Dise\u00f1o","og_url":"https:\/\/shop.cdmitjans.com\/fr\/mapa-web\/","og_site_name":"Cdmitjans | Creaciones y Dise\u00f1o","article_modified_time":"2024-03-03T18:57:30+00:00","twitter_card":"summary_large_image","schema":{"@context":"https:\/\/schema.org","@graph":[{"@type":"WebPage","@id":"https:\/\/shop.cdmitjans.com\/mapa-web\/","url":"https:\/\/shop.cdmitjans.com\/mapa-web\/","name":"Plan du site - Cdmitjans | Cr\u00e9ations et design","isPartOf":{"@id":"https:\/\/shop.cdmitjans.com\/fr\/#website"},"datePublished":"2024-03-03T18:56:49+00:00","dateModified":"2024-03-03T18:57:30+00:00","breadcrumb":{"@id":"https:\/\/shop.cdmitjans.com\/mapa-web\/#breadcrumb"},"inLanguage":"fr-FR","potentialAction":[{"@type":"ReadAction","target":["https:\/\/shop.cdmitjans.com\/mapa-web\/"]}]},{"@type":"BreadcrumbList","@id":"https:\/\/shop.cdmitjans.com\/mapa-web\/#breadcrumb","itemListElement":[{"@type":"ListItem","position":1,"name":"Portada","item":"https:\/\/shop.cdmitjans.com\/"},{"@type":"ListItem","position":2,"name":"Mapa Web"}]},{"@type":"WebSite","@id":"https:\/\/shop.cdmitjans.com\/fr\/#website","url":"https:\/\/shop.cdmitjans.com\/fr\/","name":"Cdmitjans | Cr\u00e9ations et Conception","description":"Nos cr\u00e9ations refl\u00e8tent une esth\u00e9tique moderne et sophistiqu\u00e9e, alliant lignes avant-gardistes et d\u00e9tails soigneusement s\u00e9lectionn\u00e9s.","potentialAction":[{"@type":"SearchAction","target":{"@type":"EntryPoint","urlTemplate":"https:\/\/shop.cdmitjans.com\/fr\/?s={search_term_string}"},"query-input":{"@type":"PropertyValueSpecification","valueRequired":true,"valueName":"search_term_string"}}],"inLanguage":"fr-FR"}]}},"_links":{"self":[{"href":"https:\/\/shop.cdmitjans.com\/fr\/wp-json\/wp\/v2\/pages\/569","targetHints":{"allow":["GET"]}}],"collection":[{"href":"https:\/\/shop.cdmitjans.com\/fr\/wp-json\/wp\/v2\/pages"}],"about":[{"href":"https:\/\/shop.cdmitjans.com\/fr\/wp-json\/wp\/v2\/types\/page"}],"author":[{"embeddable":true,"href":"https:\/\/shop.cdmitjans.com\/fr\/wp-json\/wp\/v2\/users\/1"}],"replies":[{"embeddable":true,"href":"https:\/\/shop.cdmitjans.com\/fr\/wp-json\/wp\/v2\/comments?post=569"}],"version-history":[{"count":0,"href":"https:\/\/shop.cdmitjans.com\/fr\/wp-json\/wp\/v2\/pages\/569\/revisions"}],"wp:attachment":[{"href":"https:\/\/shop.cdmitjans.com\/fr\/wp-json\/wp\/v2\/media?parent=569"}],"curies":[{"name":"wp","href":"https:\/\/api.w.org\/{rel}","templated":true}]}}