{"id":661,"date":"2024-03-12T18:43:50","date_gmt":"2024-03-12T18:43:50","guid":{"rendered":"https:\/\/shop.cdmitjans.com\/?page_id=661"},"modified":"2024-03-21T14:53:49","modified_gmt":"2024-03-21T13:53:49","slug":"politica-de-devoluciones","status":"publish","type":"page","link":"https:\/\/shop.cdmitjans.com\/fr\/politica-de-devoluciones\/","title":{"rendered":"Politique de retour"},"content":{"rendered":"<div data-elementor-type=\"wp-page\" data-elementor-id=\"661\" class=\"elementor elementor-661\" data-elementor-post-type=\"page\">\n\t\t\t\t\t\t<section class=\"elementor-section elementor-top-section elementor-element elementor-element-70684364 elementor-section-height-min-height elementor-section-content-middle elementor-section-boxed elementor-section-height-default elementor-section-items-middle\" data-id=\"70684364\" data-element_type=\"section\" data-settings=\"{&quot;background_background&quot;:&quot;classic&quot;}\">\n\t\t\t\t\t\t\t<div class=\"elementor-background-overlay\"><\/div>\n\t\t\t\t\t\t\t<div class=\"elementor-container elementor-column-gap-no\">\n\t\t\t\t\t<div class=\"elementor-column elementor-col-100 elementor-top-column elementor-element elementor-element-1c590c89\" data-id=\"1c590c89\" data-element_type=\"column\" data-settings=\"{&quot;background_background&quot;:&quot;classic&quot;}\">\n\t\t\t<div class=\"elementor-widget-wrap elementor-element-populated\">\n\t\t\t\t\t\t\t<\/div>\n\t\t<\/div>\n\t\t\t\t\t<\/div>\n\t\t<\/section>\n\t\t\t\t<section class=\"elementor-section elementor-top-section elementor-element elementor-element-2add3106 elementor-section-boxed elementor-section-height-default elementor-section-height-default\" data-id=\"2add3106\" data-element_type=\"section\">\n\t\t\t\t\t\t<div class=\"elementor-container elementor-column-gap-no\">\n\t\t\t\t\t<div class=\"elementor-column elementor-col-100 elementor-top-column elementor-element elementor-element-7cb93254\" data-id=\"7cb93254\" data-element_type=\"column\">\n\t\t\t<div class=\"elementor-widget-wrap elementor-element-populated\">\n\t\t\t\t\t\t<div class=\"elementor-element elementor-element-e4e8f6b elementor-widget elementor-widget-text-editor\" data-id=\"e4e8f6b\" data-element_type=\"widget\" data-widget_type=\"text-editor.default\">\n\t\t\t\t<div class=\"elementor-widget-container\">\n\t\t\t\t\t\t\t\t\t<p>CREACIONES Y DISE\u00d1O MITJANS SL souhaite vous offrir le meilleur service. Par cons\u00e9quent, vous pouvez retourner tout produit achet\u00e9 avec le service de livraison \u00e0 domicile en nous contactant par e-mail \u00e0 info@cdmitjans.com. L&#039;acheteur dispose d&#039;un d\u00e9lai de 15 jours calendaires pour exercer son droit de r\u00e9tractation \u00e0 compter de la date de r\u00e9ception. Sans questions ni objections, si vous n&#039;\u00eates pas satisfait de votre achat pour quelque raison que ce soit, nous nous engageons \u00e0 vous rembourser le montant de l&#039;une de ces mani\u00e8res\u00a0:<\/p><ol><li>Remplacement du produit ou remboursement du montant total (en d\u00e9duisant les frais administratifs ou autres g\u00e9n\u00e9r\u00e9s par son retour).<\/li><li>Vous pouvez choisir d&#039;\u00e9changer le produit contre un produit identique en parfait \u00e9tat si l&#039;original est d\u00e9fectueux ou contre tout autre produit trouv\u00e9 sur https:\/\/shop.cdmitjans.com\/. CREACIONES Y DISE\u00d1O MITJANS SL est responsable de toutes les d\u00e9penses engag\u00e9es \u00e0 ces fins chaque fois que le retour est d\u00fb \u00e0 une erreur d&#039;exp\u00e9dition ou que l&#039;article arrive d\u00e9fectueux.<\/li><li>Si l&#039;envoi a \u00e9t\u00e9 effectu\u00e9 correctement de notre part et que le retour est d\u00fb \u00e0 des raisons personnelles du client, la r\u00e9cup\u00e9ration du produit sera \u00e0 la charge du client. Si le client choisit de rembourser le montant pay\u00e9 pour des raisons personnelles, cela se fera d\u00e9duction faite des frais d&#039;exp\u00e9dition encourus dans ce cas.<\/li><li>Le retour sera effectif dans un d\u00e9lai de 6 jours apr\u00e8s la demande de retour du client.<\/li><li>Le remboursement du montant sera effectu\u00e9 par le moyen que le client a utilis\u00e9 pour r\u00e9gler la commande (carte de cr\u00e9dit\/d\u00e9bit, virement bancaire).\u00a0<\/li><\/ol>\t\t\t\t\t\t\t\t<\/div>\n\t\t\t\t<\/div>\n\t\t\t\t\t<\/div>\n\t\t<\/div>\n\t\t\t\t\t<\/div>\n\t\t<\/section>\n\t\t\t\t<\/div>","protected":false},"excerpt":{"rendered":"<p>CREACIONES Y DISE\u00d1O MITJANS SL souhaite vous offrir le meilleur service. Vous pouvez donc retourner tout produit achet\u00e9 avec livraison \u00e0 domicile en nous contactant \u00e0 l&#039;adresse info@cdmitjans.com. L&#039;acheteur dispose de 15 jours calendaires \u00e0 compter de la date de r\u00e9ception pour exercer son droit de r\u00e9tractation. Si vous n&#039;\u00eates pas satisfait du produit, n&#039;h\u00e9sitez pas \u00e0 nous contacter.&nbsp;<a href=\"https:\/\/shop.cdmitjans.com\/fr\/politica-de-devoluciones\/\" rel=\"bookmark\">Lire la suite \u00bb<span class=\"screen-reader-text\">Politique de retour<\/span><\/a><\/p>","protected":false},"author":1,"featured_media":0,"parent":0,"menu_order":0,"comment_status":"closed","ping_status":"closed","template":"page-templates\/template-pagebuilder-full-width.php","meta":{"neve_meta_sidebar":"","neve_meta_container":"","neve_meta_enable_content_width":"off","neve_meta_content_width":100,"neve_meta_title_alignment":"","neve_meta_author_avatar":"","neve_post_elements_order":"","neve_meta_disable_header":"","neve_meta_disable_footer":"","neve_meta_disable_title":"","footnotes":""},"class_list":["post-661","page","type-page","status-publish","hentry"],"yoast_head":"<!-- This site is optimized with the Yoast SEO plugin v25.5 - https:\/\/yoast.com\/wordpress\/plugins\/seo\/ -->\n<title>Pol\u00edtica de devoluciones - Cdmitjans | Creaciones y Dise\u00f1o<\/title>\n<meta name=\"robots\" content=\"index, follow, max-snippet:-1, max-image-preview:large, max-video-preview:-1\" \/>\n<link rel=\"canonical\" href=\"https:\/\/shop.cdmitjans.com\/fr\/politica-de-devoluciones\/\" \/>\n<meta property=\"og:locale\" content=\"fr_FR\" \/>\n<meta property=\"og:type\" content=\"article\" \/>\n<meta property=\"og:title\" content=\"Pol\u00edtica de devoluciones - Cdmitjans | Creaciones y Dise\u00f1o\" \/>\n<meta property=\"og:description\" content=\"CREACIONES Y DISE\u00d1O MITJANS S.L. quiere ofrecerte el mejor servicio. Por ello, podr\u00e1s devolver cualquier producto adquirido con servicio a domicilio contactando con nosotros a trav\u00e9s del email en info@cdmitjans.com. El comprador dispone de 15 d\u00edas naturales para ejercitar su derecho de desistimiento desde la fecha de recepci\u00f3n. Sin preguntas u objeciones, si no est\u00e1s&hellip;&nbsp;Lire la suite &raquo;Pol\u00edtica de devoluciones\" \/>\n<meta property=\"og:url\" content=\"https:\/\/shop.cdmitjans.com\/fr\/politica-de-devoluciones\/\" \/>\n<meta property=\"og:site_name\" content=\"Cdmitjans | Creaciones y Dise\u00f1o\" \/>\n<meta property=\"article:modified_time\" content=\"2024-03-21T13:53:49+00:00\" \/>\n<meta name=\"twitter:card\" content=\"summary_large_image\" \/>\n<meta name=\"twitter:label1\" content=\"Dur\u00e9e de lecture estim\u00e9e\" \/>\n\t<meta name=\"twitter:data1\" content=\"1 minute\" \/>\n<script type=\"application\/ld+json\" class=\"yoast-schema-graph\">{\"@context\":\"https:\/\/schema.org\",\"@graph\":[{\"@type\":\"WebPage\",\"@id\":\"https:\/\/shop.cdmitjans.com\/politica-de-devoluciones\/\",\"url\":\"https:\/\/shop.cdmitjans.com\/politica-de-devoluciones\/\",\"name\":\"Pol\u00edtica de devoluciones - Cdmitjans | Creaciones y Dise\u00f1o\",\"isPartOf\":{\"@id\":\"https:\/\/shop.cdmitjans.com\/fr\/#website\"},\"datePublished\":\"2024-03-12T18:43:50+00:00\",\"dateModified\":\"2024-03-21T13:53:49+00:00\",\"breadcrumb\":{\"@id\":\"https:\/\/shop.cdmitjans.com\/politica-de-devoluciones\/#breadcrumb\"},\"inLanguage\":\"fr-FR\",\"potentialAction\":[{\"@type\":\"ReadAction\",\"target\":[\"https:\/\/shop.cdmitjans.com\/politica-de-devoluciones\/\"]}]},{\"@type\":\"BreadcrumbList\",\"@id\":\"https:\/\/shop.cdmitjans.com\/politica-de-devoluciones\/#breadcrumb\",\"itemListElement\":[{\"@type\":\"ListItem\",\"position\":1,\"name\":\"Portada\",\"item\":\"https:\/\/shop.cdmitjans.com\/\"},{\"@type\":\"ListItem\",\"position\":2,\"name\":\"Pol\u00edtica de devoluciones\"}]},{\"@type\":\"WebSite\",\"@id\":\"https:\/\/shop.cdmitjans.com\/fr\/#website\",\"url\":\"https:\/\/shop.cdmitjans.com\/fr\/\",\"name\":\"Cdmitjans | Creaciones y Dise\u00f1o\",\"description\":\"Nuestras creaciones reflejan una est\u00e9tica moderna y sofisticada, combinando l\u00edneas vanguardistas con detalles cuidadosamente seleccionados.\",\"potentialAction\":[{\"@type\":\"SearchAction\",\"target\":{\"@type\":\"EntryPoint\",\"urlTemplate\":\"https:\/\/shop.cdmitjans.com\/fr\/?s={search_term_string}\"},\"query-input\":{\"@type\":\"PropertyValueSpecification\",\"valueRequired\":true,\"valueName\":\"search_term_string\"}}],\"inLanguage\":\"fr-FR\"}]}<\/script>\n<!-- \/ Yoast SEO plugin. -->","yoast_head_json":{"title":"Politique de retour - Cdmitjans | Cr\u00e9ations et Design","robots":{"index":"index","follow":"follow","max-snippet":"max-snippet:-1","max-image-preview":"max-image-preview:large","max-video-preview":"max-video-preview:-1"},"canonical":"https:\/\/shop.cdmitjans.com\/fr\/politica-de-devoluciones\/","og_locale":"fr_FR","og_type":"article","og_title":"Pol\u00edtica de devoluciones - Cdmitjans | Creaciones y Dise\u00f1o","og_description":"CREACIONES Y DISE\u00d1O MITJANS S.L. quiere ofrecerte el mejor servicio. Por ello, podr\u00e1s devolver cualquier producto adquirido con servicio a domicilio contactando con nosotros a trav\u00e9s del email en info@cdmitjans.com. El comprador dispone de 15 d\u00edas naturales para ejercitar su derecho de desistimiento desde la fecha de recepci\u00f3n. Sin preguntas u objeciones, si no est\u00e1s&hellip;&nbsp;Lire la suite &raquo;Pol\u00edtica de devoluciones","og_url":"https:\/\/shop.cdmitjans.com\/fr\/politica-de-devoluciones\/","og_site_name":"Cdmitjans | Creaciones y Dise\u00f1o","article_modified_time":"2024-03-21T13:53:49+00:00","twitter_card":"summary_large_image","twitter_misc":{"Dur\u00e9e de lecture estim\u00e9e":"1 minute"},"schema":{"@context":"https:\/\/schema.org","@graph":[{"@type":"WebPage","@id":"https:\/\/shop.cdmitjans.com\/politica-de-devoluciones\/","url":"https:\/\/shop.cdmitjans.com\/politica-de-devoluciones\/","name":"Politique de retour - Cdmitjans | Cr\u00e9ations et Design","isPartOf":{"@id":"https:\/\/shop.cdmitjans.com\/fr\/#website"},"datePublished":"2024-03-12T18:43:50+00:00","dateModified":"2024-03-21T13:53:49+00:00","breadcrumb":{"@id":"https:\/\/shop.cdmitjans.com\/politica-de-devoluciones\/#breadcrumb"},"inLanguage":"fr-FR","potentialAction":[{"@type":"ReadAction","target":["https:\/\/shop.cdmitjans.com\/politica-de-devoluciones\/"]}]},{"@type":"BreadcrumbList","@id":"https:\/\/shop.cdmitjans.com\/politica-de-devoluciones\/#breadcrumb","itemListElement":[{"@type":"ListItem","position":1,"name":"Portada","item":"https:\/\/shop.cdmitjans.com\/"},{"@type":"ListItem","position":2,"name":"Pol\u00edtica de devoluciones"}]},{"@type":"WebSite","@id":"https:\/\/shop.cdmitjans.com\/fr\/#website","url":"https:\/\/shop.cdmitjans.com\/fr\/","name":"Cdmitjans | Cr\u00e9ations et Conception","description":"Nos cr\u00e9ations refl\u00e8tent une esth\u00e9tique moderne et sophistiqu\u00e9e, alliant lignes avant-gardistes et d\u00e9tails soigneusement s\u00e9lectionn\u00e9s.","potentialAction":[{"@type":"SearchAction","target":{"@type":"EntryPoint","urlTemplate":"https:\/\/shop.cdmitjans.com\/fr\/?s={search_term_string}"},"query-input":{"@type":"PropertyValueSpecification","valueRequired":true,"valueName":"search_term_string"}}],"inLanguage":"fr-FR"}]}},"_links":{"self":[{"href":"https:\/\/shop.cdmitjans.com\/fr\/wp-json\/wp\/v2\/pages\/661","targetHints":{"allow":["GET"]}}],"collection":[{"href":"https:\/\/shop.cdmitjans.com\/fr\/wp-json\/wp\/v2\/pages"}],"about":[{"href":"https:\/\/shop.cdmitjans.com\/fr\/wp-json\/wp\/v2\/types\/page"}],"author":[{"embeddable":true,"href":"https:\/\/shop.cdmitjans.com\/fr\/wp-json\/wp\/v2\/users\/1"}],"replies":[{"embeddable":true,"href":"https:\/\/shop.cdmitjans.com\/fr\/wp-json\/wp\/v2\/comments?post=661"}],"version-history":[{"count":0,"href":"https:\/\/shop.cdmitjans.com\/fr\/wp-json\/wp\/v2\/pages\/661\/revisions"}],"wp:attachment":[{"href":"https:\/\/shop.cdmitjans.com\/fr\/wp-json\/wp\/v2\/media?parent=661"}],"curies":[{"name":"wp","href":"https:\/\/api.w.org\/{rel}","templated":true}]}}