{"id":1536,"date":"2024-04-17T13:02:34","date_gmt":"2024-04-17T11:02:34","guid":{"rendered":"https:\/\/shop.cdmitjans.com\/?post_type=product&#038;p=1536"},"modified":"2025-06-05T10:54:58","modified_gmt":"2025-06-05T08:54:58","slug":"vestido-de-manga-caida-12","status":"publish","type":"product","link":"https:\/\/shop.cdmitjans.com\/fr\/produit\/vestido-de-manga-caida-12\/","title":{"rendered":"Robe \u00e0 manches tombantes"},"content":{"rendered":"<p>Mod\u00e8le : 430508<\/p>\n<p>Couleur : 665 Gr\u00e8ce<\/p>\n<p>Composition : 94 viscose % 6 \u00e9lasthanne %<\/p>","protected":false},"excerpt":{"rendered":"<p>Robe \u00e0 manches tombantes avec d\u00e9collet\u00e9 sur le devant<\/p>\n<p>Couleur : 665 Gr\u00e8ce<\/p>\n<p>Composition : 94 viscose % 6 \u00e9lasthanne %<\/p>","protected":false},"featured_media":1540,"template":"","meta":{"neve_meta_sidebar":"","neve_meta_container":"","neve_meta_enable_content_width":"off","neve_meta_content_width":100,"neve_meta_title_alignment":"","neve_meta_author_avatar":"","neve_post_elements_order":"","neve_meta_disable_header":"","neve_meta_disable_footer":"","neve_meta_disable_title":""},"product_brand":[],"product_cat":[70],"product_tag":[],"class_list":{"0":"post-1536","1":"product","2":"type-product","3":"status-publish","4":"has-post-thumbnail","6":"product_cat-verano-24","8":"first","9":"instock","10":"sale","11":"taxable","12":"shipping-taxable","13":"purchasable","14":"product-type-variable"},"yoast_head":"<!-- This site is optimized with the Yoast SEO plugin v25.5 - https:\/\/yoast.com\/wordpress\/plugins\/seo\/ -->\n<title>Vestido de manga ca\u00edda - Cdmitjans | Creaciones y Dise\u00f1o<\/title>\n<meta name=\"robots\" content=\"index, follow, max-snippet:-1, max-image-preview:large, max-video-preview:-1\" \/>\n<link rel=\"canonical\" href=\"https:\/\/shop.cdmitjans.com\/fr\/produit\/vestido-de-manga-caida-12\/\" \/>\n<meta property=\"og:locale\" content=\"fr_FR\" \/>\n<meta property=\"og:type\" content=\"article\" \/>\n<meta property=\"og:title\" content=\"Vestido de manga ca\u00edda - Cdmitjans | Creaciones y Dise\u00f1o\" \/>\n<meta property=\"og:description\" content=\"Vestido de manga caida con adorno en escote delante  Color: 665 Grecia  Composici\u00f3n: 94 % viscosa 6 % elastan\" \/>\n<meta property=\"og:url\" content=\"https:\/\/shop.cdmitjans.com\/fr\/produit\/vestido-de-manga-caida-12\/\" \/>\n<meta property=\"og:site_name\" content=\"Cdmitjans | Creaciones y Dise\u00f1o\" \/>\n<meta property=\"article:modified_time\" content=\"2025-06-05T08:54:58+00:00\" \/>\n<meta property=\"og:image\" content=\"https:\/\/shop.cdmitjans.com\/wp-content\/uploads\/2024\/04\/vestidoplayerodetallecdmitjansBCN430508grecia665.jpg\" \/>\n\t<meta property=\"og:image:width\" content=\"1075\" \/>\n\t<meta property=\"og:image:height\" content=\"1613\" \/>\n\t<meta property=\"og:image:type\" content=\"image\/jpeg\" \/>\n<meta name=\"twitter:card\" content=\"summary_large_image\" \/>\n<meta name=\"twitter:label1\" content=\"Dur\u00e9e de lecture estim\u00e9e\" \/>\n\t<meta name=\"twitter:data1\" content=\"1 minute\" \/>\n<script type=\"application\/ld+json\" class=\"yoast-schema-graph\">{\"@context\":\"https:\/\/schema.org\",\"@graph\":[{\"@type\":\"WebPage\",\"@id\":\"https:\/\/shop.cdmitjans.com\/producto\/vestido-de-manga-caida-12\/\",\"url\":\"https:\/\/shop.cdmitjans.com\/producto\/vestido-de-manga-caida-12\/\",\"name\":\"Vestido de manga ca\u00edda - Cdmitjans | Creaciones y Dise\u00f1o\",\"isPartOf\":{\"@id\":\"https:\/\/shop.cdmitjans.com\/fr\/#website\"},\"primaryImageOfPage\":{\"@id\":\"https:\/\/shop.cdmitjans.com\/producto\/vestido-de-manga-caida-12\/#primaryimage\"},\"image\":{\"@id\":\"https:\/\/shop.cdmitjans.com\/producto\/vestido-de-manga-caida-12\/#primaryimage\"},\"thumbnailUrl\":\"https:\/\/shop.cdmitjans.com\/wp-content\/uploads\/2024\/04\/vestidoplayerodetallecdmitjansBCN430508grecia665.jpg\",\"datePublished\":\"2024-04-17T11:02:34+00:00\",\"dateModified\":\"2025-06-05T08:54:58+00:00\",\"breadcrumb\":{\"@id\":\"https:\/\/shop.cdmitjans.com\/producto\/vestido-de-manga-caida-12\/#breadcrumb\"},\"inLanguage\":\"fr-FR\",\"potentialAction\":[{\"@type\":\"ReadAction\",\"target\":[\"https:\/\/shop.cdmitjans.com\/producto\/vestido-de-manga-caida-12\/\"]}]},{\"@type\":\"ImageObject\",\"inLanguage\":\"fr-FR\",\"@id\":\"https:\/\/shop.cdmitjans.com\/producto\/vestido-de-manga-caida-12\/#primaryimage\",\"url\":\"https:\/\/shop.cdmitjans.com\/wp-content\/uploads\/2024\/04\/vestidoplayerodetallecdmitjansBCN430508grecia665.jpg\",\"contentUrl\":\"https:\/\/shop.cdmitjans.com\/wp-content\/uploads\/2024\/04\/vestidoplayerodetallecdmitjansBCN430508grecia665.jpg\",\"width\":1075,\"height\":1613,\"caption\":\"vestidoplayerodetallecdmitjansBCN430508grecia665\"},{\"@type\":\"BreadcrumbList\",\"@id\":\"https:\/\/shop.cdmitjans.com\/producto\/vestido-de-manga-caida-12\/#breadcrumb\",\"itemListElement\":[{\"@type\":\"ListItem\",\"position\":1,\"name\":\"Portada\",\"item\":\"https:\/\/shop.cdmitjans.com\/\"},{\"@type\":\"ListItem\",\"position\":2,\"name\":\"Tienda\",\"item\":\"https:\/\/shop.cdmitjans.com\/tienda\/\"},{\"@type\":\"ListItem\",\"position\":3,\"name\":\"Vestido de manga ca\u00edda\"}]},{\"@type\":\"WebSite\",\"@id\":\"https:\/\/shop.cdmitjans.com\/fr\/#website\",\"url\":\"https:\/\/shop.cdmitjans.com\/fr\/\",\"name\":\"Cdmitjans | Creaciones y Dise\u00f1o\",\"description\":\"Nuestras creaciones reflejan una est\u00e9tica moderna y sofisticada, combinando l\u00edneas vanguardistas con detalles cuidadosamente seleccionados.\",\"potentialAction\":[{\"@type\":\"SearchAction\",\"target\":{\"@type\":\"EntryPoint\",\"urlTemplate\":\"https:\/\/shop.cdmitjans.com\/fr\/?s={search_term_string}\"},\"query-input\":{\"@type\":\"PropertyValueSpecification\",\"valueRequired\":true,\"valueName\":\"search_term_string\"}}],\"inLanguage\":\"fr-FR\"}]}<\/script>\n<!-- \/ Yoast SEO plugin. -->","yoast_head_json":{"title":"Robe \u00e0 manches tombantes - Cdmitjans | Cr\u00e9ations et Design","robots":{"index":"index","follow":"follow","max-snippet":"max-snippet:-1","max-image-preview":"max-image-preview:large","max-video-preview":"max-video-preview:-1"},"canonical":"https:\/\/shop.cdmitjans.com\/fr\/produit\/vestido-de-manga-caida-12\/","og_locale":"fr_FR","og_type":"article","og_title":"Vestido de manga ca\u00edda - Cdmitjans | Creaciones y Dise\u00f1o","og_description":"Vestido de manga caida con adorno en escote delante  Color: 665 Grecia  Composici\u00f3n: 94 % viscosa 6 % elastan","og_url":"https:\/\/shop.cdmitjans.com\/fr\/produit\/vestido-de-manga-caida-12\/","og_site_name":"Cdmitjans | Creaciones y Dise\u00f1o","article_modified_time":"2025-06-05T08:54:58+00:00","og_image":[{"width":1075,"height":1613,"url":"https:\/\/shop.cdmitjans.com\/wp-content\/uploads\/2024\/04\/vestidoplayerodetallecdmitjansBCN430508grecia665.jpg","type":"image\/jpeg"}],"twitter_card":"summary_large_image","twitter_misc":{"Dur\u00e9e de lecture estim\u00e9e":"1 minute"},"schema":{"@context":"https:\/\/schema.org","@graph":[{"@type":"WebPage","@id":"https:\/\/shop.cdmitjans.com\/producto\/vestido-de-manga-caida-12\/","url":"https:\/\/shop.cdmitjans.com\/producto\/vestido-de-manga-caida-12\/","name":"Robe \u00e0 manches tombantes - Cdmitjans | Cr\u00e9ations et Design","isPartOf":{"@id":"https:\/\/shop.cdmitjans.com\/fr\/#website"},"primaryImageOfPage":{"@id":"https:\/\/shop.cdmitjans.com\/producto\/vestido-de-manga-caida-12\/#primaryimage"},"image":{"@id":"https:\/\/shop.cdmitjans.com\/producto\/vestido-de-manga-caida-12\/#primaryimage"},"thumbnailUrl":"https:\/\/shop.cdmitjans.com\/wp-content\/uploads\/2024\/04\/vestidoplayerodetallecdmitjansBCN430508grecia665.jpg","datePublished":"2024-04-17T11:02:34+00:00","dateModified":"2025-06-05T08:54:58+00:00","breadcrumb":{"@id":"https:\/\/shop.cdmitjans.com\/producto\/vestido-de-manga-caida-12\/#breadcrumb"},"inLanguage":"fr-FR","potentialAction":[{"@type":"ReadAction","target":["https:\/\/shop.cdmitjans.com\/producto\/vestido-de-manga-caida-12\/"]}]},{"@type":"ImageObject","inLanguage":"fr-FR","@id":"https:\/\/shop.cdmitjans.com\/producto\/vestido-de-manga-caida-12\/#primaryimage","url":"https:\/\/shop.cdmitjans.com\/wp-content\/uploads\/2024\/04\/vestidoplayerodetallecdmitjansBCN430508grecia665.jpg","contentUrl":"https:\/\/shop.cdmitjans.com\/wp-content\/uploads\/2024\/04\/vestidoplayerodetallecdmitjansBCN430508grecia665.jpg","width":1075,"height":1613,"caption":"vestidoplayerodetallecdmitjansBCN430508grecia665"},{"@type":"BreadcrumbList","@id":"https:\/\/shop.cdmitjans.com\/producto\/vestido-de-manga-caida-12\/#breadcrumb","itemListElement":[{"@type":"ListItem","position":1,"name":"Portada","item":"https:\/\/shop.cdmitjans.com\/"},{"@type":"ListItem","position":2,"name":"Tienda","item":"https:\/\/shop.cdmitjans.com\/tienda\/"},{"@type":"ListItem","position":3,"name":"Vestido de manga ca\u00edda"}]},{"@type":"WebSite","@id":"https:\/\/shop.cdmitjans.com\/fr\/#website","url":"https:\/\/shop.cdmitjans.com\/fr\/","name":"Cdmitjans | Cr\u00e9ations et Conception","description":"Nos cr\u00e9ations refl\u00e8tent une esth\u00e9tique moderne et sophistiqu\u00e9e, alliant lignes avant-gardistes et d\u00e9tails soigneusement s\u00e9lectionn\u00e9s.","potentialAction":[{"@type":"SearchAction","target":{"@type":"EntryPoint","urlTemplate":"https:\/\/shop.cdmitjans.com\/fr\/?s={search_term_string}"},"query-input":{"@type":"PropertyValueSpecification","valueRequired":true,"valueName":"search_term_string"}}],"inLanguage":"fr-FR"}]}},"_links":{"self":[{"href":"https:\/\/shop.cdmitjans.com\/fr\/wp-json\/wp\/v2\/product\/1536","targetHints":{"allow":["GET"]}}],"collection":[{"href":"https:\/\/shop.cdmitjans.com\/fr\/wp-json\/wp\/v2\/product"}],"about":[{"href":"https:\/\/shop.cdmitjans.com\/fr\/wp-json\/wp\/v2\/types\/product"}],"wp:featuredmedia":[{"embeddable":true,"href":"https:\/\/shop.cdmitjans.com\/fr\/wp-json\/wp\/v2\/media\/1540"}],"wp:attachment":[{"href":"https:\/\/shop.cdmitjans.com\/fr\/wp-json\/wp\/v2\/media?parent=1536"}],"wp:term":[{"taxonomy":"product_brand","embeddable":true,"href":"https:\/\/shop.cdmitjans.com\/fr\/wp-json\/wp\/v2\/product_brand?post=1536"},{"taxonomy":"product_cat","embeddable":true,"href":"https:\/\/shop.cdmitjans.com\/fr\/wp-json\/wp\/v2\/product_cat?post=1536"},{"taxonomy":"product_tag","embeddable":true,"href":"https:\/\/shop.cdmitjans.com\/fr\/wp-json\/wp\/v2\/product_tag?post=1536"}],"curies":[{"name":"wp","href":"https:\/\/api.w.org\/{rel}","templated":true}]}}