{"id":4031,"date":"2025-03-31T13:38:16","date_gmt":"2025-03-31T11:38:16","guid":{"rendered":"https:\/\/shop.cdmitjans.com\/?post_type=product&#038;p=4031"},"modified":"2026-01-12T09:54:25","modified_gmt":"2026-01-12T08:54:25","slug":"pijama-manga-caida-escote-pico-y-pantalon-pirata","status":"publish","type":"product","link":"https:\/\/shop.cdmitjans.com\/fr\/produit\/pijama-manga-caida-escote-pico-y-pantalon-pirata\/","title":{"rendered":"Pyjama \u00e0 manches tombantes avec d\u00e9collet\u00e9 en V et pantalon capri"},"content":{"rendered":"<p>Pyjama \u00e0 manches tombantes avec d\u00e9collet\u00e9 en V et pantalon capri<\/p>\n<p>Mod\u00e8le. 540298<\/p>\n<p>Couleur. 742 Jama\u00efque<\/p>\n<p>Composition. 95% Micropolyester 5% \u00c9lasthanne<\/p>","protected":false},"excerpt":{"rendered":"<p>Couleur. 742 Jama\u00efque<\/p>\n<p>Composition. 95% Micropolyester 5% \u00c9lasthanne<\/p>","protected":false},"featured_media":4033,"template":"","meta":{"neve_meta_sidebar":"","neve_meta_container":"","neve_meta_enable_content_width":"off","neve_meta_content_width":100,"neve_meta_title_alignment":"","neve_meta_author_avatar":"","neve_post_elements_order":"","neve_meta_disable_header":"","neve_meta_disable_footer":"","neve_meta_disable_title":""},"product_brand":[],"product_cat":[165,163],"product_tag":[],"class_list":{"0":"post-4031","1":"product","2":"type-product","3":"status-publish","4":"has-post-thumbnail","6":"product_cat-cdm-lenceria","7":"product_cat-verano-25","9":"first","10":"instock","11":"sale","12":"taxable","13":"shipping-taxable","14":"purchasable","15":"product-type-variable"},"yoast_head":"<!-- This site is optimized with the Yoast SEO plugin v25.5 - https:\/\/yoast.com\/wordpress\/plugins\/seo\/ -->\n<title>Pijama manga ca\u00edda, escote pico y pantal\u00f3n pirata - Cdmitjans | Creaciones y Dise\u00f1o<\/title>\n<meta name=\"robots\" content=\"index, follow, max-snippet:-1, max-image-preview:large, max-video-preview:-1\" \/>\n<link rel=\"canonical\" href=\"https:\/\/shop.cdmitjans.com\/fr\/produit\/pijama-manga-caida-escote-pico-y-pantalon-pirata\/\" \/>\n<meta property=\"og:locale\" content=\"fr_FR\" \/>\n<meta property=\"og:type\" content=\"article\" \/>\n<meta property=\"og:title\" content=\"Pijama manga ca\u00edda, escote pico y pantal\u00f3n pirata - Cdmitjans | Creaciones y Dise\u00f1o\" \/>\n<meta property=\"og:description\" content=\"Color. 742 Jamaica  Composici\u00f3n. 95% Micropoli\u00e9ster 5% Elastan\" \/>\n<meta property=\"og:url\" content=\"https:\/\/shop.cdmitjans.com\/fr\/produit\/pijama-manga-caida-escote-pico-y-pantalon-pirata\/\" \/>\n<meta property=\"og:site_name\" content=\"Cdmitjans | Creaciones y Dise\u00f1o\" \/>\n<meta property=\"article:modified_time\" content=\"2026-01-12T08:54:25+00:00\" \/>\n<meta property=\"og:image\" content=\"https:\/\/shop.cdmitjans.com\/wp-content\/uploads\/2025\/03\/pijama-540298-c742jamaica-2.jpg\" \/>\n\t<meta property=\"og:image:width\" content=\"1181\" \/>\n\t<meta property=\"og:image:height\" content=\"1772\" \/>\n\t<meta property=\"og:image:type\" content=\"image\/jpeg\" \/>\n<meta name=\"twitter:card\" content=\"summary_large_image\" \/>\n<meta name=\"twitter:label1\" content=\"Dur\u00e9e de lecture estim\u00e9e\" \/>\n\t<meta name=\"twitter:data1\" content=\"1 minute\" \/>\n<script type=\"application\/ld+json\" class=\"yoast-schema-graph\">{\"@context\":\"https:\/\/schema.org\",\"@graph\":[{\"@type\":\"WebPage\",\"@id\":\"https:\/\/shop.cdmitjans.com\/producto\/pijama-manga-caida-escote-pico-y-pantalon-pirata\/\",\"url\":\"https:\/\/shop.cdmitjans.com\/producto\/pijama-manga-caida-escote-pico-y-pantalon-pirata\/\",\"name\":\"Pijama manga ca\u00edda, escote pico y pantal\u00f3n pirata - Cdmitjans | Creaciones y Dise\u00f1o\",\"isPartOf\":{\"@id\":\"https:\/\/shop.cdmitjans.com\/fr\/#website\"},\"primaryImageOfPage\":{\"@id\":\"https:\/\/shop.cdmitjans.com\/producto\/pijama-manga-caida-escote-pico-y-pantalon-pirata\/#primaryimage\"},\"image\":{\"@id\":\"https:\/\/shop.cdmitjans.com\/producto\/pijama-manga-caida-escote-pico-y-pantalon-pirata\/#primaryimage\"},\"thumbnailUrl\":\"https:\/\/shop.cdmitjans.com\/wp-content\/uploads\/2025\/03\/pijama-540298-c742jamaica-2.jpg\",\"datePublished\":\"2025-03-31T11:38:16+00:00\",\"dateModified\":\"2026-01-12T08:54:25+00:00\",\"breadcrumb\":{\"@id\":\"https:\/\/shop.cdmitjans.com\/producto\/pijama-manga-caida-escote-pico-y-pantalon-pirata\/#breadcrumb\"},\"inLanguage\":\"fr-FR\",\"potentialAction\":[{\"@type\":\"ReadAction\",\"target\":[\"https:\/\/shop.cdmitjans.com\/producto\/pijama-manga-caida-escote-pico-y-pantalon-pirata\/\"]}]},{\"@type\":\"ImageObject\",\"inLanguage\":\"fr-FR\",\"@id\":\"https:\/\/shop.cdmitjans.com\/producto\/pijama-manga-caida-escote-pico-y-pantalon-pirata\/#primaryimage\",\"url\":\"https:\/\/shop.cdmitjans.com\/wp-content\/uploads\/2025\/03\/pijama-540298-c742jamaica-2.jpg\",\"contentUrl\":\"https:\/\/shop.cdmitjans.com\/wp-content\/uploads\/2025\/03\/pijama-540298-c742jamaica-2.jpg\",\"width\":1181,\"height\":1772},{\"@type\":\"BreadcrumbList\",\"@id\":\"https:\/\/shop.cdmitjans.com\/producto\/pijama-manga-caida-escote-pico-y-pantalon-pirata\/#breadcrumb\",\"itemListElement\":[{\"@type\":\"ListItem\",\"position\":1,\"name\":\"Portada\",\"item\":\"https:\/\/shop.cdmitjans.com\/\"},{\"@type\":\"ListItem\",\"position\":2,\"name\":\"Tienda\",\"item\":\"https:\/\/shop.cdmitjans.com\/tienda\/\"},{\"@type\":\"ListItem\",\"position\":3,\"name\":\"Pijama manga ca\u00edda, escote pico y pantal\u00f3n pirata\"}]},{\"@type\":\"WebSite\",\"@id\":\"https:\/\/shop.cdmitjans.com\/fr\/#website\",\"url\":\"https:\/\/shop.cdmitjans.com\/fr\/\",\"name\":\"Cdmitjans | Creaciones y Dise\u00f1o\",\"description\":\"Nuestras creaciones reflejan una est\u00e9tica moderna y sofisticada, combinando l\u00edneas vanguardistas con detalles cuidadosamente seleccionados.\",\"potentialAction\":[{\"@type\":\"SearchAction\",\"target\":{\"@type\":\"EntryPoint\",\"urlTemplate\":\"https:\/\/shop.cdmitjans.com\/fr\/?s={search_term_string}\"},\"query-input\":{\"@type\":\"PropertyValueSpecification\",\"valueRequired\":true,\"valueName\":\"search_term_string\"}}],\"inLanguage\":\"fr-FR\"}]}<\/script>\n<!-- \/ Yoast SEO plugin. -->","yoast_head_json":{"title":"Pijama manga ca\u00edda, escote pico y pantal\u00f3n pirata - Cdmitjans | Creaciones y Dise\u00f1o","robots":{"index":"index","follow":"follow","max-snippet":"max-snippet:-1","max-image-preview":"max-image-preview:large","max-video-preview":"max-video-preview:-1"},"canonical":"https:\/\/shop.cdmitjans.com\/fr\/produit\/pijama-manga-caida-escote-pico-y-pantalon-pirata\/","og_locale":"fr_FR","og_type":"article","og_title":"Pijama manga ca\u00edda, escote pico y pantal\u00f3n pirata - Cdmitjans | Creaciones y Dise\u00f1o","og_description":"Color. 742 Jamaica  Composici\u00f3n. 95% Micropoli\u00e9ster 5% Elastan","og_url":"https:\/\/shop.cdmitjans.com\/fr\/produit\/pijama-manga-caida-escote-pico-y-pantalon-pirata\/","og_site_name":"Cdmitjans | Creaciones y Dise\u00f1o","article_modified_time":"2026-01-12T08:54:25+00:00","og_image":[{"width":1181,"height":1772,"url":"https:\/\/shop.cdmitjans.com\/wp-content\/uploads\/2025\/03\/pijama-540298-c742jamaica-2.jpg","type":"image\/jpeg"}],"twitter_card":"summary_large_image","twitter_misc":{"Dur\u00e9e de lecture estim\u00e9e":"1 minute"},"schema":{"@context":"https:\/\/schema.org","@graph":[{"@type":"WebPage","@id":"https:\/\/shop.cdmitjans.com\/producto\/pijama-manga-caida-escote-pico-y-pantalon-pirata\/","url":"https:\/\/shop.cdmitjans.com\/producto\/pijama-manga-caida-escote-pico-y-pantalon-pirata\/","name":"Pijama manga ca\u00edda, escote pico y pantal\u00f3n pirata - Cdmitjans | Creaciones y Dise\u00f1o","isPartOf":{"@id":"https:\/\/shop.cdmitjans.com\/fr\/#website"},"primaryImageOfPage":{"@id":"https:\/\/shop.cdmitjans.com\/producto\/pijama-manga-caida-escote-pico-y-pantalon-pirata\/#primaryimage"},"image":{"@id":"https:\/\/shop.cdmitjans.com\/producto\/pijama-manga-caida-escote-pico-y-pantalon-pirata\/#primaryimage"},"thumbnailUrl":"https:\/\/shop.cdmitjans.com\/wp-content\/uploads\/2025\/03\/pijama-540298-c742jamaica-2.jpg","datePublished":"2025-03-31T11:38:16+00:00","dateModified":"2026-01-12T08:54:25+00:00","breadcrumb":{"@id":"https:\/\/shop.cdmitjans.com\/producto\/pijama-manga-caida-escote-pico-y-pantalon-pirata\/#breadcrumb"},"inLanguage":"fr-FR","potentialAction":[{"@type":"ReadAction","target":["https:\/\/shop.cdmitjans.com\/producto\/pijama-manga-caida-escote-pico-y-pantalon-pirata\/"]}]},{"@type":"ImageObject","inLanguage":"fr-FR","@id":"https:\/\/shop.cdmitjans.com\/producto\/pijama-manga-caida-escote-pico-y-pantalon-pirata\/#primaryimage","url":"https:\/\/shop.cdmitjans.com\/wp-content\/uploads\/2025\/03\/pijama-540298-c742jamaica-2.jpg","contentUrl":"https:\/\/shop.cdmitjans.com\/wp-content\/uploads\/2025\/03\/pijama-540298-c742jamaica-2.jpg","width":1181,"height":1772},{"@type":"BreadcrumbList","@id":"https:\/\/shop.cdmitjans.com\/producto\/pijama-manga-caida-escote-pico-y-pantalon-pirata\/#breadcrumb","itemListElement":[{"@type":"ListItem","position":1,"name":"Portada","item":"https:\/\/shop.cdmitjans.com\/"},{"@type":"ListItem","position":2,"name":"Tienda","item":"https:\/\/shop.cdmitjans.com\/tienda\/"},{"@type":"ListItem","position":3,"name":"Pijama manga ca\u00edda, escote pico y pantal\u00f3n pirata"}]},{"@type":"WebSite","@id":"https:\/\/shop.cdmitjans.com\/fr\/#website","url":"https:\/\/shop.cdmitjans.com\/fr\/","name":"Cdmitjans | Cr\u00e9ations et Conception","description":"Nos cr\u00e9ations refl\u00e8tent une esth\u00e9tique moderne et sophistiqu\u00e9e, alliant lignes avant-gardistes et d\u00e9tails soigneusement s\u00e9lectionn\u00e9s.","potentialAction":[{"@type":"SearchAction","target":{"@type":"EntryPoint","urlTemplate":"https:\/\/shop.cdmitjans.com\/fr\/?s={search_term_string}"},"query-input":{"@type":"PropertyValueSpecification","valueRequired":true,"valueName":"search_term_string"}}],"inLanguage":"fr-FR"}]}},"_links":{"self":[{"href":"https:\/\/shop.cdmitjans.com\/fr\/wp-json\/wp\/v2\/product\/4031","targetHints":{"allow":["GET"]}}],"collection":[{"href":"https:\/\/shop.cdmitjans.com\/fr\/wp-json\/wp\/v2\/product"}],"about":[{"href":"https:\/\/shop.cdmitjans.com\/fr\/wp-json\/wp\/v2\/types\/product"}],"wp:featuredmedia":[{"embeddable":true,"href":"https:\/\/shop.cdmitjans.com\/fr\/wp-json\/wp\/v2\/media\/4033"}],"wp:attachment":[{"href":"https:\/\/shop.cdmitjans.com\/fr\/wp-json\/wp\/v2\/media?parent=4031"}],"wp:term":[{"taxonomy":"product_brand","embeddable":true,"href":"https:\/\/shop.cdmitjans.com\/fr\/wp-json\/wp\/v2\/product_brand?post=4031"},{"taxonomy":"product_cat","embeddable":true,"href":"https:\/\/shop.cdmitjans.com\/fr\/wp-json\/wp\/v2\/product_cat?post=4031"},{"taxonomy":"product_tag","embeddable":true,"href":"https:\/\/shop.cdmitjans.com\/fr\/wp-json\/wp\/v2\/product_tag?post=4031"}],"curies":[{"name":"wp","href":"https:\/\/api.w.org\/{rel}","templated":true}]}}